{"id":25691,"date":"2025-01-29T08:05:27","date_gmt":"2025-01-29T08:05:27","guid":{"rendered":"https:\/\/www.svalbardblues.com\/dsb\/artists\/ask-carol\/"},"modified":"2026-02-23T21:55:54","modified_gmt":"2026-02-23T21:55:54","slug":"ask-carol","status":"publish","type":"page","link":"https:\/\/www.svalbardblues.com\/de\/dsb\/artister\/ask-carol\/","title":{"rendered":"Fragen Sie Carol (NO)"},"content":{"rendered":"\n<p class=\"has-drop-cap\">Von ihrer Basis im Bergdorf Auma zwischen Alvdal und Tynset aus hat es das Duo Ask Carol weiter gebracht als die meisten norwegischen Bands es sich ertr\u00e4umen k\u00f6nnen, zumindest wenn es um Tourneen in den USA geht.  <\/p>\n\n<p>Die norwegisch-philippinische S\u00e4ngerin Karoline Str\u00f8mshoved (Gesang\/Gitarre\/Bass\/Percussion) und Ask Thors\u00f8nn Borgen (Schlagzeug\/Gitarre\/Keyboard\/Sampling) sind mit ihrem Deb\u00fctalbum &#8222;AC I. Control You&#8220; (2022) aus der fast vollst\u00e4ndigen Isolation w\u00e4hrend der Pandemie herausgekommen: Control You&#8220; (2022), das sie in ihrem eigenen Studio aufnahmen und an den K\u00fchen auf dem benachbarten Bauernhof und auf TikTok testeten. Das Album wurde von dem Rezensenten des Dagbladet mit einer F\u00fcnf unter dem Titel &#8222;Brillantes Deb\u00fct&#8220; belohnt. <\/p>\n\n<p>Lassen Sie sich nicht von der Gr\u00f6\u00dfe der Band t\u00e4uschen, denn mit zwei Gitarren, Schlagzeug, Synthesizern und Gesang und Karolines Multitasking klingen sie wie eine ganze Band. Ihre Inspiration kommt unter anderem von The Kills, The Yeah Yeah Yeahs und The White Stripes, mit einer melancholischen nordischen Note. Das Power-Duo hat mehr im Ausland als in Norwegen gespielt und war im vergangenen Jahr in weiten Teilen der USA auf Tournee. Ein gew\u00fcnschter Auftritt bei Dark Season Blues musste daher bis zu diesem Jahr warten.   <\/p>\n\n<p class=\"has-text-align-center has-background\" style=\"background-color:#e2e2e2;font-size:12px\"><strong>Dunkle Jahreszeit Blues\u00a92025<\/strong><\/p>\n","protected":false},"excerpt":{"rendered":"<p>Von ihrer Basis im Bergdorf Auma zwischen Alvdal und Tynset aus hat es das Duo Ask Carol weiter gebracht als die meisten norwegischen Bands es sich ertr\u00e4umen k\u00f6nnen, zumindest wenn es um Tourneen in den USA geht. Die norwegisch-philippinische S\u00e4ngerin Karoline Str\u00f8mshoved (Gesang\/Gitarre\/Bass\/Percussion) und Ask Thors\u00f8nn Borgen (Schlagzeug\/Gitarre\/Keyboard\/Sampling) sind mit ihrem Deb\u00fctalbum &#8222;AC I. Control &#8230; <\/p>\n<p class=\"read-more-container\"><a title=\"Fragen Sie Carol (NO)\" class=\"read-more button\" href=\"https:\/\/www.svalbardblues.com\/de\/dsb\/artister\/ask-carol\/#more-25691\" aria-label=\"Mehr Informationen \u00fcber Fragen Sie Carol (NO)\">Read more<\/a><\/p>\n","protected":false},"author":1,"featured_media":24554,"parent":24596,"menu_order":0,"comment_status":"closed","ping_status":"closed","template":"","meta":{"inline_featured_image":false,"footnotes":""},"class_list":["post-25691","page","type-page","status-publish","has-post-thumbnail"],"yoast_head":"<!-- This site is optimized with the Yoast SEO Premium plugin v26.2 (Yoast SEO v27.4) - https:\/\/yoast.com\/product\/yoast-seo-premium-wordpress\/ -->\n<title>Fragen Sie Carol (NO) | Dark Season Blues - SVALBARD<\/title>\n<meta name=\"description\" content=\"Von ihrer Basis im Bergdorf Auma zwischen Alvdal und Tynset aus hat es das Duo Ask Carol weiter gebracht als die meisten norwegischen Bands es sich ertr\u00e4umen k\u00f6nnen, zumindest wenn es um Tourneen in den USA geht.\" \/>\n<meta name=\"robots\" content=\"index, follow, max-snippet:-1, max-image-preview:large, max-video-preview:-1\" \/>\n<link rel=\"canonical\" href=\"https:\/\/www.svalbardblues.com\/de\/dsb\/artister\/ask-carol\/\" \/>\n<meta property=\"og:locale\" content=\"de_DE\" \/>\n<meta property=\"og:type\" content=\"article\" \/>\n<meta property=\"og:title\" content=\"Fragen Sie Carol (NO)\" \/>\n<meta property=\"og:description\" content=\"Von ihrer Basis im Bergdorf Auma zwischen Alvdal und Tynset aus hat es das Duo Ask Carol weiter gebracht als die meisten norwegischen Bands es sich ertr\u00e4umen k\u00f6nnen, zumindest wenn es um Tourneen in den USA geht.\" \/>\n<meta property=\"og:url\" content=\"https:\/\/www.svalbardblues.com\/de\/dsb\/artister\/ask-carol\/\" \/>\n<meta property=\"og:site_name\" content=\"Dark Season Blues | SVALBARD\" \/>\n<meta property=\"article:publisher\" content=\"https:\/\/www.facebook.com\/DarkSeasonBlues\" \/>\n<meta property=\"article:modified_time\" content=\"2026-02-23T21:55:54+00:00\" \/>\n<meta property=\"og:image\" content=\"https:\/\/www.svalbardblues.com\/wp-content\/uploads\/2025\/01\/Ask-Carol-Dark-Season-Blues-2025-1200x.webp\" \/>\n\t<meta property=\"og:image:width\" content=\"1200\" \/>\n\t<meta property=\"og:image:height\" content=\"800\" \/>\n\t<meta property=\"og:image:type\" content=\"image\/webp\" \/>\n<meta name=\"twitter:label1\" content=\"Gesch\u00e4tzte Lesezeit\" \/>\n\t<meta name=\"twitter:data1\" content=\"1\u00a0Minute\" \/>\n<script type=\"application\/ld+json\" class=\"yoast-schema-graph\">{\"@context\":\"https:\\\/\\\/schema.org\",\"@graph\":[{\"@type\":\"WebPage\",\"@id\":\"https:\\\/\\\/www.svalbardblues.com\\\/de\\\/dsb\\\/artister\\\/ask-carol\\\/\",\"url\":\"https:\\\/\\\/www.svalbardblues.com\\\/de\\\/dsb\\\/artister\\\/ask-carol\\\/\",\"name\":\"Fragen Sie Carol (NO) | Dark Season Blues - SVALBARD\",\"isPartOf\":{\"@id\":\"https:\\\/\\\/www.svalbardblues.com\\\/de\\\/#website\"},\"primaryImageOfPage\":{\"@id\":\"https:\\\/\\\/www.svalbardblues.com\\\/de\\\/dsb\\\/artister\\\/ask-carol\\\/#primaryimage\"},\"image\":{\"@id\":\"https:\\\/\\\/www.svalbardblues.com\\\/de\\\/dsb\\\/artister\\\/ask-carol\\\/#primaryimage\"},\"thumbnailUrl\":\"https:\\\/\\\/www.svalbardblues.com\\\/wp-content\\\/uploads\\\/2025\\\/01\\\/Ask-Carol-Dark-Season-Blues-2025-1200x.webp\",\"datePublished\":\"2025-01-29T08:05:27+00:00\",\"dateModified\":\"2026-02-23T21:55:54+00:00\",\"description\":\"Von ihrer Basis im Bergdorf Auma zwischen Alvdal und Tynset aus hat es das Duo Ask Carol weiter gebracht als die meisten norwegischen Bands es sich ertr\u00e4umen k\u00f6nnen, zumindest wenn es um Tourneen in den USA geht.\",\"breadcrumb\":{\"@id\":\"https:\\\/\\\/www.svalbardblues.com\\\/de\\\/dsb\\\/artister\\\/ask-carol\\\/#breadcrumb\"},\"inLanguage\":\"de\",\"potentialAction\":[{\"@type\":\"ReadAction\",\"target\":[\"https:\\\/\\\/www.svalbardblues.com\\\/de\\\/dsb\\\/artister\\\/ask-carol\\\/\"]}]},{\"@type\":\"ImageObject\",\"inLanguage\":\"de\",\"@id\":\"https:\\\/\\\/www.svalbardblues.com\\\/de\\\/dsb\\\/artister\\\/ask-carol\\\/#primaryimage\",\"url\":\"https:\\\/\\\/www.svalbardblues.com\\\/wp-content\\\/uploads\\\/2025\\\/01\\\/Ask-Carol-Dark-Season-Blues-2025-1200x.webp\",\"contentUrl\":\"https:\\\/\\\/www.svalbardblues.com\\\/wp-content\\\/uploads\\\/2025\\\/01\\\/Ask-Carol-Dark-Season-Blues-2025-1200x.webp\",\"width\":1200,\"height\":800,\"caption\":\"Ask Carol (NO)\"},{\"@type\":\"BreadcrumbList\",\"@id\":\"https:\\\/\\\/www.svalbardblues.com\\\/de\\\/dsb\\\/artister\\\/ask-carol\\\/#breadcrumb\",\"itemListElement\":[{\"@type\":\"ListItem\",\"position\":1,\"name\":\"Hjem\",\"item\":\"https:\\\/\\\/www.svalbardblues.com\\\/de\\\/\"},{\"@type\":\"ListItem\",\"position\":2,\"name\":\"Dunkle Jahreszeit Blues Spitzbergen\",\"item\":\"https:\\\/\\\/www.svalbardblues.com\\\/de\\\/dsb\\\/\"},{\"@type\":\"ListItem\",\"position\":3,\"name\":\"K\u00fcnstler | Dunkle Jahreszeit Blues 2026\",\"item\":\"https:\\\/\\\/www.svalbardblues.com\\\/de\\\/dsb\\\/artister\\\/\"},{\"@type\":\"ListItem\",\"position\":4,\"name\":\"Fragen Sie Carol (NO)\"}]},{\"@type\":\"WebSite\",\"@id\":\"https:\\\/\\\/www.svalbardblues.com\\\/de\\\/#website\",\"url\":\"https:\\\/\\\/www.svalbardblues.com\\\/de\\\/\",\"name\":\"Dark Season Blues | SVALBARD\",\"description\":\"The World&#039;s Northenmost Blues Festival\",\"publisher\":{\"@id\":\"https:\\\/\\\/www.svalbardblues.com\\\/de\\\/#organization\"},\"potentialAction\":[{\"@type\":\"SearchAction\",\"target\":{\"@type\":\"EntryPoint\",\"urlTemplate\":\"https:\\\/\\\/www.svalbardblues.com\\\/de\\\/?s={search_term_string}\"},\"query-input\":{\"@type\":\"PropertyValueSpecification\",\"valueRequired\":true,\"valueName\":\"search_term_string\"}}],\"inLanguage\":\"de\"},{\"@type\":\"Organization\",\"@id\":\"https:\\\/\\\/www.svalbardblues.com\\\/de\\\/#organization\",\"name\":\"Dark Season Blues\",\"url\":\"https:\\\/\\\/www.svalbardblues.com\\\/de\\\/\",\"logo\":{\"@type\":\"ImageObject\",\"inLanguage\":\"de\",\"@id\":\"https:\\\/\\\/www.svalbardblues.com\\\/de\\\/#\\\/schema\\\/logo\\\/image\\\/\",\"url\":\"https:\\\/\\\/www.svalbardblues.com\\\/wp-content\\\/uploads\\\/2017\\\/06\\\/DSB2017-Illustrasjon-620.jpg\",\"contentUrl\":\"https:\\\/\\\/www.svalbardblues.com\\\/wp-content\\\/uploads\\\/2017\\\/06\\\/DSB2017-Illustrasjon-620.jpg\",\"width\":620,\"height\":488,\"caption\":\"Dark Season Blues\"},\"image\":{\"@id\":\"https:\\\/\\\/www.svalbardblues.com\\\/de\\\/#\\\/schema\\\/logo\\\/image\\\/\"},\"sameAs\":[\"https:\\\/\\\/www.facebook.com\\\/DarkSeasonBlues\",\"https:\\\/\\\/x.com\\\/DarkSeasonBlues\",\"https:\\\/\\\/www.instagram.com\\\/darkseasonblues\\\/\",\"https:\\\/\\\/no.wikipedia.org\\\/wiki\\\/Dark_Season_Blues\"]}]}<\/script>\n<!-- \/ Yoast SEO Premium plugin. -->","yoast_head_json":{"title":"Fragen Sie Carol (NO) | Dark Season Blues - SVALBARD","description":"Von ihrer Basis im Bergdorf Auma zwischen Alvdal und Tynset aus hat es das Duo Ask Carol weiter gebracht als die meisten norwegischen Bands es sich ertr\u00e4umen k\u00f6nnen, zumindest wenn es um Tourneen in den USA geht.","robots":{"index":"index","follow":"follow","max-snippet":"max-snippet:-1","max-image-preview":"max-image-preview:large","max-video-preview":"max-video-preview:-1"},"canonical":"https:\/\/www.svalbardblues.com\/de\/dsb\/artister\/ask-carol\/","og_locale":"de_DE","og_type":"article","og_title":"Fragen Sie Carol (NO)","og_description":"Von ihrer Basis im Bergdorf Auma zwischen Alvdal und Tynset aus hat es das Duo Ask Carol weiter gebracht als die meisten norwegischen Bands es sich ertr\u00e4umen k\u00f6nnen, zumindest wenn es um Tourneen in den USA geht.","og_url":"https:\/\/www.svalbardblues.com\/de\/dsb\/artister\/ask-carol\/","og_site_name":"Dark Season Blues | SVALBARD","article_publisher":"https:\/\/www.facebook.com\/DarkSeasonBlues","article_modified_time":"2026-02-23T21:55:54+00:00","og_image":[{"width":1200,"height":800,"url":"https:\/\/www.svalbardblues.com\/wp-content\/uploads\/2025\/01\/Ask-Carol-Dark-Season-Blues-2025-1200x.webp","type":"image\/webp"}],"twitter_misc":{"Gesch\u00e4tzte Lesezeit":"1\u00a0Minute"},"schema":{"@context":"https:\/\/schema.org","@graph":[{"@type":"WebPage","@id":"https:\/\/www.svalbardblues.com\/de\/dsb\/artister\/ask-carol\/","url":"https:\/\/www.svalbardblues.com\/de\/dsb\/artister\/ask-carol\/","name":"Fragen Sie Carol (NO) | Dark Season Blues - SVALBARD","isPartOf":{"@id":"https:\/\/www.svalbardblues.com\/de\/#website"},"primaryImageOfPage":{"@id":"https:\/\/www.svalbardblues.com\/de\/dsb\/artister\/ask-carol\/#primaryimage"},"image":{"@id":"https:\/\/www.svalbardblues.com\/de\/dsb\/artister\/ask-carol\/#primaryimage"},"thumbnailUrl":"https:\/\/www.svalbardblues.com\/wp-content\/uploads\/2025\/01\/Ask-Carol-Dark-Season-Blues-2025-1200x.webp","datePublished":"2025-01-29T08:05:27+00:00","dateModified":"2026-02-23T21:55:54+00:00","description":"Von ihrer Basis im Bergdorf Auma zwischen Alvdal und Tynset aus hat es das Duo Ask Carol weiter gebracht als die meisten norwegischen Bands es sich ertr\u00e4umen k\u00f6nnen, zumindest wenn es um Tourneen in den USA geht.","breadcrumb":{"@id":"https:\/\/www.svalbardblues.com\/de\/dsb\/artister\/ask-carol\/#breadcrumb"},"inLanguage":"de","potentialAction":[{"@type":"ReadAction","target":["https:\/\/www.svalbardblues.com\/de\/dsb\/artister\/ask-carol\/"]}]},{"@type":"ImageObject","inLanguage":"de","@id":"https:\/\/www.svalbardblues.com\/de\/dsb\/artister\/ask-carol\/#primaryimage","url":"https:\/\/www.svalbardblues.com\/wp-content\/uploads\/2025\/01\/Ask-Carol-Dark-Season-Blues-2025-1200x.webp","contentUrl":"https:\/\/www.svalbardblues.com\/wp-content\/uploads\/2025\/01\/Ask-Carol-Dark-Season-Blues-2025-1200x.webp","width":1200,"height":800,"caption":"Ask Carol (NO)"},{"@type":"BreadcrumbList","@id":"https:\/\/www.svalbardblues.com\/de\/dsb\/artister\/ask-carol\/#breadcrumb","itemListElement":[{"@type":"ListItem","position":1,"name":"Hjem","item":"https:\/\/www.svalbardblues.com\/de\/"},{"@type":"ListItem","position":2,"name":"Dunkle Jahreszeit Blues Spitzbergen","item":"https:\/\/www.svalbardblues.com\/de\/dsb\/"},{"@type":"ListItem","position":3,"name":"K\u00fcnstler | Dunkle Jahreszeit Blues 2026","item":"https:\/\/www.svalbardblues.com\/de\/dsb\/artister\/"},{"@type":"ListItem","position":4,"name":"Fragen Sie Carol (NO)"}]},{"@type":"WebSite","@id":"https:\/\/www.svalbardblues.com\/de\/#website","url":"https:\/\/www.svalbardblues.com\/de\/","name":"Dark Season Blues | SVALBARD","description":"The World&#039;s Northenmost Blues Festival","publisher":{"@id":"https:\/\/www.svalbardblues.com\/de\/#organization"},"potentialAction":[{"@type":"SearchAction","target":{"@type":"EntryPoint","urlTemplate":"https:\/\/www.svalbardblues.com\/de\/?s={search_term_string}"},"query-input":{"@type":"PropertyValueSpecification","valueRequired":true,"valueName":"search_term_string"}}],"inLanguage":"de"},{"@type":"Organization","@id":"https:\/\/www.svalbardblues.com\/de\/#organization","name":"Dark Season Blues","url":"https:\/\/www.svalbardblues.com\/de\/","logo":{"@type":"ImageObject","inLanguage":"de","@id":"https:\/\/www.svalbardblues.com\/de\/#\/schema\/logo\/image\/","url":"https:\/\/www.svalbardblues.com\/wp-content\/uploads\/2017\/06\/DSB2017-Illustrasjon-620.jpg","contentUrl":"https:\/\/www.svalbardblues.com\/wp-content\/uploads\/2017\/06\/DSB2017-Illustrasjon-620.jpg","width":620,"height":488,"caption":"Dark Season Blues"},"image":{"@id":"https:\/\/www.svalbardblues.com\/de\/#\/schema\/logo\/image\/"},"sameAs":["https:\/\/www.facebook.com\/DarkSeasonBlues","https:\/\/x.com\/DarkSeasonBlues","https:\/\/www.instagram.com\/darkseasonblues\/","https:\/\/no.wikipedia.org\/wiki\/Dark_Season_Blues"]}]}},"_links":{"self":[{"href":"https:\/\/www.svalbardblues.com\/de\/wp-json\/wp\/v2\/pages\/25691","targetHints":{"allow":["GET"]}}],"collection":[{"href":"https:\/\/www.svalbardblues.com\/de\/wp-json\/wp\/v2\/pages"}],"about":[{"href":"https:\/\/www.svalbardblues.com\/de\/wp-json\/wp\/v2\/types\/page"}],"author":[{"embeddable":true,"href":"https:\/\/www.svalbardblues.com\/de\/wp-json\/wp\/v2\/users\/1"}],"replies":[{"embeddable":true,"href":"https:\/\/www.svalbardblues.com\/de\/wp-json\/wp\/v2\/comments?post=25691"}],"version-history":[{"count":1,"href":"https:\/\/www.svalbardblues.com\/de\/wp-json\/wp\/v2\/pages\/25691\/revisions"}],"predecessor-version":[{"id":25692,"href":"https:\/\/www.svalbardblues.com\/de\/wp-json\/wp\/v2\/pages\/25691\/revisions\/25692"}],"up":[{"embeddable":true,"href":"https:\/\/www.svalbardblues.com\/de\/wp-json\/wp\/v2\/pages\/24596"}],"wp:featuredmedia":[{"embeddable":true,"href":"https:\/\/www.svalbardblues.com\/de\/wp-json\/wp\/v2\/media\/24554"}],"wp:attachment":[{"href":"https:\/\/www.svalbardblues.com\/de\/wp-json\/wp\/v2\/media?parent=25691"}],"curies":[{"name":"wp","href":"https:\/\/api.w.org\/{rel}","templated":true}]}}