{"id":25713,"date":"2025-01-29T08:51:30","date_gmt":"2025-01-29T08:51:30","guid":{"rendered":"https:\/\/www.svalbardblues.com\/dsb\/artists\/kat-riggins\/"},"modified":"2026-02-23T21:55:54","modified_gmt":"2026-02-23T21:55:54","slug":"kat-riggins","status":"publish","type":"page","link":"https:\/\/www.svalbardblues.com\/de\/dsb\/artister\/kat-riggins\/","title":{"rendered":"Kat Riggins (US)"},"content":{"rendered":"\n<p class=\"has-drop-cap\">Kat Riggins ist im Herzen eine Blueserin, aber sie sch\u00f6pft auch aus R&amp;B, Soul, Gospel und Rock&#8217;n&#8217;Roll. Ihre Stimme wird oft mit der von Koko Taylor, Tina Turner und Janis Joplin verglichen. <\/p>\n\n<p>Die in Miami, Florida, geborene K\u00fcnstlerin war in Europa unbekannt, als sie 2015 anfing, dort zu touren. Die Niederlande sind ein Schwerpunkt f\u00fcr sie, und seit 2017 wird sie von der niederl\u00e4ndischen Band Blues Revival unterst\u00fctzt. Sie unterst\u00fctzen sie auch auf ihrem sechsten Album &#8222;Revival&#8220;, das vor einem Jahr ver\u00f6ffentlicht wurde &#8211; mit zehn Songs, die von Riggins und dem Produzenten und Bassisten Tim Mulberry geschrieben wurden.    <\/p>\n\n<p>Riggins&#8216; erkl\u00e4rtes Ziel ist es, mit ihrer Musik dazu beizutragen, &#8222;die vom Aussterben bedrohte Art namens Blues zu erhalten&#8220;. Sie m\u00f6chte nicht nur, dass Sie die Musik h\u00f6ren, sondern auch, dass Sie sie f\u00fchlen. Wir hei\u00dfen sie bei Dark Season Blues willkommen!    <\/p>\n\n<p class=\"has-text-align-center has-background\" style=\"background-color:#e2e2e2;font-size:12px\"><strong>Dunkle Jahreszeit Blues\u00a92025<\/strong><\/p>\n","protected":false},"excerpt":{"rendered":"<p>Kat Riggins ist im Herzen eine Blueserin, aber sie sch\u00f6pft auch aus R&amp;B, Soul, Gospel und Rock&#8217;n&#8217;Roll. Ihre Stimme wird oft mit der von Koko Taylor, Tina Turner und Janis Joplin verglichen. Die in Miami, Florida, geborene K\u00fcnstlerin war in Europa unbekannt, als sie 2015 anfing, dort zu touren. Die Niederlande sind ein Schwerpunkt f\u00fcr &#8230; <\/p>\n<p class=\"read-more-container\"><a title=\"Kat Riggins (US)\" class=\"read-more button\" href=\"https:\/\/www.svalbardblues.com\/de\/dsb\/artister\/kat-riggins\/#more-25713\" aria-label=\"Mehr Informationen \u00fcber Kat Riggins (US)\">Read more<\/a><\/p>\n","protected":false},"author":1,"featured_media":25714,"parent":24596,"menu_order":0,"comment_status":"closed","ping_status":"closed","template":"","meta":{"inline_featured_image":false,"footnotes":""},"class_list":["post-25713","page","type-page","status-publish","has-post-thumbnail"],"yoast_head":"<!-- This site is optimized with the Yoast SEO Premium plugin v26.2 (Yoast SEO v27.5) - https:\/\/yoast.com\/product\/yoast-seo-premium-wordpress\/ -->\n<title>Kat Riggins (US) | Dark Season Blues - SVALBARD<\/title>\n<meta name=\"description\" content=\"Kat Riggins ist im Herzen eine Blueserin, aber sie sch\u00f6pft auch aus R&amp;B, Soul, Gospel und Rock&#039;n&#039;Roll. Ihre Stimme wird oft mit der von Koko Taylor, Tina Turner und Janis Joplin verglichen.\" \/>\n<meta name=\"robots\" content=\"index, follow, max-snippet:-1, max-image-preview:large, max-video-preview:-1\" \/>\n<link rel=\"canonical\" href=\"https:\/\/www.svalbardblues.com\/de\/dsb\/artister\/kat-riggins\/\" \/>\n<meta property=\"og:locale\" content=\"de_DE\" \/>\n<meta property=\"og:type\" content=\"article\" \/>\n<meta property=\"og:title\" content=\"Kat Riggins (US)\" \/>\n<meta property=\"og:description\" content=\"Kat Riggins ist im Herzen eine Blueserin, aber sie sch\u00f6pft auch aus R&amp;B, Soul, Gospel und Rock&#039;n&#039;Roll. Ihre Stimme wird oft mit der von Koko Taylor, Tina Turner und Janis Joplin verglichen.\" \/>\n<meta property=\"og:url\" content=\"https:\/\/www.svalbardblues.com\/de\/dsb\/artister\/kat-riggins\/\" \/>\n<meta property=\"og:site_name\" content=\"Dark Season Blues | SVALBARD\" \/>\n<meta property=\"article:publisher\" content=\"https:\/\/www.facebook.com\/DarkSeasonBlues\" \/>\n<meta property=\"article:modified_time\" content=\"2026-02-23T21:55:54+00:00\" \/>\n<meta property=\"og:image\" content=\"https:\/\/www.svalbardblues.com\/wp-content\/uploads\/2025\/01\/Kat-Riggins-Dark-Season-Blues-1200.webp\" \/>\n\t<meta property=\"og:image:width\" content=\"1200\" \/>\n\t<meta property=\"og:image:height\" content=\"835\" \/>\n\t<meta property=\"og:image:type\" content=\"image\/webp\" \/>\n<meta name=\"twitter:label1\" content=\"Gesch\u00e4tzte Lesezeit\" \/>\n\t<meta name=\"twitter:data1\" content=\"1\u00a0Minute\" \/>\n<script type=\"application\/ld+json\" class=\"yoast-schema-graph\">{\"@context\":\"https:\\\/\\\/schema.org\",\"@graph\":[{\"@type\":\"WebPage\",\"@id\":\"https:\\\/\\\/www.svalbardblues.com\\\/de\\\/dsb\\\/artister\\\/kat-riggins\\\/\",\"url\":\"https:\\\/\\\/www.svalbardblues.com\\\/de\\\/dsb\\\/artister\\\/kat-riggins\\\/\",\"name\":\"Kat Riggins (US) | Dark Season Blues - SVALBARD\",\"isPartOf\":{\"@id\":\"https:\\\/\\\/www.svalbardblues.com\\\/de\\\/#website\"},\"primaryImageOfPage\":{\"@id\":\"https:\\\/\\\/www.svalbardblues.com\\\/de\\\/dsb\\\/artister\\\/kat-riggins\\\/#primaryimage\"},\"image\":{\"@id\":\"https:\\\/\\\/www.svalbardblues.com\\\/de\\\/dsb\\\/artister\\\/kat-riggins\\\/#primaryimage\"},\"thumbnailUrl\":\"https:\\\/\\\/www.svalbardblues.com\\\/wp-content\\\/uploads\\\/2025\\\/01\\\/Kat-Riggins-Dark-Season-Blues-1200.webp\",\"datePublished\":\"2025-01-29T08:51:30+00:00\",\"dateModified\":\"2026-02-23T21:55:54+00:00\",\"description\":\"Kat Riggins ist im Herzen eine Blueserin, aber sie sch\u00f6pft auch aus R&B, Soul, Gospel und Rock'n'Roll. Ihre Stimme wird oft mit der von Koko Taylor, Tina Turner und Janis Joplin verglichen.\",\"breadcrumb\":{\"@id\":\"https:\\\/\\\/www.svalbardblues.com\\\/de\\\/dsb\\\/artister\\\/kat-riggins\\\/#breadcrumb\"},\"inLanguage\":\"de\",\"potentialAction\":[{\"@type\":\"ReadAction\",\"target\":[\"https:\\\/\\\/www.svalbardblues.com\\\/de\\\/dsb\\\/artister\\\/kat-riggins\\\/\"]}]},{\"@type\":\"ImageObject\",\"inLanguage\":\"de\",\"@id\":\"https:\\\/\\\/www.svalbardblues.com\\\/de\\\/dsb\\\/artister\\\/kat-riggins\\\/#primaryimage\",\"url\":\"https:\\\/\\\/www.svalbardblues.com\\\/wp-content\\\/uploads\\\/2025\\\/01\\\/Kat-Riggins-Dark-Season-Blues-1200.webp\",\"contentUrl\":\"https:\\\/\\\/www.svalbardblues.com\\\/wp-content\\\/uploads\\\/2025\\\/01\\\/Kat-Riggins-Dark-Season-Blues-1200.webp\",\"width\":1200,\"height\":835,\"caption\":\"Kat Riggins (US)\"},{\"@type\":\"BreadcrumbList\",\"@id\":\"https:\\\/\\\/www.svalbardblues.com\\\/de\\\/dsb\\\/artister\\\/kat-riggins\\\/#breadcrumb\",\"itemListElement\":[{\"@type\":\"ListItem\",\"position\":1,\"name\":\"Hjem\",\"item\":\"https:\\\/\\\/www.svalbardblues.com\\\/de\\\/\"},{\"@type\":\"ListItem\",\"position\":2,\"name\":\"Dunkle Jahreszeit Blues Spitzbergen\",\"item\":\"https:\\\/\\\/www.svalbardblues.com\\\/de\\\/dsb\\\/\"},{\"@type\":\"ListItem\",\"position\":3,\"name\":\"K\u00fcnstler | Dunkle Jahreszeit Blues 2026\",\"item\":\"https:\\\/\\\/www.svalbardblues.com\\\/de\\\/dsb\\\/artister\\\/\"},{\"@type\":\"ListItem\",\"position\":4,\"name\":\"Kat Riggins (US)\"}]},{\"@type\":\"WebSite\",\"@id\":\"https:\\\/\\\/www.svalbardblues.com\\\/de\\\/#website\",\"url\":\"https:\\\/\\\/www.svalbardblues.com\\\/de\\\/\",\"name\":\"Dark Season Blues | SVALBARD\",\"description\":\"The World&#039;s Northenmost Blues Festival\",\"publisher\":{\"@id\":\"https:\\\/\\\/www.svalbardblues.com\\\/de\\\/#organization\"},\"potentialAction\":[{\"@type\":\"SearchAction\",\"target\":{\"@type\":\"EntryPoint\",\"urlTemplate\":\"https:\\\/\\\/www.svalbardblues.com\\\/de\\\/?s={search_term_string}\"},\"query-input\":{\"@type\":\"PropertyValueSpecification\",\"valueRequired\":true,\"valueName\":\"search_term_string\"}}],\"inLanguage\":\"de\"},{\"@type\":\"Organization\",\"@id\":\"https:\\\/\\\/www.svalbardblues.com\\\/de\\\/#organization\",\"name\":\"Dark Season Blues\",\"url\":\"https:\\\/\\\/www.svalbardblues.com\\\/de\\\/\",\"logo\":{\"@type\":\"ImageObject\",\"inLanguage\":\"de\",\"@id\":\"https:\\\/\\\/www.svalbardblues.com\\\/de\\\/#\\\/schema\\\/logo\\\/image\\\/\",\"url\":\"https:\\\/\\\/www.svalbardblues.com\\\/wp-content\\\/uploads\\\/2017\\\/06\\\/DSB2017-Illustrasjon-620.jpg\",\"contentUrl\":\"https:\\\/\\\/www.svalbardblues.com\\\/wp-content\\\/uploads\\\/2017\\\/06\\\/DSB2017-Illustrasjon-620.jpg\",\"width\":620,\"height\":488,\"caption\":\"Dark Season Blues\"},\"image\":{\"@id\":\"https:\\\/\\\/www.svalbardblues.com\\\/de\\\/#\\\/schema\\\/logo\\\/image\\\/\"},\"sameAs\":[\"https:\\\/\\\/www.facebook.com\\\/DarkSeasonBlues\",\"https:\\\/\\\/x.com\\\/DarkSeasonBlues\",\"https:\\\/\\\/www.instagram.com\\\/darkseasonblues\\\/\",\"https:\\\/\\\/no.wikipedia.org\\\/wiki\\\/Dark_Season_Blues\"]}]}<\/script>\n<!-- \/ Yoast SEO Premium plugin. -->","yoast_head_json":{"title":"Kat Riggins (US) | Dark Season Blues - SVALBARD","description":"Kat Riggins ist im Herzen eine Blueserin, aber sie sch\u00f6pft auch aus R&B, Soul, Gospel und Rock'n'Roll. Ihre Stimme wird oft mit der von Koko Taylor, Tina Turner und Janis Joplin verglichen.","robots":{"index":"index","follow":"follow","max-snippet":"max-snippet:-1","max-image-preview":"max-image-preview:large","max-video-preview":"max-video-preview:-1"},"canonical":"https:\/\/www.svalbardblues.com\/de\/dsb\/artister\/kat-riggins\/","og_locale":"de_DE","og_type":"article","og_title":"Kat Riggins (US)","og_description":"Kat Riggins ist im Herzen eine Blueserin, aber sie sch\u00f6pft auch aus R&B, Soul, Gospel und Rock'n'Roll. Ihre Stimme wird oft mit der von Koko Taylor, Tina Turner und Janis Joplin verglichen.","og_url":"https:\/\/www.svalbardblues.com\/de\/dsb\/artister\/kat-riggins\/","og_site_name":"Dark Season Blues | SVALBARD","article_publisher":"https:\/\/www.facebook.com\/DarkSeasonBlues","article_modified_time":"2026-02-23T21:55:54+00:00","og_image":[{"width":1200,"height":835,"url":"https:\/\/www.svalbardblues.com\/wp-content\/uploads\/2025\/01\/Kat-Riggins-Dark-Season-Blues-1200.webp","type":"image\/webp"}],"twitter_misc":{"Gesch\u00e4tzte Lesezeit":"1\u00a0Minute"},"schema":{"@context":"https:\/\/schema.org","@graph":[{"@type":"WebPage","@id":"https:\/\/www.svalbardblues.com\/de\/dsb\/artister\/kat-riggins\/","url":"https:\/\/www.svalbardblues.com\/de\/dsb\/artister\/kat-riggins\/","name":"Kat Riggins (US) | Dark Season Blues - SVALBARD","isPartOf":{"@id":"https:\/\/www.svalbardblues.com\/de\/#website"},"primaryImageOfPage":{"@id":"https:\/\/www.svalbardblues.com\/de\/dsb\/artister\/kat-riggins\/#primaryimage"},"image":{"@id":"https:\/\/www.svalbardblues.com\/de\/dsb\/artister\/kat-riggins\/#primaryimage"},"thumbnailUrl":"https:\/\/www.svalbardblues.com\/wp-content\/uploads\/2025\/01\/Kat-Riggins-Dark-Season-Blues-1200.webp","datePublished":"2025-01-29T08:51:30+00:00","dateModified":"2026-02-23T21:55:54+00:00","description":"Kat Riggins ist im Herzen eine Blueserin, aber sie sch\u00f6pft auch aus R&B, Soul, Gospel und Rock'n'Roll. Ihre Stimme wird oft mit der von Koko Taylor, Tina Turner und Janis Joplin verglichen.","breadcrumb":{"@id":"https:\/\/www.svalbardblues.com\/de\/dsb\/artister\/kat-riggins\/#breadcrumb"},"inLanguage":"de","potentialAction":[{"@type":"ReadAction","target":["https:\/\/www.svalbardblues.com\/de\/dsb\/artister\/kat-riggins\/"]}]},{"@type":"ImageObject","inLanguage":"de","@id":"https:\/\/www.svalbardblues.com\/de\/dsb\/artister\/kat-riggins\/#primaryimage","url":"https:\/\/www.svalbardblues.com\/wp-content\/uploads\/2025\/01\/Kat-Riggins-Dark-Season-Blues-1200.webp","contentUrl":"https:\/\/www.svalbardblues.com\/wp-content\/uploads\/2025\/01\/Kat-Riggins-Dark-Season-Blues-1200.webp","width":1200,"height":835,"caption":"Kat Riggins (US)"},{"@type":"BreadcrumbList","@id":"https:\/\/www.svalbardblues.com\/de\/dsb\/artister\/kat-riggins\/#breadcrumb","itemListElement":[{"@type":"ListItem","position":1,"name":"Hjem","item":"https:\/\/www.svalbardblues.com\/de\/"},{"@type":"ListItem","position":2,"name":"Dunkle Jahreszeit Blues Spitzbergen","item":"https:\/\/www.svalbardblues.com\/de\/dsb\/"},{"@type":"ListItem","position":3,"name":"K\u00fcnstler | Dunkle Jahreszeit Blues 2026","item":"https:\/\/www.svalbardblues.com\/de\/dsb\/artister\/"},{"@type":"ListItem","position":4,"name":"Kat Riggins (US)"}]},{"@type":"WebSite","@id":"https:\/\/www.svalbardblues.com\/de\/#website","url":"https:\/\/www.svalbardblues.com\/de\/","name":"Dark Season Blues | SVALBARD","description":"The World&#039;s Northenmost Blues Festival","publisher":{"@id":"https:\/\/www.svalbardblues.com\/de\/#organization"},"potentialAction":[{"@type":"SearchAction","target":{"@type":"EntryPoint","urlTemplate":"https:\/\/www.svalbardblues.com\/de\/?s={search_term_string}"},"query-input":{"@type":"PropertyValueSpecification","valueRequired":true,"valueName":"search_term_string"}}],"inLanguage":"de"},{"@type":"Organization","@id":"https:\/\/www.svalbardblues.com\/de\/#organization","name":"Dark Season Blues","url":"https:\/\/www.svalbardblues.com\/de\/","logo":{"@type":"ImageObject","inLanguage":"de","@id":"https:\/\/www.svalbardblues.com\/de\/#\/schema\/logo\/image\/","url":"https:\/\/www.svalbardblues.com\/wp-content\/uploads\/2017\/06\/DSB2017-Illustrasjon-620.jpg","contentUrl":"https:\/\/www.svalbardblues.com\/wp-content\/uploads\/2017\/06\/DSB2017-Illustrasjon-620.jpg","width":620,"height":488,"caption":"Dark Season Blues"},"image":{"@id":"https:\/\/www.svalbardblues.com\/de\/#\/schema\/logo\/image\/"},"sameAs":["https:\/\/www.facebook.com\/DarkSeasonBlues","https:\/\/x.com\/DarkSeasonBlues","https:\/\/www.instagram.com\/darkseasonblues\/","https:\/\/no.wikipedia.org\/wiki\/Dark_Season_Blues"]}]}},"_links":{"self":[{"href":"https:\/\/www.svalbardblues.com\/de\/wp-json\/wp\/v2\/pages\/25713","targetHints":{"allow":["GET"]}}],"collection":[{"href":"https:\/\/www.svalbardblues.com\/de\/wp-json\/wp\/v2\/pages"}],"about":[{"href":"https:\/\/www.svalbardblues.com\/de\/wp-json\/wp\/v2\/types\/page"}],"author":[{"embeddable":true,"href":"https:\/\/www.svalbardblues.com\/de\/wp-json\/wp\/v2\/users\/1"}],"replies":[{"embeddable":true,"href":"https:\/\/www.svalbardblues.com\/de\/wp-json\/wp\/v2\/comments?post=25713"}],"version-history":[{"count":1,"href":"https:\/\/www.svalbardblues.com\/de\/wp-json\/wp\/v2\/pages\/25713\/revisions"}],"predecessor-version":[{"id":25715,"href":"https:\/\/www.svalbardblues.com\/de\/wp-json\/wp\/v2\/pages\/25713\/revisions\/25715"}],"up":[{"embeddable":true,"href":"https:\/\/www.svalbardblues.com\/de\/wp-json\/wp\/v2\/pages\/24596"}],"wp:featuredmedia":[{"embeddable":true,"href":"https:\/\/www.svalbardblues.com\/de\/wp-json\/wp\/v2\/media\/25714"}],"wp:attachment":[{"href":"https:\/\/www.svalbardblues.com\/de\/wp-json\/wp\/v2\/media?parent=25713"}],"curies":[{"name":"wp","href":"https:\/\/api.w.org\/{rel}","templated":true}]}}