{"id":25727,"date":"2025-01-29T09:02:07","date_gmt":"2025-01-29T09:02:07","guid":{"rendered":"https:\/\/www.svalbardblues.com\/dsb\/artists\/vanessa-collier\/"},"modified":"2026-02-23T21:55:54","modified_gmt":"2026-02-23T21:55:54","slug":"vanessa-collier","status":"publish","type":"page","link":"https:\/\/www.svalbardblues.com\/de\/dsb\/artister\/vanessa-collier\/","title":{"rendered":"Vanessa Collier (US)"},"content":{"rendered":"\n<p class=\"has-drop-cap\">Vanessa Collier ist seit dem letztj\u00e4hrigen Notodden Blues Festival in aller Munde und hat in ihrer relativ kurzen Karriere als Solok\u00fcnstlerin bereits viel erreicht. Sie wurde zw\u00f6lf Mal f\u00fcr die Blues Music Awards nominiert und hat den Preis vier Mal gewonnen. Es ist daher eine gro\u00dfe Ehre, sie zum ersten Mal bei Dark Season Blues begr\u00fc\u00dfen zu d\u00fcrfen.   Mit ihr in der Band ist die Blues Music Awards Gewinnerin und Supergitarristin Laura Chavez, die wir letztes Jahr mit Nikki Hill auf dem Festival geh\u00f6rt haben.<\/p>\n\n<p>&#8222;Do It My Own Way&#8220; (2024) ist der Titel ihres sechsten Albums, und er passt gut dazu, dass sie ihren eigenen Weg geht. Sie ist zum Beispiel eine der wenigen Bluesk\u00fcnstlerinnen, die Gesang und Saxophon kombinieren, und sie hat sich nicht den &#8222;Forderungen&#8220; der Musikindustrie gebeugt, sich sexier zu kleiden. Das Album ist inspiriert von R&amp;B, Blues und klassischem Memphis Soul a la Staple Singers. Einer der Songs, das vom Gospel inspirierte &#8222;Rosetta&#8220;, ist eine Hommage an eine von Colliers Heldinnen, die Gitarrenpionierin Sister Rosetta Tharpe. Sie schrieb die Songs, singt, singt im Chor, spielt akustische und elektrische Gitarre sowie Alt- und Tenorsaxophon und ist auch f\u00fcr die Arrangements und die Produktion verantwortlich. singt, singt im Chor, spielt akustische und elektrische Gitarre sowie Alt- und Tenorsaxophon und ist auch f\u00fcr die Arrangements und die Produktion verantwortlich.       <\/p>\n\n<p>Vanessa wurde in Texas geboren, wuchs in Maryland auf, begann ihre Karriere in Philadelphia und lebt heute in South Carolina. Nach ihrem Abschluss am renommierten Berklee College of Music spielte sie in der Band der Blues-Legende Joe Louis Walker, bevor sie, ermutigt durch Walker, eine Solokarriere startete, die sie weit gebracht hat &#8211; und jetzt nach Longyearbyen. <\/p>\n\n<p class=\"has-text-align-center has-background\" style=\"background-color:#e2e2e2;font-size:12px\"><strong>Dunkle Jahreszeit Blues\u00a92025<\/strong><\/p>\n","protected":false},"excerpt":{"rendered":"<p>Vanessa Collier ist seit dem letztj\u00e4hrigen Notodden Blues Festival in aller Munde und hat in ihrer relativ kurzen Karriere als Solok\u00fcnstlerin bereits viel erreicht. Sie wurde zw\u00f6lf Mal f\u00fcr die Blues Music Awards nominiert und hat den Preis vier Mal gewonnen. Es ist daher eine gro\u00dfe Ehre, sie zum ersten Mal bei Dark Season Blues &#8230; <\/p>\n<p class=\"read-more-container\"><a title=\"Vanessa Collier (US)\" class=\"read-more button\" href=\"https:\/\/www.svalbardblues.com\/de\/dsb\/artister\/vanessa-collier\/#more-25727\" aria-label=\"Mehr Informationen \u00fcber Vanessa Collier (US)\">Read more<\/a><\/p>\n","protected":false},"author":1,"featured_media":25728,"parent":24596,"menu_order":0,"comment_status":"closed","ping_status":"closed","template":"","meta":{"inline_featured_image":false,"footnotes":""},"class_list":["post-25727","page","type-page","status-publish","has-post-thumbnail"],"yoast_head":"<!-- This site is optimized with the Yoast SEO Premium plugin v26.2 (Yoast SEO v27.4) - https:\/\/yoast.com\/product\/yoast-seo-premium-wordpress\/ -->\n<title>Vanessa Collier (US) | Dark Season Blues - SVALBARD<\/title>\n<meta name=\"description\" content=\"Vanessa Collier ist seit dem letztj\u00e4hrigen Notodden Blues Festival in aller Munde und hat in ihrer relativ kurzen Karriere als Solok\u00fcnstlerin bereits viel erreicht. Sie wurde zw\u00f6lf Mal f\u00fcr die Blues Music Awards nominiert und hat den Preis vier Mal gewonnen. Es ist daher eine gro\u00dfe Ehre, sie zum ersten Mal bei Dark Season Blues begr\u00fc\u00dfen zu d\u00fcrfen.\" \/>\n<meta name=\"robots\" content=\"index, follow, max-snippet:-1, max-image-preview:large, max-video-preview:-1\" \/>\n<link rel=\"canonical\" href=\"https:\/\/www.svalbardblues.com\/de\/dsb\/artister\/vanessa-collier\/\" \/>\n<meta property=\"og:locale\" content=\"de_DE\" \/>\n<meta property=\"og:type\" content=\"article\" \/>\n<meta property=\"og:title\" content=\"Vanessa Collier (US)\" \/>\n<meta property=\"og:description\" content=\"Vanessa Collier ist seit dem letztj\u00e4hrigen Notodden Blues Festival in aller Munde und hat in ihrer relativ kurzen Karriere als Solok\u00fcnstlerin bereits viel erreicht. Sie wurde zw\u00f6lf Mal f\u00fcr die Blues Music Awards nominiert und hat den Preis vier Mal gewonnen. Es ist daher eine gro\u00dfe Ehre, sie zum ersten Mal bei Dark Season Blues begr\u00fc\u00dfen zu d\u00fcrfen.\" \/>\n<meta property=\"og:url\" content=\"https:\/\/www.svalbardblues.com\/de\/dsb\/artister\/vanessa-collier\/\" \/>\n<meta property=\"og:site_name\" content=\"Dark Season Blues | SVALBARD\" \/>\n<meta property=\"article:publisher\" content=\"https:\/\/www.facebook.com\/DarkSeasonBlues\" \/>\n<meta property=\"article:modified_time\" content=\"2026-02-23T21:55:54+00:00\" \/>\n<meta property=\"og:image\" content=\"https:\/\/www.svalbardblues.com\/wp-content\/uploads\/2025\/01\/Vanessa-Collier-Dark-Season-Blues-Svalbard-1200.webp\" \/>\n\t<meta property=\"og:image:width\" content=\"1200\" \/>\n\t<meta property=\"og:image:height\" content=\"800\" \/>\n\t<meta property=\"og:image:type\" content=\"image\/webp\" \/>\n<meta name=\"twitter:label1\" content=\"Gesch\u00e4tzte Lesezeit\" \/>\n\t<meta name=\"twitter:data1\" content=\"1\u00a0Minute\" \/>\n<script type=\"application\/ld+json\" class=\"yoast-schema-graph\">{\"@context\":\"https:\\\/\\\/schema.org\",\"@graph\":[{\"@type\":\"WebPage\",\"@id\":\"https:\\\/\\\/www.svalbardblues.com\\\/de\\\/dsb\\\/artister\\\/vanessa-collier\\\/\",\"url\":\"https:\\\/\\\/www.svalbardblues.com\\\/de\\\/dsb\\\/artister\\\/vanessa-collier\\\/\",\"name\":\"Vanessa Collier (US) | Dark Season Blues - SVALBARD\",\"isPartOf\":{\"@id\":\"https:\\\/\\\/www.svalbardblues.com\\\/de\\\/#website\"},\"primaryImageOfPage\":{\"@id\":\"https:\\\/\\\/www.svalbardblues.com\\\/de\\\/dsb\\\/artister\\\/vanessa-collier\\\/#primaryimage\"},\"image\":{\"@id\":\"https:\\\/\\\/www.svalbardblues.com\\\/de\\\/dsb\\\/artister\\\/vanessa-collier\\\/#primaryimage\"},\"thumbnailUrl\":\"https:\\\/\\\/www.svalbardblues.com\\\/wp-content\\\/uploads\\\/2025\\\/01\\\/Vanessa-Collier-Dark-Season-Blues-Svalbard-1200.webp\",\"datePublished\":\"2025-01-29T09:02:07+00:00\",\"dateModified\":\"2026-02-23T21:55:54+00:00\",\"description\":\"Vanessa Collier ist seit dem letztj\u00e4hrigen Notodden Blues Festival in aller Munde und hat in ihrer relativ kurzen Karriere als Solok\u00fcnstlerin bereits viel erreicht. Sie wurde zw\u00f6lf Mal f\u00fcr die Blues Music Awards nominiert und hat den Preis vier Mal gewonnen. Es ist daher eine gro\u00dfe Ehre, sie zum ersten Mal bei Dark Season Blues begr\u00fc\u00dfen zu d\u00fcrfen.\",\"breadcrumb\":{\"@id\":\"https:\\\/\\\/www.svalbardblues.com\\\/de\\\/dsb\\\/artister\\\/vanessa-collier\\\/#breadcrumb\"},\"inLanguage\":\"de\",\"potentialAction\":[{\"@type\":\"ReadAction\",\"target\":[\"https:\\\/\\\/www.svalbardblues.com\\\/de\\\/dsb\\\/artister\\\/vanessa-collier\\\/\"]}]},{\"@type\":\"ImageObject\",\"inLanguage\":\"de\",\"@id\":\"https:\\\/\\\/www.svalbardblues.com\\\/de\\\/dsb\\\/artister\\\/vanessa-collier\\\/#primaryimage\",\"url\":\"https:\\\/\\\/www.svalbardblues.com\\\/wp-content\\\/uploads\\\/2025\\\/01\\\/Vanessa-Collier-Dark-Season-Blues-Svalbard-1200.webp\",\"contentUrl\":\"https:\\\/\\\/www.svalbardblues.com\\\/wp-content\\\/uploads\\\/2025\\\/01\\\/Vanessa-Collier-Dark-Season-Blues-Svalbard-1200.webp\",\"width\":1200,\"height\":800,\"caption\":\"Vanessa Collier (US)\"},{\"@type\":\"BreadcrumbList\",\"@id\":\"https:\\\/\\\/www.svalbardblues.com\\\/de\\\/dsb\\\/artister\\\/vanessa-collier\\\/#breadcrumb\",\"itemListElement\":[{\"@type\":\"ListItem\",\"position\":1,\"name\":\"Hjem\",\"item\":\"https:\\\/\\\/www.svalbardblues.com\\\/de\\\/\"},{\"@type\":\"ListItem\",\"position\":2,\"name\":\"Dunkle Jahreszeit Blues Spitzbergen\",\"item\":\"https:\\\/\\\/www.svalbardblues.com\\\/de\\\/dsb\\\/\"},{\"@type\":\"ListItem\",\"position\":3,\"name\":\"K\u00fcnstler | Dunkle Jahreszeit Blues 2026\",\"item\":\"https:\\\/\\\/www.svalbardblues.com\\\/de\\\/dsb\\\/artister\\\/\"},{\"@type\":\"ListItem\",\"position\":4,\"name\":\"Vanessa Collier (US)\"}]},{\"@type\":\"WebSite\",\"@id\":\"https:\\\/\\\/www.svalbardblues.com\\\/de\\\/#website\",\"url\":\"https:\\\/\\\/www.svalbardblues.com\\\/de\\\/\",\"name\":\"Dark Season Blues | SVALBARD\",\"description\":\"The World&#039;s Northenmost Blues Festival\",\"publisher\":{\"@id\":\"https:\\\/\\\/www.svalbardblues.com\\\/de\\\/#organization\"},\"potentialAction\":[{\"@type\":\"SearchAction\",\"target\":{\"@type\":\"EntryPoint\",\"urlTemplate\":\"https:\\\/\\\/www.svalbardblues.com\\\/de\\\/?s={search_term_string}\"},\"query-input\":{\"@type\":\"PropertyValueSpecification\",\"valueRequired\":true,\"valueName\":\"search_term_string\"}}],\"inLanguage\":\"de\"},{\"@type\":\"Organization\",\"@id\":\"https:\\\/\\\/www.svalbardblues.com\\\/de\\\/#organization\",\"name\":\"Dark Season Blues\",\"url\":\"https:\\\/\\\/www.svalbardblues.com\\\/de\\\/\",\"logo\":{\"@type\":\"ImageObject\",\"inLanguage\":\"de\",\"@id\":\"https:\\\/\\\/www.svalbardblues.com\\\/de\\\/#\\\/schema\\\/logo\\\/image\\\/\",\"url\":\"https:\\\/\\\/www.svalbardblues.com\\\/wp-content\\\/uploads\\\/2017\\\/06\\\/DSB2017-Illustrasjon-620.jpg\",\"contentUrl\":\"https:\\\/\\\/www.svalbardblues.com\\\/wp-content\\\/uploads\\\/2017\\\/06\\\/DSB2017-Illustrasjon-620.jpg\",\"width\":620,\"height\":488,\"caption\":\"Dark Season Blues\"},\"image\":{\"@id\":\"https:\\\/\\\/www.svalbardblues.com\\\/de\\\/#\\\/schema\\\/logo\\\/image\\\/\"},\"sameAs\":[\"https:\\\/\\\/www.facebook.com\\\/DarkSeasonBlues\",\"https:\\\/\\\/x.com\\\/DarkSeasonBlues\",\"https:\\\/\\\/www.instagram.com\\\/darkseasonblues\\\/\",\"https:\\\/\\\/no.wikipedia.org\\\/wiki\\\/Dark_Season_Blues\"]}]}<\/script>\n<!-- \/ Yoast SEO Premium plugin. -->","yoast_head_json":{"title":"Vanessa Collier (US) | Dark Season Blues - SVALBARD","description":"Vanessa Collier ist seit dem letztj\u00e4hrigen Notodden Blues Festival in aller Munde und hat in ihrer relativ kurzen Karriere als Solok\u00fcnstlerin bereits viel erreicht. Sie wurde zw\u00f6lf Mal f\u00fcr die Blues Music Awards nominiert und hat den Preis vier Mal gewonnen. Es ist daher eine gro\u00dfe Ehre, sie zum ersten Mal bei Dark Season Blues begr\u00fc\u00dfen zu d\u00fcrfen.","robots":{"index":"index","follow":"follow","max-snippet":"max-snippet:-1","max-image-preview":"max-image-preview:large","max-video-preview":"max-video-preview:-1"},"canonical":"https:\/\/www.svalbardblues.com\/de\/dsb\/artister\/vanessa-collier\/","og_locale":"de_DE","og_type":"article","og_title":"Vanessa Collier (US)","og_description":"Vanessa Collier ist seit dem letztj\u00e4hrigen Notodden Blues Festival in aller Munde und hat in ihrer relativ kurzen Karriere als Solok\u00fcnstlerin bereits viel erreicht. Sie wurde zw\u00f6lf Mal f\u00fcr die Blues Music Awards nominiert und hat den Preis vier Mal gewonnen. Es ist daher eine gro\u00dfe Ehre, sie zum ersten Mal bei Dark Season Blues begr\u00fc\u00dfen zu d\u00fcrfen.","og_url":"https:\/\/www.svalbardblues.com\/de\/dsb\/artister\/vanessa-collier\/","og_site_name":"Dark Season Blues | SVALBARD","article_publisher":"https:\/\/www.facebook.com\/DarkSeasonBlues","article_modified_time":"2026-02-23T21:55:54+00:00","og_image":[{"width":1200,"height":800,"url":"https:\/\/www.svalbardblues.com\/wp-content\/uploads\/2025\/01\/Vanessa-Collier-Dark-Season-Blues-Svalbard-1200.webp","type":"image\/webp"}],"twitter_misc":{"Gesch\u00e4tzte Lesezeit":"1\u00a0Minute"},"schema":{"@context":"https:\/\/schema.org","@graph":[{"@type":"WebPage","@id":"https:\/\/www.svalbardblues.com\/de\/dsb\/artister\/vanessa-collier\/","url":"https:\/\/www.svalbardblues.com\/de\/dsb\/artister\/vanessa-collier\/","name":"Vanessa Collier (US) | Dark Season Blues - SVALBARD","isPartOf":{"@id":"https:\/\/www.svalbardblues.com\/de\/#website"},"primaryImageOfPage":{"@id":"https:\/\/www.svalbardblues.com\/de\/dsb\/artister\/vanessa-collier\/#primaryimage"},"image":{"@id":"https:\/\/www.svalbardblues.com\/de\/dsb\/artister\/vanessa-collier\/#primaryimage"},"thumbnailUrl":"https:\/\/www.svalbardblues.com\/wp-content\/uploads\/2025\/01\/Vanessa-Collier-Dark-Season-Blues-Svalbard-1200.webp","datePublished":"2025-01-29T09:02:07+00:00","dateModified":"2026-02-23T21:55:54+00:00","description":"Vanessa Collier ist seit dem letztj\u00e4hrigen Notodden Blues Festival in aller Munde und hat in ihrer relativ kurzen Karriere als Solok\u00fcnstlerin bereits viel erreicht. Sie wurde zw\u00f6lf Mal f\u00fcr die Blues Music Awards nominiert und hat den Preis vier Mal gewonnen. Es ist daher eine gro\u00dfe Ehre, sie zum ersten Mal bei Dark Season Blues begr\u00fc\u00dfen zu d\u00fcrfen.","breadcrumb":{"@id":"https:\/\/www.svalbardblues.com\/de\/dsb\/artister\/vanessa-collier\/#breadcrumb"},"inLanguage":"de","potentialAction":[{"@type":"ReadAction","target":["https:\/\/www.svalbardblues.com\/de\/dsb\/artister\/vanessa-collier\/"]}]},{"@type":"ImageObject","inLanguage":"de","@id":"https:\/\/www.svalbardblues.com\/de\/dsb\/artister\/vanessa-collier\/#primaryimage","url":"https:\/\/www.svalbardblues.com\/wp-content\/uploads\/2025\/01\/Vanessa-Collier-Dark-Season-Blues-Svalbard-1200.webp","contentUrl":"https:\/\/www.svalbardblues.com\/wp-content\/uploads\/2025\/01\/Vanessa-Collier-Dark-Season-Blues-Svalbard-1200.webp","width":1200,"height":800,"caption":"Vanessa Collier (US)"},{"@type":"BreadcrumbList","@id":"https:\/\/www.svalbardblues.com\/de\/dsb\/artister\/vanessa-collier\/#breadcrumb","itemListElement":[{"@type":"ListItem","position":1,"name":"Hjem","item":"https:\/\/www.svalbardblues.com\/de\/"},{"@type":"ListItem","position":2,"name":"Dunkle Jahreszeit Blues Spitzbergen","item":"https:\/\/www.svalbardblues.com\/de\/dsb\/"},{"@type":"ListItem","position":3,"name":"K\u00fcnstler | Dunkle Jahreszeit Blues 2026","item":"https:\/\/www.svalbardblues.com\/de\/dsb\/artister\/"},{"@type":"ListItem","position":4,"name":"Vanessa Collier (US)"}]},{"@type":"WebSite","@id":"https:\/\/www.svalbardblues.com\/de\/#website","url":"https:\/\/www.svalbardblues.com\/de\/","name":"Dark Season Blues | SVALBARD","description":"The World&#039;s Northenmost Blues Festival","publisher":{"@id":"https:\/\/www.svalbardblues.com\/de\/#organization"},"potentialAction":[{"@type":"SearchAction","target":{"@type":"EntryPoint","urlTemplate":"https:\/\/www.svalbardblues.com\/de\/?s={search_term_string}"},"query-input":{"@type":"PropertyValueSpecification","valueRequired":true,"valueName":"search_term_string"}}],"inLanguage":"de"},{"@type":"Organization","@id":"https:\/\/www.svalbardblues.com\/de\/#organization","name":"Dark Season Blues","url":"https:\/\/www.svalbardblues.com\/de\/","logo":{"@type":"ImageObject","inLanguage":"de","@id":"https:\/\/www.svalbardblues.com\/de\/#\/schema\/logo\/image\/","url":"https:\/\/www.svalbardblues.com\/wp-content\/uploads\/2017\/06\/DSB2017-Illustrasjon-620.jpg","contentUrl":"https:\/\/www.svalbardblues.com\/wp-content\/uploads\/2017\/06\/DSB2017-Illustrasjon-620.jpg","width":620,"height":488,"caption":"Dark Season Blues"},"image":{"@id":"https:\/\/www.svalbardblues.com\/de\/#\/schema\/logo\/image\/"},"sameAs":["https:\/\/www.facebook.com\/DarkSeasonBlues","https:\/\/x.com\/DarkSeasonBlues","https:\/\/www.instagram.com\/darkseasonblues\/","https:\/\/no.wikipedia.org\/wiki\/Dark_Season_Blues"]}]}},"_links":{"self":[{"href":"https:\/\/www.svalbardblues.com\/de\/wp-json\/wp\/v2\/pages\/25727","targetHints":{"allow":["GET"]}}],"collection":[{"href":"https:\/\/www.svalbardblues.com\/de\/wp-json\/wp\/v2\/pages"}],"about":[{"href":"https:\/\/www.svalbardblues.com\/de\/wp-json\/wp\/v2\/types\/page"}],"author":[{"embeddable":true,"href":"https:\/\/www.svalbardblues.com\/de\/wp-json\/wp\/v2\/users\/1"}],"replies":[{"embeddable":true,"href":"https:\/\/www.svalbardblues.com\/de\/wp-json\/wp\/v2\/comments?post=25727"}],"version-history":[{"count":1,"href":"https:\/\/www.svalbardblues.com\/de\/wp-json\/wp\/v2\/pages\/25727\/revisions"}],"predecessor-version":[{"id":25729,"href":"https:\/\/www.svalbardblues.com\/de\/wp-json\/wp\/v2\/pages\/25727\/revisions\/25729"}],"up":[{"embeddable":true,"href":"https:\/\/www.svalbardblues.com\/de\/wp-json\/wp\/v2\/pages\/24596"}],"wp:featuredmedia":[{"embeddable":true,"href":"https:\/\/www.svalbardblues.com\/de\/wp-json\/wp\/v2\/media\/25728"}],"wp:attachment":[{"href":"https:\/\/www.svalbardblues.com\/de\/wp-json\/wp\/v2\/media?parent=25727"}],"curies":[{"name":"wp","href":"https:\/\/api.w.org\/{rel}","templated":true}]}}