{"id":11652,"date":"2014-02-18T21:34:05","date_gmt":"2014-02-18T21:34:05","guid":{"rendered":"https:\/\/www.svalbardblues.com\/dsb\/dark-season-blues-2014\/program\/"},"modified":"2014-10-06T12:34:40","modified_gmt":"2014-10-06T12:34:40","slug":"schedule","status":"publish","type":"page","link":"https:\/\/www.svalbardblues.com\/en\/dsb\/dark-season-blues-2014\/schedule\/","title":{"rendered":"Schedule 23. til 26. oktober | Dark Season Blues 2014"},"content":{"rendered":"<h2>Schedule Dark Season Blues 2014<\/h2>\n<p>[divider]<br \/>\n[fancy_table]<\/p>\n<table>\n<tbody>\n<tr>\n<th width=\"60%\" >\n<h4><span style=\"color: #000000;\" ><strong>Venue<\/strong><\/span><\/h4>\n<\/th>\n<th width=\"10%\">Consert start (LT)<\/th>\n<th width=\"30%\">Ticket price in NOK<\/th>\n<\/tr>\n<tr>\n<td style=\"text-align: left;\" colspan=\"3\"><strong>Artists<\/strong><\/td>\n<\/tr>\n<\/tbody>\n<\/table>\n<p>[\/fancy_table]<\/p>\n<p>[divider]<br \/>\n<a name=\"Thursday\"><\/a>[fancy_header]Thursday[\/fancy_header]<br \/>\n[fancy_table]<\/p>\n<table>\n<tbody>\n<tr>\n<th width=\"60%\" >\n<h4><span style=\"color: #000000;\" ><strong>Longyearbyen Skole<\/strong><\/span><\/h4>\n<\/th>\n<th width=\"10%\">11.30<\/th>\n<th width=\"30%\">Only for the schoolchildren<\/th>\n<\/tr>\n<tr>\n<td style=\"text-align: left;\" colspan=\"3\"><strong>Jace Everett &#038; ORBO<\/strong><\/td>\n<\/tr>\n<\/tbody>\n<\/table>\n<p>[\/fancy_table]<\/p>\n<p>[fancy_table]<\/p>\n<table>\n<tbody>\n<tr>\n<th width=\"60%\">\n<h4><span style=\"color: #000000;\">Kulturhuset<\/span><\/h4>\n<p>[hidden]<\/p>\n<h6>\u00c5pning av Dark Season Blues 2014<\/h6>\n<p>[\/hidden]<\/th>\n<th width=\"10%\">18.00<\/th>\n<th width=\"30%\">Free<\/th>\n<\/tr>\n<tr>\n<td style=\"text-align: left;\" colspan=\"3\"><strong>Official Opening of the Dark Season Blues festival 2014.<\/strong><br \/>\nWith some of the artists from the festival lineup.<br \/>\nThe event is suitable for the whole family<\/td>\n<\/tr>\n<\/tbody>\n<\/table>\n<p>[\/fancy_table]<\/p>\n<p>[divider]<br \/>\n[fancy_table]<\/p>\n<table>\n<tbody>\n<tr>\n<th width=\"60%\">\n<h4><span style=\"color: #000000;\"><strong>Barentz Pub<\/strong><\/span><\/h4>\n<\/th>\n<th width=\"10%\">21.00<\/th>\n<th width=\"30%\">300,-<\/th>\n<\/tr>\n<tr>\n<td style=\"text-align: left;\" colspan=\"3\"><strong>Steinar Albrigtsen &#038; Monika Nordli feat. Tom Pacheco<\/strong><\/td>\n<\/tr>\n<tr>\n<td style=\"text-align: left;\" colspan=\"3\"><strong>Eric &#8216;Slim&#8217; Zahl &#038; the South West Swingers<\/strong><\/td>\n<\/tr>\n<\/tbody>\n<\/table>\n<p>[\/fancy_table] [fancy_table]<\/p>\n<table>\n<tbody>\n<tr>\n<th width=\"60%\">\n<h4><span style=\"color: #000000;\"><strong>Svalbar Pub<\/strong><\/span><\/h4>\n<\/th>\n<th width=\"10%\">21.00<\/th>\n<th width=\"30%\">300,-<\/th>\n<\/tr>\n<tr>\n<td style=\"text-align: left;\" colspan=\"3\"><strong>ORBO<\/strong><\/td>\n<\/tr>\n<tr>\n<td style=\"text-align: left;\" colspan=\"3\"><strong>Pristine<\/strong><\/td>\n<\/tr>\n<\/tbody>\n<\/table>\n<p>[\/fancy_table] [fancy_table]<\/p>\n<table>\n<tbody>\n<tr>\n<th width=\"60%\">\n<h4><span style=\"color: #000000;\"><strong>Kroa<\/strong><\/span><\/h4>\n<\/th>\n<th width=\"10%\">21.00<\/th>\n<th width=\"30%\">300,-<\/th>\n<\/tr>\n<tr>\n<td style=\"text-align: left;\" colspan=\"3\"><strong>Barrelhouse Chuck with Sven Zetterberg &#038; The Magnetic North Blues Band<\/strong><\/td>\n<\/tr>\n<tr>\n<td style=\"text-align: left;\" colspan=\"3\"><strong>Jace Everett<\/strong><\/td>\n<\/tr>\n<\/tbody>\n<\/table>\n<p>[\/fancy_table]<br \/>\n[divider_top] <a name=\"fredag\"><\/a>[fancy_header]Friday[\/fancy_header]<br \/>\n[fancy_table]<\/p>\n<table>\n<tbody>\n<tr>\n[desktop_only]<\/p>\n<th width=\"60%\">\n<h4><span style=\"color: #000000;\"><strong>Kullungen Barnehage<\/strong><\/span><\/h4>\n<\/th>\n<th width=\"10%\">10.30<\/th>\n<th width=\"30%\">Only for the kids in the kindergartens<\/th>\n<p>[\/desktop_only]<br \/>\n[mobile_only]<\/p>\n<th>\n<h4><span style=\"color: #000000;\"><strong>Kullungen<\/strong><\/span><\/h4>\n<\/th>\n<th>10.30<\/th>\n<th>Only for the kids in the kindergartens<\/th>\n<p>[\/mobile_only]<br \/>\n<\/tr>\n<tr>\n<td style=\"text-align: left;\" colspan=\"3\"><strong>Steinar Albrigtsen &#038; Monika Nordli<\/strong><\/td>\n<\/tr>\n<\/tbody>\n<\/table>\n<p>[\/fancy_table]<\/p>\n<p>[fancy_table]<\/p>\n<table>\n<tbody>\n<tr>\n<th width=\"60%\">\n<h4><span style=\"color: #000000;\"><strong>Barentz Pub:<\/strong><\/span> Blues lunch<\/h4>\n<\/th>\n<th width=\"10%\">12.00<\/th>\n<th width=\"30%\">Free<\/th>\n<\/tr>\n<tr>\n<td style=\"text-align: left;\" colspan=\"3\"><strong>Billy T Band<\/strong><\/td>\n<\/tr>\n<\/tbody>\n<\/table>\n<p>[\/fancy_table]<br \/>\n[fancy_table]<\/p>\n<table>\n<tbody>\n<tr>\n<th width=\"60%\">\n<h4>Spitsbergen Hotel<\/h4>\n<\/th>\n<th width=\"10%\">17:30<\/th>\n<th width=\"30%\">1150,-<\/th>\n<\/tr>\n<tr>\n<td style=\"text-align: left;\"><strong>Rita Engedalen, Danielle Nicole Schnebelen, Grainne Duffy<\/strong><\/td>\n<td style=\"text-align: center;\" colspan=\"2\" scope=\"colgroup\">Festival passes does not apply here<\/td>\n<\/tr>\n<tr>\n<td style=\"text-align: left;\" colspan=\"3\" scope=\"colgroup\"><strong>Janis Joplin Tribute.<\/strong><br \/>\n<span>Stemningsfull og intim bluesmiddag i Funktion\u00e6rmessen Restaurant. Inkluderer aperitif, 3-retters middag med vinpakke og kaffe avec.<\/span><br \/>\n<strong>Billetter bestilles per tlf. +47 79 02 62 00<\/strong><\/td>\n<\/tr>\n<\/tbody>\n<\/table>\n<p>[\/fancy_table]<br \/>\n[divider] [fancy_table]<\/p>\n<table>\n<tbody>\n<tr>\n<th width=\"60%\">\n<h4><span style=\"color: #000000;\"><strong>Barentz Pub<\/strong><\/span><\/h4>\n<\/th>\n<th width=\"10%\">20.00<\/th>\n<th width=\"30%\">300,-<\/th>\n<\/tr>\n<tr>\n<td style=\"text-align: left;\" colspan=\"3\"><strong>Reidar Larsen<\/strong><\/td>\n<\/tr>\n<tr>\n<td style=\"text-align: left;\" colspan=\"3\"><strong>Billy T Band feat. Betty Lou Fox<\/strong><\/td>\n<\/tr>\n<tr>\n<td style=\"text-align: left;\" colspan=\"3\"><strong>Trond Olsen Band feat. Buddy Whittington<\/strong><\/td>\n<\/tr>\n<\/tbody>\n<\/table>\n<p>[\/fancy_table] [fancy_table]<\/p>\n<table>\n<tbody>\n<tr>\n<th width=\"60%\">\n<h4><span style=\"color: #000000;\"><strong>Svalbar Pub<\/strong><\/span><\/h4>\n<\/th>\n<th width=\"10%\">21.00<\/th>\n<th width=\"30%\">300,-<\/th>\n<\/tr>\n<tr>\n<td style=\"text-align: left;\" colspan=\"3\"><strong>Torbj\u00f8rn Risager &#038; The Black Tornado<\/strong><\/td>\n<\/tr>\n<tr>\n<td style=\"text-align: left;\" colspan=\"3\"><strong>Grainne Duffy<\/strong><\/td>\n<\/tr>\n<\/tbody>\n<\/table>\n<p>[\/fancy_table] [fancy_table]<\/p>\n<table>\n<tbody>\n<tr>\n<th width=\"60%\">\n<h4><span style=\"color: #000000;\"><strong>Kroa<\/strong><\/span><\/h4>\n<\/th>\n<th width=\"10%\">20.00<\/th>\n<th width=\"30%\">300,-<\/th>\n<\/tr>\n<tr>\n<td style=\"text-align: left;\" colspan=\"3\"><strong>ORBO<\/strong><\/td>\n<\/tr>\n<tr>\n<td style=\"text-align: left;\" colspan=\"3\"><strong>Trampled Under Foot<\/strong><\/td>\n<\/tr>\n<tr>\n<td style=\"text-align: left;\" colspan=\"3\"><strong>Rita Engedalen &#038; Backbone<\/strong><\/td>\n<\/tr>\n<\/tbody>\n<\/table>\n<p>[\/fancy_table] [divider_top] <a name=\"Saturday\"><\/a>[fancy_header]Saturday[\/fancy_header]<br \/>\n[fancy_table]<\/p>\n<table>\n<tbody>\n<tr>\n<th width=\"60%\">\n<h4><span style=\"color: #000000;\"><strong>Barentz Pub:<\/strong> Blues lunch<\/span><\/h4>\n<\/th>\n<th width=\"10%\">12.00<\/th>\n<th width=\"30%\">Free<\/th>\n<\/tr>\n<tr>\n<td style=\"text-align: left;\" colspan=\"3\"><strong>JT Lauritsen with friends<\/strong><\/td>\n<\/tr>\n<tr>\n<td style=\"text-align: left;\" colspan=\"3\"><strong>Artist interview by \u00d8yvind R\u00f8nning<\/strong><\/td>\n<\/tr>\n<\/tbody>\n<\/table>\n<p>[\/fancy_table]<br \/>\n[fancy_table]<\/p>\n<table>\n<tbody>\n<tr>\n<th width=\"60%\">\n<h4><span style=\"color: #000000;\"><strong>Mary-Ann&#8217;s Polarrigg:<\/strong><br \/>\n Akustisk scene<\/span><\/h4>\n<\/th>\n<th width=\"10%\">13:00<\/th>\n<th width=\"30%\">100,-<\/th>\n<\/tr>\n<tr>\n<td style=\"text-align: left;\"><strong>Tom Pacheco, Steinar Albrigtsen, Ole Reinert Berg-Olsen og Monika Nordli<\/strong><\/td>\n<td style=\"text-align: center;\" colspan=\"2\" scope=\"colgroup\">Festival passes does not apply here<\/td>\n<\/tr>\n<tr>\n<td style=\"text-align: left;\" colspan=\"3\" scope=\"colgroup\"><span>&#8220;In the round&#8221;. En enest\u00e5ende mulighet til et n\u00e6rt m\u00f8te med l\u00e5tskriverene, hvor publikum ogs\u00e5 f\u00e5r servert historiene bak l\u00e5tene.<\/span><\/td>\n<\/tr>\n<\/tbody>\n<\/table>\n<p>[\/fancy_table] <\/p>\n<p> [fancy_table]<\/p>\n<table>\n<tbody>\n<tr>\n<th width=\"60%\">\n<h4><span style=\"color: #000000;\"><strong>Gruve 3:<\/strong> Gruveblues<\/span><\/h4>\n<\/th>\n<th width=\"10%\">15.00<\/th>\n<th width=\"30%\">200,-<\/th>\n<\/tr>\n<tr>\n<td style=\"text-align: left;\"><strong>The Magnetic North Blues Band<\/strong><\/td>\n<td style=\"text-align: center;\" colspan=\"2\" scope=\"colgroup\">Festival passes does not apply here<\/td>\n<\/tr>\n<tr>\n<td style=\"text-align: left;\" colspan=\"3\" scope=\"colgroup\"><span>Buss fra MIX Isbj\u00f8rnbutikken kl 14.30 inkludert<\/span><\/td>\n<\/tr>\n<\/tbody>\n<\/table>\n<p>[\/fancy_table] [fancy_table]<\/p>\n<table>\n<tbody>\n<tr>\n<th width=\"60%\">\n<h4><span style=\"color: #000000;\">Karlsberger Pub<\/span><\/h4>\n<\/th>\n<th width=\"10%\">15.00<\/th>\n<th width=\"30%\">150,-<\/th>\n<\/tr>\n<tr>\n<td style=\"text-align: left;\"><strong>Jostein Forsberg og Morten Omlid<\/strong><\/td>\n<td style=\"text-align: center;\" colspan=\"2\" scope=\"colgroup\">Festival passes does not apply here<\/td>\n<\/tr>\n<\/tbody>\n<\/table>\n<p>[\/fancy_table]<br \/>\n[divider]<br \/>\n[fancy_table]<\/p>\n<table>\n<tbody>\n<tr>\n<th width=\"40%\">\n<h4>Huset<\/h4>\n<\/th>\n<th width=\"10%\"><\/th>\n<th width=\"10%\"><\/th>\n<th width=\"10%\">19.00<\/th>\n<th width=\"30%\">700,-<\/th>\n<\/tr>\n<tr>\n<th style=\"text-align: center;\" colspan=\"2\" scope=\"colgroup\">Huset 1.etg<\/th>\n<th style=\"text-align: center;\" colspan=\"3\" scope=\"colgroup\">Huset 2.etg<\/th>\n<\/tr>\n<tr>\n<td style=\"text-align: center;\" colspan=\"2\" scope=\"colgroup\"><strong>Trond Olsen Band feat. Buddy Whittington<\/strong><\/td>\n<td style=\"text-align: center;\" colspan=\"3\" scope=\"colgroup\"><strong>Barrellhouse Chuck with Sven Zetterberg &#038; The Magnetic North Blues Band<\/strong><\/td>\n<\/tr>\n<tr>\n<td style=\"text-align: center;\" colspan=\"2\" scope=\"colgroup\"><strong>Billy T Band feat. Betty Lou Fox<\/strong><\/td>\n<td style=\"text-align: center;\" colspan=\"3\" scope=\"colgroup\"><strong>Rita Engedalen &#038; Backbone<\/strong><\/td>\n<\/tr>\n<tr>\n<td style=\"text-align: center;\" colspan=\"2\" scope=\"colgroup\"><strong>Trampled Under Foot<\/strong><\/td>\n<td style=\"text-align: center;\" colspan=\"3\" scope=\"colgroup\"><strong>Diunna Greenleaf &#038; Blue Mercy<\/strong><\/td>\n<\/tr>\n<tr>\n<td style=\"text-align: center;\" colspan=\"2\" scope=\"colgroup\"><strong>Jace Everett<\/strong><\/td>\n<td style=\"text-align: center;\" colspan=\"3\" scope=\"colgroup\"><strong>Grainne Duffy<\/strong><\/td>\n<\/tr>\n<tr>\n<td style=\"text-align: center;\" colspan=\"2\" scope=\"colgroup\"><strong>Eric &#8216;Slim&#8217; Zahl &#038; the South West Swingers<\/strong><\/td>\n<td style=\"text-align: center;\" colspan=\"3\" scope=\"colgroup\"><strong>Torbj\u00f8rn Risager &#038; The Black Tornado<\/strong><\/td>\n<\/tr>\n<tr>\n<td style=\"text-align: center;\" colspan=\"2\" scope=\"colgroup\"><strong>Pristine<\/strong><\/td>\n<td style=\"text-align: center;\" colspan=\"3\" scope=\"colgroup\"><strong><\/strong><\/td>\n<\/tr>\n<tr>\n<td style=\"text-align: left;\" colspan=\"5\" scope=\"colgroup\">Gratis buss for publikum fra Karlsberger Pub til Huset kl 18.40.<\/td>\n<\/tr>\n<\/tbody>\n<\/table>\n<p>[\/fancy_table] <\/p>\n<p>[divider_top] <a name=\"Sunday\"><\/a>[fancy_header]Sunday[\/fancy_header] [fancy_table]<\/p>\n<table>\n<tbody>\n<tr>\n<th width=\"60%\">\n<h4>Svalbard kirke<\/h4>\n<\/th>\n<th width=\"10%\">18.00<\/th>\n<th width=\"30%\">150,- \/ 50,-<\/th>\n<\/tr>\n<tr>\n<td style=\"text-align: left;\"><strong>Diunna Greenleaf &#038; Blue Mercy<\/strong><\/td>\n<td style=\"text-align: center;\" colspan=\"2\" scope=\"colgroup\">Festival passes does not apply here<\/td>\n<\/tr>\n<tr>\n<td style=\"text-align: left;\" colspan=\"3\" scope=\"colgroup\"><span>Konserten passer for hele familien, og barn har redusert pris p\u00e5 billetten.<\/span>\n<\/td>\n<\/tr>\n<\/tbody>\n<\/table>\n<p>[\/fancy_table] [fancy_table]<\/p>\n<table>\n<tbody>\n<tr>\n<th width=\"60%\">\n<h4><strong>Restaurant Nansen:<\/strong> Jamsession<\/h4>\n<\/th>\n<th width=\"10%\">21:00<\/th>\n<th width=\"30%\">Free<\/th>\n<\/tr>\n<tr>\n<td style=\"text-align: left;\" colspan=\"3\">This year&#8217;s host is Mikael Fahleryd<\/td>\n<\/tr>\n<tr>\n<td style=\"text-align: left;\" colspan=\"3\" scope=\"colgroup\"><span>Bring your own instrument and join in on Norway&#8217;s best bluesjam<\/span>\n<\/td>\n<\/tr>\n<\/tbody>\n<\/table>\n<p>[\/fancy_table]<br \/>\n[divider_top]<\/p>\n","protected":false},"excerpt":{"rendered":"<p>Schedule Dark Season Blues 2014 [divider] [fancy_table] Venue Consert start (LT) Ticket price in NOK Artists [\/fancy_table] [divider] [fancy_header]Thursday[\/fancy_header] [fancy_table] Longyearbyen Skole 11.30 Only for the schoolchildren Jace Everett &#038; ORBO [\/fancy_table] [fancy_table] Kulturhuset [hidden] \u00c5pning av Dark Season Blues 2014 [\/hidden] 18.00 Free Official Opening of the Dark Season Blues festival 2014. With some &#8230; <\/p>\n<p class=\"read-more-container\"><a title=\"Schedule 23. til 26. oktober | Dark Season Blues 2014\" class=\"read-more button\" href=\"https:\/\/www.svalbardblues.com\/en\/dsb\/dark-season-blues-2014\/schedule\/#more-11652\" aria-label=\"Read more about Schedule 23. til 26. oktober | Dark Season Blues 2014\">Read more<\/a><\/p>\n","protected":false},"author":1,"featured_media":11583,"parent":20996,"menu_order":0,"comment_status":"closed","ping_status":"closed","template":"","meta":{"inline_featured_image":false,"footnotes":""},"class_list":["post-11652","page","type-page","status-publish","has-post-thumbnail"],"yoast_head":"<!-- This site is optimized with the Yoast SEO Premium plugin v27.5 (Yoast SEO v27.5) - https:\/\/yoast.com\/product\/yoast-seo-premium-wordpress\/ -->\n<title>Schedule 23. til 26. oktober | Dark Season Blues 2014 | SVALBARD<\/title>\n<meta name=\"description\" content=\"The schedule for the Dark Season Blues festival 2014.\" \/>\n<meta name=\"robots\" content=\"index, follow, max-snippet:-1, max-image-preview:large, max-video-preview:-1\" \/>\n<link rel=\"canonical\" href=\"https:\/\/www.svalbardblues.com\/en\/dsb\/dark-season-blues-2014\/schedule\/\" \/>\n<meta property=\"og:locale\" content=\"en_US\" \/>\n<meta property=\"og:type\" content=\"article\" \/>\n<meta property=\"og:title\" content=\"Schedule 23. til 26. oktober | Dark Season Blues 2014\" \/>\n<meta property=\"og:description\" content=\"The schedule for the Dark Season Blues festival 2014.\" \/>\n<meta property=\"og:url\" content=\"https:\/\/www.svalbardblues.com\/en\/dsb\/dark-season-blues-2014\/schedule\/\" \/>\n<meta property=\"og:site_name\" content=\"Dark Season Blues | SVALBARD\" \/>\n<meta property=\"article:publisher\" content=\"https:\/\/www.facebook.com\/DarkSeasonBlues\" \/>\n<meta property=\"article:modified_time\" content=\"2014-10-06T12:34:40+00:00\" \/>\n<meta property=\"og:image\" content=\"https:\/\/www.svalbardblues.com\/wp-content\/uploads\/2014\/02\/Banner_artister_16_647.jpg\" \/>\n\t<meta property=\"og:image:width\" content=\"647\" \/>\n\t<meta property=\"og:image:height\" content=\"274\" \/>\n\t<meta property=\"og:image:type\" content=\"image\/jpeg\" \/>\n<meta name=\"twitter:label1\" content=\"Est. reading time\" \/>\n\t<meta name=\"twitter:data1\" content=\"3 minutes\" \/>\n<script type=\"application\/ld+json\" class=\"yoast-schema-graph\">{\"@context\":\"https:\\\/\\\/schema.org\",\"@graph\":[{\"@type\":\"WebPage\",\"@id\":\"https:\\\/\\\/www.svalbardblues.com\\\/en\\\/dsb\\\/dark-season-blues-2014\\\/schedule\\\/\",\"url\":\"https:\\\/\\\/www.svalbardblues.com\\\/en\\\/dsb\\\/dark-season-blues-2014\\\/schedule\\\/\",\"name\":\"Schedule 23. til 26. oktober | Dark Season Blues 2014 | SVALBARD\",\"isPartOf\":{\"@id\":\"https:\\\/\\\/www.svalbardblues.com\\\/en\\\/#website\"},\"primaryImageOfPage\":{\"@id\":\"https:\\\/\\\/www.svalbardblues.com\\\/en\\\/dsb\\\/dark-season-blues-2014\\\/schedule\\\/#primaryimage\"},\"image\":{\"@id\":\"https:\\\/\\\/www.svalbardblues.com\\\/en\\\/dsb\\\/dark-season-blues-2014\\\/schedule\\\/#primaryimage\"},\"thumbnailUrl\":\"https:\\\/\\\/www.svalbardblues.com\\\/wp-content\\\/uploads\\\/2014\\\/02\\\/Banner_artister_16_647.jpg\",\"datePublished\":\"2014-02-18T21:34:05+00:00\",\"dateModified\":\"2014-10-06T12:34:40+00:00\",\"description\":\"The schedule for the Dark Season Blues festival 2014.\",\"breadcrumb\":{\"@id\":\"https:\\\/\\\/www.svalbardblues.com\\\/en\\\/dsb\\\/dark-season-blues-2014\\\/schedule\\\/#breadcrumb\"},\"inLanguage\":\"en-US\",\"potentialAction\":[{\"@type\":\"ReadAction\",\"target\":[\"https:\\\/\\\/www.svalbardblues.com\\\/en\\\/dsb\\\/dark-season-blues-2014\\\/schedule\\\/\"]}]},{\"@type\":\"ImageObject\",\"inLanguage\":\"en-US\",\"@id\":\"https:\\\/\\\/www.svalbardblues.com\\\/en\\\/dsb\\\/dark-season-blues-2014\\\/schedule\\\/#primaryimage\",\"url\":\"https:\\\/\\\/www.svalbardblues.com\\\/wp-content\\\/uploads\\\/2014\\\/02\\\/Banner_artister_16_647.jpg\",\"contentUrl\":\"https:\\\/\\\/www.svalbardblues.com\\\/wp-content\\\/uploads\\\/2014\\\/02\\\/Banner_artister_16_647.jpg\",\"width\":647,\"height\":274},{\"@type\":\"BreadcrumbList\",\"@id\":\"https:\\\/\\\/www.svalbardblues.com\\\/en\\\/dsb\\\/dark-season-blues-2014\\\/schedule\\\/#breadcrumb\",\"itemListElement\":[{\"@type\":\"ListItem\",\"position\":1,\"name\":\"Hjem\",\"item\":\"https:\\\/\\\/www.svalbardblues.com\\\/en\\\/\"},{\"@type\":\"ListItem\",\"position\":2,\"name\":\"Dark Season Blues Spitsbergen\",\"item\":\"https:\\\/\\\/www.svalbardblues.com\\\/en\\\/dsb\\\/\"},{\"@type\":\"ListItem\",\"position\":3,\"name\":\"Schedule 23. til 26. oktober | Dark Season Blues 2014\"}]},{\"@type\":\"WebSite\",\"@id\":\"https:\\\/\\\/www.svalbardblues.com\\\/en\\\/#website\",\"url\":\"https:\\\/\\\/www.svalbardblues.com\\\/en\\\/\",\"name\":\"Dark Season Blues | SVALBARD\",\"description\":\"The World&#039;s Northenmost Blues Festival\",\"publisher\":{\"@id\":\"https:\\\/\\\/www.svalbardblues.com\\\/en\\\/#organization\"},\"potentialAction\":[{\"@type\":\"SearchAction\",\"target\":{\"@type\":\"EntryPoint\",\"urlTemplate\":\"https:\\\/\\\/www.svalbardblues.com\\\/en\\\/?s={search_term_string}\"},\"query-input\":{\"@type\":\"PropertyValueSpecification\",\"valueRequired\":true,\"valueName\":\"search_term_string\"}}],\"inLanguage\":\"en-US\"},{\"@type\":\"Organization\",\"@id\":\"https:\\\/\\\/www.svalbardblues.com\\\/en\\\/#organization\",\"name\":\"Dark Season Blues\",\"url\":\"https:\\\/\\\/www.svalbardblues.com\\\/en\\\/\",\"logo\":{\"@type\":\"ImageObject\",\"inLanguage\":\"en-US\",\"@id\":\"https:\\\/\\\/www.svalbardblues.com\\\/en\\\/#\\\/schema\\\/logo\\\/image\\\/\",\"url\":\"https:\\\/\\\/www.svalbardblues.com\\\/wp-content\\\/uploads\\\/2017\\\/06\\\/DSB2017-Illustrasjon-620.jpg\",\"contentUrl\":\"https:\\\/\\\/www.svalbardblues.com\\\/wp-content\\\/uploads\\\/2017\\\/06\\\/DSB2017-Illustrasjon-620.jpg\",\"width\":620,\"height\":488,\"caption\":\"Dark Season Blues\"},\"image\":{\"@id\":\"https:\\\/\\\/www.svalbardblues.com\\\/en\\\/#\\\/schema\\\/logo\\\/image\\\/\"},\"sameAs\":[\"https:\\\/\\\/www.facebook.com\\\/DarkSeasonBlues\",\"https:\\\/\\\/x.com\\\/DarkSeasonBlues\",\"https:\\\/\\\/www.instagram.com\\\/darkseasonblues\\\/\",\"https:\\\/\\\/no.wikipedia.org\\\/wiki\\\/Dark_Season_Blues\"]}]}<\/script>\n<!-- \/ Yoast SEO Premium plugin. -->","yoast_head_json":{"title":"Schedule 23. til 26. oktober | Dark Season Blues 2014 | SVALBARD","description":"The schedule for the Dark Season Blues festival 2014.","robots":{"index":"index","follow":"follow","max-snippet":"max-snippet:-1","max-image-preview":"max-image-preview:large","max-video-preview":"max-video-preview:-1"},"canonical":"https:\/\/www.svalbardblues.com\/en\/dsb\/dark-season-blues-2014\/schedule\/","og_locale":"en_US","og_type":"article","og_title":"Schedule 23. til 26. oktober | Dark Season Blues 2014","og_description":"The schedule for the Dark Season Blues festival 2014.","og_url":"https:\/\/www.svalbardblues.com\/en\/dsb\/dark-season-blues-2014\/schedule\/","og_site_name":"Dark Season Blues | SVALBARD","article_publisher":"https:\/\/www.facebook.com\/DarkSeasonBlues","article_modified_time":"2014-10-06T12:34:40+00:00","og_image":[{"width":647,"height":274,"url":"https:\/\/www.svalbardblues.com\/wp-content\/uploads\/2014\/02\/Banner_artister_16_647.jpg","type":"image\/jpeg"}],"twitter_misc":{"Est. reading time":"3 minutes"},"schema":{"@context":"https:\/\/schema.org","@graph":[{"@type":"WebPage","@id":"https:\/\/www.svalbardblues.com\/en\/dsb\/dark-season-blues-2014\/schedule\/","url":"https:\/\/www.svalbardblues.com\/en\/dsb\/dark-season-blues-2014\/schedule\/","name":"Schedule 23. til 26. oktober | Dark Season Blues 2014 | SVALBARD","isPartOf":{"@id":"https:\/\/www.svalbardblues.com\/en\/#website"},"primaryImageOfPage":{"@id":"https:\/\/www.svalbardblues.com\/en\/dsb\/dark-season-blues-2014\/schedule\/#primaryimage"},"image":{"@id":"https:\/\/www.svalbardblues.com\/en\/dsb\/dark-season-blues-2014\/schedule\/#primaryimage"},"thumbnailUrl":"https:\/\/www.svalbardblues.com\/wp-content\/uploads\/2014\/02\/Banner_artister_16_647.jpg","datePublished":"2014-02-18T21:34:05+00:00","dateModified":"2014-10-06T12:34:40+00:00","description":"The schedule for the Dark Season Blues festival 2014.","breadcrumb":{"@id":"https:\/\/www.svalbardblues.com\/en\/dsb\/dark-season-blues-2014\/schedule\/#breadcrumb"},"inLanguage":"en-US","potentialAction":[{"@type":"ReadAction","target":["https:\/\/www.svalbardblues.com\/en\/dsb\/dark-season-blues-2014\/schedule\/"]}]},{"@type":"ImageObject","inLanguage":"en-US","@id":"https:\/\/www.svalbardblues.com\/en\/dsb\/dark-season-blues-2014\/schedule\/#primaryimage","url":"https:\/\/www.svalbardblues.com\/wp-content\/uploads\/2014\/02\/Banner_artister_16_647.jpg","contentUrl":"https:\/\/www.svalbardblues.com\/wp-content\/uploads\/2014\/02\/Banner_artister_16_647.jpg","width":647,"height":274},{"@type":"BreadcrumbList","@id":"https:\/\/www.svalbardblues.com\/en\/dsb\/dark-season-blues-2014\/schedule\/#breadcrumb","itemListElement":[{"@type":"ListItem","position":1,"name":"Hjem","item":"https:\/\/www.svalbardblues.com\/en\/"},{"@type":"ListItem","position":2,"name":"Dark Season Blues Spitsbergen","item":"https:\/\/www.svalbardblues.com\/en\/dsb\/"},{"@type":"ListItem","position":3,"name":"Schedule 23. til 26. oktober | Dark Season Blues 2014"}]},{"@type":"WebSite","@id":"https:\/\/www.svalbardblues.com\/en\/#website","url":"https:\/\/www.svalbardblues.com\/en\/","name":"Dark Season Blues | SVALBARD","description":"The World&#039;s Northenmost Blues Festival","publisher":{"@id":"https:\/\/www.svalbardblues.com\/en\/#organization"},"potentialAction":[{"@type":"SearchAction","target":{"@type":"EntryPoint","urlTemplate":"https:\/\/www.svalbardblues.com\/en\/?s={search_term_string}"},"query-input":{"@type":"PropertyValueSpecification","valueRequired":true,"valueName":"search_term_string"}}],"inLanguage":"en-US"},{"@type":"Organization","@id":"https:\/\/www.svalbardblues.com\/en\/#organization","name":"Dark Season Blues","url":"https:\/\/www.svalbardblues.com\/en\/","logo":{"@type":"ImageObject","inLanguage":"en-US","@id":"https:\/\/www.svalbardblues.com\/en\/#\/schema\/logo\/image\/","url":"https:\/\/www.svalbardblues.com\/wp-content\/uploads\/2017\/06\/DSB2017-Illustrasjon-620.jpg","contentUrl":"https:\/\/www.svalbardblues.com\/wp-content\/uploads\/2017\/06\/DSB2017-Illustrasjon-620.jpg","width":620,"height":488,"caption":"Dark Season Blues"},"image":{"@id":"https:\/\/www.svalbardblues.com\/en\/#\/schema\/logo\/image\/"},"sameAs":["https:\/\/www.facebook.com\/DarkSeasonBlues","https:\/\/x.com\/DarkSeasonBlues","https:\/\/www.instagram.com\/darkseasonblues\/","https:\/\/no.wikipedia.org\/wiki\/Dark_Season_Blues"]}]}},"_links":{"self":[{"href":"https:\/\/www.svalbardblues.com\/en\/wp-json\/wp\/v2\/pages\/11652","targetHints":{"allow":["GET"]}}],"collection":[{"href":"https:\/\/www.svalbardblues.com\/en\/wp-json\/wp\/v2\/pages"}],"about":[{"href":"https:\/\/www.svalbardblues.com\/en\/wp-json\/wp\/v2\/types\/page"}],"author":[{"embeddable":true,"href":"https:\/\/www.svalbardblues.com\/en\/wp-json\/wp\/v2\/users\/1"}],"replies":[{"embeddable":true,"href":"https:\/\/www.svalbardblues.com\/en\/wp-json\/wp\/v2\/comments?post=11652"}],"version-history":[{"count":0,"href":"https:\/\/www.svalbardblues.com\/en\/wp-json\/wp\/v2\/pages\/11652\/revisions"}],"up":[{"embeddable":true,"href":"https:\/\/www.svalbardblues.com\/en\/wp-json\/wp\/v2\/pages\/20996"}],"wp:featuredmedia":[{"embeddable":true,"href":"https:\/\/www.svalbardblues.com\/en\/wp-json\/wp\/v2\/media\/11583"}],"wp:attachment":[{"href":"https:\/\/www.svalbardblues.com\/en\/wp-json\/wp\/v2\/media?parent=11652"}],"curies":[{"name":"wp","href":"https:\/\/api.w.org\/{rel}","templated":true}]}}