{"id":13357,"date":"2015-02-12T11:23:59","date_gmt":"2015-02-12T11:23:59","guid":{"rendered":"https:\/\/www.svalbardblues.com\/en\/dsb\/dark-season-blues-2015\/artister\/"},"modified":"2016-09-17T16:42:17","modified_gmt":"2016-09-17T16:42:17","slug":"artists","status":"publish","type":"page","link":"https:\/\/www.svalbardblues.com\/en\/dsb\/dark-season-blues-2015\/artists\/","title":{"rendered":"Artists | Dark Season Blues 2015"},"content":{"rendered":"<p>[one_third]<br \/>\n<figure id=\"attachment_12249\" aria-describedby=\"caption-attachment-12249\" style=\"width: 245px\" class=\"wp-caption aligncenter\"><a href=\"https:\/\/www.svalbardblues.com\/en\/dsb\/artists\/nick-moss-band-us\/\"><img fetchpriority=\"high\" decoding=\"async\" src=\"https:\/\/www.svalbardblues.com\/wp-content\/uploads\/2015\/02\/nick_moss_dsb2015_255.jpg\" alt=\"Under \u00e5rets festival kan du oppleve amerikanske Nick Moss\" width=\"255\" height=\"200\" class=\"size-full wp-image-12249\" \/><figcaption id=\"caption-attachment-12249\" class=\"wp-caption-text\">Nick Moss Band (US)<\/figcaption><\/figure> <\/a><br \/>\n[\/one_third]<br \/>\n[one_third]<br \/>\n<figure id=\"attachment_12266\" aria-describedby=\"caption-attachment-12266\" style=\"width: 245px\" class=\"wp-caption aligncenter\"><a href=\"https:\/\/www.svalbardblues.com\/dsb\/artister\/mike-zito\/\"><img decoding=\"async\" src=\"https:\/\/www.svalbardblues.com\/wp-content\/uploads\/2015\/02\/mike-zito-wheel-dsb2015_255.jpg\" alt=\"Mike Zito and The Wheel  kommer til Spitsbergen\" width=\"255\" height=\"200\" class=\"size-full wp-image-12266\" \/><figcaption id=\"caption-attachment-12266\" class=\"wp-caption-text\">Mike Zito and The Wheel (US)<\/figcaption><\/figure> <\/a><br \/>\n[\/one_third]<br \/>\n[one_third_last] <figure id=\"attachment_13262\" aria-describedby=\"caption-attachment-13262\" style=\"width: 245px\" class=\"wp-caption aligncenter\"><a href=\"http:\/\/kirkfletcherband.com\/\"><img decoding=\"async\" src=\"https:\/\/www.svalbardblues.com\/wp-content\/uploads\/2015\/02\/kirk_fletcher_josh_smith_dsb2015_255.jpg\" alt=\"Kirk Fletcher &amp; Josh Smith spiller i Longyearbyen, Svlabard p\u00e5 bluesfestivalen\" width=\"255\" height=\"200\" class=\"size-full wp-image-13262\" \/><figcaption id=\"caption-attachment-13262\" class=\"wp-caption-text\">Kirk Fletcher &#038; Josh Smith (US)<\/figcaption><\/figure> <\/a>[\/one_third_last]<br \/>\n[one_third]<br \/>\n<figure id=\"attachment_13845\" aria-describedby=\"caption-attachment-13845\" style=\"width: 245px\" class=\"wp-caption aligncenter\"><a href=\"https:\/\/www.facebook.com\/jaisingstheblues\"><img loading=\"lazy\" decoding=\"async\" src=\"https:\/\/www.svalbardblues.com\/wp-content\/uploads\/2013\/06\/Jai-Malano-dsb2015-255.jpg\" alt=\"Amerikanske Jai Malano kommer til Svalbard og Dark Season Blues 2015\" width=\"255\" height=\"200\" class=\"size-full wp-image-13845\" \/><figcaption id=\"caption-attachment-13845\" class=\"wp-caption-text\">Jai Malano (US)<\/figcaption><\/figure> <\/a><br \/>\n[\/one_third]<br \/>\n[one_third]<br \/>\n<figure id=\"attachment_13855\" aria-describedby=\"caption-attachment-13855\" style=\"width: 245px\" class=\"wp-caption aligncenter\"><a href=\"http:\/\/www.billytband.com\/\"><img loading=\"lazy\" decoding=\"async\" src=\"https:\/\/www.svalbardblues.com\/wp-content\/uploads\/2013\/06\/Billy-T-Band-dsb2015-255.jpg\" alt=\"Det blir gledelig gjensys med v\u00e5re svalbardvenner i Billy T Band\" width=\"255\" height=\"200\" class=\"size-full wp-image-13855\" \/><figcaption id=\"caption-attachment-13855\" class=\"wp-caption-text\">Billy T Band (US\/NO)<\/figcaption><\/figure> <\/a><br \/>\n[\/one_third]<br \/>\n[one_third_last]<br \/>\n<figure id=\"attachment_13266\" aria-describedby=\"caption-attachment-13266\" style=\"width: 245px\" class=\"wp-caption aligncenter\"><a href=\"http:\/\/www.jtlauritsen.com\"><img loading=\"lazy\" decoding=\"async\" src=\"https:\/\/www.svalbardblues.com\/wp-content\/uploads\/2015\/02\/jtlauritsen_255.jpg\" alt=\"JT Lauritsen &amp; The Buckshot Hunters spiller konsert p\u00e5 Svalbard under DSB\" width=\"255\" height=\"200\" class=\"size-full wp-image-13266\" \/><figcaption id=\"caption-attachment-13266\" class=\"wp-caption-text\">JT Lauritsen &#038; The Buckshot Hunters (NO)<\/figcaption><\/figure> <\/a><br \/>\n[\/one_third_last]<\/p>\n<p>[one_third]<br \/>\n<figure id=\"attachment_13835\" aria-describedby=\"caption-attachment-13835\" style=\"width: 245px\" class=\"wp-caption aligncenter\"><a href=\"https:\/\/www.facebook.com\/Spoonful-of-Blues-202647083104893\/\"><img loading=\"lazy\" decoding=\"async\" src=\"https:\/\/www.svalbardblues.com\/wp-content\/uploads\/2013\/06\/Spoonful-of-blues-dsb2015-255.jpg\" alt=\"Spoonful Of Blues ser du under bluesfestivalen p\u00e5 Svalbard\" width=\"255\" height=\"200\" class=\"size-full wp-image-13835\" \/><\/a><figcaption id=\"caption-attachment-13835\" class=\"wp-caption-text\">Spoonful Of Blues (NO)<\/figcaption><\/figure><br \/>\n[\/one_third]<br \/>\n[one_third]<br \/>\n<figure id=\"attachment_12268\" aria-describedby=\"caption-attachment-12268\" style=\"width: 245px\" class=\"wp-caption aligncenter\"><a href=\"http:\/\/www.jollyjumperandbigmoe.com\/\"><img loading=\"lazy\" decoding=\"async\" src=\"https:\/\/www.svalbardblues.com\/wp-content\/uploads\/2015\/02\/jolly_jumper_dsb2015_255.jpg\" alt=\"Til Longyearbyen kommer duoen Jolly Jumper &amp; Big Moe.\" width=\"255\" height=\"200\" class=\"size-full wp-image-12268\" \/><figcaption id=\"caption-attachment-12268\" class=\"wp-caption-text\">Jolly Jumper &#038; Big Moe (NO)<\/figcaption><\/figure> <\/a> <\/p>\n<p>[\/one_third]<br \/>\n[one_third_last]<br \/>\n<figure id=\"attachment_12267\" aria-describedby=\"caption-attachment-12267\" style=\"width: 245px\" class=\"wp-caption aligncenter\"><a href=\"https:\/\/www.svalbardblues.com\/en\/dsb\/artists\/greasy-gravy-linda-kvam-no\/\"><img loading=\"lazy\" decoding=\"async\" src=\"https:\/\/www.svalbardblues.com\/wp-content\/uploads\/2015\/02\/greasy_gravy_linda_kvam-DSB2015_255.jpg\" alt=\"Soulbandet Greasy Gravy &amp; Linda Kvam spiller p\u00e5 Svalbard under Dark Season blues Spitsbergen\" width=\"255\" height=\"200\" class=\"size-full wp-image-12267\" \/><figcaption id=\"caption-attachment-12267\" class=\"wp-caption-text\">Greasy Gravy &#038; Linda Kvam (NO)<\/figcaption><\/figure> <\/a><br \/>\n[\/one_third_last]<\/p>\n<p>[one_third]<br \/>\n<figure id=\"attachment_12250\" aria-describedby=\"caption-attachment-12250\" style=\"width: 245px\" class=\"wp-caption aligncenter\"><a href=\"https:\/\/www.svalbardblues.com\/en\/dsb\/artists\/lisa-lystam-family-band-se\/\"><img loading=\"lazy\" decoding=\"async\" src=\"https:\/\/www.svalbardblues.com\/wp-content\/uploads\/2015\/02\/lisa_lystam_dsb2015-255.jpg\" alt=\"Til Longyearbyen kommer Lisa Lystam med sitt Family Band for \u00e5 spille p\u00e5 \u00e5rets bluesfestival\" width=\"255\" height=\"200\" class=\"size-full wp-image-12250\" \/><figcaption id=\"caption-attachment-12250\" class=\"wp-caption-text\">Lisa Lystam Family Band (SE)<\/figcaption><\/figure> <\/a><br \/>\n[\/one_third]<br \/>\n[one_third]<br \/>\n<figure id=\"attachment_13837\" aria-describedby=\"caption-attachment-13837\" style=\"width: 245px\" class=\"wp-caption aligncenter\"><a href=\"http:\/\/www.joakimtinderholt.com\/\"><img loading=\"lazy\" decoding=\"async\" src=\"https:\/\/www.svalbardblues.com\/wp-content\/uploads\/2013\/06\/joakim-tinderholt-dsb2015-255.jpg\" alt=\"Joakim Tinderholt kommer sammen med sitt band til Longyearbyen\" width=\"255\" height=\"200\" class=\"size-full wp-image-13837\" \/><figcaption id=\"caption-attachment-13837\" class=\"wp-caption-text\">Joakim Tinderholt &#038; His Band (NO)<\/figcaption><\/figure> <\/a><br \/>\n[\/one_third]<\/p>\n<p>[one_third_last]<br \/>\n<figure id=\"attachment_13980\" aria-describedby=\"caption-attachment-13980\" style=\"width: 245px\" class=\"wp-caption aligncenter\"><a href=\"http:\/\/www.erikharstad.com\/\"><img loading=\"lazy\" decoding=\"async\" src=\"https:\/\/www.svalbardblues.com\/wp-content\/uploads\/2013\/06\/Erik-Harstad-dsb2015-255.jpg\" alt=\"Erik Harstad spiller under DSB2015 sammen med et band spesielt satt sammen for anledningen.\" width=\"255\" height=\"200\" class=\"size-full wp-image-13980\" \/><figcaption id=\"caption-attachment-13980\" class=\"wp-caption-text\">Erik Harstad w\/Band (NO)<\/figcaption><\/figure> <\/a><br \/>\n[\/one_third_last]<\/p>\n<p>[one_third]<br \/>\n<figure id=\"attachment_13432\" aria-describedby=\"caption-attachment-13432\" style=\"width: 245px\" class=\"wp-caption aligncenter\"><a href=\"http:\/\/www.magnusbergmusic.com\/\"><img loading=\"lazy\" decoding=\"async\" src=\"https:\/\/www.svalbardblues.com\/wp-content\/uploads\/2015\/02\/Magnus-Berg-Band-DSB2015.jpg\" alt=\"Magnus Berg  spiller konsert i Longyearbyen under DSB2015\" width=\"255\" height=\"200\" class=\"size-full wp-image-13432\" \/><figcaption id=\"caption-attachment-13432\" class=\"wp-caption-text\">Magnus Berg Band (NO)<\/figcaption><\/figure> <\/a><br \/>\n[\/one_third]<br \/>\n[one_third]<br \/>\n<figure id=\"attachment_12251\" aria-describedby=\"caption-attachment-12251\" style=\"width: 245px\" class=\"wp-caption aligncenter\"><a href=\"https:\/\/www.svalbardblues.com\/en\/dsb\/artists\/blues-collective-no\/\"><img loading=\"lazy\" decoding=\"async\" src=\"https:\/\/www.svalbardblues.com\/wp-content\/uploads\/2015\/02\/Blueskollektivet_dsb2015-255.jpg\" alt=\"Unionsbandet blueskollektivet kommer til SPitsbergen for \u00e5 spille p\u00e5 dark season blues i Longyearbyen\" width=\"255\" height=\"200\" class=\"size-full wp-image-12251\" \/><figcaption id=\"caption-attachment-12251\" class=\"wp-caption-text\">Blueskollektivet (NO)<\/figcaption><\/figure> <\/a><br \/>\n[\/one_third]<\/p>\n<p>[one_third_last]<br \/>\n<figure id=\"attachment_14004\" aria-describedby=\"caption-attachment-14004\" style=\"width: 245px\" class=\"wp-caption aligncenter\"><a href=\"https:\/\/www.facebook.com\/MKs-Marvellous-Medicine-300165760140037\/\"><img loading=\"lazy\" decoding=\"async\" src=\"https:\/\/www.svalbardblues.com\/wp-content\/uploads\/2013\/06\/MKSMM-dsb2015-255-3.jpg\" alt=\"Trioen MK&#039;S Marvellous Medicine spiller p\u00e5 Svalbard i oktober\" width=\"255\" height=\"200\" class=\"size-full wp-image-14004\" \/><figcaption id=\"caption-attachment-14004\" class=\"wp-caption-text\">MK&#8217;S Marvellous Medicine (NO)<\/figcaption><\/figure> <\/a><br \/>\n[\/one_third_last]<\/p>\n<p>[one_third]<br \/>\n<figure id=\"attachment_13986\" aria-describedby=\"caption-attachment-13986\" style=\"width: 245px\" class=\"wp-caption aligncenter\"><img loading=\"lazy\" decoding=\"async\" src=\"https:\/\/www.svalbardblues.com\/wp-content\/uploads\/2013\/06\/Beatles-and-Stones.jpg\" alt=\"Arild Ronsens Beatles and Stones coverband spiller under m\u00f8rketidsfestivalen.\" width=\"255\" height=\"200\" class=\"size-full wp-image-13986\" \/><figcaption id=\"caption-attachment-13986\" class=\"wp-caption-text\">Beatles &#038; Stones (NO)<\/figcaption><\/figure><br \/>\n[\/one_third]<br \/>\n[one_third][\/one_third]<br \/>\n[one_third_last]<br \/>\n<figure id=\"attachment_13984\" aria-describedby=\"caption-attachment-13984\" style=\"width: 245px\" class=\"wp-caption aligncenter\"><img loading=\"lazy\" decoding=\"async\" src=\"https:\/\/www.svalbardblues.com\/wp-content\/uploads\/2013\/06\/Blues-for-barna-dsb2015.jpg\" alt=\"Blues for barna | Rikskonsertene\" width=\"255\" height=\"200\" class=\"size-full wp-image-13984\" \/><figcaption id=\"caption-attachment-13984\" class=\"wp-caption-text\">Blues for barna | Rikskonsertene<\/figcaption><\/figure><br \/>\n[\/one_third_last]<\/p>\n<p>[divider]<\/p>\n<p>[fancy_link link=&#8221;https:\/\/www.svalbardblues.com\/en\/dsb\/dark-season-blues-2014\/artists\/&#8221;]Here is an overview of the amazing artists who visited the Dark Season Blues last year[\/fancy_link]<\/p>\n","protected":false},"excerpt":{"rendered":"<p>[one_third] [\/one_third] [one_third] [\/one_third] [one_third_last] [\/one_third_last] [one_third] [\/one_third] [one_third] [\/one_third] [one_third_last] [\/one_third_last] [one_third] [\/one_third] [one_third] [\/one_third] [one_third_last] [\/one_third_last] [one_third] [\/one_third] [one_third] [\/one_third] [one_third_last] [\/one_third_last] [one_third] [\/one_third] [one_third] [\/one_third] [one_third_last] [\/one_third_last] [one_third] [\/one_third] [one_third][\/one_third] [one_third_last] [\/one_third_last] [divider] [fancy_link link=&#8221;https:\/\/www.svalbardblues.com\/en\/dsb\/dark-season-blues-2014\/artists\/&#8221;]Here is an overview of the amazing artists who visited the Dark Season Blues last year[\/fancy_link]<\/p>\n","protected":false},"author":1,"featured_media":13216,"parent":13355,"menu_order":0,"comment_status":"closed","ping_status":"closed","template":"","meta":{"inline_featured_image":false,"footnotes":""},"class_list":["post-13357","page","type-page","status-publish","has-post-thumbnail"],"yoast_head":"<!-- This site is optimized with the Yoast SEO Premium plugin v26.2 (Yoast SEO v27.4) - https:\/\/yoast.com\/product\/yoast-seo-premium-wordpress\/ -->\n<title>Artists| The Dark Season Blues 2015 | SVALBARD<\/title>\n<meta name=\"description\" content=\"Artists performing at the Dark Season Blues festival 2014 in Longyearbyen, Svalbard.\" \/>\n<meta name=\"robots\" content=\"index, follow, max-snippet:-1, max-image-preview:large, max-video-preview:-1\" \/>\n<link rel=\"canonical\" href=\"https:\/\/www.svalbardblues.com\/en\/dsb\/artists\/\" \/>\n<meta property=\"og:locale\" content=\"en_US\" \/>\n<meta property=\"og:type\" content=\"article\" \/>\n<meta property=\"og:title\" content=\"Artists | Dark Season Blues 2015\" \/>\n<meta property=\"og:description\" content=\"Artists performing at the Dark Season Blues festival 2014 in Longyearbyen, Svalbard.\" \/>\n<meta property=\"og:url\" content=\"https:\/\/www.svalbardblues.com\/en\/dsb\/artists\/\" \/>\n<meta property=\"og:site_name\" content=\"Dark Season Blues | SVALBARD\" \/>\n<meta property=\"article:publisher\" content=\"https:\/\/www.facebook.com\/DarkSeasonBlues\" \/>\n<meta property=\"article:modified_time\" content=\"2016-09-17T16:42:17+00:00\" \/>\n<meta property=\"og:image\" content=\"https:\/\/www.svalbardblues.com\/wp-content\/uploads\/2015\/02\/illustrasjon_web-dsb2015_882.jpg\" \/>\n\t<meta property=\"og:image:width\" content=\"882\" \/>\n\t<meta property=\"og:image:height\" content=\"373\" \/>\n\t<meta property=\"og:image:type\" content=\"image\/jpeg\" \/>\n<meta name=\"twitter:label1\" content=\"Est. reading time\" \/>\n\t<meta name=\"twitter:data1\" content=\"2 minutes\" \/>\n<script type=\"application\/ld+json\" class=\"yoast-schema-graph\">{\"@context\":\"https:\\\/\\\/schema.org\",\"@graph\":[{\"@type\":\"WebPage\",\"@id\":\"https:\\\/\\\/www.svalbardblues.com\\\/en\\\/dsb\\\/dark-season-blues-2015\\\/artists\\\/\",\"url\":\"https:\\\/\\\/www.svalbardblues.com\\\/en\\\/dsb\\\/artists\\\/\",\"name\":\"Artists| The Dark Season Blues 2015 | SVALBARD\",\"isPartOf\":{\"@id\":\"https:\\\/\\\/www.svalbardblues.com\\\/en\\\/#website\"},\"primaryImageOfPage\":{\"@id\":\"https:\\\/\\\/www.svalbardblues.com\\\/en\\\/dsb\\\/artists\\\/#primaryimage\"},\"image\":{\"@id\":\"https:\\\/\\\/www.svalbardblues.com\\\/en\\\/dsb\\\/artists\\\/#primaryimage\"},\"thumbnailUrl\":\"https:\\\/\\\/www.svalbardblues.com\\\/wp-content\\\/uploads\\\/2015\\\/02\\\/illustrasjon_web-dsb2015_882.jpg\",\"datePublished\":\"2015-02-12T11:23:59+00:00\",\"dateModified\":\"2016-09-17T16:42:17+00:00\",\"description\":\"Artists performing at the Dark Season Blues festival 2014 in Longyearbyen, Svalbard.\",\"breadcrumb\":{\"@id\":\"https:\\\/\\\/www.svalbardblues.com\\\/en\\\/dsb\\\/artists\\\/#breadcrumb\"},\"inLanguage\":\"en-US\",\"potentialAction\":[{\"@type\":\"ReadAction\",\"target\":[\"https:\\\/\\\/www.svalbardblues.com\\\/en\\\/dsb\\\/artists\\\/\"]}]},{\"@type\":\"ImageObject\",\"inLanguage\":\"en-US\",\"@id\":\"https:\\\/\\\/www.svalbardblues.com\\\/en\\\/dsb\\\/artists\\\/#primaryimage\",\"url\":\"https:\\\/\\\/www.svalbardblues.com\\\/wp-content\\\/uploads\\\/2015\\\/02\\\/illustrasjon_web-dsb2015_882.jpg\",\"contentUrl\":\"https:\\\/\\\/www.svalbardblues.com\\\/wp-content\\\/uploads\\\/2015\\\/02\\\/illustrasjon_web-dsb2015_882.jpg\",\"width\":882,\"height\":373},{\"@type\":\"BreadcrumbList\",\"@id\":\"https:\\\/\\\/www.svalbardblues.com\\\/en\\\/dsb\\\/artists\\\/#breadcrumb\",\"itemListElement\":[{\"@type\":\"ListItem\",\"position\":1,\"name\":\"Hjem\",\"item\":\"https:\\\/\\\/www.svalbardblues.com\\\/en\\\/\"},{\"@type\":\"ListItem\",\"position\":2,\"name\":\"Dark Season Blues Spitsbergen\",\"item\":\"https:\\\/\\\/www.svalbardblues.com\\\/en\\\/dsb\\\/\"},{\"@type\":\"ListItem\",\"position\":3,\"name\":\"Dark Season Blues 2015\",\"item\":\"https:\\\/\\\/www.svalbardblues.com\\\/en\\\/dsb\\\/dark-season-blues-2015\\\/\"},{\"@type\":\"ListItem\",\"position\":4,\"name\":\"Artists | Dark Season Blues 2015\"}]},{\"@type\":\"WebSite\",\"@id\":\"https:\\\/\\\/www.svalbardblues.com\\\/en\\\/#website\",\"url\":\"https:\\\/\\\/www.svalbardblues.com\\\/en\\\/\",\"name\":\"Dark Season Blues | SVALBARD\",\"description\":\"The World&#039;s Northenmost Blues Festival\",\"publisher\":{\"@id\":\"https:\\\/\\\/www.svalbardblues.com\\\/en\\\/#organization\"},\"potentialAction\":[{\"@type\":\"SearchAction\",\"target\":{\"@type\":\"EntryPoint\",\"urlTemplate\":\"https:\\\/\\\/www.svalbardblues.com\\\/en\\\/?s={search_term_string}\"},\"query-input\":{\"@type\":\"PropertyValueSpecification\",\"valueRequired\":true,\"valueName\":\"search_term_string\"}}],\"inLanguage\":\"en-US\"},{\"@type\":\"Organization\",\"@id\":\"https:\\\/\\\/www.svalbardblues.com\\\/en\\\/#organization\",\"name\":\"Dark Season Blues\",\"url\":\"https:\\\/\\\/www.svalbardblues.com\\\/en\\\/\",\"logo\":{\"@type\":\"ImageObject\",\"inLanguage\":\"en-US\",\"@id\":\"https:\\\/\\\/www.svalbardblues.com\\\/en\\\/#\\\/schema\\\/logo\\\/image\\\/\",\"url\":\"https:\\\/\\\/www.svalbardblues.com\\\/wp-content\\\/uploads\\\/2017\\\/06\\\/DSB2017-Illustrasjon-620.jpg\",\"contentUrl\":\"https:\\\/\\\/www.svalbardblues.com\\\/wp-content\\\/uploads\\\/2017\\\/06\\\/DSB2017-Illustrasjon-620.jpg\",\"width\":620,\"height\":488,\"caption\":\"Dark Season Blues\"},\"image\":{\"@id\":\"https:\\\/\\\/www.svalbardblues.com\\\/en\\\/#\\\/schema\\\/logo\\\/image\\\/\"},\"sameAs\":[\"https:\\\/\\\/www.facebook.com\\\/DarkSeasonBlues\",\"https:\\\/\\\/x.com\\\/DarkSeasonBlues\",\"https:\\\/\\\/www.instagram.com\\\/darkseasonblues\\\/\",\"https:\\\/\\\/no.wikipedia.org\\\/wiki\\\/Dark_Season_Blues\"]}]}<\/script>\n<!-- \/ Yoast SEO Premium plugin. -->","yoast_head_json":{"title":"Artists| The Dark Season Blues 2015 | SVALBARD","description":"Artists performing at the Dark Season Blues festival 2014 in Longyearbyen, Svalbard.","robots":{"index":"index","follow":"follow","max-snippet":"max-snippet:-1","max-image-preview":"max-image-preview:large","max-video-preview":"max-video-preview:-1"},"canonical":"https:\/\/www.svalbardblues.com\/en\/dsb\/artists\/","og_locale":"en_US","og_type":"article","og_title":"Artists | Dark Season Blues 2015","og_description":"Artists performing at the Dark Season Blues festival 2014 in Longyearbyen, Svalbard.","og_url":"https:\/\/www.svalbardblues.com\/en\/dsb\/artists\/","og_site_name":"Dark Season Blues | SVALBARD","article_publisher":"https:\/\/www.facebook.com\/DarkSeasonBlues","article_modified_time":"2016-09-17T16:42:17+00:00","og_image":[{"width":882,"height":373,"url":"https:\/\/www.svalbardblues.com\/wp-content\/uploads\/2015\/02\/illustrasjon_web-dsb2015_882.jpg","type":"image\/jpeg"}],"twitter_misc":{"Est. reading time":"2 minutes"},"schema":{"@context":"https:\/\/schema.org","@graph":[{"@type":"WebPage","@id":"https:\/\/www.svalbardblues.com\/en\/dsb\/dark-season-blues-2015\/artists\/","url":"https:\/\/www.svalbardblues.com\/en\/dsb\/artists\/","name":"Artists| The Dark Season Blues 2015 | SVALBARD","isPartOf":{"@id":"https:\/\/www.svalbardblues.com\/en\/#website"},"primaryImageOfPage":{"@id":"https:\/\/www.svalbardblues.com\/en\/dsb\/artists\/#primaryimage"},"image":{"@id":"https:\/\/www.svalbardblues.com\/en\/dsb\/artists\/#primaryimage"},"thumbnailUrl":"https:\/\/www.svalbardblues.com\/wp-content\/uploads\/2015\/02\/illustrasjon_web-dsb2015_882.jpg","datePublished":"2015-02-12T11:23:59+00:00","dateModified":"2016-09-17T16:42:17+00:00","description":"Artists performing at the Dark Season Blues festival 2014 in Longyearbyen, Svalbard.","breadcrumb":{"@id":"https:\/\/www.svalbardblues.com\/en\/dsb\/artists\/#breadcrumb"},"inLanguage":"en-US","potentialAction":[{"@type":"ReadAction","target":["https:\/\/www.svalbardblues.com\/en\/dsb\/artists\/"]}]},{"@type":"ImageObject","inLanguage":"en-US","@id":"https:\/\/www.svalbardblues.com\/en\/dsb\/artists\/#primaryimage","url":"https:\/\/www.svalbardblues.com\/wp-content\/uploads\/2015\/02\/illustrasjon_web-dsb2015_882.jpg","contentUrl":"https:\/\/www.svalbardblues.com\/wp-content\/uploads\/2015\/02\/illustrasjon_web-dsb2015_882.jpg","width":882,"height":373},{"@type":"BreadcrumbList","@id":"https:\/\/www.svalbardblues.com\/en\/dsb\/artists\/#breadcrumb","itemListElement":[{"@type":"ListItem","position":1,"name":"Hjem","item":"https:\/\/www.svalbardblues.com\/en\/"},{"@type":"ListItem","position":2,"name":"Dark Season Blues Spitsbergen","item":"https:\/\/www.svalbardblues.com\/en\/dsb\/"},{"@type":"ListItem","position":3,"name":"Dark Season Blues 2015","item":"https:\/\/www.svalbardblues.com\/en\/dsb\/dark-season-blues-2015\/"},{"@type":"ListItem","position":4,"name":"Artists | Dark Season Blues 2015"}]},{"@type":"WebSite","@id":"https:\/\/www.svalbardblues.com\/en\/#website","url":"https:\/\/www.svalbardblues.com\/en\/","name":"Dark Season Blues | SVALBARD","description":"The World&#039;s Northenmost Blues Festival","publisher":{"@id":"https:\/\/www.svalbardblues.com\/en\/#organization"},"potentialAction":[{"@type":"SearchAction","target":{"@type":"EntryPoint","urlTemplate":"https:\/\/www.svalbardblues.com\/en\/?s={search_term_string}"},"query-input":{"@type":"PropertyValueSpecification","valueRequired":true,"valueName":"search_term_string"}}],"inLanguage":"en-US"},{"@type":"Organization","@id":"https:\/\/www.svalbardblues.com\/en\/#organization","name":"Dark Season Blues","url":"https:\/\/www.svalbardblues.com\/en\/","logo":{"@type":"ImageObject","inLanguage":"en-US","@id":"https:\/\/www.svalbardblues.com\/en\/#\/schema\/logo\/image\/","url":"https:\/\/www.svalbardblues.com\/wp-content\/uploads\/2017\/06\/DSB2017-Illustrasjon-620.jpg","contentUrl":"https:\/\/www.svalbardblues.com\/wp-content\/uploads\/2017\/06\/DSB2017-Illustrasjon-620.jpg","width":620,"height":488,"caption":"Dark Season Blues"},"image":{"@id":"https:\/\/www.svalbardblues.com\/en\/#\/schema\/logo\/image\/"},"sameAs":["https:\/\/www.facebook.com\/DarkSeasonBlues","https:\/\/x.com\/DarkSeasonBlues","https:\/\/www.instagram.com\/darkseasonblues\/","https:\/\/no.wikipedia.org\/wiki\/Dark_Season_Blues"]}]}},"_links":{"self":[{"href":"https:\/\/www.svalbardblues.com\/en\/wp-json\/wp\/v2\/pages\/13357","targetHints":{"allow":["GET"]}}],"collection":[{"href":"https:\/\/www.svalbardblues.com\/en\/wp-json\/wp\/v2\/pages"}],"about":[{"href":"https:\/\/www.svalbardblues.com\/en\/wp-json\/wp\/v2\/types\/page"}],"author":[{"embeddable":true,"href":"https:\/\/www.svalbardblues.com\/en\/wp-json\/wp\/v2\/users\/1"}],"replies":[{"embeddable":true,"href":"https:\/\/www.svalbardblues.com\/en\/wp-json\/wp\/v2\/comments?post=13357"}],"version-history":[{"count":0,"href":"https:\/\/www.svalbardblues.com\/en\/wp-json\/wp\/v2\/pages\/13357\/revisions"}],"up":[{"embeddable":true,"href":"https:\/\/www.svalbardblues.com\/en\/wp-json\/wp\/v2\/pages\/13355"}],"wp:featuredmedia":[{"embeddable":true,"href":"https:\/\/www.svalbardblues.com\/en\/wp-json\/wp\/v2\/media\/13216"}],"wp:attachment":[{"href":"https:\/\/www.svalbardblues.com\/en\/wp-json\/wp\/v2\/media?parent=13357"}],"curies":[{"name":"wp","href":"https:\/\/api.w.org\/{rel}","templated":true}]}}