{"id":13880,"date":"2012-01-05T22:44:22","date_gmt":"2012-01-05T22:44:22","guid":{"rendered":"https:\/\/www.svalbardblues.com\/en\/svalbard\/companies\/karlsberger-pub\/"},"modified":"2017-09-10T20:46:17","modified_gmt":"2017-09-10T20:46:17","slug":"karlsberger-pub","status":"publish","type":"page","link":"https:\/\/www.svalbardblues.com\/en\/svalbard\/companies\/karlsberger-pub\/","title":{"rendered":"KarlsBerger Pub"},"content":{"rendered":"<p><img fetchpriority=\"high\" decoding=\"async\" class=\"aligncenter size-full wp-image-4022\" title=\"Karlsberger-pub\" src=\"https:\/\/www.svalbardblues.com\/wp-content\/uploads\/2011\/11\/Karlsberger_pub_882.jpg\" alt=\"Karls Berger Pub i Longyearbyen p\u00e5 Svalbard\" width=\"882\" height=\"516\" srcset=\"https:\/\/www.svalbardblues.com\/wp-content\/uploads\/2011\/11\/Karlsberger_pub_882.jpg 882w, https:\/\/www.svalbardblues.com\/wp-content\/uploads\/2011\/11\/Karlsberger_pub_882-600x351.jpg 600w, https:\/\/www.svalbardblues.com\/wp-content\/uploads\/2011\/11\/Karlsberger_pub_882-300x175.jpg 300w\" sizes=\"(max-width: 882px) 100vw, 882px\" \/><br \/>\n[one_third]<\/p>\n<p>&nbsp;<\/p>\n<h2><strong>Karls-Berger Pub<\/strong><\/h2>\n<p>Lompesenteret<br \/>\nPostboks 900<br \/>\n9171, Longyearbyen<br \/>\nEmail: info@svalbardexplorer.no<br \/>\nHjemmeside: <a title=\"Karlsberger Pub\" href=\"http:\/\/www.karlsbergerpub.no\" target=\"_blank\">www.karlsbergerpub.no<\/a><br \/>\nTlf: 79022511<br \/>\n[\/one_third]<\/p>\n<p>[one_third]<br \/>\n[\/one_third]<br \/>\n[one_third_last]<\/p>\n<p>[\/one_third_last]<\/p>\n<p><strong>Ta turen innom Karls-Berger Pub n\u00e5r du er i <a title=\"Longyearbyen\" href=\"https:\/\/www.svalbardblues.com\/en\/about-longyearbyen\/\">Longyearbyen<\/a><\/strong>. KarlsBerger (KB) er et lite intimt sted, med et ekstremt utvalg i drikkevarer.<br \/>\nDette er en pub som skiller seg ut med glans.<br \/>\nKarlsBerger har et av Europas beste utvalg av Whisky og Cognac, og er en av europas tre st\u00f8rste barer n\u00e5r det kommer til utvalg med 1020 forskjellige sorter brennevin. Her finner du bl.a Grande Champagne cognac fra 1889.<br \/>\nAv whiskymerker f\u00f8res alle de vanlige samt et bredt utvalg av mer spesielle varer. Av disse kan nevnes: Deanston, Balblair, Ben Nevis, Deerstalker, Dalmore, Spirit of the Isles, Ledaig, Old Pultney, Old Rhosdhu, Littlemill, Inchmurrin, Bruichladdich, Aberlour, Iona (Old Celtic Single Malt) og japanske Suntory single malt. I tillegg noen indepentendt bottlers, i all hovedsak Scott\u2019s Selection. Ogs\u00e5 stort utvalg av McGibbon\u2019s Provenance-serie fra Blackadder.<br \/>\nDe har for eksempel ogs\u00e5 en samling Armagnac som strekker seg fra 1908 til 1989. Hvorfor ikke drikke en Armagnac som er like gammel som deg selv? Eller kanskje dobbelt s\u00e5 gammel?<br \/>\nDet m\u00e5 ogs\u00e5 nevne deres cognac fra 1802, \u00e9n av bare to i hele verden. Denne er til salgs, men kun i hel flaske.<\/p>\n<p>P\u00e5 Karls-Berger Pub er det alltid stor stemning. KB er et popul\u00e6rt m\u00f8tested for s\u00e5vel lokale som turister.<br \/>\nDe selger ogs\u00e5 en del kl\u00e6r med logoen p\u00e5 som kan kj\u00f8pes i puben eller bestilles via postoppkrav.<br \/>\nKarlsBerger ligger i Lompensenteret i Longyearbyen p\u00e5 <a title=\"Svalbard\" href=\"https:\/\/www.svalbardblues.com\/en\/svalbard\/\" target=\"_blank\">Svalbard<\/a>.<\/p>\n<h2>Dark Season Blues 2017 p\u00e5 Karlsberger Pub:<\/h2>\n<p>[hidden]<br \/>\n[fancy_table]<\/p>\n<table>\n<tbody>\n<tr>\n<th width=\"60%\">\n<h4><span style=\"color: #000000\">Saturday 25. oktober<\/span><\/h4>\n<\/th>\n<th width=\"10%\">15.00<\/th>\n<th width=\"30%\">150,-<\/th>\n<\/tr>\n<tr>\n<td style=\"text-align: left\"><strong>Jostein Forsberg and Morten Omlid<\/strong><\/td>\n<td style=\"text-align: center\" colspan=\"2\" scope=\"colgroup\">Festivalpass gjelder ikke her<\/td>\n<\/tr>\n<\/tbody>\n<\/table>\n<p>[\/fancy_table]<br \/>\n[\/hidden]<br \/>\n&nbsp;<\/p>\n<p>[divider]<\/p>\n<p>[mappress mapid=&#8221;9&#8243;]<\/p>\n","protected":false},"excerpt":{"rendered":"<p>[one_third] &nbsp; Karls-Berger Pub Lompesenteret Postboks 900 9171, Longyearbyen Email: info@svalbardexplorer.no Hjemmeside: www.karlsbergerpub.no Tlf: 79022511 [\/one_third] [one_third] [\/one_third] [one_third_last] [\/one_third_last] Ta turen innom Karls-Berger Pub n\u00e5r du er i Longyearbyen. KarlsBerger (KB) er et lite intimt sted, med et ekstremt utvalg i drikkevarer. Dette er en pub som skiller seg ut med glans. KarlsBerger har &#8230; <\/p>\n<p class=\"read-more-container\"><a title=\"KarlsBerger Pub\" class=\"read-more button\" href=\"https:\/\/www.svalbardblues.com\/en\/svalbard\/companies\/karlsberger-pub\/#more-13880\" aria-label=\"Read more about KarlsBerger Pub\">Read more<\/a><\/p>\n","protected":false},"author":1,"featured_media":0,"parent":7795,"menu_order":0,"comment_status":"closed","ping_status":"closed","template":"","meta":{"inline_featured_image":false,"footnotes":""},"class_list":["post-13880","page","type-page","status-publish"],"yoast_head":"<!-- This site is optimized with the Yoast SEO Premium plugin v26.2 (Yoast SEO v27.5) - https:\/\/yoast.com\/product\/yoast-seo-premium-wordpress\/ -->\n<title>KarlsBerger Pub | Longyearbyen | SVALBARD<\/title>\n<meta name=\"description\" content=\"Karls-Berger Pub in Longyearbyen has one of Europe&#039;s best selection of Whisky and Cognac! With 1020 types of liquor there should be something for every taste.\" \/>\n<meta name=\"robots\" content=\"index, follow, max-snippet:-1, max-image-preview:large, max-video-preview:-1\" \/>\n<link rel=\"canonical\" href=\"https:\/\/www.svalbardblues.com\/en\/svalbard\/companies\/karlsberger-pub\/\" \/>\n<meta property=\"og:locale\" content=\"en_US\" \/>\n<meta property=\"og:type\" content=\"article\" \/>\n<meta property=\"og:title\" content=\"KarlsBerger Pub\" \/>\n<meta property=\"og:description\" content=\"Karls-Berger Pub in Longyearbyen has one of Europe&#039;s best selection of Whisky and Cognac! With 1020 types of liquor there should be something for every taste.\" \/>\n<meta property=\"og:url\" content=\"https:\/\/www.svalbardblues.com\/en\/svalbard\/companies\/karlsberger-pub\/\" \/>\n<meta property=\"og:site_name\" content=\"Dark Season Blues | SVALBARD\" \/>\n<meta property=\"article:publisher\" content=\"https:\/\/www.facebook.com\/DarkSeasonBlues\" \/>\n<meta property=\"article:modified_time\" content=\"2017-09-10T20:46:17+00:00\" \/>\n<meta property=\"og:image\" content=\"https:\/\/www.svalbardblues.com\/wp-content\/uploads\/2011\/11\/Karlsberger_pub_882.jpg\" \/>\n<meta name=\"twitter:label1\" content=\"Est. reading time\" \/>\n\t<meta name=\"twitter:data1\" content=\"2 minutes\" \/>\n<script type=\"application\/ld+json\" class=\"yoast-schema-graph\">{\"@context\":\"https:\\\/\\\/schema.org\",\"@graph\":[{\"@type\":\"WebPage\",\"@id\":\"https:\\\/\\\/www.svalbardblues.com\\\/en\\\/svalbard\\\/companies\\\/karlsberger-pub\\\/\",\"url\":\"https:\\\/\\\/www.svalbardblues.com\\\/en\\\/svalbard\\\/companies\\\/karlsberger-pub\\\/\",\"name\":\"KarlsBerger Pub | Longyearbyen | SVALBARD\",\"isPartOf\":{\"@id\":\"https:\\\/\\\/www.svalbardblues.com\\\/en\\\/#website\"},\"primaryImageOfPage\":{\"@id\":\"https:\\\/\\\/www.svalbardblues.com\\\/en\\\/svalbard\\\/companies\\\/karlsberger-pub\\\/#primaryimage\"},\"image\":{\"@id\":\"https:\\\/\\\/www.svalbardblues.com\\\/en\\\/svalbard\\\/companies\\\/karlsberger-pub\\\/#primaryimage\"},\"thumbnailUrl\":\"https:\\\/\\\/www.svalbardblues.com\\\/wp-content\\\/uploads\\\/2011\\\/11\\\/Karlsberger_pub_882.jpg\",\"datePublished\":\"2012-01-05T22:44:22+00:00\",\"dateModified\":\"2017-09-10T20:46:17+00:00\",\"description\":\"Karls-Berger Pub in Longyearbyen has one of Europe's best selection of Whisky and Cognac! With 1020 types of liquor there should be something for every taste.\",\"breadcrumb\":{\"@id\":\"https:\\\/\\\/www.svalbardblues.com\\\/en\\\/svalbard\\\/companies\\\/karlsberger-pub\\\/#breadcrumb\"},\"inLanguage\":\"en-US\",\"potentialAction\":[{\"@type\":\"ReadAction\",\"target\":[\"https:\\\/\\\/www.svalbardblues.com\\\/en\\\/svalbard\\\/companies\\\/karlsberger-pub\\\/\"]}]},{\"@type\":\"ImageObject\",\"inLanguage\":\"en-US\",\"@id\":\"https:\\\/\\\/www.svalbardblues.com\\\/en\\\/svalbard\\\/companies\\\/karlsberger-pub\\\/#primaryimage\",\"url\":\"https:\\\/\\\/www.svalbardblues.com\\\/wp-content\\\/uploads\\\/2011\\\/11\\\/Karlsberger_pub_882.jpg\",\"contentUrl\":\"https:\\\/\\\/www.svalbardblues.com\\\/wp-content\\\/uploads\\\/2011\\\/11\\\/Karlsberger_pub_882.jpg\"},{\"@type\":\"BreadcrumbList\",\"@id\":\"https:\\\/\\\/www.svalbardblues.com\\\/en\\\/svalbard\\\/companies\\\/karlsberger-pub\\\/#breadcrumb\",\"itemListElement\":[{\"@type\":\"ListItem\",\"position\":1,\"name\":\"Hjem\",\"item\":\"https:\\\/\\\/www.svalbardblues.com\\\/en\\\/\"},{\"@type\":\"ListItem\",\"position\":2,\"name\":\"Facts about Svalbard\",\"item\":\"https:\\\/\\\/www.svalbardblues.com\\\/en\\\/svalbard\\\/\"},{\"@type\":\"ListItem\",\"position\":3,\"name\":\"Companies | Svalbard and Longyearbyen\",\"item\":\"https:\\\/\\\/www.svalbardblues.com\\\/en\\\/svalbard\\\/companies\\\/\"},{\"@type\":\"ListItem\",\"position\":4,\"name\":\"KarlsBerger Pub\"}]},{\"@type\":\"WebSite\",\"@id\":\"https:\\\/\\\/www.svalbardblues.com\\\/en\\\/#website\",\"url\":\"https:\\\/\\\/www.svalbardblues.com\\\/en\\\/\",\"name\":\"Dark Season Blues | SVALBARD\",\"description\":\"The World&#039;s Northenmost Blues Festival\",\"publisher\":{\"@id\":\"https:\\\/\\\/www.svalbardblues.com\\\/en\\\/#organization\"},\"potentialAction\":[{\"@type\":\"SearchAction\",\"target\":{\"@type\":\"EntryPoint\",\"urlTemplate\":\"https:\\\/\\\/www.svalbardblues.com\\\/en\\\/?s={search_term_string}\"},\"query-input\":{\"@type\":\"PropertyValueSpecification\",\"valueRequired\":true,\"valueName\":\"search_term_string\"}}],\"inLanguage\":\"en-US\"},{\"@type\":\"Organization\",\"@id\":\"https:\\\/\\\/www.svalbardblues.com\\\/en\\\/#organization\",\"name\":\"Dark Season Blues\",\"url\":\"https:\\\/\\\/www.svalbardblues.com\\\/en\\\/\",\"logo\":{\"@type\":\"ImageObject\",\"inLanguage\":\"en-US\",\"@id\":\"https:\\\/\\\/www.svalbardblues.com\\\/en\\\/#\\\/schema\\\/logo\\\/image\\\/\",\"url\":\"https:\\\/\\\/www.svalbardblues.com\\\/wp-content\\\/uploads\\\/2017\\\/06\\\/DSB2017-Illustrasjon-620.jpg\",\"contentUrl\":\"https:\\\/\\\/www.svalbardblues.com\\\/wp-content\\\/uploads\\\/2017\\\/06\\\/DSB2017-Illustrasjon-620.jpg\",\"width\":620,\"height\":488,\"caption\":\"Dark Season Blues\"},\"image\":{\"@id\":\"https:\\\/\\\/www.svalbardblues.com\\\/en\\\/#\\\/schema\\\/logo\\\/image\\\/\"},\"sameAs\":[\"https:\\\/\\\/www.facebook.com\\\/DarkSeasonBlues\",\"https:\\\/\\\/x.com\\\/DarkSeasonBlues\",\"https:\\\/\\\/www.instagram.com\\\/darkseasonblues\\\/\",\"https:\\\/\\\/no.wikipedia.org\\\/wiki\\\/Dark_Season_Blues\"]}]}<\/script>\n<!-- \/ Yoast SEO Premium plugin. -->","yoast_head_json":{"title":"KarlsBerger Pub | Longyearbyen | SVALBARD","description":"Karls-Berger Pub in Longyearbyen has one of Europe's best selection of Whisky and Cognac! With 1020 types of liquor there should be something for every taste.","robots":{"index":"index","follow":"follow","max-snippet":"max-snippet:-1","max-image-preview":"max-image-preview:large","max-video-preview":"max-video-preview:-1"},"canonical":"https:\/\/www.svalbardblues.com\/en\/svalbard\/companies\/karlsberger-pub\/","og_locale":"en_US","og_type":"article","og_title":"KarlsBerger Pub","og_description":"Karls-Berger Pub in Longyearbyen has one of Europe's best selection of Whisky and Cognac! With 1020 types of liquor there should be something for every taste.","og_url":"https:\/\/www.svalbardblues.com\/en\/svalbard\/companies\/karlsberger-pub\/","og_site_name":"Dark Season Blues | SVALBARD","article_publisher":"https:\/\/www.facebook.com\/DarkSeasonBlues","article_modified_time":"2017-09-10T20:46:17+00:00","og_image":[{"url":"https:\/\/www.svalbardblues.com\/wp-content\/uploads\/2011\/11\/Karlsberger_pub_882.jpg","type":"","width":"","height":""}],"twitter_misc":{"Est. reading time":"2 minutes"},"schema":{"@context":"https:\/\/schema.org","@graph":[{"@type":"WebPage","@id":"https:\/\/www.svalbardblues.com\/en\/svalbard\/companies\/karlsberger-pub\/","url":"https:\/\/www.svalbardblues.com\/en\/svalbard\/companies\/karlsberger-pub\/","name":"KarlsBerger Pub | Longyearbyen | SVALBARD","isPartOf":{"@id":"https:\/\/www.svalbardblues.com\/en\/#website"},"primaryImageOfPage":{"@id":"https:\/\/www.svalbardblues.com\/en\/svalbard\/companies\/karlsberger-pub\/#primaryimage"},"image":{"@id":"https:\/\/www.svalbardblues.com\/en\/svalbard\/companies\/karlsberger-pub\/#primaryimage"},"thumbnailUrl":"https:\/\/www.svalbardblues.com\/wp-content\/uploads\/2011\/11\/Karlsberger_pub_882.jpg","datePublished":"2012-01-05T22:44:22+00:00","dateModified":"2017-09-10T20:46:17+00:00","description":"Karls-Berger Pub in Longyearbyen has one of Europe's best selection of Whisky and Cognac! With 1020 types of liquor there should be something for every taste.","breadcrumb":{"@id":"https:\/\/www.svalbardblues.com\/en\/svalbard\/companies\/karlsberger-pub\/#breadcrumb"},"inLanguage":"en-US","potentialAction":[{"@type":"ReadAction","target":["https:\/\/www.svalbardblues.com\/en\/svalbard\/companies\/karlsberger-pub\/"]}]},{"@type":"ImageObject","inLanguage":"en-US","@id":"https:\/\/www.svalbardblues.com\/en\/svalbard\/companies\/karlsberger-pub\/#primaryimage","url":"https:\/\/www.svalbardblues.com\/wp-content\/uploads\/2011\/11\/Karlsberger_pub_882.jpg","contentUrl":"https:\/\/www.svalbardblues.com\/wp-content\/uploads\/2011\/11\/Karlsberger_pub_882.jpg"},{"@type":"BreadcrumbList","@id":"https:\/\/www.svalbardblues.com\/en\/svalbard\/companies\/karlsberger-pub\/#breadcrumb","itemListElement":[{"@type":"ListItem","position":1,"name":"Hjem","item":"https:\/\/www.svalbardblues.com\/en\/"},{"@type":"ListItem","position":2,"name":"Facts about Svalbard","item":"https:\/\/www.svalbardblues.com\/en\/svalbard\/"},{"@type":"ListItem","position":3,"name":"Companies | Svalbard and Longyearbyen","item":"https:\/\/www.svalbardblues.com\/en\/svalbard\/companies\/"},{"@type":"ListItem","position":4,"name":"KarlsBerger Pub"}]},{"@type":"WebSite","@id":"https:\/\/www.svalbardblues.com\/en\/#website","url":"https:\/\/www.svalbardblues.com\/en\/","name":"Dark Season Blues | SVALBARD","description":"The World&#039;s Northenmost Blues Festival","publisher":{"@id":"https:\/\/www.svalbardblues.com\/en\/#organization"},"potentialAction":[{"@type":"SearchAction","target":{"@type":"EntryPoint","urlTemplate":"https:\/\/www.svalbardblues.com\/en\/?s={search_term_string}"},"query-input":{"@type":"PropertyValueSpecification","valueRequired":true,"valueName":"search_term_string"}}],"inLanguage":"en-US"},{"@type":"Organization","@id":"https:\/\/www.svalbardblues.com\/en\/#organization","name":"Dark Season Blues","url":"https:\/\/www.svalbardblues.com\/en\/","logo":{"@type":"ImageObject","inLanguage":"en-US","@id":"https:\/\/www.svalbardblues.com\/en\/#\/schema\/logo\/image\/","url":"https:\/\/www.svalbardblues.com\/wp-content\/uploads\/2017\/06\/DSB2017-Illustrasjon-620.jpg","contentUrl":"https:\/\/www.svalbardblues.com\/wp-content\/uploads\/2017\/06\/DSB2017-Illustrasjon-620.jpg","width":620,"height":488,"caption":"Dark Season Blues"},"image":{"@id":"https:\/\/www.svalbardblues.com\/en\/#\/schema\/logo\/image\/"},"sameAs":["https:\/\/www.facebook.com\/DarkSeasonBlues","https:\/\/x.com\/DarkSeasonBlues","https:\/\/www.instagram.com\/darkseasonblues\/","https:\/\/no.wikipedia.org\/wiki\/Dark_Season_Blues"]}]}},"_links":{"self":[{"href":"https:\/\/www.svalbardblues.com\/en\/wp-json\/wp\/v2\/pages\/13880","targetHints":{"allow":["GET"]}}],"collection":[{"href":"https:\/\/www.svalbardblues.com\/en\/wp-json\/wp\/v2\/pages"}],"about":[{"href":"https:\/\/www.svalbardblues.com\/en\/wp-json\/wp\/v2\/types\/page"}],"author":[{"embeddable":true,"href":"https:\/\/www.svalbardblues.com\/en\/wp-json\/wp\/v2\/users\/1"}],"replies":[{"embeddable":true,"href":"https:\/\/www.svalbardblues.com\/en\/wp-json\/wp\/v2\/comments?post=13880"}],"version-history":[{"count":0,"href":"https:\/\/www.svalbardblues.com\/en\/wp-json\/wp\/v2\/pages\/13880\/revisions"}],"up":[{"embeddable":true,"href":"https:\/\/www.svalbardblues.com\/en\/wp-json\/wp\/v2\/pages\/7795"}],"wp:attachment":[{"href":"https:\/\/www.svalbardblues.com\/en\/wp-json\/wp\/v2\/media?parent=13880"}],"curies":[{"name":"wp","href":"https:\/\/api.w.org\/{rel}","templated":true}]}}