{"id":13895,"date":"2015-06-10T21:03:36","date_gmt":"2015-06-10T21:03:36","guid":{"rendered":"https:\/\/www.svalbardblues.com\/en\/dsb\/artists\/greasy-gravy-linda-kvam-no\/"},"modified":"2015-06-10T21:03:36","modified_gmt":"2015-06-10T21:03:36","slug":"greasy-gravy-linda-kvam-no","status":"publish","type":"page","link":"https:\/\/www.svalbardblues.com\/en\/dsb\/artists\/greasy-gravy-linda-kvam-no\/","title":{"rendered":"Greasy Gravy &amp; Linda Kvam (NO)"},"content":{"rendered":"<p>[two_third]<\/p>\n<h2>Greasy Gravy &amp; Linda Kvam<\/h2>\n<p>[\/two_third]<br \/>\n[one_third_last]<br \/>\n<a href=\"https:\/\/www.facebook.com\/pages\/Greasy-Gravy\/21410842726?fref=ts\" target=\"_blank\"><img decoding=\"async\" class=\"alignleft\" title=\"Facebook\" src=\"https:\/\/www.svalbardblues.com\/wp-content\/themes\/awake\/images\/icons\/black\/Facebook.png\" alt=\" Facebook Greasy Gravy\" width=\"32\" height=\"32\" \/><\/a><a href=\"http:\/\/www.greasygravy.no\/\" target=\"_blank\"><img decoding=\"async\" class=\"alignleft\" title=\"Homepage\" src=\"https:\/\/www.svalbardblues.com\/wp-content\/themes\/awake\/images\/icons\/black\/Home.png\" alt=\"Greasy Gravy Homepage\" width=\"32\" height=\"32\" \/><\/a><\/p>\n<p>[\/one_third_last]<br \/>\nN\u00e5r Greasy Gravy kommer p\u00e5 bes\u00f8k kan publikum forvente seg klassisk soulmusikk, n\u00e6rmere bestemt musikk fra storhetstiden p\u00e5 60- og 70-tallet. Begreper som Memphis Soul, Stax, Motown, Atlantic og artister som Bobby &#8220;Blue&#8221; Bland, Otis Redding og Eddie Floyd vil f\u00e5 de fleste musikkinteresserte til \u00e5 nikke anerkjennende.<\/p>\n<p>Bandet ble etablert p\u00e5 begynnelsen av 2000-tallet som et rent bluesband. Siden da har bandet g\u00e5tt mer i retning av soul-musikk, men noe sjelfull blues er selvf\u00f8lgelig fortsatt blandet inn i bandets repertoar. Bandet ga i 2007 ut en sv\u00e6rt kritikerrost CD p\u00e5 Grappa\/Blue Mood.<\/p>\n<p>Greasy Gravy best\u00e5r av en gjeng musikere fra \u00d8stlandsomr\u00e5det som er kjent fra mange bandkonstellasjoner de siste \u00e5rene og er vel bevandret i det norske bluesmilj\u00f8et. Bandet frontes av sangeren Tom Erik Holmlund fra Hamar. Holmlunds kraftfulle og varme stemme ble f\u00f8rst kjent for folk utenfor Mj\u00f8somr\u00e5det i milj\u00f8et rund klubben Muddy Waters i Oslo og gjennom Greasy Gravy. Gitarist i bandet er Espen Liland fra T\u00f8nsberg, som har en lang merittliste innen flere stilarter. I tillegg til \u00e5 v\u00e6re fast med Linda Kvam Band blir han gjerne headhuntet n\u00e5r utenlandske soul\/blues-sangere trenger en gitarist ved Norgesbes\u00f8k. Bandets to sv\u00e6rt dyktige bl\u00e5sere er Kasper V\u00e6rnes (tenorsax\/fl\u00f8yte) og Tom Erik Antonsen (trompet). Bassist i bandet er veteranen Rune Endal, som mange vil forbinde med Vazelina Bilopph\u00f8ggers eller Vidar Busk. Vidar Busks trommeslager spiller ogs\u00e5 i Greasy Gravy; Alexander Pettersen er i tillegg til \u00e5 v\u00e6re fast bak trommene i Billy T Band en mye brukt freelancemusiker.<\/p>\n<figure id=\"attachment_13299\" aria-describedby=\"caption-attachment-13299\" style=\"width: 190px\" class=\"wp-caption alignright\"><img decoding=\"async\" class=\"size-full wp-image-13299\" src=\"https:\/\/www.svalbardblues.com\/wp-content\/uploads\/2015\/06\/greasy_gravy-DSB2015_200-2.jpg\" alt=\"Greasy Gravy spiller sammen med Linda Kvam under festival p\u00e5 Svalbard\" width=\"200\" height=\"112\" \/><figcaption id=\"caption-attachment-13299\" class=\"wp-caption-text\">Greasy Gravy<\/figcaption><\/figure>\n<p>Tom Erik Holmlund: vokal<br \/>\nLinda Kvam: vokal<br \/>\nEspen Liland: gitar<br \/>\nKasper V\u00e6rnes: sax\/fl\u00f8yte<br \/>\nTom Erik Antonsen: trompet<br \/>\nRune Endal: bass<br \/>\nAlexander Pettersen: trommer<\/p>\n<p>[two_third]<\/p>\n<h2>Linda Kvam<\/h2>\n<p>[\/two_third] [one_third_last]<br \/>\n<a href=\"https:\/\/www.facebook.com\/pages\/Linda-Kvam\/636971729706416?ref=ts&amp;fref=ts\" target=\"_blank\"><img loading=\"lazy\" decoding=\"async\" class=\"alignleft\" title=\"Facebook\" src=\"https:\/\/www.svalbardblues.com\/wp-content\/themes\/awake\/images\/icons\/black\/Facebook.png\" alt=\" Facebook Linda Kvam\" width=\"32\" height=\"32\" \/><\/a><a href=\"http:\/\/www.lindakvam.no\/\" target=\"_blank\"><img loading=\"lazy\" decoding=\"async\" class=\"alignleft\" title=\"Homepage\" src=\"https:\/\/www.svalbardblues.com\/wp-content\/themes\/awake\/images\/icons\/black\/Home.png\" alt=\"Linda Kvam Homepage\" width=\"32\" height=\"32\" \/><\/a><a href=\"https:\/\/www.youtube.com\/channel\/UCjbIHV_zAnPV6VwjUte2Uyg\" target=\"_blank\"><img loading=\"lazy\" decoding=\"async\" class=\"alignleft\" title=\"Youtube\" src=\"https:\/\/www.svalbardblues.com\/wp-content\/themes\/awake\/images\/icons\/black\/YouTube.png\" alt=\"You Tube Channel Linda Kvam\" width=\"32\" height=\"32\" \/><\/a> [\/one_third_last]<\/p>\n<figure id=\"attachment_13288\" aria-describedby=\"caption-attachment-13288\" style=\"width: 140px\" class=\"wp-caption alignright\"><a href=\"https:\/\/www.svalbardblues.com\/wp-content\/uploads\/2015\/06\/linda_kvam-DSB2015_150.jpg\"><img loading=\"lazy\" decoding=\"async\" class=\"size-full wp-image-13288\" src=\"https:\/\/www.svalbardblues.com\/wp-content\/uploads\/2015\/06\/linda_kvam-DSB2015_150.jpg\" alt=\"Linda Kvam spiller under bluesfestivalen i Longyearbyen sammen med bandet Greasy Gravy\" width=\"150\" height=\"210\" \/><\/a><figcaption id=\"caption-attachment-13288\" class=\"wp-caption-text\">Linda Kvam<\/figcaption><\/figure>\n<p>Singer from Tonsberg has collaborated with Greasy Gravy on several occasions. She has more than 25 years experience from the scene and has for years been considered one of the country&#8217;s top female crossover rock \/ country \/ soul vocalists with her\u00a0great empathy and powerful voice. Many remember Linda from various television programs, perhaps especially as a guest in Beat for Beat on several occasions, most recently in January 2015. Besides having her own band, she is currently touring around Norway with \u00c5ge Sten Nilsen-in show &#8220;Rock &#8216;n Roll Adventure &#8220;.<\/p>\n<p>Linda Kvam&#8217;s first album &#8220;Refused&#8221; was released in 1998. Since then, she has participated on several other albums with artists like Frode Aln\u00e6s, Stephen Ackles, Lars Martin Myhre, Levi Henriksen, Jan Werner and Odd B\u00f8rretzen. She is also an avid songwriter, which can be heard on her latest album &#8220;Anything For Love&#8221;.<\/p>\n<p>[youtube url=&#8221;0JgaYC0hYu8&#8243; width=&#8221;620&#8243; height=&#8221;300&#8243; rel=&#8221;0&#8243; showsearch=&#8221;0&#8243; autoplay=&#8221;1&#8243;]<\/p>\n<p>&nbsp;<\/p>\n","protected":false},"excerpt":{"rendered":"<p>[two_third] Greasy Gravy &amp; Linda Kvam [\/two_third] [one_third_last] [\/one_third_last] N\u00e5r Greasy Gravy kommer p\u00e5 bes\u00f8k kan publikum forvente seg klassisk soulmusikk, n\u00e6rmere bestemt musikk fra storhetstiden p\u00e5 60- og 70-tallet. Begreper som Memphis Soul, Stax, Motown, Atlantic og artister som Bobby &#8220;Blue&#8221; Bland, Otis Redding og Eddie Floyd vil f\u00e5 de fleste musikkinteresserte til \u00e5 &#8230; <\/p>\n<p class=\"read-more-container\"><a title=\"Greasy Gravy &amp; Linda Kvam (NO)\" class=\"read-more button\" href=\"https:\/\/www.svalbardblues.com\/en\/dsb\/artists\/greasy-gravy-linda-kvam-no\/#more-13895\" aria-label=\"Read more about Greasy Gravy &amp; Linda Kvam (NO)\">Read more<\/a><\/p>\n","protected":false},"author":1,"featured_media":0,"parent":9253,"menu_order":0,"comment_status":"closed","ping_status":"closed","template":"","meta":{"inline_featured_image":false,"footnotes":""},"class_list":["post-13895","page","type-page","status-publish"],"yoast_head":"<!-- This site is optimized with the Yoast SEO Premium plugin v26.2 (Yoast SEO v27.4) - https:\/\/yoast.com\/product\/yoast-seo-premium-wordpress\/ -->\n<title>Greasy Gravy &amp; Linda Kvam | Dark Season Blues | SVALBARD<\/title>\n<meta name=\"description\" content=\"Soul band Greasy Gravy &amp; Linda Kvam plays the Dark Season Blues 2015 Svalbard.\" \/>\n<meta name=\"robots\" content=\"index, follow, max-snippet:-1, max-image-preview:large, max-video-preview:-1\" \/>\n<link rel=\"canonical\" href=\"https:\/\/www.svalbardblues.com\/en\/dsb\/artists\/greasy-gravy-linda-kvam-no\/\" \/>\n<meta property=\"og:locale\" content=\"en_US\" \/>\n<meta property=\"og:type\" content=\"article\" \/>\n<meta property=\"og:title\" content=\"Greasy Gravy &amp; Linda Kvam (NO)\" \/>\n<meta property=\"og:description\" content=\"Soul band Greasy Gravy &amp; Linda Kvam plays the Dark Season Blues 2015 Svalbard.\" \/>\n<meta property=\"og:url\" content=\"https:\/\/www.svalbardblues.com\/en\/dsb\/artists\/greasy-gravy-linda-kvam-no\/\" \/>\n<meta property=\"og:site_name\" content=\"Dark Season Blues | SVALBARD\" \/>\n<meta property=\"article:publisher\" content=\"https:\/\/www.facebook.com\/DarkSeasonBlues\" \/>\n<meta property=\"og:image\" content=\"https:\/\/www.svalbardblues.com\/wp-content\/themes\/awake\/images\/icons\/black\/Facebook.png\" \/>\n<meta name=\"twitter:label1\" content=\"Est. reading time\" \/>\n\t<meta name=\"twitter:data1\" content=\"2 minutes\" \/>\n<script type=\"application\/ld+json\" class=\"yoast-schema-graph\">{\"@context\":\"https:\\\/\\\/schema.org\",\"@graph\":[{\"@type\":\"WebPage\",\"@id\":\"https:\\\/\\\/www.svalbardblues.com\\\/en\\\/dsb\\\/artists\\\/greasy-gravy-linda-kvam-no\\\/\",\"url\":\"https:\\\/\\\/www.svalbardblues.com\\\/en\\\/dsb\\\/artists\\\/greasy-gravy-linda-kvam-no\\\/\",\"name\":\"Greasy Gravy & Linda Kvam | Dark Season Blues | SVALBARD\",\"isPartOf\":{\"@id\":\"https:\\\/\\\/www.svalbardblues.com\\\/en\\\/#website\"},\"primaryImageOfPage\":{\"@id\":\"https:\\\/\\\/www.svalbardblues.com\\\/en\\\/dsb\\\/artists\\\/greasy-gravy-linda-kvam-no\\\/#primaryimage\"},\"image\":{\"@id\":\"https:\\\/\\\/www.svalbardblues.com\\\/en\\\/dsb\\\/artists\\\/greasy-gravy-linda-kvam-no\\\/#primaryimage\"},\"thumbnailUrl\":\"https:\\\/\\\/www.svalbardblues.com\\\/wp-content\\\/themes\\\/awake\\\/images\\\/icons\\\/black\\\/Facebook.png\",\"datePublished\":\"2015-06-10T21:03:36+00:00\",\"description\":\"Soul band Greasy Gravy & Linda Kvam plays the Dark Season Blues 2015 Svalbard.\",\"breadcrumb\":{\"@id\":\"https:\\\/\\\/www.svalbardblues.com\\\/en\\\/dsb\\\/artists\\\/greasy-gravy-linda-kvam-no\\\/#breadcrumb\"},\"inLanguage\":\"en-US\",\"potentialAction\":[{\"@type\":\"ReadAction\",\"target\":[\"https:\\\/\\\/www.svalbardblues.com\\\/en\\\/dsb\\\/artists\\\/greasy-gravy-linda-kvam-no\\\/\"]}]},{\"@type\":\"ImageObject\",\"inLanguage\":\"en-US\",\"@id\":\"https:\\\/\\\/www.svalbardblues.com\\\/en\\\/dsb\\\/artists\\\/greasy-gravy-linda-kvam-no\\\/#primaryimage\",\"url\":\"https:\\\/\\\/www.svalbardblues.com\\\/wp-content\\\/themes\\\/awake\\\/images\\\/icons\\\/black\\\/Facebook.png\",\"contentUrl\":\"https:\\\/\\\/www.svalbardblues.com\\\/wp-content\\\/themes\\\/awake\\\/images\\\/icons\\\/black\\\/Facebook.png\"},{\"@type\":\"BreadcrumbList\",\"@id\":\"https:\\\/\\\/www.svalbardblues.com\\\/en\\\/dsb\\\/artists\\\/greasy-gravy-linda-kvam-no\\\/#breadcrumb\",\"itemListElement\":[{\"@type\":\"ListItem\",\"position\":1,\"name\":\"Hjem\",\"item\":\"https:\\\/\\\/www.svalbardblues.com\\\/en\\\/dark-season-blues-2-2\\\/\"},{\"@type\":\"ListItem\",\"position\":2,\"name\":\"Dark Season Blues Spitsbergen\",\"item\":\"https:\\\/\\\/www.svalbardblues.com\\\/en\\\/dsb\\\/\"},{\"@type\":\"ListItem\",\"position\":3,\"name\":\"Artists | Dark Season Blues 2026\",\"item\":\"https:\\\/\\\/www.svalbardblues.com\\\/en\\\/dsb\\\/artists\\\/\"},{\"@type\":\"ListItem\",\"position\":4,\"name\":\"Greasy Gravy &amp; Linda Kvam (NO)\"}]},{\"@type\":\"WebSite\",\"@id\":\"https:\\\/\\\/www.svalbardblues.com\\\/en\\\/#website\",\"url\":\"https:\\\/\\\/www.svalbardblues.com\\\/en\\\/\",\"name\":\"Dark Season Blues | SVALBARD\",\"description\":\"The World&#039;s Northenmost Blues Festival\",\"publisher\":{\"@id\":\"https:\\\/\\\/www.svalbardblues.com\\\/en\\\/#organization\"},\"potentialAction\":[{\"@type\":\"SearchAction\",\"target\":{\"@type\":\"EntryPoint\",\"urlTemplate\":\"https:\\\/\\\/www.svalbardblues.com\\\/en\\\/?s={search_term_string}\"},\"query-input\":{\"@type\":\"PropertyValueSpecification\",\"valueRequired\":true,\"valueName\":\"search_term_string\"}}],\"inLanguage\":\"en-US\"},{\"@type\":\"Organization\",\"@id\":\"https:\\\/\\\/www.svalbardblues.com\\\/en\\\/#organization\",\"name\":\"Dark Season Blues\",\"url\":\"https:\\\/\\\/www.svalbardblues.com\\\/en\\\/\",\"logo\":{\"@type\":\"ImageObject\",\"inLanguage\":\"en-US\",\"@id\":\"https:\\\/\\\/www.svalbardblues.com\\\/en\\\/#\\\/schema\\\/logo\\\/image\\\/\",\"url\":\"https:\\\/\\\/www.svalbardblues.com\\\/wp-content\\\/uploads\\\/2017\\\/06\\\/DSB2017-Illustrasjon-620.jpg\",\"contentUrl\":\"https:\\\/\\\/www.svalbardblues.com\\\/wp-content\\\/uploads\\\/2017\\\/06\\\/DSB2017-Illustrasjon-620.jpg\",\"width\":620,\"height\":488,\"caption\":\"Dark Season Blues\"},\"image\":{\"@id\":\"https:\\\/\\\/www.svalbardblues.com\\\/en\\\/#\\\/schema\\\/logo\\\/image\\\/\"},\"sameAs\":[\"https:\\\/\\\/www.facebook.com\\\/DarkSeasonBlues\",\"https:\\\/\\\/x.com\\\/DarkSeasonBlues\",\"https:\\\/\\\/www.instagram.com\\\/darkseasonblues\\\/\",\"https:\\\/\\\/no.wikipedia.org\\\/wiki\\\/Dark_Season_Blues\"]}]}<\/script>\n<!-- \/ Yoast SEO Premium plugin. -->","yoast_head_json":{"title":"Greasy Gravy & Linda Kvam | Dark Season Blues | SVALBARD","description":"Soul band Greasy Gravy & Linda Kvam plays the Dark Season Blues 2015 Svalbard.","robots":{"index":"index","follow":"follow","max-snippet":"max-snippet:-1","max-image-preview":"max-image-preview:large","max-video-preview":"max-video-preview:-1"},"canonical":"https:\/\/www.svalbardblues.com\/en\/dsb\/artists\/greasy-gravy-linda-kvam-no\/","og_locale":"en_US","og_type":"article","og_title":"Greasy Gravy &amp; Linda Kvam (NO)","og_description":"Soul band Greasy Gravy & Linda Kvam plays the Dark Season Blues 2015 Svalbard.","og_url":"https:\/\/www.svalbardblues.com\/en\/dsb\/artists\/greasy-gravy-linda-kvam-no\/","og_site_name":"Dark Season Blues | SVALBARD","article_publisher":"https:\/\/www.facebook.com\/DarkSeasonBlues","og_image":[{"url":"https:\/\/www.svalbardblues.com\/wp-content\/themes\/awake\/images\/icons\/black\/Facebook.png","type":"","width":"","height":""}],"twitter_misc":{"Est. reading time":"2 minutes"},"schema":{"@context":"https:\/\/schema.org","@graph":[{"@type":"WebPage","@id":"https:\/\/www.svalbardblues.com\/en\/dsb\/artists\/greasy-gravy-linda-kvam-no\/","url":"https:\/\/www.svalbardblues.com\/en\/dsb\/artists\/greasy-gravy-linda-kvam-no\/","name":"Greasy Gravy & Linda Kvam | Dark Season Blues | SVALBARD","isPartOf":{"@id":"https:\/\/www.svalbardblues.com\/en\/#website"},"primaryImageOfPage":{"@id":"https:\/\/www.svalbardblues.com\/en\/dsb\/artists\/greasy-gravy-linda-kvam-no\/#primaryimage"},"image":{"@id":"https:\/\/www.svalbardblues.com\/en\/dsb\/artists\/greasy-gravy-linda-kvam-no\/#primaryimage"},"thumbnailUrl":"https:\/\/www.svalbardblues.com\/wp-content\/themes\/awake\/images\/icons\/black\/Facebook.png","datePublished":"2015-06-10T21:03:36+00:00","description":"Soul band Greasy Gravy & Linda Kvam plays the Dark Season Blues 2015 Svalbard.","breadcrumb":{"@id":"https:\/\/www.svalbardblues.com\/en\/dsb\/artists\/greasy-gravy-linda-kvam-no\/#breadcrumb"},"inLanguage":"en-US","potentialAction":[{"@type":"ReadAction","target":["https:\/\/www.svalbardblues.com\/en\/dsb\/artists\/greasy-gravy-linda-kvam-no\/"]}]},{"@type":"ImageObject","inLanguage":"en-US","@id":"https:\/\/www.svalbardblues.com\/en\/dsb\/artists\/greasy-gravy-linda-kvam-no\/#primaryimage","url":"https:\/\/www.svalbardblues.com\/wp-content\/themes\/awake\/images\/icons\/black\/Facebook.png","contentUrl":"https:\/\/www.svalbardblues.com\/wp-content\/themes\/awake\/images\/icons\/black\/Facebook.png"},{"@type":"BreadcrumbList","@id":"https:\/\/www.svalbardblues.com\/en\/dsb\/artists\/greasy-gravy-linda-kvam-no\/#breadcrumb","itemListElement":[{"@type":"ListItem","position":1,"name":"Hjem","item":"https:\/\/www.svalbardblues.com\/en\/dark-season-blues-2-2\/"},{"@type":"ListItem","position":2,"name":"Dark Season Blues Spitsbergen","item":"https:\/\/www.svalbardblues.com\/en\/dsb\/"},{"@type":"ListItem","position":3,"name":"Artists | Dark Season Blues 2026","item":"https:\/\/www.svalbardblues.com\/en\/dsb\/artists\/"},{"@type":"ListItem","position":4,"name":"Greasy Gravy &amp; Linda Kvam (NO)"}]},{"@type":"WebSite","@id":"https:\/\/www.svalbardblues.com\/en\/#website","url":"https:\/\/www.svalbardblues.com\/en\/","name":"Dark Season Blues | SVALBARD","description":"The World&#039;s Northenmost Blues Festival","publisher":{"@id":"https:\/\/www.svalbardblues.com\/en\/#organization"},"potentialAction":[{"@type":"SearchAction","target":{"@type":"EntryPoint","urlTemplate":"https:\/\/www.svalbardblues.com\/en\/?s={search_term_string}"},"query-input":{"@type":"PropertyValueSpecification","valueRequired":true,"valueName":"search_term_string"}}],"inLanguage":"en-US"},{"@type":"Organization","@id":"https:\/\/www.svalbardblues.com\/en\/#organization","name":"Dark Season Blues","url":"https:\/\/www.svalbardblues.com\/en\/","logo":{"@type":"ImageObject","inLanguage":"en-US","@id":"https:\/\/www.svalbardblues.com\/en\/#\/schema\/logo\/image\/","url":"https:\/\/www.svalbardblues.com\/wp-content\/uploads\/2017\/06\/DSB2017-Illustrasjon-620.jpg","contentUrl":"https:\/\/www.svalbardblues.com\/wp-content\/uploads\/2017\/06\/DSB2017-Illustrasjon-620.jpg","width":620,"height":488,"caption":"Dark Season Blues"},"image":{"@id":"https:\/\/www.svalbardblues.com\/en\/#\/schema\/logo\/image\/"},"sameAs":["https:\/\/www.facebook.com\/DarkSeasonBlues","https:\/\/x.com\/DarkSeasonBlues","https:\/\/www.instagram.com\/darkseasonblues\/","https:\/\/no.wikipedia.org\/wiki\/Dark_Season_Blues"]}]}},"_links":{"self":[{"href":"https:\/\/www.svalbardblues.com\/en\/wp-json\/wp\/v2\/pages\/13895","targetHints":{"allow":["GET"]}}],"collection":[{"href":"https:\/\/www.svalbardblues.com\/en\/wp-json\/wp\/v2\/pages"}],"about":[{"href":"https:\/\/www.svalbardblues.com\/en\/wp-json\/wp\/v2\/types\/page"}],"author":[{"embeddable":true,"href":"https:\/\/www.svalbardblues.com\/en\/wp-json\/wp\/v2\/users\/1"}],"replies":[{"embeddable":true,"href":"https:\/\/www.svalbardblues.com\/en\/wp-json\/wp\/v2\/comments?post=13895"}],"version-history":[{"count":0,"href":"https:\/\/www.svalbardblues.com\/en\/wp-json\/wp\/v2\/pages\/13895\/revisions"}],"up":[{"embeddable":true,"href":"https:\/\/www.svalbardblues.com\/en\/wp-json\/wp\/v2\/pages\/9253"}],"wp:attachment":[{"href":"https:\/\/www.svalbardblues.com\/en\/wp-json\/wp\/v2\/media?parent=13895"}],"curies":[{"name":"wp","href":"https:\/\/api.w.org\/{rel}","templated":true}]}}