{"id":14672,"date":"2016-09-06T21:40:10","date_gmt":"2016-09-06T21:40:10","guid":{"rendered":"https:\/\/www.svalbardblues.com\/en\/dsb\/artists\/tina-lie\/"},"modified":"2016-09-30T19:32:16","modified_gmt":"2016-09-30T19:32:16","slug":"tina-lie","status":"publish","type":"page","link":"https:\/\/www.svalbardblues.com\/en\/dsb\/artists\/tina-lie\/","title":{"rendered":"Tina Lie (NO) | Dark Season Blues"},"content":{"rendered":"<p>[two_third]<\/p>\n<h1>Tina Lie<\/h1>\n<p>[\/two_third]<br \/>\n[one_third_last]<br \/>\n<a href=\"https:\/\/www.facebook.com\/tinaliemusic\/\"><img decoding=\"async\" class=\"alignleft\" title=\"Facebook\" alt=\" Facebook Tina Lie\" src=\" https:\/\/www.svalbardblues.com\/wp-content\/themes\/awake\/images\/icons\/black\/Facebook.png\" width=\"32\" height=\"32\" \/><\/a><\/a><a href=\"https:\/\/www.youtube.com\/results?search_query=tina+lie\"><img decoding=\"async\" class=\"alignleft\" title=\"Youtube\" alt=\"You Tube Tina Lie\" src=\"https:\/\/www.svalbardblues.com\/wp-content\/themes\/awake\/images\/icons\/black\/YouTube.png\" width=\"32\" height=\"32\" \/><\/a><\/p>\n<p>[\/one_third_last]<br \/>\nWith a flavor of country and a dash of rock &#8216;n&#8217; roll, Tina Lie&#8217;s rich, raw voice and poignant lyrics evoke the best of Americana roots music.<\/p>\n<p>It\u2019s been five years since Tina Lie last visited Dark Season Blues Festival.<br \/>\nNow she\u2019s back on the road with her original band from the time of the release of the album \u00abFree Enough To Fall\u00bb in 2009. In 2014 she released her last release, \u00abImmersions\u00bb with songs by Leonard Cohen, Tom Waits og Joni Mitchell. <\/p>\n<p>Tina can be a firework at stage, but also reclined in her expression. With her special voice she sings both her own and others&#8217; songs with a great feeling.<\/p>\n<pre>Dark Season Blues&#169;2016<\/pre>\n<p>[youtube url=&#8221;oFC0oyk8qXw&#8221; width=&#8221;620&#8243; height=&#8221;300&#8243; rel=&#8221;0&#8243; showsearch=&#8221;0&#8243; autoplay=&#8221;1&#8243;]<\/p>\n","protected":false},"excerpt":{"rendered":"<p>[two_third] Tina Lie [\/two_third] [one_third_last] [\/one_third_last] With a flavor of country and a dash of rock &#8216;n&#8217; roll, Tina Lie&#8217;s rich, raw voice and poignant lyrics evoke the best of Americana roots music. It\u2019s been five years since Tina Lie last visited Dark Season Blues Festival. Now she\u2019s back on the road with her original &#8230; <\/p>\n<p class=\"read-more-container\"><a title=\"Tina Lie (NO) | Dark Season Blues\" class=\"read-more button\" href=\"https:\/\/www.svalbardblues.com\/en\/dsb\/artists\/tina-lie\/#more-14672\" aria-label=\"Read more about Tina Lie (NO) | Dark Season Blues\">Read more<\/a><\/p>\n","protected":false},"author":1,"featured_media":14491,"parent":9253,"menu_order":0,"comment_status":"closed","ping_status":"closed","template":"","meta":{"inline_featured_image":false,"footnotes":""},"class_list":["post-14672","page","type-page","status-publish","has-post-thumbnail"],"yoast_head":"<!-- This site is optimized with the Yoast SEO Premium plugin v26.2 (Yoast SEO v27.4) - https:\/\/yoast.com\/product\/yoast-seo-premium-wordpress\/ -->\n<title>Tina Lie (NO) | Dark Season Blues | SVALBARD<\/title>\n<meta name=\"description\" content=\"With a flavor of country and a dash of rock &#039;n&#039; roll, Tina Lie is back at Svalbard.\" \/>\n<meta name=\"robots\" content=\"index, follow, max-snippet:-1, max-image-preview:large, max-video-preview:-1\" \/>\n<link rel=\"canonical\" href=\"https:\/\/www.svalbardblues.com\/en\/dsb\/artists\/tina-lie\/\" \/>\n<meta property=\"og:locale\" content=\"en_US\" \/>\n<meta property=\"og:type\" content=\"article\" \/>\n<meta property=\"og:title\" content=\"Tina Lie (NO) | Dark Season Blues\" \/>\n<meta property=\"og:description\" content=\"Etter en liten pause er Tina Lie tilbake p\u00e5 scenen \u2013 og p\u00e5 Svalbard. Hun utmerker seg med en veldig tilstedev\u00e6relse, og formidler b\u00e5de egne og andres sanger med stor innlevelse.\" \/>\n<meta property=\"og:url\" content=\"https:\/\/www.svalbardblues.com\/en\/dsb\/artists\/tina-lie\/\" \/>\n<meta property=\"og:site_name\" content=\"Dark Season Blues | SVALBARD\" \/>\n<meta property=\"article:publisher\" content=\"https:\/\/www.facebook.com\/DarkSeasonBlues\" \/>\n<meta property=\"article:modified_time\" content=\"2016-09-30T19:32:16+00:00\" \/>\n<meta property=\"og:image\" content=\"https:\/\/www.svalbardblues.com\/wp-content\/uploads\/2016\/09\/Tina-Lie-647.jpg\" \/>\n\t<meta property=\"og:image:width\" content=\"647\" \/>\n\t<meta property=\"og:image:height\" content=\"274\" \/>\n\t<meta property=\"og:image:type\" content=\"image\/jpeg\" \/>\n<meta name=\"twitter:label1\" content=\"Est. reading time\" \/>\n\t<meta name=\"twitter:data1\" content=\"1 minute\" \/>\n<script type=\"application\/ld+json\" class=\"yoast-schema-graph\">{\"@context\":\"https:\\\/\\\/schema.org\",\"@graph\":[{\"@type\":\"WebPage\",\"@id\":\"https:\\\/\\\/www.svalbardblues.com\\\/en\\\/dsb\\\/artists\\\/tina-lie\\\/\",\"url\":\"https:\\\/\\\/www.svalbardblues.com\\\/en\\\/dsb\\\/artists\\\/tina-lie\\\/\",\"name\":\"Tina Lie (NO) | Dark Season Blues | SVALBARD\",\"isPartOf\":{\"@id\":\"https:\\\/\\\/www.svalbardblues.com\\\/en\\\/#website\"},\"primaryImageOfPage\":{\"@id\":\"https:\\\/\\\/www.svalbardblues.com\\\/en\\\/dsb\\\/artists\\\/tina-lie\\\/#primaryimage\"},\"image\":{\"@id\":\"https:\\\/\\\/www.svalbardblues.com\\\/en\\\/dsb\\\/artists\\\/tina-lie\\\/#primaryimage\"},\"thumbnailUrl\":\"https:\\\/\\\/www.svalbardblues.com\\\/wp-content\\\/uploads\\\/2016\\\/09\\\/Tina-Lie-647.jpg\",\"datePublished\":\"2016-09-06T21:40:10+00:00\",\"dateModified\":\"2016-09-30T19:32:16+00:00\",\"description\":\"With a flavor of country and a dash of rock 'n' roll, Tina Lie is back at Svalbard.\",\"breadcrumb\":{\"@id\":\"https:\\\/\\\/www.svalbardblues.com\\\/en\\\/dsb\\\/artists\\\/tina-lie\\\/#breadcrumb\"},\"inLanguage\":\"en-US\",\"potentialAction\":[{\"@type\":\"ReadAction\",\"target\":[\"https:\\\/\\\/www.svalbardblues.com\\\/en\\\/dsb\\\/artists\\\/tina-lie\\\/\"]}]},{\"@type\":\"ImageObject\",\"inLanguage\":\"en-US\",\"@id\":\"https:\\\/\\\/www.svalbardblues.com\\\/en\\\/dsb\\\/artists\\\/tina-lie\\\/#primaryimage\",\"url\":\"https:\\\/\\\/www.svalbardblues.com\\\/wp-content\\\/uploads\\\/2016\\\/09\\\/Tina-Lie-647.jpg\",\"contentUrl\":\"https:\\\/\\\/www.svalbardblues.com\\\/wp-content\\\/uploads\\\/2016\\\/09\\\/Tina-Lie-647.jpg\",\"width\":647,\"height\":274},{\"@type\":\"BreadcrumbList\",\"@id\":\"https:\\\/\\\/www.svalbardblues.com\\\/en\\\/dsb\\\/artists\\\/tina-lie\\\/#breadcrumb\",\"itemListElement\":[{\"@type\":\"ListItem\",\"position\":1,\"name\":\"Hjem\",\"item\":\"https:\\\/\\\/www.svalbardblues.com\\\/en\\\/dark-season-blues-2-2\\\/\"},{\"@type\":\"ListItem\",\"position\":2,\"name\":\"Dark Season Blues Spitsbergen\",\"item\":\"https:\\\/\\\/www.svalbardblues.com\\\/en\\\/dsb\\\/\"},{\"@type\":\"ListItem\",\"position\":3,\"name\":\"Artists | Dark Season Blues 2026\",\"item\":\"https:\\\/\\\/www.svalbardblues.com\\\/en\\\/dsb\\\/artists\\\/\"},{\"@type\":\"ListItem\",\"position\":4,\"name\":\"Tina Lie (NO) | Dark Season Blues\"}]},{\"@type\":\"WebSite\",\"@id\":\"https:\\\/\\\/www.svalbardblues.com\\\/en\\\/#website\",\"url\":\"https:\\\/\\\/www.svalbardblues.com\\\/en\\\/\",\"name\":\"Dark Season Blues | SVALBARD\",\"description\":\"The World&#039;s Northenmost Blues Festival\",\"publisher\":{\"@id\":\"https:\\\/\\\/www.svalbardblues.com\\\/en\\\/#organization\"},\"potentialAction\":[{\"@type\":\"SearchAction\",\"target\":{\"@type\":\"EntryPoint\",\"urlTemplate\":\"https:\\\/\\\/www.svalbardblues.com\\\/en\\\/?s={search_term_string}\"},\"query-input\":{\"@type\":\"PropertyValueSpecification\",\"valueRequired\":true,\"valueName\":\"search_term_string\"}}],\"inLanguage\":\"en-US\"},{\"@type\":\"Organization\",\"@id\":\"https:\\\/\\\/www.svalbardblues.com\\\/en\\\/#organization\",\"name\":\"Dark Season Blues\",\"url\":\"https:\\\/\\\/www.svalbardblues.com\\\/en\\\/\",\"logo\":{\"@type\":\"ImageObject\",\"inLanguage\":\"en-US\",\"@id\":\"https:\\\/\\\/www.svalbardblues.com\\\/en\\\/#\\\/schema\\\/logo\\\/image\\\/\",\"url\":\"https:\\\/\\\/www.svalbardblues.com\\\/wp-content\\\/uploads\\\/2017\\\/06\\\/DSB2017-Illustrasjon-620.jpg\",\"contentUrl\":\"https:\\\/\\\/www.svalbardblues.com\\\/wp-content\\\/uploads\\\/2017\\\/06\\\/DSB2017-Illustrasjon-620.jpg\",\"width\":620,\"height\":488,\"caption\":\"Dark Season Blues\"},\"image\":{\"@id\":\"https:\\\/\\\/www.svalbardblues.com\\\/en\\\/#\\\/schema\\\/logo\\\/image\\\/\"},\"sameAs\":[\"https:\\\/\\\/www.facebook.com\\\/DarkSeasonBlues\",\"https:\\\/\\\/x.com\\\/DarkSeasonBlues\",\"https:\\\/\\\/www.instagram.com\\\/darkseasonblues\\\/\",\"https:\\\/\\\/no.wikipedia.org\\\/wiki\\\/Dark_Season_Blues\"]}]}<\/script>\n<!-- \/ Yoast SEO Premium plugin. -->","yoast_head_json":{"title":"Tina Lie (NO) | Dark Season Blues | SVALBARD","description":"With a flavor of country and a dash of rock 'n' roll, Tina Lie is back at Svalbard.","robots":{"index":"index","follow":"follow","max-snippet":"max-snippet:-1","max-image-preview":"max-image-preview:large","max-video-preview":"max-video-preview:-1"},"canonical":"https:\/\/www.svalbardblues.com\/en\/dsb\/artists\/tina-lie\/","og_locale":"en_US","og_type":"article","og_title":"Tina Lie (NO) | Dark Season Blues","og_description":"Etter en liten pause er Tina Lie tilbake p\u00e5 scenen \u2013 og p\u00e5 Svalbard. Hun utmerker seg med en veldig tilstedev\u00e6relse, og formidler b\u00e5de egne og andres sanger med stor innlevelse.","og_url":"https:\/\/www.svalbardblues.com\/en\/dsb\/artists\/tina-lie\/","og_site_name":"Dark Season Blues | SVALBARD","article_publisher":"https:\/\/www.facebook.com\/DarkSeasonBlues","article_modified_time":"2016-09-30T19:32:16+00:00","og_image":[{"width":647,"height":274,"url":"https:\/\/www.svalbardblues.com\/wp-content\/uploads\/2016\/09\/Tina-Lie-647.jpg","type":"image\/jpeg"}],"twitter_misc":{"Est. reading time":"1 minute"},"schema":{"@context":"https:\/\/schema.org","@graph":[{"@type":"WebPage","@id":"https:\/\/www.svalbardblues.com\/en\/dsb\/artists\/tina-lie\/","url":"https:\/\/www.svalbardblues.com\/en\/dsb\/artists\/tina-lie\/","name":"Tina Lie (NO) | Dark Season Blues | SVALBARD","isPartOf":{"@id":"https:\/\/www.svalbardblues.com\/en\/#website"},"primaryImageOfPage":{"@id":"https:\/\/www.svalbardblues.com\/en\/dsb\/artists\/tina-lie\/#primaryimage"},"image":{"@id":"https:\/\/www.svalbardblues.com\/en\/dsb\/artists\/tina-lie\/#primaryimage"},"thumbnailUrl":"https:\/\/www.svalbardblues.com\/wp-content\/uploads\/2016\/09\/Tina-Lie-647.jpg","datePublished":"2016-09-06T21:40:10+00:00","dateModified":"2016-09-30T19:32:16+00:00","description":"With a flavor of country and a dash of rock 'n' roll, Tina Lie is back at Svalbard.","breadcrumb":{"@id":"https:\/\/www.svalbardblues.com\/en\/dsb\/artists\/tina-lie\/#breadcrumb"},"inLanguage":"en-US","potentialAction":[{"@type":"ReadAction","target":["https:\/\/www.svalbardblues.com\/en\/dsb\/artists\/tina-lie\/"]}]},{"@type":"ImageObject","inLanguage":"en-US","@id":"https:\/\/www.svalbardblues.com\/en\/dsb\/artists\/tina-lie\/#primaryimage","url":"https:\/\/www.svalbardblues.com\/wp-content\/uploads\/2016\/09\/Tina-Lie-647.jpg","contentUrl":"https:\/\/www.svalbardblues.com\/wp-content\/uploads\/2016\/09\/Tina-Lie-647.jpg","width":647,"height":274},{"@type":"BreadcrumbList","@id":"https:\/\/www.svalbardblues.com\/en\/dsb\/artists\/tina-lie\/#breadcrumb","itemListElement":[{"@type":"ListItem","position":1,"name":"Hjem","item":"https:\/\/www.svalbardblues.com\/en\/dark-season-blues-2-2\/"},{"@type":"ListItem","position":2,"name":"Dark Season Blues Spitsbergen","item":"https:\/\/www.svalbardblues.com\/en\/dsb\/"},{"@type":"ListItem","position":3,"name":"Artists | Dark Season Blues 2026","item":"https:\/\/www.svalbardblues.com\/en\/dsb\/artists\/"},{"@type":"ListItem","position":4,"name":"Tina Lie (NO) | Dark Season Blues"}]},{"@type":"WebSite","@id":"https:\/\/www.svalbardblues.com\/en\/#website","url":"https:\/\/www.svalbardblues.com\/en\/","name":"Dark Season Blues | SVALBARD","description":"The World&#039;s Northenmost Blues Festival","publisher":{"@id":"https:\/\/www.svalbardblues.com\/en\/#organization"},"potentialAction":[{"@type":"SearchAction","target":{"@type":"EntryPoint","urlTemplate":"https:\/\/www.svalbardblues.com\/en\/?s={search_term_string}"},"query-input":{"@type":"PropertyValueSpecification","valueRequired":true,"valueName":"search_term_string"}}],"inLanguage":"en-US"},{"@type":"Organization","@id":"https:\/\/www.svalbardblues.com\/en\/#organization","name":"Dark Season Blues","url":"https:\/\/www.svalbardblues.com\/en\/","logo":{"@type":"ImageObject","inLanguage":"en-US","@id":"https:\/\/www.svalbardblues.com\/en\/#\/schema\/logo\/image\/","url":"https:\/\/www.svalbardblues.com\/wp-content\/uploads\/2017\/06\/DSB2017-Illustrasjon-620.jpg","contentUrl":"https:\/\/www.svalbardblues.com\/wp-content\/uploads\/2017\/06\/DSB2017-Illustrasjon-620.jpg","width":620,"height":488,"caption":"Dark Season Blues"},"image":{"@id":"https:\/\/www.svalbardblues.com\/en\/#\/schema\/logo\/image\/"},"sameAs":["https:\/\/www.facebook.com\/DarkSeasonBlues","https:\/\/x.com\/DarkSeasonBlues","https:\/\/www.instagram.com\/darkseasonblues\/","https:\/\/no.wikipedia.org\/wiki\/Dark_Season_Blues"]}]}},"_links":{"self":[{"href":"https:\/\/www.svalbardblues.com\/en\/wp-json\/wp\/v2\/pages\/14672","targetHints":{"allow":["GET"]}}],"collection":[{"href":"https:\/\/www.svalbardblues.com\/en\/wp-json\/wp\/v2\/pages"}],"about":[{"href":"https:\/\/www.svalbardblues.com\/en\/wp-json\/wp\/v2\/types\/page"}],"author":[{"embeddable":true,"href":"https:\/\/www.svalbardblues.com\/en\/wp-json\/wp\/v2\/users\/1"}],"replies":[{"embeddable":true,"href":"https:\/\/www.svalbardblues.com\/en\/wp-json\/wp\/v2\/comments?post=14672"}],"version-history":[{"count":0,"href":"https:\/\/www.svalbardblues.com\/en\/wp-json\/wp\/v2\/pages\/14672\/revisions"}],"up":[{"embeddable":true,"href":"https:\/\/www.svalbardblues.com\/en\/wp-json\/wp\/v2\/pages\/9253"}],"wp:featuredmedia":[{"embeddable":true,"href":"https:\/\/www.svalbardblues.com\/en\/wp-json\/wp\/v2\/media\/14491"}],"wp:attachment":[{"href":"https:\/\/www.svalbardblues.com\/en\/wp-json\/wp\/v2\/media?parent=14672"}],"curies":[{"name":"wp","href":"https:\/\/api.w.org\/{rel}","templated":true}]}}