{"id":15589,"date":"2017-09-13T21:22:01","date_gmt":"2017-09-13T21:22:01","guid":{"rendered":"https:\/\/www.svalbardblues.com\/dsb\/artists\/oyvind-ronning\/"},"modified":"2025-10-06T19:01:32","modified_gmt":"2025-10-06T19:01:32","slug":"oyvind-ronning","status":"publish","type":"page","link":"https:\/\/www.svalbardblues.com\/en\/dsb\/artists\/oyvind-ronning\/","title":{"rendered":"&#8220;Bluestalk&#8221; with \u00d8yvind R\u00f8nning"},"content":{"rendered":"\n<p class=\"has-drop-cap\">\u00d8yvind R\u00f8nning has been writing about music since the age of 15, the last 38 years as a journalist and critic for the national daily newspaper Dagbladet.<\/p>\n\n\n\n<p>He has played various roles at Dark Season Blues since 2006, and in recent years he has interviewed festival artists from the stage. Previous interviewees include Super Chikan, Knut Reiersrud, Vidar Busk, Amund Maarud, Sven Zetterberg, Mike Zito, Stan Webb, JT Lauritsen, Monster Mike Welch,&nbsp; Mike Farris and D.K. Harrell..<\/p>\n\n\n\n<p><strong>As every year there will be a Blues Talk both Friday and Saturday during the Blues Lunch events at Kroa.<\/strong><\/p>\n\n\n\n<p class=\"has-text-align-center has-background\" style=\"background-color:#e2e2e2;font-size:12px\"><strong>Dark Season Blues\u00a92025<\/strong><\/p>\n\n\n\n<p><\/p>\n","protected":false},"excerpt":{"rendered":"<p>\u00d8yvind R\u00f8nning has been writing about music since the age of 15, the last 38 years as a journalist and critic for the national daily newspaper Dagbladet. He has played various roles at Dark Season Blues since 2006, and in recent years he has interviewed festival artists from the stage. Previous interviewees include Super Chikan, &#8230; <\/p>\n<p class=\"read-more-container\"><a title=\"&#8220;Bluestalk&#8221; with \u00d8yvind R\u00f8nning\" class=\"read-more button\" href=\"https:\/\/www.svalbardblues.com\/en\/dsb\/artists\/oyvind-ronning\/#more-15589\" aria-label=\"Read more about &#8220;Bluestalk&#8221; with \u00d8yvind R\u00f8nning\">Read more<\/a><\/p>\n","protected":false},"author":1,"featured_media":21440,"parent":9253,"menu_order":0,"comment_status":"closed","ping_status":"closed","template":"","meta":{"inline_featured_image":false,"footnotes":""},"class_list":["post-15589","page","type-page","status-publish","has-post-thumbnail"],"yoast_head":"<!-- This site is optimized with the Yoast SEO Premium plugin v26.2 (Yoast SEO v27.4) - https:\/\/yoast.com\/product\/yoast-seo-premium-wordpress\/ -->\n<title>&quot;Bluestalk&quot; with \u00d8yvind R\u00f8nning | SVALBARD<\/title>\n<meta name=\"description\" content=\"\u00d8yvind R\u00f8nning has been writing about music since the age of 15, the last 38 years as a journalist and reviewer for Dagbladet.\" \/>\n<meta name=\"robots\" content=\"index, follow, max-snippet:-1, max-image-preview:large, max-video-preview:-1\" \/>\n<link rel=\"canonical\" href=\"https:\/\/www.svalbardblues.com\/en\/dsb\/artists\/oyvind-ronning\/\" \/>\n<meta property=\"og:locale\" content=\"en_US\" \/>\n<meta property=\"og:type\" content=\"article\" \/>\n<meta property=\"og:title\" content=\"&quot;Bluestalk&quot; with \u00d8yvind R\u00f8nning\" \/>\n<meta property=\"og:description\" content=\"\u00d8yvind R\u00f8nning has been writing about music since the age of 15, the last 38 years as a journalist and reviewer for Dagbladet.\" \/>\n<meta property=\"og:url\" content=\"https:\/\/www.svalbardblues.com\/en\/dsb\/artists\/oyvind-ronning\/\" \/>\n<meta property=\"og:site_name\" content=\"Dark Season Blues | SVALBARD\" \/>\n<meta property=\"article:publisher\" content=\"https:\/\/www.facebook.com\/DarkSeasonBlues\" \/>\n<meta property=\"article:modified_time\" content=\"2025-10-06T19:01:32+00:00\" \/>\n<meta property=\"og:image\" content=\"https:\/\/www.svalbardblues.com\/wp-content\/uploads\/2025\/10\/DSB_Illustrasjon_med_oyvind-r.jpg\" \/>\n\t<meta property=\"og:image:width\" content=\"1250\" \/>\n\t<meta property=\"og:image:height\" content=\"650\" \/>\n\t<meta property=\"og:image:type\" content=\"image\/jpeg\" \/>\n<meta name=\"twitter:label1\" content=\"Est. reading time\" \/>\n\t<meta name=\"twitter:data1\" content=\"1 minute\" \/>\n<script type=\"application\/ld+json\" class=\"yoast-schema-graph\">{\"@context\":\"https:\\\/\\\/schema.org\",\"@graph\":[{\"@type\":\"WebPage\",\"@id\":\"https:\\\/\\\/www.svalbardblues.com\\\/en\\\/dsb\\\/artists\\\/oyvind-ronning\\\/\",\"url\":\"https:\\\/\\\/www.svalbardblues.com\\\/en\\\/dsb\\\/artists\\\/oyvind-ronning\\\/\",\"name\":\"\\\"Bluestalk\\\" with \u00d8yvind R\u00f8nning | SVALBARD\",\"isPartOf\":{\"@id\":\"https:\\\/\\\/www.svalbardblues.com\\\/en\\\/#website\"},\"primaryImageOfPage\":{\"@id\":\"https:\\\/\\\/www.svalbardblues.com\\\/en\\\/dsb\\\/artists\\\/oyvind-ronning\\\/#primaryimage\"},\"image\":{\"@id\":\"https:\\\/\\\/www.svalbardblues.com\\\/en\\\/dsb\\\/artists\\\/oyvind-ronning\\\/#primaryimage\"},\"thumbnailUrl\":\"https:\\\/\\\/www.svalbardblues.com\\\/wp-content\\\/uploads\\\/2023\\\/10\\\/Oivind-ronning-JT-2019-dark-season-blues.jpg\",\"datePublished\":\"2017-09-13T21:22:01+00:00\",\"dateModified\":\"2025-10-06T19:01:32+00:00\",\"description\":\"\u00d8yvind R\u00f8nning has been writing about music since the age of 15, the last 38 years as a journalist and reviewer for Dagbladet.\",\"breadcrumb\":{\"@id\":\"https:\\\/\\\/www.svalbardblues.com\\\/en\\\/dsb\\\/artists\\\/oyvind-ronning\\\/#breadcrumb\"},\"inLanguage\":\"en-US\",\"potentialAction\":[{\"@type\":\"ReadAction\",\"target\":[\"https:\\\/\\\/www.svalbardblues.com\\\/en\\\/dsb\\\/artists\\\/oyvind-ronning\\\/\"]}]},{\"@type\":\"ImageObject\",\"inLanguage\":\"en-US\",\"@id\":\"https:\\\/\\\/www.svalbardblues.com\\\/en\\\/dsb\\\/artists\\\/oyvind-ronning\\\/#primaryimage\",\"url\":\"https:\\\/\\\/www.svalbardblues.com\\\/wp-content\\\/uploads\\\/2023\\\/10\\\/Oivind-ronning-JT-2019-dark-season-blues.jpg\",\"contentUrl\":\"https:\\\/\\\/www.svalbardblues.com\\\/wp-content\\\/uploads\\\/2023\\\/10\\\/Oivind-ronning-JT-2019-dark-season-blues.jpg\",\"width\":1549,\"height\":1668},{\"@type\":\"BreadcrumbList\",\"@id\":\"https:\\\/\\\/www.svalbardblues.com\\\/en\\\/dsb\\\/artists\\\/oyvind-ronning\\\/#breadcrumb\",\"itemListElement\":[{\"@type\":\"ListItem\",\"position\":1,\"name\":\"Hjem\",\"item\":\"https:\\\/\\\/www.svalbardblues.com\\\/en\\\/dark-season-blues-2-2\\\/\"},{\"@type\":\"ListItem\",\"position\":2,\"name\":\"Dark Season Blues Spitsbergen\",\"item\":\"https:\\\/\\\/www.svalbardblues.com\\\/en\\\/dsb\\\/\"},{\"@type\":\"ListItem\",\"position\":3,\"name\":\"Artists | Dark Season Blues 2026\",\"item\":\"https:\\\/\\\/www.svalbardblues.com\\\/en\\\/dsb\\\/artists\\\/\"},{\"@type\":\"ListItem\",\"position\":4,\"name\":\"&#8220;Bluestalk&#8221; with \u00d8yvind R\u00f8nning\"}]},{\"@type\":\"WebSite\",\"@id\":\"https:\\\/\\\/www.svalbardblues.com\\\/en\\\/#website\",\"url\":\"https:\\\/\\\/www.svalbardblues.com\\\/en\\\/\",\"name\":\"Dark Season Blues | SVALBARD\",\"description\":\"The World&#039;s Northenmost Blues Festival\",\"publisher\":{\"@id\":\"https:\\\/\\\/www.svalbardblues.com\\\/en\\\/#organization\"},\"potentialAction\":[{\"@type\":\"SearchAction\",\"target\":{\"@type\":\"EntryPoint\",\"urlTemplate\":\"https:\\\/\\\/www.svalbardblues.com\\\/en\\\/?s={search_term_string}\"},\"query-input\":{\"@type\":\"PropertyValueSpecification\",\"valueRequired\":true,\"valueName\":\"search_term_string\"}}],\"inLanguage\":\"en-US\"},{\"@type\":\"Organization\",\"@id\":\"https:\\\/\\\/www.svalbardblues.com\\\/en\\\/#organization\",\"name\":\"Dark Season Blues\",\"url\":\"https:\\\/\\\/www.svalbardblues.com\\\/en\\\/\",\"logo\":{\"@type\":\"ImageObject\",\"inLanguage\":\"en-US\",\"@id\":\"https:\\\/\\\/www.svalbardblues.com\\\/en\\\/#\\\/schema\\\/logo\\\/image\\\/\",\"url\":\"https:\\\/\\\/www.svalbardblues.com\\\/wp-content\\\/uploads\\\/2017\\\/06\\\/DSB2017-Illustrasjon-620.jpg\",\"contentUrl\":\"https:\\\/\\\/www.svalbardblues.com\\\/wp-content\\\/uploads\\\/2017\\\/06\\\/DSB2017-Illustrasjon-620.jpg\",\"width\":620,\"height\":488,\"caption\":\"Dark Season Blues\"},\"image\":{\"@id\":\"https:\\\/\\\/www.svalbardblues.com\\\/en\\\/#\\\/schema\\\/logo\\\/image\\\/\"},\"sameAs\":[\"https:\\\/\\\/www.facebook.com\\\/DarkSeasonBlues\",\"https:\\\/\\\/x.com\\\/DarkSeasonBlues\",\"https:\\\/\\\/www.instagram.com\\\/darkseasonblues\\\/\",\"https:\\\/\\\/no.wikipedia.org\\\/wiki\\\/Dark_Season_Blues\"]}]}<\/script>\n<!-- \/ Yoast SEO Premium plugin. -->","yoast_head_json":{"title":"\"Bluestalk\" with \u00d8yvind R\u00f8nning | SVALBARD","description":"\u00d8yvind R\u00f8nning has been writing about music since the age of 15, the last 38 years as a journalist and reviewer for Dagbladet.","robots":{"index":"index","follow":"follow","max-snippet":"max-snippet:-1","max-image-preview":"max-image-preview:large","max-video-preview":"max-video-preview:-1"},"canonical":"https:\/\/www.svalbardblues.com\/en\/dsb\/artists\/oyvind-ronning\/","og_locale":"en_US","og_type":"article","og_title":"\"Bluestalk\" with \u00d8yvind R\u00f8nning","og_description":"\u00d8yvind R\u00f8nning has been writing about music since the age of 15, the last 38 years as a journalist and reviewer for Dagbladet.","og_url":"https:\/\/www.svalbardblues.com\/en\/dsb\/artists\/oyvind-ronning\/","og_site_name":"Dark Season Blues | SVALBARD","article_publisher":"https:\/\/www.facebook.com\/DarkSeasonBlues","article_modified_time":"2025-10-06T19:01:32+00:00","og_image":[{"width":1250,"height":650,"url":"https:\/\/www.svalbardblues.com\/wp-content\/uploads\/2025\/10\/DSB_Illustrasjon_med_oyvind-r.jpg","type":"image\/jpeg"}],"twitter_misc":{"Est. reading time":"1 minute"},"schema":{"@context":"https:\/\/schema.org","@graph":[{"@type":"WebPage","@id":"https:\/\/www.svalbardblues.com\/en\/dsb\/artists\/oyvind-ronning\/","url":"https:\/\/www.svalbardblues.com\/en\/dsb\/artists\/oyvind-ronning\/","name":"\"Bluestalk\" with \u00d8yvind R\u00f8nning | SVALBARD","isPartOf":{"@id":"https:\/\/www.svalbardblues.com\/en\/#website"},"primaryImageOfPage":{"@id":"https:\/\/www.svalbardblues.com\/en\/dsb\/artists\/oyvind-ronning\/#primaryimage"},"image":{"@id":"https:\/\/www.svalbardblues.com\/en\/dsb\/artists\/oyvind-ronning\/#primaryimage"},"thumbnailUrl":"https:\/\/www.svalbardblues.com\/wp-content\/uploads\/2023\/10\/Oivind-ronning-JT-2019-dark-season-blues.jpg","datePublished":"2017-09-13T21:22:01+00:00","dateModified":"2025-10-06T19:01:32+00:00","description":"\u00d8yvind R\u00f8nning has been writing about music since the age of 15, the last 38 years as a journalist and reviewer for Dagbladet.","breadcrumb":{"@id":"https:\/\/www.svalbardblues.com\/en\/dsb\/artists\/oyvind-ronning\/#breadcrumb"},"inLanguage":"en-US","potentialAction":[{"@type":"ReadAction","target":["https:\/\/www.svalbardblues.com\/en\/dsb\/artists\/oyvind-ronning\/"]}]},{"@type":"ImageObject","inLanguage":"en-US","@id":"https:\/\/www.svalbardblues.com\/en\/dsb\/artists\/oyvind-ronning\/#primaryimage","url":"https:\/\/www.svalbardblues.com\/wp-content\/uploads\/2023\/10\/Oivind-ronning-JT-2019-dark-season-blues.jpg","contentUrl":"https:\/\/www.svalbardblues.com\/wp-content\/uploads\/2023\/10\/Oivind-ronning-JT-2019-dark-season-blues.jpg","width":1549,"height":1668},{"@type":"BreadcrumbList","@id":"https:\/\/www.svalbardblues.com\/en\/dsb\/artists\/oyvind-ronning\/#breadcrumb","itemListElement":[{"@type":"ListItem","position":1,"name":"Hjem","item":"https:\/\/www.svalbardblues.com\/en\/dark-season-blues-2-2\/"},{"@type":"ListItem","position":2,"name":"Dark Season Blues Spitsbergen","item":"https:\/\/www.svalbardblues.com\/en\/dsb\/"},{"@type":"ListItem","position":3,"name":"Artists | Dark Season Blues 2026","item":"https:\/\/www.svalbardblues.com\/en\/dsb\/artists\/"},{"@type":"ListItem","position":4,"name":"&#8220;Bluestalk&#8221; with \u00d8yvind R\u00f8nning"}]},{"@type":"WebSite","@id":"https:\/\/www.svalbardblues.com\/en\/#website","url":"https:\/\/www.svalbardblues.com\/en\/","name":"Dark Season Blues | SVALBARD","description":"The World&#039;s Northenmost Blues Festival","publisher":{"@id":"https:\/\/www.svalbardblues.com\/en\/#organization"},"potentialAction":[{"@type":"SearchAction","target":{"@type":"EntryPoint","urlTemplate":"https:\/\/www.svalbardblues.com\/en\/?s={search_term_string}"},"query-input":{"@type":"PropertyValueSpecification","valueRequired":true,"valueName":"search_term_string"}}],"inLanguage":"en-US"},{"@type":"Organization","@id":"https:\/\/www.svalbardblues.com\/en\/#organization","name":"Dark Season Blues","url":"https:\/\/www.svalbardblues.com\/en\/","logo":{"@type":"ImageObject","inLanguage":"en-US","@id":"https:\/\/www.svalbardblues.com\/en\/#\/schema\/logo\/image\/","url":"https:\/\/www.svalbardblues.com\/wp-content\/uploads\/2017\/06\/DSB2017-Illustrasjon-620.jpg","contentUrl":"https:\/\/www.svalbardblues.com\/wp-content\/uploads\/2017\/06\/DSB2017-Illustrasjon-620.jpg","width":620,"height":488,"caption":"Dark Season Blues"},"image":{"@id":"https:\/\/www.svalbardblues.com\/en\/#\/schema\/logo\/image\/"},"sameAs":["https:\/\/www.facebook.com\/DarkSeasonBlues","https:\/\/x.com\/DarkSeasonBlues","https:\/\/www.instagram.com\/darkseasonblues\/","https:\/\/no.wikipedia.org\/wiki\/Dark_Season_Blues"]}]}},"_links":{"self":[{"href":"https:\/\/www.svalbardblues.com\/en\/wp-json\/wp\/v2\/pages\/15589","targetHints":{"allow":["GET"]}}],"collection":[{"href":"https:\/\/www.svalbardblues.com\/en\/wp-json\/wp\/v2\/pages"}],"about":[{"href":"https:\/\/www.svalbardblues.com\/en\/wp-json\/wp\/v2\/types\/page"}],"author":[{"embeddable":true,"href":"https:\/\/www.svalbardblues.com\/en\/wp-json\/wp\/v2\/users\/1"}],"replies":[{"embeddable":true,"href":"https:\/\/www.svalbardblues.com\/en\/wp-json\/wp\/v2\/comments?post=15589"}],"version-history":[{"count":11,"href":"https:\/\/www.svalbardblues.com\/en\/wp-json\/wp\/v2\/pages\/15589\/revisions"}],"predecessor-version":[{"id":23132,"href":"https:\/\/www.svalbardblues.com\/en\/wp-json\/wp\/v2\/pages\/15589\/revisions\/23132"}],"up":[{"embeddable":true,"href":"https:\/\/www.svalbardblues.com\/en\/wp-json\/wp\/v2\/pages\/9253"}],"wp:featuredmedia":[{"embeddable":true,"href":"https:\/\/www.svalbardblues.com\/en\/wp-json\/wp\/v2\/media\/21440"}],"wp:attachment":[{"href":"https:\/\/www.svalbardblues.com\/en\/wp-json\/wp\/v2\/media?parent=15589"}],"curies":[{"name":"wp","href":"https:\/\/api.w.org\/{rel}","templated":true}]}}