{"id":16233,"date":"2018-09-23T23:48:26","date_gmt":"2018-09-23T23:48:26","guid":{"rendered":"https:\/\/www.svalbardblues.com\/dsb\/artists\/jake-green-band\/"},"modified":"2023-07-25T16:47:47","modified_gmt":"2023-07-25T16:47:47","slug":"jake-green-band","status":"publish","type":"page","link":"https:\/\/www.svalbardblues.com\/en\/dsb\/artists\/jake-green-band\/","title":{"rendered":"Jake Green Band (DK) | Dark Season Blues"},"content":{"rendered":"<p>[three_fourth]<\/p>\n<h1>Jake Green Band<\/h1>\n<p>[\/three_fourth]<br \/>\n[one_fourth_last]<br \/>\n[\/one_fourth_last]<\/p>\n<p>Jake Green Band er noks\u00e5 ubeskrevet i Norge, men hjemme i Danmark har denne power-trioen et godt fotfeste. Gitarist og vokalist Jake Green ble k\u00e5ret til \u00ab\u00c5rets bluesnavn\u00bb i hjemlandet i 2017. Han har spilt med de aller fleste i det danske bluesmilj\u00f8et, og siden 2006 har han ledet bluesjammen p\u00e5 legendariske Mojo Blues Bar i K\u00f8benhavn sentrum.<\/p>\n<p>Trioen spiller en miks av bluesrock, shuffles og slow blues, men Green g\u00e5r gjerne ogs\u00e5 Tom Waits i n\u00e6ringa. De ga ut et livealbum i 2011, og i 2015 kom studiodebuten \u00abPlugging In\u00bb med tolv l\u00e5ter som er blitt testet ut ettertrykkelig live de siste \u00e5ra. Med seg har Green trommeslager Hans Rosenberg og bassist Jens Simonsen. <\/p>\n<pre>Dark Season Blues\u00a92018<\/pre>\n<p>[youtube url=&#8221;DPxhDUDQ7WE&#8221; width=&#8221;600&#8243; height=&#8221;340&#8243; rel=&#8221;0&#8243; showsearch=&#8221;0&#8243;]<\/p>\n","protected":false},"excerpt":{"rendered":"<p>[three_fourth] Jake Green Band [\/three_fourth] [one_fourth_last] [\/one_fourth_last] Jake Green Band er noks\u00e5 ubeskrevet i Norge, men hjemme i Danmark har denne power-trioen et godt fotfeste. Gitarist og vokalist Jake Green ble k\u00e5ret til \u00ab\u00c5rets bluesnavn\u00bb i hjemlandet i 2017. Han har spilt med de aller fleste i det danske bluesmilj\u00f8et, og siden 2006 har han &#8230; <\/p>\n<p class=\"read-more-container\"><a title=\"Jake Green Band (DK) | Dark Season Blues\" class=\"read-more button\" href=\"https:\/\/www.svalbardblues.com\/en\/dsb\/artists\/jake-green-band\/#more-16233\" aria-label=\"Read more about Jake Green Band (DK) | Dark Season Blues\">Read more<\/a><\/p>\n","protected":false},"author":1,"featured_media":16131,"parent":9253,"menu_order":0,"comment_status":"closed","ping_status":"closed","template":"","meta":{"inline_featured_image":false,"footnotes":""},"class_list":["post-16233","page","type-page","status-publish","has-post-thumbnail"],"yoast_head":"<!-- This site is optimized with the Yoast SEO Premium plugin v26.2 (Yoast SEO v27.3) - https:\/\/yoast.com\/product\/yoast-seo-premium-wordpress\/ -->\n<title>Jake Green Band (DK) | Dark Season Blues | SVALBARD<\/title>\n<meta name=\"description\" content=\"Jake Green Band er noks\u00e5 ubeskrevet i Norge, men hjemme i Danmark har denne power-trioen et godt fotfeste.\" \/>\n<meta name=\"robots\" content=\"index, follow, max-snippet:-1, max-image-preview:large, max-video-preview:-1\" \/>\n<link rel=\"canonical\" href=\"https:\/\/www.svalbardblues.com\/en\/dsb\/artists\/jake-green-band\/\" \/>\n<meta property=\"og:locale\" content=\"en_US\" \/>\n<meta property=\"og:type\" content=\"article\" \/>\n<meta property=\"og:title\" content=\"Jake Green Band (DK) | Dark Season Blues\" \/>\n<meta property=\"og:description\" content=\"Jake Green Band er noks\u00e5 ubeskrevet i Norge, men hjemme i Danmark har denne power-trioen et godt fotfeste.\" \/>\n<meta property=\"og:url\" content=\"https:\/\/www.svalbardblues.com\/en\/dsb\/artists\/jake-green-band\/\" \/>\n<meta property=\"og:site_name\" content=\"Dark Season Blues | SVALBARD\" \/>\n<meta property=\"article:publisher\" content=\"https:\/\/www.facebook.com\/DarkSeasonBlues\" \/>\n<meta property=\"article:modified_time\" content=\"2023-07-25T16:47:47+00:00\" \/>\n<meta property=\"og:image\" content=\"https:\/\/www.svalbardblues.com\/wp-content\/uploads\/2018\/09\/Jake-green-band-darkseasonblues-647.jpg\" \/>\n\t<meta property=\"og:image:width\" content=\"647\" \/>\n\t<meta property=\"og:image:height\" content=\"274\" \/>\n\t<meta property=\"og:image:type\" content=\"image\/jpeg\" \/>\n<meta name=\"twitter:label1\" content=\"Est. reading time\" \/>\n\t<meta name=\"twitter:data1\" content=\"1 minute\" \/>\n<script type=\"application\/ld+json\" class=\"yoast-schema-graph\">{\"@context\":\"https:\\\/\\\/schema.org\",\"@graph\":[{\"@type\":\"WebPage\",\"@id\":\"https:\\\/\\\/www.svalbardblues.com\\\/en\\\/dsb\\\/artists\\\/jake-green-band\\\/\",\"url\":\"https:\\\/\\\/www.svalbardblues.com\\\/en\\\/dsb\\\/artists\\\/jake-green-band\\\/\",\"name\":\"Jake Green Band (DK) | Dark Season Blues | SVALBARD\",\"isPartOf\":{\"@id\":\"https:\\\/\\\/www.svalbardblues.com\\\/en\\\/#website\"},\"primaryImageOfPage\":{\"@id\":\"https:\\\/\\\/www.svalbardblues.com\\\/en\\\/dsb\\\/artists\\\/jake-green-band\\\/#primaryimage\"},\"image\":{\"@id\":\"https:\\\/\\\/www.svalbardblues.com\\\/en\\\/dsb\\\/artists\\\/jake-green-band\\\/#primaryimage\"},\"thumbnailUrl\":\"https:\\\/\\\/www.svalbardblues.com\\\/wp-content\\\/uploads\\\/2018\\\/09\\\/Jake-green-band-darkseasonblues-647.jpg\",\"datePublished\":\"2018-09-23T23:48:26+00:00\",\"dateModified\":\"2023-07-25T16:47:47+00:00\",\"description\":\"Jake Green Band er noks\u00e5 ubeskrevet i Norge, men hjemme i Danmark har denne power-trioen et godt fotfeste.\",\"breadcrumb\":{\"@id\":\"https:\\\/\\\/www.svalbardblues.com\\\/en\\\/dsb\\\/artists\\\/jake-green-band\\\/#breadcrumb\"},\"inLanguage\":\"en-US\",\"potentialAction\":[{\"@type\":\"ReadAction\",\"target\":[\"https:\\\/\\\/www.svalbardblues.com\\\/en\\\/dsb\\\/artists\\\/jake-green-band\\\/\"]}]},{\"@type\":\"ImageObject\",\"inLanguage\":\"en-US\",\"@id\":\"https:\\\/\\\/www.svalbardblues.com\\\/en\\\/dsb\\\/artists\\\/jake-green-band\\\/#primaryimage\",\"url\":\"https:\\\/\\\/www.svalbardblues.com\\\/wp-content\\\/uploads\\\/2018\\\/09\\\/Jake-green-band-darkseasonblues-647.jpg\",\"contentUrl\":\"https:\\\/\\\/www.svalbardblues.com\\\/wp-content\\\/uploads\\\/2018\\\/09\\\/Jake-green-band-darkseasonblues-647.jpg\",\"width\":647,\"height\":274,\"caption\":\"Jake Green Band\"},{\"@type\":\"BreadcrumbList\",\"@id\":\"https:\\\/\\\/www.svalbardblues.com\\\/en\\\/dsb\\\/artists\\\/jake-green-band\\\/#breadcrumb\",\"itemListElement\":[{\"@type\":\"ListItem\",\"position\":1,\"name\":\"Hjem\",\"item\":\"https:\\\/\\\/www.svalbardblues.com\\\/en\\\/dark-season-blues-2-2\\\/\"},{\"@type\":\"ListItem\",\"position\":2,\"name\":\"Dark Season Blues Spitsbergen\",\"item\":\"https:\\\/\\\/www.svalbardblues.com\\\/en\\\/dsb\\\/\"},{\"@type\":\"ListItem\",\"position\":3,\"name\":\"Artists | Dark Season Blues 2026\",\"item\":\"https:\\\/\\\/www.svalbardblues.com\\\/en\\\/dsb\\\/artists\\\/\"},{\"@type\":\"ListItem\",\"position\":4,\"name\":\"Jake Green Band (DK) | Dark Season Blues\"}]},{\"@type\":\"WebSite\",\"@id\":\"https:\\\/\\\/www.svalbardblues.com\\\/en\\\/#website\",\"url\":\"https:\\\/\\\/www.svalbardblues.com\\\/en\\\/\",\"name\":\"Dark Season Blues | SVALBARD\",\"description\":\"The World&#039;s Northenmost Blues Festival\",\"publisher\":{\"@id\":\"https:\\\/\\\/www.svalbardblues.com\\\/en\\\/#organization\"},\"potentialAction\":[{\"@type\":\"SearchAction\",\"target\":{\"@type\":\"EntryPoint\",\"urlTemplate\":\"https:\\\/\\\/www.svalbardblues.com\\\/en\\\/?s={search_term_string}\"},\"query-input\":{\"@type\":\"PropertyValueSpecification\",\"valueRequired\":true,\"valueName\":\"search_term_string\"}}],\"inLanguage\":\"en-US\"},{\"@type\":\"Organization\",\"@id\":\"https:\\\/\\\/www.svalbardblues.com\\\/en\\\/#organization\",\"name\":\"Dark Season Blues\",\"url\":\"https:\\\/\\\/www.svalbardblues.com\\\/en\\\/\",\"logo\":{\"@type\":\"ImageObject\",\"inLanguage\":\"en-US\",\"@id\":\"https:\\\/\\\/www.svalbardblues.com\\\/en\\\/#\\\/schema\\\/logo\\\/image\\\/\",\"url\":\"https:\\\/\\\/www.svalbardblues.com\\\/wp-content\\\/uploads\\\/2017\\\/06\\\/DSB2017-Illustrasjon-620.jpg\",\"contentUrl\":\"https:\\\/\\\/www.svalbardblues.com\\\/wp-content\\\/uploads\\\/2017\\\/06\\\/DSB2017-Illustrasjon-620.jpg\",\"width\":620,\"height\":488,\"caption\":\"Dark Season Blues\"},\"image\":{\"@id\":\"https:\\\/\\\/www.svalbardblues.com\\\/en\\\/#\\\/schema\\\/logo\\\/image\\\/\"},\"sameAs\":[\"https:\\\/\\\/www.facebook.com\\\/DarkSeasonBlues\",\"https:\\\/\\\/x.com\\\/DarkSeasonBlues\",\"https:\\\/\\\/www.instagram.com\\\/darkseasonblues\\\/\",\"https:\\\/\\\/no.wikipedia.org\\\/wiki\\\/Dark_Season_Blues\"]}]}<\/script>\n<!-- \/ Yoast SEO Premium plugin. -->","yoast_head_json":{"title":"Jake Green Band (DK) | Dark Season Blues | SVALBARD","description":"Jake Green Band er noks\u00e5 ubeskrevet i Norge, men hjemme i Danmark har denne power-trioen et godt fotfeste.","robots":{"index":"index","follow":"follow","max-snippet":"max-snippet:-1","max-image-preview":"max-image-preview:large","max-video-preview":"max-video-preview:-1"},"canonical":"https:\/\/www.svalbardblues.com\/en\/dsb\/artists\/jake-green-band\/","og_locale":"en_US","og_type":"article","og_title":"Jake Green Band (DK) | Dark Season Blues","og_description":"Jake Green Band er noks\u00e5 ubeskrevet i Norge, men hjemme i Danmark har denne power-trioen et godt fotfeste.","og_url":"https:\/\/www.svalbardblues.com\/en\/dsb\/artists\/jake-green-band\/","og_site_name":"Dark Season Blues | SVALBARD","article_publisher":"https:\/\/www.facebook.com\/DarkSeasonBlues","article_modified_time":"2023-07-25T16:47:47+00:00","og_image":[{"width":647,"height":274,"url":"https:\/\/www.svalbardblues.com\/wp-content\/uploads\/2018\/09\/Jake-green-band-darkseasonblues-647.jpg","type":"image\/jpeg"}],"twitter_misc":{"Est. reading time":"1 minute"},"schema":{"@context":"https:\/\/schema.org","@graph":[{"@type":"WebPage","@id":"https:\/\/www.svalbardblues.com\/en\/dsb\/artists\/jake-green-band\/","url":"https:\/\/www.svalbardblues.com\/en\/dsb\/artists\/jake-green-band\/","name":"Jake Green Band (DK) | Dark Season Blues | SVALBARD","isPartOf":{"@id":"https:\/\/www.svalbardblues.com\/en\/#website"},"primaryImageOfPage":{"@id":"https:\/\/www.svalbardblues.com\/en\/dsb\/artists\/jake-green-band\/#primaryimage"},"image":{"@id":"https:\/\/www.svalbardblues.com\/en\/dsb\/artists\/jake-green-band\/#primaryimage"},"thumbnailUrl":"https:\/\/www.svalbardblues.com\/wp-content\/uploads\/2018\/09\/Jake-green-band-darkseasonblues-647.jpg","datePublished":"2018-09-23T23:48:26+00:00","dateModified":"2023-07-25T16:47:47+00:00","description":"Jake Green Band er noks\u00e5 ubeskrevet i Norge, men hjemme i Danmark har denne power-trioen et godt fotfeste.","breadcrumb":{"@id":"https:\/\/www.svalbardblues.com\/en\/dsb\/artists\/jake-green-band\/#breadcrumb"},"inLanguage":"en-US","potentialAction":[{"@type":"ReadAction","target":["https:\/\/www.svalbardblues.com\/en\/dsb\/artists\/jake-green-band\/"]}]},{"@type":"ImageObject","inLanguage":"en-US","@id":"https:\/\/www.svalbardblues.com\/en\/dsb\/artists\/jake-green-band\/#primaryimage","url":"https:\/\/www.svalbardblues.com\/wp-content\/uploads\/2018\/09\/Jake-green-band-darkseasonblues-647.jpg","contentUrl":"https:\/\/www.svalbardblues.com\/wp-content\/uploads\/2018\/09\/Jake-green-band-darkseasonblues-647.jpg","width":647,"height":274,"caption":"Jake Green Band"},{"@type":"BreadcrumbList","@id":"https:\/\/www.svalbardblues.com\/en\/dsb\/artists\/jake-green-band\/#breadcrumb","itemListElement":[{"@type":"ListItem","position":1,"name":"Hjem","item":"https:\/\/www.svalbardblues.com\/en\/dark-season-blues-2-2\/"},{"@type":"ListItem","position":2,"name":"Dark Season Blues Spitsbergen","item":"https:\/\/www.svalbardblues.com\/en\/dsb\/"},{"@type":"ListItem","position":3,"name":"Artists | Dark Season Blues 2026","item":"https:\/\/www.svalbardblues.com\/en\/dsb\/artists\/"},{"@type":"ListItem","position":4,"name":"Jake Green Band (DK) | Dark Season Blues"}]},{"@type":"WebSite","@id":"https:\/\/www.svalbardblues.com\/en\/#website","url":"https:\/\/www.svalbardblues.com\/en\/","name":"Dark Season Blues | SVALBARD","description":"The World&#039;s Northenmost Blues Festival","publisher":{"@id":"https:\/\/www.svalbardblues.com\/en\/#organization"},"potentialAction":[{"@type":"SearchAction","target":{"@type":"EntryPoint","urlTemplate":"https:\/\/www.svalbardblues.com\/en\/?s={search_term_string}"},"query-input":{"@type":"PropertyValueSpecification","valueRequired":true,"valueName":"search_term_string"}}],"inLanguage":"en-US"},{"@type":"Organization","@id":"https:\/\/www.svalbardblues.com\/en\/#organization","name":"Dark Season Blues","url":"https:\/\/www.svalbardblues.com\/en\/","logo":{"@type":"ImageObject","inLanguage":"en-US","@id":"https:\/\/www.svalbardblues.com\/en\/#\/schema\/logo\/image\/","url":"https:\/\/www.svalbardblues.com\/wp-content\/uploads\/2017\/06\/DSB2017-Illustrasjon-620.jpg","contentUrl":"https:\/\/www.svalbardblues.com\/wp-content\/uploads\/2017\/06\/DSB2017-Illustrasjon-620.jpg","width":620,"height":488,"caption":"Dark Season Blues"},"image":{"@id":"https:\/\/www.svalbardblues.com\/en\/#\/schema\/logo\/image\/"},"sameAs":["https:\/\/www.facebook.com\/DarkSeasonBlues","https:\/\/x.com\/DarkSeasonBlues","https:\/\/www.instagram.com\/darkseasonblues\/","https:\/\/no.wikipedia.org\/wiki\/Dark_Season_Blues"]}]}},"_links":{"self":[{"href":"https:\/\/www.svalbardblues.com\/en\/wp-json\/wp\/v2\/pages\/16233","targetHints":{"allow":["GET"]}}],"collection":[{"href":"https:\/\/www.svalbardblues.com\/en\/wp-json\/wp\/v2\/pages"}],"about":[{"href":"https:\/\/www.svalbardblues.com\/en\/wp-json\/wp\/v2\/types\/page"}],"author":[{"embeddable":true,"href":"https:\/\/www.svalbardblues.com\/en\/wp-json\/wp\/v2\/users\/1"}],"replies":[{"embeddable":true,"href":"https:\/\/www.svalbardblues.com\/en\/wp-json\/wp\/v2\/comments?post=16233"}],"version-history":[{"count":1,"href":"https:\/\/www.svalbardblues.com\/en\/wp-json\/wp\/v2\/pages\/16233\/revisions"}],"predecessor-version":[{"id":20656,"href":"https:\/\/www.svalbardblues.com\/en\/wp-json\/wp\/v2\/pages\/16233\/revisions\/20656"}],"up":[{"embeddable":true,"href":"https:\/\/www.svalbardblues.com\/en\/wp-json\/wp\/v2\/pages\/9253"}],"wp:featuredmedia":[{"embeddable":true,"href":"https:\/\/www.svalbardblues.com\/en\/wp-json\/wp\/v2\/media\/16131"}],"wp:attachment":[{"href":"https:\/\/www.svalbardblues.com\/en\/wp-json\/wp\/v2\/media?parent=16233"}],"curies":[{"name":"wp","href":"https:\/\/api.w.org\/{rel}","templated":true}]}}