{"id":16234,"date":"2018-09-23T22:01:39","date_gmt":"2018-09-23T22:01:39","guid":{"rendered":"https:\/\/www.svalbardblues.com\/dsb\/artists\/pilgrims\/"},"modified":"2018-10-14T22:01:31","modified_gmt":"2018-10-14T22:01:31","slug":"pilgrims","status":"publish","type":"page","link":"https:\/\/www.svalbardblues.com\/en\/dsb\/artists\/pilgrims\/","title":{"rendered":"Pilgrims (NO) | Dark Season Blues"},"content":{"rendered":"<p>[three_fourth]<\/p>\n<h1>Pilgrims<\/h1>\n<p>[\/three_fourth]<br \/>\n[one_fourth_last]<br \/>\n[\/one_fourth_last] <\/p>\n<p>Never heard of Pilgrims? We hadn\u2019t either \u2013 but two of the three members have played have played Dark Season Blues in the past. Vocalist and guitarist Thor L\u00f8nning (Humbug, The Blackbirds, Deadwood) and dobro player Knut Hem (Respatexans, \u00d8ystein Sunde, Reidar Larsen) have brought along Lars Fredrik Beckstr\u00f8m (deLillos, Beckstr\u00f8m Kvartett) along this time on vocals and mandolin. The trio is playing their first concert here at the festival.<\/p>\n<p>Love of traditional American folk music, or roots if you like, brought them together. After Dark Season Blues in 2013, L\u00f8nning &#038; Hem performed a follow-up concert at Buckleys in Oslo, with Beckstr\u00f8m as a guest artist. This turned out to be a great match, and finally they have found the time to make something more of it. The trio plays an eclectic cocktail of music from their differing sources of inspiration: Thor with the rawness and violence of punk, Lars Fredrik as one of the driving forces behind deLillos and Hem with his magic touch and virtuosity on the dobro.   <\/p>\n<pre>Dark Season Blues\u00a92018<\/pre>\n","protected":false},"excerpt":{"rendered":"<p>[three_fourth] Pilgrims [\/three_fourth] [one_fourth_last] [\/one_fourth_last] Never heard of Pilgrims? We hadn\u2019t either \u2013 but two of the three members have played have played Dark Season Blues in the past. Vocalist and guitarist Thor L\u00f8nning (Humbug, The Blackbirds, Deadwood) and dobro player Knut Hem (Respatexans, \u00d8ystein Sunde, Reidar Larsen) have brought along Lars Fredrik Beckstr\u00f8m (deLillos, &#8230; <\/p>\n<p class=\"read-more-container\"><a title=\"Pilgrims (NO) | Dark Season Blues\" class=\"read-more button\" href=\"https:\/\/www.svalbardblues.com\/en\/dsb\/artists\/pilgrims\/#more-16234\" aria-label=\"Read more about Pilgrims (NO) | Dark Season Blues\">Read more<\/a><\/p>\n","protected":false},"author":1,"featured_media":16070,"parent":9253,"menu_order":0,"comment_status":"closed","ping_status":"closed","template":"","meta":{"inline_featured_image":false,"footnotes":""},"class_list":["post-16234","page","type-page","status-publish","has-post-thumbnail"],"yoast_head":"<!-- This site is optimized with the Yoast SEO Premium plugin v26.2 (Yoast SEO v27.4) - https:\/\/yoast.com\/product\/yoast-seo-premium-wordpress\/ -->\n<title>Pilgrims (NO) | Dark Season Blues | SVALBARD<\/title>\n<meta name=\"description\" content=\"The trio plays an eclectic cocktail of music from their differing sources of inspiration\" \/>\n<meta name=\"robots\" content=\"index, follow, max-snippet:-1, max-image-preview:large, max-video-preview:-1\" \/>\n<link rel=\"canonical\" href=\"https:\/\/www.svalbardblues.com\/en\/dsb\/artists\/pilgrims\/\" \/>\n<meta property=\"og:locale\" content=\"en_US\" \/>\n<meta property=\"og:type\" content=\"article\" \/>\n<meta property=\"og:title\" content=\"Pilgrims (NO) | Dark Season Blues\" \/>\n<meta property=\"og:description\" content=\"The trio plays an eclectic cocktail of music from their differing sources of inspiration\" \/>\n<meta property=\"og:url\" content=\"https:\/\/www.svalbardblues.com\/en\/dsb\/artists\/pilgrims\/\" \/>\n<meta property=\"og:site_name\" content=\"Dark Season Blues | SVALBARD\" \/>\n<meta property=\"article:publisher\" content=\"https:\/\/www.facebook.com\/DarkSeasonBlues\" \/>\n<meta property=\"article:modified_time\" content=\"2018-10-14T22:01:31+00:00\" \/>\n<meta property=\"og:image\" content=\"https:\/\/www.svalbardblues.com\/wp-content\/uploads\/2018\/09\/Pilgrims-DSB2018-647.jpg\" \/>\n\t<meta property=\"og:image:width\" content=\"647\" \/>\n\t<meta property=\"og:image:height\" content=\"274\" \/>\n\t<meta property=\"og:image:type\" content=\"image\/jpeg\" \/>\n<meta name=\"twitter:label1\" content=\"Est. reading time\" \/>\n\t<meta name=\"twitter:data1\" content=\"1 minute\" \/>\n<script type=\"application\/ld+json\" class=\"yoast-schema-graph\">{\"@context\":\"https:\\\/\\\/schema.org\",\"@graph\":[{\"@type\":\"WebPage\",\"@id\":\"https:\\\/\\\/www.svalbardblues.com\\\/en\\\/dsb\\\/artists\\\/pilgrims\\\/\",\"url\":\"https:\\\/\\\/www.svalbardblues.com\\\/en\\\/dsb\\\/artists\\\/pilgrims\\\/\",\"name\":\"Pilgrims (NO) | Dark Season Blues | SVALBARD\",\"isPartOf\":{\"@id\":\"https:\\\/\\\/www.svalbardblues.com\\\/en\\\/#website\"},\"primaryImageOfPage\":{\"@id\":\"https:\\\/\\\/www.svalbardblues.com\\\/en\\\/dsb\\\/artists\\\/pilgrims\\\/#primaryimage\"},\"image\":{\"@id\":\"https:\\\/\\\/www.svalbardblues.com\\\/en\\\/dsb\\\/artists\\\/pilgrims\\\/#primaryimage\"},\"thumbnailUrl\":\"https:\\\/\\\/www.svalbardblues.com\\\/wp-content\\\/uploads\\\/2018\\\/09\\\/Pilgrims-DSB2018-647.jpg\",\"datePublished\":\"2018-09-23T22:01:39+00:00\",\"dateModified\":\"2018-10-14T22:01:31+00:00\",\"description\":\"The trio plays an eclectic cocktail of music from their differing sources of inspiration\",\"breadcrumb\":{\"@id\":\"https:\\\/\\\/www.svalbardblues.com\\\/en\\\/dsb\\\/artists\\\/pilgrims\\\/#breadcrumb\"},\"inLanguage\":\"en-US\",\"potentialAction\":[{\"@type\":\"ReadAction\",\"target\":[\"https:\\\/\\\/www.svalbardblues.com\\\/en\\\/dsb\\\/artists\\\/pilgrims\\\/\"]}]},{\"@type\":\"ImageObject\",\"inLanguage\":\"en-US\",\"@id\":\"https:\\\/\\\/www.svalbardblues.com\\\/en\\\/dsb\\\/artists\\\/pilgrims\\\/#primaryimage\",\"url\":\"https:\\\/\\\/www.svalbardblues.com\\\/wp-content\\\/uploads\\\/2018\\\/09\\\/Pilgrims-DSB2018-647.jpg\",\"contentUrl\":\"https:\\\/\\\/www.svalbardblues.com\\\/wp-content\\\/uploads\\\/2018\\\/09\\\/Pilgrims-DSB2018-647.jpg\",\"width\":647,\"height\":274,\"caption\":\"Pilgrims (NO)\"},{\"@type\":\"BreadcrumbList\",\"@id\":\"https:\\\/\\\/www.svalbardblues.com\\\/en\\\/dsb\\\/artists\\\/pilgrims\\\/#breadcrumb\",\"itemListElement\":[{\"@type\":\"ListItem\",\"position\":1,\"name\":\"Hjem\",\"item\":\"https:\\\/\\\/www.svalbardblues.com\\\/en\\\/\"},{\"@type\":\"ListItem\",\"position\":2,\"name\":\"Dark Season Blues Spitsbergen\",\"item\":\"https:\\\/\\\/www.svalbardblues.com\\\/en\\\/dsb\\\/\"},{\"@type\":\"ListItem\",\"position\":3,\"name\":\"Artists | Dark Season Blues 2026\",\"item\":\"https:\\\/\\\/www.svalbardblues.com\\\/en\\\/dsb\\\/artists\\\/\"},{\"@type\":\"ListItem\",\"position\":4,\"name\":\"Pilgrims (NO) | Dark Season Blues\"}]},{\"@type\":\"WebSite\",\"@id\":\"https:\\\/\\\/www.svalbardblues.com\\\/en\\\/#website\",\"url\":\"https:\\\/\\\/www.svalbardblues.com\\\/en\\\/\",\"name\":\"Dark Season Blues | SVALBARD\",\"description\":\"The World&#039;s Northenmost Blues Festival\",\"publisher\":{\"@id\":\"https:\\\/\\\/www.svalbardblues.com\\\/en\\\/#organization\"},\"potentialAction\":[{\"@type\":\"SearchAction\",\"target\":{\"@type\":\"EntryPoint\",\"urlTemplate\":\"https:\\\/\\\/www.svalbardblues.com\\\/en\\\/?s={search_term_string}\"},\"query-input\":{\"@type\":\"PropertyValueSpecification\",\"valueRequired\":true,\"valueName\":\"search_term_string\"}}],\"inLanguage\":\"en-US\"},{\"@type\":\"Organization\",\"@id\":\"https:\\\/\\\/www.svalbardblues.com\\\/en\\\/#organization\",\"name\":\"Dark Season Blues\",\"url\":\"https:\\\/\\\/www.svalbardblues.com\\\/en\\\/\",\"logo\":{\"@type\":\"ImageObject\",\"inLanguage\":\"en-US\",\"@id\":\"https:\\\/\\\/www.svalbardblues.com\\\/en\\\/#\\\/schema\\\/logo\\\/image\\\/\",\"url\":\"https:\\\/\\\/www.svalbardblues.com\\\/wp-content\\\/uploads\\\/2017\\\/06\\\/DSB2017-Illustrasjon-620.jpg\",\"contentUrl\":\"https:\\\/\\\/www.svalbardblues.com\\\/wp-content\\\/uploads\\\/2017\\\/06\\\/DSB2017-Illustrasjon-620.jpg\",\"width\":620,\"height\":488,\"caption\":\"Dark Season Blues\"},\"image\":{\"@id\":\"https:\\\/\\\/www.svalbardblues.com\\\/en\\\/#\\\/schema\\\/logo\\\/image\\\/\"},\"sameAs\":[\"https:\\\/\\\/www.facebook.com\\\/DarkSeasonBlues\",\"https:\\\/\\\/x.com\\\/DarkSeasonBlues\",\"https:\\\/\\\/www.instagram.com\\\/darkseasonblues\\\/\",\"https:\\\/\\\/no.wikipedia.org\\\/wiki\\\/Dark_Season_Blues\"]}]}<\/script>\n<!-- \/ Yoast SEO Premium plugin. -->","yoast_head_json":{"title":"Pilgrims (NO) | Dark Season Blues | SVALBARD","description":"The trio plays an eclectic cocktail of music from their differing sources of inspiration","robots":{"index":"index","follow":"follow","max-snippet":"max-snippet:-1","max-image-preview":"max-image-preview:large","max-video-preview":"max-video-preview:-1"},"canonical":"https:\/\/www.svalbardblues.com\/en\/dsb\/artists\/pilgrims\/","og_locale":"en_US","og_type":"article","og_title":"Pilgrims (NO) | Dark Season Blues","og_description":"The trio plays an eclectic cocktail of music from their differing sources of inspiration","og_url":"https:\/\/www.svalbardblues.com\/en\/dsb\/artists\/pilgrims\/","og_site_name":"Dark Season Blues | SVALBARD","article_publisher":"https:\/\/www.facebook.com\/DarkSeasonBlues","article_modified_time":"2018-10-14T22:01:31+00:00","og_image":[{"width":647,"height":274,"url":"https:\/\/www.svalbardblues.com\/wp-content\/uploads\/2018\/09\/Pilgrims-DSB2018-647.jpg","type":"image\/jpeg"}],"twitter_misc":{"Est. reading time":"1 minute"},"schema":{"@context":"https:\/\/schema.org","@graph":[{"@type":"WebPage","@id":"https:\/\/www.svalbardblues.com\/en\/dsb\/artists\/pilgrims\/","url":"https:\/\/www.svalbardblues.com\/en\/dsb\/artists\/pilgrims\/","name":"Pilgrims (NO) | Dark Season Blues | SVALBARD","isPartOf":{"@id":"https:\/\/www.svalbardblues.com\/en\/#website"},"primaryImageOfPage":{"@id":"https:\/\/www.svalbardblues.com\/en\/dsb\/artists\/pilgrims\/#primaryimage"},"image":{"@id":"https:\/\/www.svalbardblues.com\/en\/dsb\/artists\/pilgrims\/#primaryimage"},"thumbnailUrl":"https:\/\/www.svalbardblues.com\/wp-content\/uploads\/2018\/09\/Pilgrims-DSB2018-647.jpg","datePublished":"2018-09-23T22:01:39+00:00","dateModified":"2018-10-14T22:01:31+00:00","description":"The trio plays an eclectic cocktail of music from their differing sources of inspiration","breadcrumb":{"@id":"https:\/\/www.svalbardblues.com\/en\/dsb\/artists\/pilgrims\/#breadcrumb"},"inLanguage":"en-US","potentialAction":[{"@type":"ReadAction","target":["https:\/\/www.svalbardblues.com\/en\/dsb\/artists\/pilgrims\/"]}]},{"@type":"ImageObject","inLanguage":"en-US","@id":"https:\/\/www.svalbardblues.com\/en\/dsb\/artists\/pilgrims\/#primaryimage","url":"https:\/\/www.svalbardblues.com\/wp-content\/uploads\/2018\/09\/Pilgrims-DSB2018-647.jpg","contentUrl":"https:\/\/www.svalbardblues.com\/wp-content\/uploads\/2018\/09\/Pilgrims-DSB2018-647.jpg","width":647,"height":274,"caption":"Pilgrims (NO)"},{"@type":"BreadcrumbList","@id":"https:\/\/www.svalbardblues.com\/en\/dsb\/artists\/pilgrims\/#breadcrumb","itemListElement":[{"@type":"ListItem","position":1,"name":"Hjem","item":"https:\/\/www.svalbardblues.com\/en\/"},{"@type":"ListItem","position":2,"name":"Dark Season Blues Spitsbergen","item":"https:\/\/www.svalbardblues.com\/en\/dsb\/"},{"@type":"ListItem","position":3,"name":"Artists | Dark Season Blues 2026","item":"https:\/\/www.svalbardblues.com\/en\/dsb\/artists\/"},{"@type":"ListItem","position":4,"name":"Pilgrims (NO) | Dark Season Blues"}]},{"@type":"WebSite","@id":"https:\/\/www.svalbardblues.com\/en\/#website","url":"https:\/\/www.svalbardblues.com\/en\/","name":"Dark Season Blues | SVALBARD","description":"The World&#039;s Northenmost Blues Festival","publisher":{"@id":"https:\/\/www.svalbardblues.com\/en\/#organization"},"potentialAction":[{"@type":"SearchAction","target":{"@type":"EntryPoint","urlTemplate":"https:\/\/www.svalbardblues.com\/en\/?s={search_term_string}"},"query-input":{"@type":"PropertyValueSpecification","valueRequired":true,"valueName":"search_term_string"}}],"inLanguage":"en-US"},{"@type":"Organization","@id":"https:\/\/www.svalbardblues.com\/en\/#organization","name":"Dark Season Blues","url":"https:\/\/www.svalbardblues.com\/en\/","logo":{"@type":"ImageObject","inLanguage":"en-US","@id":"https:\/\/www.svalbardblues.com\/en\/#\/schema\/logo\/image\/","url":"https:\/\/www.svalbardblues.com\/wp-content\/uploads\/2017\/06\/DSB2017-Illustrasjon-620.jpg","contentUrl":"https:\/\/www.svalbardblues.com\/wp-content\/uploads\/2017\/06\/DSB2017-Illustrasjon-620.jpg","width":620,"height":488,"caption":"Dark Season Blues"},"image":{"@id":"https:\/\/www.svalbardblues.com\/en\/#\/schema\/logo\/image\/"},"sameAs":["https:\/\/www.facebook.com\/DarkSeasonBlues","https:\/\/x.com\/DarkSeasonBlues","https:\/\/www.instagram.com\/darkseasonblues\/","https:\/\/no.wikipedia.org\/wiki\/Dark_Season_Blues"]}]}},"_links":{"self":[{"href":"https:\/\/www.svalbardblues.com\/en\/wp-json\/wp\/v2\/pages\/16234","targetHints":{"allow":["GET"]}}],"collection":[{"href":"https:\/\/www.svalbardblues.com\/en\/wp-json\/wp\/v2\/pages"}],"about":[{"href":"https:\/\/www.svalbardblues.com\/en\/wp-json\/wp\/v2\/types\/page"}],"author":[{"embeddable":true,"href":"https:\/\/www.svalbardblues.com\/en\/wp-json\/wp\/v2\/users\/1"}],"replies":[{"embeddable":true,"href":"https:\/\/www.svalbardblues.com\/en\/wp-json\/wp\/v2\/comments?post=16234"}],"version-history":[{"count":0,"href":"https:\/\/www.svalbardblues.com\/en\/wp-json\/wp\/v2\/pages\/16234\/revisions"}],"up":[{"embeddable":true,"href":"https:\/\/www.svalbardblues.com\/en\/wp-json\/wp\/v2\/pages\/9253"}],"wp:featuredmedia":[{"embeddable":true,"href":"https:\/\/www.svalbardblues.com\/en\/wp-json\/wp\/v2\/media\/16070"}],"wp:attachment":[{"href":"https:\/\/www.svalbardblues.com\/en\/wp-json\/wp\/v2\/media?parent=16234"}],"curies":[{"name":"wp","href":"https:\/\/api.w.org\/{rel}","templated":true}]}}