{"id":20295,"date":"2023-07-06T07:48:35","date_gmt":"2023-07-06T07:48:35","guid":{"rendered":"https:\/\/www.svalbardblues.com\/?page_id=20295"},"modified":"2023-07-25T17:20:05","modified_gmt":"2023-07-25T17:20:05","slug":"junipher-greene","status":"publish","type":"page","link":"https:\/\/www.svalbardblues.com\/en\/dsb\/artists\/junipher-greene\/","title":{"rendered":"Junipher Greene (NO)"},"content":{"rendered":"\n<p class=\"has-drop-cap\">It is an honor to welcome the Norwegian prog rock legends to Dark Season Blues. Junipher Greene was one of the first progressive group from Norway. They started as a blues band in Oslo in 1965. The inspiration came from British blues and later Chicago blues, but the style gradually changed more in the direction of progressive rock.  Junipher Greene made Norwegian history in 1971 by releasing Norway&#8217;s first double album &#8220;Friendship&#8221; &#8211; with an iconic picture painted by a 23-year-old Odd Nerdrum as a fold-out cover.<\/p>\n\n\n\n<p>The initial line-up included Bent \u00c5serud on guitars, keyboards, flute and vocals, Geir B\u00f8hren on lead vocals, drums and sax, Helge Gr\u00f8slie on keyboards, Freddy Dahl on guitar and vocals and \u00d8yvind Vilbo on bass. Jon-Willy Rydningen (Hammond B3) has been a member since 2008.  In 2007, &#8220;Friendship&#8221; was voted Norway&#8217;s best pop\/rock album in an award in the newspaper Dagens N\u00e6ringsliv, and the following year the band began a series of reunion concerts.  <\/p>\n\n\n\n<p>After a break for a few years, the band is again ready to celebrate the legendary album, this time in Longyearbyen. Svalbard has a special place in the consciousness of Geir B\u00f8hren (drums) and Bent \u00c5serud (guitar\/harmonica\/flutes). The duo is behind the music for more than 30 films and 25 TV series, including the movie success &#8220;Orion&#8217;s Belt&#8221; &#8211; where the action is set on the island. They have promised to play the theme from the movie when they perform at this year&#8217;s festival.     <\/p>\n\n\n\n<p class=\"has-text-align-center has-background\" style=\"background-color:#e2e2e2;font-size:12px\"><strong>Dark Season Blues\u00a92023<\/strong><\/p>\n\n\n\n<figure class=\"wp-block-embed is-type-video is-provider-youtube wp-block-embed-youtube wp-embed-aspect-16-9 wp-has-aspect-ratio\"><div class=\"wp-block-embed__wrapper\">\n<iframe title=\"Junipher Greene med &quot;Friendship&quot; \u2013 Fantastisk live-versjon av tittelsporet p\u00e5 Rockefeller 24.01.15\" width=\"1200\" height=\"675\" src=\"https:\/\/www.youtube.com\/embed\/oMA8lc_PKHw?feature=oembed\" frameborder=\"0\" allow=\"accelerometer; autoplay; clipboard-write; encrypted-media; gyroscope; picture-in-picture; web-share\" allowfullscreen><\/iframe>\n<\/div><\/figure>\n","protected":false},"excerpt":{"rendered":"<p>It is an honor to welcome the Norwegian prog rock legends to Dark Season Blues. Junipher Greene was one of the first progressive group from Norway. They started as a blues band in Oslo in 1965. The inspiration came from British blues and later Chicago blues, but the style gradually changed more in the direction &#8230; <\/p>\n<p class=\"read-more-container\"><a title=\"Junipher Greene (NO)\" class=\"read-more button\" href=\"https:\/\/www.svalbardblues.com\/en\/dsb\/artists\/junipher-greene\/#more-20295\" aria-label=\"Read more about Junipher Greene (NO)\">Read more<\/a><\/p>\n","protected":false},"author":1,"featured_media":20298,"parent":9253,"menu_order":0,"comment_status":"closed","ping_status":"closed","template":"","meta":{"inline_featured_image":false,"footnotes":""},"class_list":["post-20295","page","type-page","status-publish","has-post-thumbnail"],"yoast_head":"<!-- This site is optimized with the Yoast SEO Premium plugin v26.2 (Yoast SEO v27.4) - https:\/\/yoast.com\/product\/yoast-seo-premium-wordpress\/ -->\n<title>Junipher Greene (NO) | Dark Season Blues - SVALBARD<\/title>\n<meta name=\"description\" content=\"It is an honor to welcome the Norwegian prog rock legends to Dark Season Blues. Junipher Greene was one of the first progressive group from Norway. They started as a blues band in Oslo in 1965. The inspiration came from British blues and later Chicago blues, but the style gradually changed more in the direction of progressive rock.\" \/>\n<meta name=\"robots\" content=\"index, follow, max-snippet:-1, max-image-preview:large, max-video-preview:-1\" \/>\n<link rel=\"canonical\" href=\"https:\/\/www.svalbardblues.com\/en\/dsb\/artists\/junipher-greene\/\" \/>\n<meta property=\"og:locale\" content=\"en_US\" \/>\n<meta property=\"og:type\" content=\"article\" \/>\n<meta property=\"og:title\" content=\"Junipher Greene (NO)\" \/>\n<meta property=\"og:description\" content=\"It is an honor to welcome the Norwegian prog rock legends to Dark Season Blues. Junipher Greene was one of the first progressive group from Norway. They started as a blues band in Oslo in 1965. The inspiration came from British blues and later Chicago blues, but the style gradually changed more in the direction of progressive rock.\" \/>\n<meta property=\"og:url\" content=\"https:\/\/www.svalbardblues.com\/en\/dsb\/artists\/junipher-greene\/\" \/>\n<meta property=\"og:site_name\" content=\"Dark Season Blues | SVALBARD\" \/>\n<meta property=\"article:publisher\" content=\"https:\/\/www.facebook.com\/DarkSeasonBlues\" \/>\n<meta property=\"article:modified_time\" content=\"2023-07-25T17:20:05+00:00\" \/>\n<meta property=\"og:image\" content=\"https:\/\/www.svalbardblues.com\/wp-content\/uploads\/2023\/07\/DSB_Illustrasjon_med_Juniphere2-1024x532.jpg\" \/>\n<meta name=\"twitter:label1\" content=\"Est. reading time\" \/>\n\t<meta name=\"twitter:data1\" content=\"2 minutes\" \/>\n<script type=\"application\/ld+json\" class=\"yoast-schema-graph\">{\"@context\":\"https:\\\/\\\/schema.org\",\"@graph\":[{\"@type\":\"WebPage\",\"@id\":\"https:\\\/\\\/www.svalbardblues.com\\\/en\\\/dsb\\\/artists\\\/junipher-greene\\\/\",\"url\":\"https:\\\/\\\/www.svalbardblues.com\\\/en\\\/dsb\\\/artists\\\/junipher-greene\\\/\",\"name\":\"Junipher Greene (NO) | Dark Season Blues - SVALBARD\",\"isPartOf\":{\"@id\":\"https:\\\/\\\/www.svalbardblues.com\\\/en\\\/#website\"},\"primaryImageOfPage\":{\"@id\":\"https:\\\/\\\/www.svalbardblues.com\\\/en\\\/dsb\\\/artists\\\/junipher-greene\\\/#primaryimage\"},\"image\":{\"@id\":\"https:\\\/\\\/www.svalbardblues.com\\\/en\\\/dsb\\\/artists\\\/junipher-greene\\\/#primaryimage\"},\"thumbnailUrl\":\"https:\\\/\\\/www.svalbardblues.com\\\/wp-content\\\/uploads\\\/2023\\\/07\\\/Junipher-Greene-Dark-Season-Blues-Svalbard-1200.webp\",\"datePublished\":\"2023-07-06T07:48:35+00:00\",\"dateModified\":\"2023-07-25T17:20:05+00:00\",\"description\":\"It is an honor to welcome the Norwegian prog rock legends to Dark Season Blues. Junipher Greene was one of the first progressive group from Norway. They started as a blues band in Oslo in 1965. The inspiration came from British blues and later Chicago blues, but the style gradually changed more in the direction of progressive rock.\",\"breadcrumb\":{\"@id\":\"https:\\\/\\\/www.svalbardblues.com\\\/en\\\/dsb\\\/artists\\\/junipher-greene\\\/#breadcrumb\"},\"inLanguage\":\"en-US\",\"potentialAction\":[{\"@type\":\"ReadAction\",\"target\":[\"https:\\\/\\\/www.svalbardblues.com\\\/en\\\/dsb\\\/artists\\\/junipher-greene\\\/\"]}]},{\"@type\":\"ImageObject\",\"inLanguage\":\"en-US\",\"@id\":\"https:\\\/\\\/www.svalbardblues.com\\\/en\\\/dsb\\\/artists\\\/junipher-greene\\\/#primaryimage\",\"url\":\"https:\\\/\\\/www.svalbardblues.com\\\/wp-content\\\/uploads\\\/2023\\\/07\\\/Junipher-Greene-Dark-Season-Blues-Svalbard-1200.webp\",\"contentUrl\":\"https:\\\/\\\/www.svalbardblues.com\\\/wp-content\\\/uploads\\\/2023\\\/07\\\/Junipher-Greene-Dark-Season-Blues-Svalbard-1200.webp\",\"width\":1200,\"height\":800,\"caption\":\"Junipher Greene\"},{\"@type\":\"BreadcrumbList\",\"@id\":\"https:\\\/\\\/www.svalbardblues.com\\\/en\\\/dsb\\\/artists\\\/junipher-greene\\\/#breadcrumb\",\"itemListElement\":[{\"@type\":\"ListItem\",\"position\":1,\"name\":\"Hjem\",\"item\":\"https:\\\/\\\/www.svalbardblues.com\\\/en\\\/dark-season-blues-2-2\\\/\"},{\"@type\":\"ListItem\",\"position\":2,\"name\":\"Dark Season Blues Spitsbergen\",\"item\":\"https:\\\/\\\/www.svalbardblues.com\\\/en\\\/dsb\\\/\"},{\"@type\":\"ListItem\",\"position\":3,\"name\":\"Artists | Dark Season Blues 2026\",\"item\":\"https:\\\/\\\/www.svalbardblues.com\\\/en\\\/dsb\\\/artists\\\/\"},{\"@type\":\"ListItem\",\"position\":4,\"name\":\"Junipher Greene (NO)\"}]},{\"@type\":\"WebSite\",\"@id\":\"https:\\\/\\\/www.svalbardblues.com\\\/en\\\/#website\",\"url\":\"https:\\\/\\\/www.svalbardblues.com\\\/en\\\/\",\"name\":\"Dark Season Blues | SVALBARD\",\"description\":\"The World&#039;s Northenmost Blues Festival\",\"publisher\":{\"@id\":\"https:\\\/\\\/www.svalbardblues.com\\\/en\\\/#organization\"},\"potentialAction\":[{\"@type\":\"SearchAction\",\"target\":{\"@type\":\"EntryPoint\",\"urlTemplate\":\"https:\\\/\\\/www.svalbardblues.com\\\/en\\\/?s={search_term_string}\"},\"query-input\":{\"@type\":\"PropertyValueSpecification\",\"valueRequired\":true,\"valueName\":\"search_term_string\"}}],\"inLanguage\":\"en-US\"},{\"@type\":\"Organization\",\"@id\":\"https:\\\/\\\/www.svalbardblues.com\\\/en\\\/#organization\",\"name\":\"Dark Season Blues\",\"url\":\"https:\\\/\\\/www.svalbardblues.com\\\/en\\\/\",\"logo\":{\"@type\":\"ImageObject\",\"inLanguage\":\"en-US\",\"@id\":\"https:\\\/\\\/www.svalbardblues.com\\\/en\\\/#\\\/schema\\\/logo\\\/image\\\/\",\"url\":\"https:\\\/\\\/www.svalbardblues.com\\\/wp-content\\\/uploads\\\/2017\\\/06\\\/DSB2017-Illustrasjon-620.jpg\",\"contentUrl\":\"https:\\\/\\\/www.svalbardblues.com\\\/wp-content\\\/uploads\\\/2017\\\/06\\\/DSB2017-Illustrasjon-620.jpg\",\"width\":620,\"height\":488,\"caption\":\"Dark Season Blues\"},\"image\":{\"@id\":\"https:\\\/\\\/www.svalbardblues.com\\\/en\\\/#\\\/schema\\\/logo\\\/image\\\/\"},\"sameAs\":[\"https:\\\/\\\/www.facebook.com\\\/DarkSeasonBlues\",\"https:\\\/\\\/x.com\\\/DarkSeasonBlues\",\"https:\\\/\\\/www.instagram.com\\\/darkseasonblues\\\/\",\"https:\\\/\\\/no.wikipedia.org\\\/wiki\\\/Dark_Season_Blues\"]}]}<\/script>\n<!-- \/ Yoast SEO Premium plugin. -->","yoast_head_json":{"title":"Junipher Greene (NO) | Dark Season Blues - SVALBARD","description":"It is an honor to welcome the Norwegian prog rock legends to Dark Season Blues. Junipher Greene was one of the first progressive group from Norway. They started as a blues band in Oslo in 1965. The inspiration came from British blues and later Chicago blues, but the style gradually changed more in the direction of progressive rock.","robots":{"index":"index","follow":"follow","max-snippet":"max-snippet:-1","max-image-preview":"max-image-preview:large","max-video-preview":"max-video-preview:-1"},"canonical":"https:\/\/www.svalbardblues.com\/en\/dsb\/artists\/junipher-greene\/","og_locale":"en_US","og_type":"article","og_title":"Junipher Greene (NO)","og_description":"It is an honor to welcome the Norwegian prog rock legends to Dark Season Blues. Junipher Greene was one of the first progressive group from Norway. They started as a blues band in Oslo in 1965. The inspiration came from British blues and later Chicago blues, but the style gradually changed more in the direction of progressive rock.","og_url":"https:\/\/www.svalbardblues.com\/en\/dsb\/artists\/junipher-greene\/","og_site_name":"Dark Season Blues | SVALBARD","article_publisher":"https:\/\/www.facebook.com\/DarkSeasonBlues","article_modified_time":"2023-07-25T17:20:05+00:00","og_image":[{"url":"https:\/\/www.svalbardblues.com\/wp-content\/uploads\/2023\/07\/DSB_Illustrasjon_med_Juniphere2-1024x532.jpg","type":"","width":"","height":""}],"twitter_misc":{"Est. reading time":"2 minutes"},"schema":{"@context":"https:\/\/schema.org","@graph":[{"@type":"WebPage","@id":"https:\/\/www.svalbardblues.com\/en\/dsb\/artists\/junipher-greene\/","url":"https:\/\/www.svalbardblues.com\/en\/dsb\/artists\/junipher-greene\/","name":"Junipher Greene (NO) | Dark Season Blues - SVALBARD","isPartOf":{"@id":"https:\/\/www.svalbardblues.com\/en\/#website"},"primaryImageOfPage":{"@id":"https:\/\/www.svalbardblues.com\/en\/dsb\/artists\/junipher-greene\/#primaryimage"},"image":{"@id":"https:\/\/www.svalbardblues.com\/en\/dsb\/artists\/junipher-greene\/#primaryimage"},"thumbnailUrl":"https:\/\/www.svalbardblues.com\/wp-content\/uploads\/2023\/07\/Junipher-Greene-Dark-Season-Blues-Svalbard-1200.webp","datePublished":"2023-07-06T07:48:35+00:00","dateModified":"2023-07-25T17:20:05+00:00","description":"It is an honor to welcome the Norwegian prog rock legends to Dark Season Blues. Junipher Greene was one of the first progressive group from Norway. They started as a blues band in Oslo in 1965. The inspiration came from British blues and later Chicago blues, but the style gradually changed more in the direction of progressive rock.","breadcrumb":{"@id":"https:\/\/www.svalbardblues.com\/en\/dsb\/artists\/junipher-greene\/#breadcrumb"},"inLanguage":"en-US","potentialAction":[{"@type":"ReadAction","target":["https:\/\/www.svalbardblues.com\/en\/dsb\/artists\/junipher-greene\/"]}]},{"@type":"ImageObject","inLanguage":"en-US","@id":"https:\/\/www.svalbardblues.com\/en\/dsb\/artists\/junipher-greene\/#primaryimage","url":"https:\/\/www.svalbardblues.com\/wp-content\/uploads\/2023\/07\/Junipher-Greene-Dark-Season-Blues-Svalbard-1200.webp","contentUrl":"https:\/\/www.svalbardblues.com\/wp-content\/uploads\/2023\/07\/Junipher-Greene-Dark-Season-Blues-Svalbard-1200.webp","width":1200,"height":800,"caption":"Junipher Greene"},{"@type":"BreadcrumbList","@id":"https:\/\/www.svalbardblues.com\/en\/dsb\/artists\/junipher-greene\/#breadcrumb","itemListElement":[{"@type":"ListItem","position":1,"name":"Hjem","item":"https:\/\/www.svalbardblues.com\/en\/dark-season-blues-2-2\/"},{"@type":"ListItem","position":2,"name":"Dark Season Blues Spitsbergen","item":"https:\/\/www.svalbardblues.com\/en\/dsb\/"},{"@type":"ListItem","position":3,"name":"Artists | Dark Season Blues 2026","item":"https:\/\/www.svalbardblues.com\/en\/dsb\/artists\/"},{"@type":"ListItem","position":4,"name":"Junipher Greene (NO)"}]},{"@type":"WebSite","@id":"https:\/\/www.svalbardblues.com\/en\/#website","url":"https:\/\/www.svalbardblues.com\/en\/","name":"Dark Season Blues | SVALBARD","description":"The World&#039;s Northenmost Blues Festival","publisher":{"@id":"https:\/\/www.svalbardblues.com\/en\/#organization"},"potentialAction":[{"@type":"SearchAction","target":{"@type":"EntryPoint","urlTemplate":"https:\/\/www.svalbardblues.com\/en\/?s={search_term_string}"},"query-input":{"@type":"PropertyValueSpecification","valueRequired":true,"valueName":"search_term_string"}}],"inLanguage":"en-US"},{"@type":"Organization","@id":"https:\/\/www.svalbardblues.com\/en\/#organization","name":"Dark Season Blues","url":"https:\/\/www.svalbardblues.com\/en\/","logo":{"@type":"ImageObject","inLanguage":"en-US","@id":"https:\/\/www.svalbardblues.com\/en\/#\/schema\/logo\/image\/","url":"https:\/\/www.svalbardblues.com\/wp-content\/uploads\/2017\/06\/DSB2017-Illustrasjon-620.jpg","contentUrl":"https:\/\/www.svalbardblues.com\/wp-content\/uploads\/2017\/06\/DSB2017-Illustrasjon-620.jpg","width":620,"height":488,"caption":"Dark Season Blues"},"image":{"@id":"https:\/\/www.svalbardblues.com\/en\/#\/schema\/logo\/image\/"},"sameAs":["https:\/\/www.facebook.com\/DarkSeasonBlues","https:\/\/x.com\/DarkSeasonBlues","https:\/\/www.instagram.com\/darkseasonblues\/","https:\/\/no.wikipedia.org\/wiki\/Dark_Season_Blues"]}]}},"_links":{"self":[{"href":"https:\/\/www.svalbardblues.com\/en\/wp-json\/wp\/v2\/pages\/20295","targetHints":{"allow":["GET"]}}],"collection":[{"href":"https:\/\/www.svalbardblues.com\/en\/wp-json\/wp\/v2\/pages"}],"about":[{"href":"https:\/\/www.svalbardblues.com\/en\/wp-json\/wp\/v2\/types\/page"}],"author":[{"embeddable":true,"href":"https:\/\/www.svalbardblues.com\/en\/wp-json\/wp\/v2\/users\/1"}],"replies":[{"embeddable":true,"href":"https:\/\/www.svalbardblues.com\/en\/wp-json\/wp\/v2\/comments?post=20295"}],"version-history":[{"count":3,"href":"https:\/\/www.svalbardblues.com\/en\/wp-json\/wp\/v2\/pages\/20295\/revisions"}],"predecessor-version":[{"id":20693,"href":"https:\/\/www.svalbardblues.com\/en\/wp-json\/wp\/v2\/pages\/20295\/revisions\/20693"}],"up":[{"embeddable":true,"href":"https:\/\/www.svalbardblues.com\/en\/wp-json\/wp\/v2\/pages\/9253"}],"wp:featuredmedia":[{"embeddable":true,"href":"https:\/\/www.svalbardblues.com\/en\/wp-json\/wp\/v2\/media\/20298"}],"wp:attachment":[{"href":"https:\/\/www.svalbardblues.com\/en\/wp-json\/wp\/v2\/media?parent=20295"}],"curies":[{"name":"wp","href":"https:\/\/api.w.org\/{rel}","templated":true}]}}