{"id":23998,"date":"2012-01-05T21:49:19","date_gmt":"2012-01-05T21:49:19","guid":{"rendered":"https:\/\/www.svalbardblues.com\/svalbard\/companies\/apotek-spitsbergen\/"},"modified":"2012-01-05T21:49:19","modified_gmt":"2012-01-05T21:49:19","slug":"apotek-spitsbergen","status":"publish","type":"page","link":"https:\/\/www.svalbardblues.com\/en\/svalbard\/companies\/apotek-spitsbergen\/","title":{"rendered":"Pharmacy Spitsbergen"},"content":{"rendered":"<p><img fetchpriority=\"high\" decoding=\"async\" src=\"https:\/\/www.svalbardblues.com\/wp-content\/uploads\/2011\/08\/apotek-spitsbergen-882x516.jpg\" alt=\"Pharmacy Spitsbergen in Longyearbeyn on Svalbard\" title=\"pharmacy-spitsbergen\" width=\"882\" height=\"516\" class=\"aligncenter size-full wp-image-2815\" srcset=\"https:\/\/www.svalbardblues.com\/wp-content\/uploads\/2011\/08\/apotek-spitsbergen-882x516.jpg 882w, https:\/\/www.svalbardblues.com\/wp-content\/uploads\/2011\/08\/apotek-spitsbergen-882x516-600x351.jpg 600w, https:\/\/www.svalbardblues.com\/wp-content\/uploads\/2011\/08\/apotek-spitsbergen-882x516-300x175.jpg 300w\" sizes=\"(max-width: 882px) 100vw, 882px\" \/><br \/>\n<strong>Pharmacy Spitsbergen<\/strong><br \/>\nP.O. Box 384<br \/>\n9171 Longyearbyen<br \/>\nWebsite: <a title=\"Pharmacy Spitsbergen\" href=\"http:\/\/www.apotekspitsbergen.no\/\" target=\"_blank\">www.apotekspitsbergen.no<\/a><br \/>\nTelephone: 79021212<br \/>\nTelefax: 79021211<\/p>\n<p>Apotek Spitsbergen was opened in September 2008. The pharmacy is privately and locally owned, unlike the vast majority of the country&#8217;s pharmacies, which are owned by foreign companies. Apotek Spitsbergen is not a chain pharmacy, but is a member of the pharmacy group.  <\/p>\n<p>Apotekgruppen is an interest organization for independent pharmacies. Apotek Spitsbergen is run by Berit Fossland. Berit studied pharmacy at the University of Troms\u00f8 1995-2000. She has 6 years of experience as a pharmacist at Apotek 1 Sj\u00f8siden in Mosj\u00f8en.<br \/>\n<img decoding=\"async\" class=\"alignright size-medium wp-image-2817\" title=\"Lompensentret-entrance_300\" src=\"https:\/\/www.svalbardblues.com\/wp-content\/uploads\/2011\/08\/Lompensentret-inngang_300-225x300.jpg\" alt=\"Lompensentret in Longyerbyen on Svalbard\" width=\"225\" height=\"300\" srcset=\"https:\/\/www.svalbardblues.com\/wp-content\/uploads\/2011\/08\/Lompensentret-inngang_300-225x300.jpg 225w, https:\/\/www.svalbardblues.com\/wp-content\/uploads\/2011\/08\/Lompensentret-inngang_300.jpg 300w\" sizes=\"(max-width: 225px) 100vw, 225px\" \/><\/p>\n<p>Apotek Spitsbergen is located in Lompensenteret, Svalbard&#8217;s only shopping center. In the center you will also find tax-free shops selling souvenirs, clothes, hiking equipment, jewelry and much more. The center also has a coffee shop.  <\/p>\n<p>&nbsp;<\/p>\n<p>&nbsp;<\/p>\n<p>&nbsp;<\/p>\n<p>&nbsp;<\/p>\n<p>&nbsp;<\/p>\n<p>&nbsp;<\/p>\n","protected":false},"excerpt":{"rendered":"<p>Pharmacy Spitsbergen P.O. Box 384 9171 Longyearbyen Website: www.apotekspitsbergen.no Telephone: 79021212 Telefax: 79021211 Apotek Spitsbergen was opened in September 2008. The pharmacy is privately and locally owned, unlike the vast majority of the country&#8217;s pharmacies, which are owned by foreign companies. Apotek Spitsbergen is not a chain pharmacy, but is a member of the pharmacy &#8230; <\/p>\n<p class=\"read-more-container\"><a title=\"Pharmacy Spitsbergen\" class=\"read-more button\" href=\"https:\/\/www.svalbardblues.com\/en\/svalbard\/companies\/apotek-spitsbergen\/#more-23998\" aria-label=\"Read more about Pharmacy Spitsbergen\">Read more<\/a><\/p>\n","protected":false},"author":1,"featured_media":0,"parent":7795,"menu_order":0,"comment_status":"closed","ping_status":"closed","template":"template-full.php","meta":{"inline_featured_image":false,"footnotes":""},"class_list":["post-23998","page","type-page","status-publish"],"yoast_head":"<!-- This site is optimized with the Yoast SEO Premium plugin v26.2 (Yoast SEO v27.4) - https:\/\/yoast.com\/product\/yoast-seo-premium-wordpress\/ -->\n<title>Spitsbergen Pharmacy | Longyearbyen | SVALBARD<\/title>\n<meta name=\"description\" content=\"Apotek Spitsbergen, the world&#039;s northernmost pharmacy. The pharmacy is located in Lompensentret in the center of Longyerbyen on Svalbard.\" \/>\n<meta name=\"robots\" content=\"index, follow, max-snippet:-1, max-image-preview:large, max-video-preview:-1\" \/>\n<link rel=\"canonical\" href=\"https:\/\/www.svalbardblues.com\/en\/svalbard\/companies\/apotek-spitsbergen\/\" \/>\n<meta property=\"og:locale\" content=\"en_US\" \/>\n<meta property=\"og:type\" content=\"article\" \/>\n<meta property=\"og:title\" content=\"Pharmacy Spitsbergen\" \/>\n<meta property=\"og:description\" content=\"Apotek Spitsbergen, the world&#039;s northernmost pharmacy. The pharmacy is located in Lompensentret in the center of Longyerbyen on Svalbard.\" \/>\n<meta property=\"og:url\" content=\"https:\/\/www.svalbardblues.com\/en\/svalbard\/companies\/apotek-spitsbergen\/\" \/>\n<meta property=\"og:site_name\" content=\"Dark Season Blues | SVALBARD\" \/>\n<meta property=\"article:publisher\" content=\"https:\/\/www.facebook.com\/DarkSeasonBlues\" \/>\n<meta property=\"og:image\" content=\"https:\/\/www.svalbardblues.com\/wp-content\/uploads\/2011\/08\/apotek-spitsbergen-882x516.jpg\" \/>\n\t<meta property=\"og:image:width\" content=\"882\" \/>\n\t<meta property=\"og:image:height\" content=\"516\" \/>\n\t<meta property=\"og:image:type\" content=\"image\/jpeg\" \/>\n<meta name=\"twitter:label1\" content=\"Est. reading time\" \/>\n\t<meta name=\"twitter:data1\" content=\"1 minute\" \/>\n<script type=\"application\/ld+json\" class=\"yoast-schema-graph\">{\"@context\":\"https:\\\/\\\/schema.org\",\"@graph\":[{\"@type\":\"WebPage\",\"@id\":\"https:\\\/\\\/www.svalbardblues.com\\\/en\\\/svalbard\\\/companies\\\/apotek-spitsbergen\\\/\",\"url\":\"https:\\\/\\\/www.svalbardblues.com\\\/en\\\/svalbard\\\/companies\\\/apotek-spitsbergen\\\/\",\"name\":\"Spitsbergen Pharmacy | Longyearbyen | SVALBARD\",\"isPartOf\":{\"@id\":\"https:\\\/\\\/www.svalbardblues.com\\\/en\\\/#website\"},\"primaryImageOfPage\":{\"@id\":\"https:\\\/\\\/www.svalbardblues.com\\\/en\\\/svalbard\\\/companies\\\/apotek-spitsbergen\\\/#primaryimage\"},\"image\":{\"@id\":\"https:\\\/\\\/www.svalbardblues.com\\\/en\\\/svalbard\\\/companies\\\/apotek-spitsbergen\\\/#primaryimage\"},\"thumbnailUrl\":\"https:\\\/\\\/www.svalbardblues.com\\\/wp-content\\\/uploads\\\/2011\\\/08\\\/apotek-spitsbergen-882x516.jpg\",\"datePublished\":\"2012-01-05T21:49:19+00:00\",\"description\":\"Apotek Spitsbergen, the world's northernmost pharmacy. The pharmacy is located in Lompensentret in the center of Longyerbyen on Svalbard.\",\"breadcrumb\":{\"@id\":\"https:\\\/\\\/www.svalbardblues.com\\\/en\\\/svalbard\\\/companies\\\/apotek-spitsbergen\\\/#breadcrumb\"},\"inLanguage\":\"en-US\",\"potentialAction\":[{\"@type\":\"ReadAction\",\"target\":[\"https:\\\/\\\/www.svalbardblues.com\\\/en\\\/svalbard\\\/companies\\\/apotek-spitsbergen\\\/\"]}]},{\"@type\":\"ImageObject\",\"inLanguage\":\"en-US\",\"@id\":\"https:\\\/\\\/www.svalbardblues.com\\\/en\\\/svalbard\\\/companies\\\/apotek-spitsbergen\\\/#primaryimage\",\"url\":\"https:\\\/\\\/www.svalbardblues.com\\\/wp-content\\\/uploads\\\/2011\\\/08\\\/apotek-spitsbergen-882x516.jpg\",\"contentUrl\":\"https:\\\/\\\/www.svalbardblues.com\\\/wp-content\\\/uploads\\\/2011\\\/08\\\/apotek-spitsbergen-882x516.jpg\"},{\"@type\":\"BreadcrumbList\",\"@id\":\"https:\\\/\\\/www.svalbardblues.com\\\/en\\\/svalbard\\\/companies\\\/apotek-spitsbergen\\\/#breadcrumb\",\"itemListElement\":[{\"@type\":\"ListItem\",\"position\":1,\"name\":\"Hjem\",\"item\":\"https:\\\/\\\/www.svalbardblues.com\\\/en\\\/dark-season-blues-2-2\\\/\"},{\"@type\":\"ListItem\",\"position\":2,\"name\":\"Facts about Svalbard\",\"item\":\"https:\\\/\\\/www.svalbardblues.com\\\/en\\\/svalbard\\\/\"},{\"@type\":\"ListItem\",\"position\":3,\"name\":\"Companies | Svalbard and Longyearbyen\",\"item\":\"https:\\\/\\\/www.svalbardblues.com\\\/en\\\/svalbard\\\/companies\\\/\"},{\"@type\":\"ListItem\",\"position\":4,\"name\":\"Pharmacy Spitsbergen\"}]},{\"@type\":\"WebSite\",\"@id\":\"https:\\\/\\\/www.svalbardblues.com\\\/en\\\/#website\",\"url\":\"https:\\\/\\\/www.svalbardblues.com\\\/en\\\/\",\"name\":\"Dark Season Blues | SVALBARD\",\"description\":\"The World&#039;s Northenmost Blues Festival\",\"publisher\":{\"@id\":\"https:\\\/\\\/www.svalbardblues.com\\\/en\\\/#organization\"},\"potentialAction\":[{\"@type\":\"SearchAction\",\"target\":{\"@type\":\"EntryPoint\",\"urlTemplate\":\"https:\\\/\\\/www.svalbardblues.com\\\/en\\\/?s={search_term_string}\"},\"query-input\":{\"@type\":\"PropertyValueSpecification\",\"valueRequired\":true,\"valueName\":\"search_term_string\"}}],\"inLanguage\":\"en-US\"},{\"@type\":\"Organization\",\"@id\":\"https:\\\/\\\/www.svalbardblues.com\\\/en\\\/#organization\",\"name\":\"Dark Season Blues\",\"url\":\"https:\\\/\\\/www.svalbardblues.com\\\/en\\\/\",\"logo\":{\"@type\":\"ImageObject\",\"inLanguage\":\"en-US\",\"@id\":\"https:\\\/\\\/www.svalbardblues.com\\\/en\\\/#\\\/schema\\\/logo\\\/image\\\/\",\"url\":\"https:\\\/\\\/www.svalbardblues.com\\\/wp-content\\\/uploads\\\/2017\\\/06\\\/DSB2017-Illustrasjon-620.jpg\",\"contentUrl\":\"https:\\\/\\\/www.svalbardblues.com\\\/wp-content\\\/uploads\\\/2017\\\/06\\\/DSB2017-Illustrasjon-620.jpg\",\"width\":620,\"height\":488,\"caption\":\"Dark Season Blues\"},\"image\":{\"@id\":\"https:\\\/\\\/www.svalbardblues.com\\\/en\\\/#\\\/schema\\\/logo\\\/image\\\/\"},\"sameAs\":[\"https:\\\/\\\/www.facebook.com\\\/DarkSeasonBlues\",\"https:\\\/\\\/x.com\\\/DarkSeasonBlues\",\"https:\\\/\\\/www.instagram.com\\\/darkseasonblues\\\/\",\"https:\\\/\\\/no.wikipedia.org\\\/wiki\\\/Dark_Season_Blues\"]}]}<\/script>\n<!-- \/ Yoast SEO Premium plugin. -->","yoast_head_json":{"title":"Spitsbergen Pharmacy | Longyearbyen | SVALBARD","description":"Apotek Spitsbergen, the world's northernmost pharmacy. The pharmacy is located in Lompensentret in the center of Longyerbyen on Svalbard.","robots":{"index":"index","follow":"follow","max-snippet":"max-snippet:-1","max-image-preview":"max-image-preview:large","max-video-preview":"max-video-preview:-1"},"canonical":"https:\/\/www.svalbardblues.com\/en\/svalbard\/companies\/apotek-spitsbergen\/","og_locale":"en_US","og_type":"article","og_title":"Pharmacy Spitsbergen","og_description":"Apotek Spitsbergen, the world's northernmost pharmacy. The pharmacy is located in Lompensentret in the center of Longyerbyen on Svalbard.","og_url":"https:\/\/www.svalbardblues.com\/en\/svalbard\/companies\/apotek-spitsbergen\/","og_site_name":"Dark Season Blues | SVALBARD","article_publisher":"https:\/\/www.facebook.com\/DarkSeasonBlues","og_image":[{"width":882,"height":516,"url":"https:\/\/www.svalbardblues.com\/wp-content\/uploads\/2011\/08\/apotek-spitsbergen-882x516.jpg","type":"image\/jpeg"}],"twitter_misc":{"Est. reading time":"1 minute"},"schema":{"@context":"https:\/\/schema.org","@graph":[{"@type":"WebPage","@id":"https:\/\/www.svalbardblues.com\/en\/svalbard\/companies\/apotek-spitsbergen\/","url":"https:\/\/www.svalbardblues.com\/en\/svalbard\/companies\/apotek-spitsbergen\/","name":"Spitsbergen Pharmacy | Longyearbyen | SVALBARD","isPartOf":{"@id":"https:\/\/www.svalbardblues.com\/en\/#website"},"primaryImageOfPage":{"@id":"https:\/\/www.svalbardblues.com\/en\/svalbard\/companies\/apotek-spitsbergen\/#primaryimage"},"image":{"@id":"https:\/\/www.svalbardblues.com\/en\/svalbard\/companies\/apotek-spitsbergen\/#primaryimage"},"thumbnailUrl":"https:\/\/www.svalbardblues.com\/wp-content\/uploads\/2011\/08\/apotek-spitsbergen-882x516.jpg","datePublished":"2012-01-05T21:49:19+00:00","description":"Apotek Spitsbergen, the world's northernmost pharmacy. The pharmacy is located in Lompensentret in the center of Longyerbyen on Svalbard.","breadcrumb":{"@id":"https:\/\/www.svalbardblues.com\/en\/svalbard\/companies\/apotek-spitsbergen\/#breadcrumb"},"inLanguage":"en-US","potentialAction":[{"@type":"ReadAction","target":["https:\/\/www.svalbardblues.com\/en\/svalbard\/companies\/apotek-spitsbergen\/"]}]},{"@type":"ImageObject","inLanguage":"en-US","@id":"https:\/\/www.svalbardblues.com\/en\/svalbard\/companies\/apotek-spitsbergen\/#primaryimage","url":"https:\/\/www.svalbardblues.com\/wp-content\/uploads\/2011\/08\/apotek-spitsbergen-882x516.jpg","contentUrl":"https:\/\/www.svalbardblues.com\/wp-content\/uploads\/2011\/08\/apotek-spitsbergen-882x516.jpg"},{"@type":"BreadcrumbList","@id":"https:\/\/www.svalbardblues.com\/en\/svalbard\/companies\/apotek-spitsbergen\/#breadcrumb","itemListElement":[{"@type":"ListItem","position":1,"name":"Hjem","item":"https:\/\/www.svalbardblues.com\/en\/dark-season-blues-2-2\/"},{"@type":"ListItem","position":2,"name":"Facts about Svalbard","item":"https:\/\/www.svalbardblues.com\/en\/svalbard\/"},{"@type":"ListItem","position":3,"name":"Companies | Svalbard and Longyearbyen","item":"https:\/\/www.svalbardblues.com\/en\/svalbard\/companies\/"},{"@type":"ListItem","position":4,"name":"Pharmacy Spitsbergen"}]},{"@type":"WebSite","@id":"https:\/\/www.svalbardblues.com\/en\/#website","url":"https:\/\/www.svalbardblues.com\/en\/","name":"Dark Season Blues | SVALBARD","description":"The World&#039;s Northenmost Blues Festival","publisher":{"@id":"https:\/\/www.svalbardblues.com\/en\/#organization"},"potentialAction":[{"@type":"SearchAction","target":{"@type":"EntryPoint","urlTemplate":"https:\/\/www.svalbardblues.com\/en\/?s={search_term_string}"},"query-input":{"@type":"PropertyValueSpecification","valueRequired":true,"valueName":"search_term_string"}}],"inLanguage":"en-US"},{"@type":"Organization","@id":"https:\/\/www.svalbardblues.com\/en\/#organization","name":"Dark Season Blues","url":"https:\/\/www.svalbardblues.com\/en\/","logo":{"@type":"ImageObject","inLanguage":"en-US","@id":"https:\/\/www.svalbardblues.com\/en\/#\/schema\/logo\/image\/","url":"https:\/\/www.svalbardblues.com\/wp-content\/uploads\/2017\/06\/DSB2017-Illustrasjon-620.jpg","contentUrl":"https:\/\/www.svalbardblues.com\/wp-content\/uploads\/2017\/06\/DSB2017-Illustrasjon-620.jpg","width":620,"height":488,"caption":"Dark Season Blues"},"image":{"@id":"https:\/\/www.svalbardblues.com\/en\/#\/schema\/logo\/image\/"},"sameAs":["https:\/\/www.facebook.com\/DarkSeasonBlues","https:\/\/x.com\/DarkSeasonBlues","https:\/\/www.instagram.com\/darkseasonblues\/","https:\/\/no.wikipedia.org\/wiki\/Dark_Season_Blues"]}]}},"_links":{"self":[{"href":"https:\/\/www.svalbardblues.com\/en\/wp-json\/wp\/v2\/pages\/23998","targetHints":{"allow":["GET"]}}],"collection":[{"href":"https:\/\/www.svalbardblues.com\/en\/wp-json\/wp\/v2\/pages"}],"about":[{"href":"https:\/\/www.svalbardblues.com\/en\/wp-json\/wp\/v2\/types\/page"}],"author":[{"embeddable":true,"href":"https:\/\/www.svalbardblues.com\/en\/wp-json\/wp\/v2\/users\/1"}],"replies":[{"embeddable":true,"href":"https:\/\/www.svalbardblues.com\/en\/wp-json\/wp\/v2\/comments?post=23998"}],"version-history":[{"count":0,"href":"https:\/\/www.svalbardblues.com\/en\/wp-json\/wp\/v2\/pages\/23998\/revisions"}],"up":[{"embeddable":true,"href":"https:\/\/www.svalbardblues.com\/en\/wp-json\/wp\/v2\/pages\/7795"}],"wp:attachment":[{"href":"https:\/\/www.svalbardblues.com\/en\/wp-json\/wp\/v2\/media?parent=23998"}],"curies":[{"name":"wp","href":"https:\/\/api.w.org\/{rel}","templated":true}]}}