{"id":2634,"date":"2011-04-08T09:38:38","date_gmt":"2011-04-08T09:38:38","guid":{"rendered":"https:\/\/www.svalbardblues.com\/facts-about-svalbard\/"},"modified":"2019-08-29T21:41:57","modified_gmt":"2019-08-29T21:41:57","slug":"svalbard","status":"publish","type":"page","link":"https:\/\/www.svalbardblues.com\/en\/svalbard\/","title":{"rendered":"Facts about Svalbard"},"content":{"rendered":"<h2>Svalbard<\/h2>\n<p>Svalbard is a very special part of Norway. The archipelago is one of the northernmost land-areas in the world. Because it is off the beaten track, so that humans have hardly left their mark on it, most of this territory is still pristine, without roads or other signs of human intervention.<\/p>\n<p>Svalbard is defined as a land area situated between 74 and 81 degrees north, between 10 and 35 degrees east. The archipelago of Svalbard consists of islands of various sizes, the largest of which are\u00a0 Spitzbergen, Nordaustlandet, Edge\u00f8y, Barents\u00f8y and Prins Karls Forland. The summit Newtontoppen, on the north-eastern part of Spitzbergen, towers 1713 metres above sea level and is the highest.<\/p>\n<p>Svalbard has an area of about 61 000 square kilometres, and as much as 60 percent of the landmass is covered in ice, and less than ten percent has any vegetation. The sea area around the islands out to the territorial border of 12 nautical miles is about 90.700 square kilometers. Svalbard is surrounded by a shallow sea-shelf. The average depth of the Barents Sea is 230 metres, and the shallowest areas lie between Bj\u00f8rn\u00f8ya and Edge\u00f8ya. To the west and north of Svalbard, the Norwegian Sea and the Arctic Sea plummet to more than 2000 metres in depth.<br \/>\nThere are relatively few species of plants and animals, but species may have large populations. Not many humans have lived in Svalbard since Wilhelm Barents first came in 1596, but those who did have left traces, here and there, some of which are now monuments. While there still was a busy hunting industry on Svalbard up-to around the Second World War most areas had hunters present. Research, expeditions and mining industry have also left marks in the landscape. On Spitsbergen one will still find the permanent settlements of Longyearbyen, Barentsburg, Ny-\u00c5lesund and Sveagruva. In addition to these, there are also smaller research stations and meteorological stations in Hornsund, on Hopen and on Bj\u00f8rn\u00f8ya.<\/p>\n<figure id=\"attachment_8216\" aria-describedby=\"caption-attachment-8216\" style=\"width: 590px\" class=\"wp-caption aligncenter\"><a href=\"https:\/\/www.svalbardblues.com\/wp-content\/uploads\/2011\/04\/svalbard-map.jpg\"><img fetchpriority=\"high\" decoding=\"async\" class=\"size-full wp-image-2595\" title=\"svalbard-map\" src=\"https:\/\/www.svalbardblues.com\/wp-content\/uploads\/2011\/04\/svalbard-map.jpg\" alt=\"Svalbard map. The archipelago of Svalbard consists of islands of various sizes, the largest of which are Spitzbergen, Nordaustlandet, Edge\u00f8y, Barents\u00f8y and Prins Karls Forland.\" width=\"600\" height=\"600\" srcset=\"https:\/\/www.svalbardblues.com\/wp-content\/uploads\/2011\/04\/svalbard-map.jpg 600w, https:\/\/www.svalbardblues.com\/wp-content\/uploads\/2011\/04\/svalbard-map-300x300.jpg 300w, https:\/\/www.svalbardblues.com\/wp-content\/uploads\/2011\/04\/svalbard-map-100x100.jpg 100w, https:\/\/www.svalbardblues.com\/wp-content\/uploads\/2011\/04\/svalbard-map-150x150.jpg 150w\" sizes=\"(max-width: 600px) 100vw, 600px\" \/><\/a><figcaption id=\"caption-attachment-8216\" class=\"wp-caption-text\">Map of Svalbard<\/figcaption><\/figure>\n<p>&nbsp;<\/p>\n","protected":false},"excerpt":{"rendered":"<p>Svalbard Svalbard is a very special part of Norway. The archipelago is one of the northernmost land-areas in the world. Because it is off the beaten track, so that humans have hardly left their mark on it, most of this territory is still pristine, without roads or other signs of human intervention. Svalbard is defined &#8230; <\/p>\n<p class=\"read-more-container\"><a title=\"Facts about Svalbard\" class=\"read-more button\" href=\"https:\/\/www.svalbardblues.com\/en\/svalbard\/#more-2634\" aria-label=\"Read more about Facts about Svalbard\">Read more<\/a><\/p>\n","protected":false},"author":1,"featured_media":0,"parent":0,"menu_order":0,"comment_status":"closed","ping_status":"closed","template":"","meta":{"inline_featured_image":false,"footnotes":""},"class_list":["post-2634","page","type-page","status-publish"],"yoast_head":"<!-- This site is optimized with the Yoast SEO Premium plugin v26.2 (Yoast SEO v27.5) - https:\/\/yoast.com\/product\/yoast-seo-premium-wordpress\/ -->\n<title>Facts about Svalbard | Svalbard<\/title>\n<meta name=\"description\" content=\"Svalbard is defined as a land area between 74 and 81 degrees north, and10 and 35 degrees east. The archipelago of Svalbard consists of islands of various sizes\" \/>\n<meta name=\"robots\" content=\"index, follow, max-snippet:-1, max-image-preview:large, max-video-preview:-1\" \/>\n<link rel=\"canonical\" href=\"https:\/\/www.svalbardblues.com\/en\/svalbard\/\" \/>\n<meta property=\"og:locale\" content=\"en_US\" \/>\n<meta property=\"og:type\" content=\"article\" \/>\n<meta property=\"og:title\" content=\"Facts about Svalbard\" \/>\n<meta property=\"og:description\" content=\"Svalbard is defined as a land area between 74 and 81 degrees north, and10 and 35 degrees east. The archipelago of Svalbard consists of islands of various sizes\" \/>\n<meta property=\"og:url\" content=\"https:\/\/www.svalbardblues.com\/en\/svalbard\/\" \/>\n<meta property=\"og:site_name\" content=\"Dark Season Blues | SVALBARD\" \/>\n<meta property=\"article:publisher\" content=\"https:\/\/www.facebook.com\/DarkSeasonBlues\" \/>\n<meta property=\"article:modified_time\" content=\"2019-08-29T21:41:57+00:00\" \/>\n<meta property=\"og:image\" content=\"https:\/\/www.svalbardblues.com\/wp-content\/uploads\/2011\/04\/svalbard-map.jpg\" \/>\n<meta name=\"twitter:label1\" content=\"Est. reading time\" \/>\n\t<meta name=\"twitter:data1\" content=\"2 minutes\" \/>\n<script type=\"application\/ld+json\" class=\"yoast-schema-graph\">{\"@context\":\"https:\\\/\\\/schema.org\",\"@graph\":[{\"@type\":\"WebPage\",\"@id\":\"https:\\\/\\\/www.svalbardblues.com\\\/en\\\/svalbard\\\/\",\"url\":\"https:\\\/\\\/www.svalbardblues.com\\\/en\\\/svalbard\\\/\",\"name\":\"Facts about Svalbard | Svalbard\",\"isPartOf\":{\"@id\":\"https:\\\/\\\/www.svalbardblues.com\\\/en\\\/#website\"},\"primaryImageOfPage\":{\"@id\":\"https:\\\/\\\/www.svalbardblues.com\\\/en\\\/svalbard\\\/#primaryimage\"},\"image\":{\"@id\":\"https:\\\/\\\/www.svalbardblues.com\\\/en\\\/svalbard\\\/#primaryimage\"},\"thumbnailUrl\":\"https:\\\/\\\/www.svalbardblues.com\\\/wp-content\\\/uploads\\\/2011\\\/04\\\/svalbard-map.jpg\",\"datePublished\":\"2011-04-08T09:38:38+00:00\",\"dateModified\":\"2019-08-29T21:41:57+00:00\",\"description\":\"Svalbard is defined as a land area between 74 and 81 degrees north, and10 and 35 degrees east. The archipelago of Svalbard consists of islands of various sizes\",\"breadcrumb\":{\"@id\":\"https:\\\/\\\/www.svalbardblues.com\\\/en\\\/svalbard\\\/#breadcrumb\"},\"inLanguage\":\"en-US\",\"potentialAction\":[{\"@type\":\"ReadAction\",\"target\":[\"https:\\\/\\\/www.svalbardblues.com\\\/en\\\/svalbard\\\/\"]}]},{\"@type\":\"ImageObject\",\"inLanguage\":\"en-US\",\"@id\":\"https:\\\/\\\/www.svalbardblues.com\\\/en\\\/svalbard\\\/#primaryimage\",\"url\":\"https:\\\/\\\/www.svalbardblues.com\\\/wp-content\\\/uploads\\\/2011\\\/04\\\/svalbard-map.jpg\",\"contentUrl\":\"https:\\\/\\\/www.svalbardblues.com\\\/wp-content\\\/uploads\\\/2011\\\/04\\\/svalbard-map.jpg\"},{\"@type\":\"BreadcrumbList\",\"@id\":\"https:\\\/\\\/www.svalbardblues.com\\\/en\\\/svalbard\\\/#breadcrumb\",\"itemListElement\":[{\"@type\":\"ListItem\",\"position\":1,\"name\":\"Hjem\",\"item\":\"https:\\\/\\\/www.svalbardblues.com\\\/en\\\/\"},{\"@type\":\"ListItem\",\"position\":2,\"name\":\"Facts about Svalbard\"}]},{\"@type\":\"WebSite\",\"@id\":\"https:\\\/\\\/www.svalbardblues.com\\\/en\\\/#website\",\"url\":\"https:\\\/\\\/www.svalbardblues.com\\\/en\\\/\",\"name\":\"Dark Season Blues | SVALBARD\",\"description\":\"The World&#039;s Northenmost Blues Festival\",\"publisher\":{\"@id\":\"https:\\\/\\\/www.svalbardblues.com\\\/en\\\/#organization\"},\"potentialAction\":[{\"@type\":\"SearchAction\",\"target\":{\"@type\":\"EntryPoint\",\"urlTemplate\":\"https:\\\/\\\/www.svalbardblues.com\\\/en\\\/?s={search_term_string}\"},\"query-input\":{\"@type\":\"PropertyValueSpecification\",\"valueRequired\":true,\"valueName\":\"search_term_string\"}}],\"inLanguage\":\"en-US\"},{\"@type\":\"Organization\",\"@id\":\"https:\\\/\\\/www.svalbardblues.com\\\/en\\\/#organization\",\"name\":\"Dark Season Blues\",\"url\":\"https:\\\/\\\/www.svalbardblues.com\\\/en\\\/\",\"logo\":{\"@type\":\"ImageObject\",\"inLanguage\":\"en-US\",\"@id\":\"https:\\\/\\\/www.svalbardblues.com\\\/en\\\/#\\\/schema\\\/logo\\\/image\\\/\",\"url\":\"https:\\\/\\\/www.svalbardblues.com\\\/wp-content\\\/uploads\\\/2017\\\/06\\\/DSB2017-Illustrasjon-620.jpg\",\"contentUrl\":\"https:\\\/\\\/www.svalbardblues.com\\\/wp-content\\\/uploads\\\/2017\\\/06\\\/DSB2017-Illustrasjon-620.jpg\",\"width\":620,\"height\":488,\"caption\":\"Dark Season Blues\"},\"image\":{\"@id\":\"https:\\\/\\\/www.svalbardblues.com\\\/en\\\/#\\\/schema\\\/logo\\\/image\\\/\"},\"sameAs\":[\"https:\\\/\\\/www.facebook.com\\\/DarkSeasonBlues\",\"https:\\\/\\\/x.com\\\/DarkSeasonBlues\",\"https:\\\/\\\/www.instagram.com\\\/darkseasonblues\\\/\",\"https:\\\/\\\/no.wikipedia.org\\\/wiki\\\/Dark_Season_Blues\"]}]}<\/script>\n<!-- \/ Yoast SEO Premium plugin. -->","yoast_head_json":{"title":"Facts about Svalbard | Svalbard","description":"Svalbard is defined as a land area between 74 and 81 degrees north, and10 and 35 degrees east. The archipelago of Svalbard consists of islands of various sizes","robots":{"index":"index","follow":"follow","max-snippet":"max-snippet:-1","max-image-preview":"max-image-preview:large","max-video-preview":"max-video-preview:-1"},"canonical":"https:\/\/www.svalbardblues.com\/en\/svalbard\/","og_locale":"en_US","og_type":"article","og_title":"Facts about Svalbard","og_description":"Svalbard is defined as a land area between 74 and 81 degrees north, and10 and 35 degrees east. The archipelago of Svalbard consists of islands of various sizes","og_url":"https:\/\/www.svalbardblues.com\/en\/svalbard\/","og_site_name":"Dark Season Blues | SVALBARD","article_publisher":"https:\/\/www.facebook.com\/DarkSeasonBlues","article_modified_time":"2019-08-29T21:41:57+00:00","og_image":[{"url":"https:\/\/www.svalbardblues.com\/wp-content\/uploads\/2011\/04\/svalbard-map.jpg","type":"","width":"","height":""}],"twitter_misc":{"Est. reading time":"2 minutes"},"schema":{"@context":"https:\/\/schema.org","@graph":[{"@type":"WebPage","@id":"https:\/\/www.svalbardblues.com\/en\/svalbard\/","url":"https:\/\/www.svalbardblues.com\/en\/svalbard\/","name":"Facts about Svalbard | Svalbard","isPartOf":{"@id":"https:\/\/www.svalbardblues.com\/en\/#website"},"primaryImageOfPage":{"@id":"https:\/\/www.svalbardblues.com\/en\/svalbard\/#primaryimage"},"image":{"@id":"https:\/\/www.svalbardblues.com\/en\/svalbard\/#primaryimage"},"thumbnailUrl":"https:\/\/www.svalbardblues.com\/wp-content\/uploads\/2011\/04\/svalbard-map.jpg","datePublished":"2011-04-08T09:38:38+00:00","dateModified":"2019-08-29T21:41:57+00:00","description":"Svalbard is defined as a land area between 74 and 81 degrees north, and10 and 35 degrees east. The archipelago of Svalbard consists of islands of various sizes","breadcrumb":{"@id":"https:\/\/www.svalbardblues.com\/en\/svalbard\/#breadcrumb"},"inLanguage":"en-US","potentialAction":[{"@type":"ReadAction","target":["https:\/\/www.svalbardblues.com\/en\/svalbard\/"]}]},{"@type":"ImageObject","inLanguage":"en-US","@id":"https:\/\/www.svalbardblues.com\/en\/svalbard\/#primaryimage","url":"https:\/\/www.svalbardblues.com\/wp-content\/uploads\/2011\/04\/svalbard-map.jpg","contentUrl":"https:\/\/www.svalbardblues.com\/wp-content\/uploads\/2011\/04\/svalbard-map.jpg"},{"@type":"BreadcrumbList","@id":"https:\/\/www.svalbardblues.com\/en\/svalbard\/#breadcrumb","itemListElement":[{"@type":"ListItem","position":1,"name":"Hjem","item":"https:\/\/www.svalbardblues.com\/en\/"},{"@type":"ListItem","position":2,"name":"Facts about Svalbard"}]},{"@type":"WebSite","@id":"https:\/\/www.svalbardblues.com\/en\/#website","url":"https:\/\/www.svalbardblues.com\/en\/","name":"Dark Season Blues | SVALBARD","description":"The World&#039;s Northenmost Blues Festival","publisher":{"@id":"https:\/\/www.svalbardblues.com\/en\/#organization"},"potentialAction":[{"@type":"SearchAction","target":{"@type":"EntryPoint","urlTemplate":"https:\/\/www.svalbardblues.com\/en\/?s={search_term_string}"},"query-input":{"@type":"PropertyValueSpecification","valueRequired":true,"valueName":"search_term_string"}}],"inLanguage":"en-US"},{"@type":"Organization","@id":"https:\/\/www.svalbardblues.com\/en\/#organization","name":"Dark Season Blues","url":"https:\/\/www.svalbardblues.com\/en\/","logo":{"@type":"ImageObject","inLanguage":"en-US","@id":"https:\/\/www.svalbardblues.com\/en\/#\/schema\/logo\/image\/","url":"https:\/\/www.svalbardblues.com\/wp-content\/uploads\/2017\/06\/DSB2017-Illustrasjon-620.jpg","contentUrl":"https:\/\/www.svalbardblues.com\/wp-content\/uploads\/2017\/06\/DSB2017-Illustrasjon-620.jpg","width":620,"height":488,"caption":"Dark Season Blues"},"image":{"@id":"https:\/\/www.svalbardblues.com\/en\/#\/schema\/logo\/image\/"},"sameAs":["https:\/\/www.facebook.com\/DarkSeasonBlues","https:\/\/x.com\/DarkSeasonBlues","https:\/\/www.instagram.com\/darkseasonblues\/","https:\/\/no.wikipedia.org\/wiki\/Dark_Season_Blues"]}]}},"_links":{"self":[{"href":"https:\/\/www.svalbardblues.com\/en\/wp-json\/wp\/v2\/pages\/2634","targetHints":{"allow":["GET"]}}],"collection":[{"href":"https:\/\/www.svalbardblues.com\/en\/wp-json\/wp\/v2\/pages"}],"about":[{"href":"https:\/\/www.svalbardblues.com\/en\/wp-json\/wp\/v2\/types\/page"}],"author":[{"embeddable":true,"href":"https:\/\/www.svalbardblues.com\/en\/wp-json\/wp\/v2\/users\/1"}],"replies":[{"embeddable":true,"href":"https:\/\/www.svalbardblues.com\/en\/wp-json\/wp\/v2\/comments?post=2634"}],"version-history":[{"count":1,"href":"https:\/\/www.svalbardblues.com\/en\/wp-json\/wp\/v2\/pages\/2634\/revisions"}],"predecessor-version":[{"id":17179,"href":"https:\/\/www.svalbardblues.com\/en\/wp-json\/wp\/v2\/pages\/2634\/revisions\/17179"}],"wp:attachment":[{"href":"https:\/\/www.svalbardblues.com\/en\/wp-json\/wp\/v2\/media?parent=2634"}],"curies":[{"name":"wp","href":"https:\/\/api.w.org\/{rel}","templated":true}]}}