{"id":9399,"date":"2024-07-01T13:10:00","date_gmt":"2024-07-01T13:10:00","guid":{"rendered":"https:\/\/www.svalbardblues.com\/artists\/daniel-eriksen\/"},"modified":"2024-10-04T19:43:41","modified_gmt":"2024-10-04T19:43:41","slug":"daniel-eriksen-en","status":"publish","type":"page","link":"https:\/\/www.svalbardblues.com\/en\/dsb\/artists\/daniel-eriksen-en\/","title":{"rendered":"Daniel Eriksen feat. Stig Sj\u00f8str\u00f8m (NO)"},"content":{"rendered":"\n<p><\/p>\n\n\n\n<p class=\"has-drop-cap\">Daniel and Stig have been working together for 20 years this year! The duo has played extensively both nationally and internationally, astounding audiences with their tight interplay and distinctive sound based on Mississippi delta and hill country blues, New Orleans-inspired rhythm &amp; blues and vintage rock \u2018n\u2019 roll. In 2019, the duo released the Spellemann-nominated album \u201cHustle &amp; Flow\u201d together with Vidar Busk.<\/p>\n\n\n\n<p><br>By studying old masters and today\u2019s heroes, Daniel has developed a distinctive playing style based on open tunings and bottlenecks. His latest releases are \u201cLive at Cudrio Recording\u201d (2023) and \u201cBarefoot Among Scarecrows\u201d (2020), the latter composed of three EPs. Throughout almost 30 years of touring, he has built a reputation as an innovative guitarist. This has resulted in nine critically acclaimed albums and two Spellemann awards, Notodden Blues Festival\u2019s award and second place in the International Blues Challenge in Memphis in 2018. He is originally from Langesund, where he after a number of years in Troms\u00f8, has lived for the past 30 years.<br>Stig Sj\u00f8str\u00f8m from Stathelle is an acclaimed and sought-after drummer and percussionist who moves seamlessly between many genres. He has studied classical percussion in France and traditional drums in Africa, taken lessons from legendary drummers in New Orleans and learned from \u201creal\u201d bluesmen in the American South.<\/p>\n\n\n\n<p class=\"has-text-align-center has-background\" style=\"background-color:#e2e2e2;font-size:12px\"><strong>Dark Season Blues\u00a92024<\/strong><\/p>\n\n\n\n<figure class=\"wp-block-embed is-type-video is-provider-youtube wp-block-embed-youtube wp-embed-aspect-16-9 wp-has-aspect-ratio\"><div class=\"wp-block-embed__wrapper\">\n<iframe title=\"Daniel Eriksen - Over The Hill\" width=\"1200\" height=\"675\" src=\"https:\/\/www.youtube.com\/embed\/yXCMSD3SFlc?feature=oembed\" frameborder=\"0\" allow=\"accelerometer; autoplay; clipboard-write; encrypted-media; gyroscope; picture-in-picture; web-share\" referrerpolicy=\"strict-origin-when-cross-origin\" allowfullscreen><\/iframe>\n<\/div><\/figure>\n","protected":false},"excerpt":{"rendered":"<p>Daniel and Stig have been working together for 20 years this year! The duo has played extensively both nationally and internationally, astounding audiences with their tight interplay and distinctive sound based on Mississippi delta and hill country blues, New Orleans-inspired rhythm &amp; blues and vintage rock \u2018n\u2019 roll. In 2019, the duo released the Spellemann-nominated &#8230; <\/p>\n<p class=\"read-more-container\"><a title=\"Daniel Eriksen feat. Stig Sj\u00f8str\u00f8m (NO)\" class=\"read-more button\" href=\"https:\/\/www.svalbardblues.com\/en\/dsb\/artists\/daniel-eriksen-en\/#more-9399\" aria-label=\"Read more about Daniel Eriksen feat. Stig Sj\u00f8str\u00f8m (NO)\">Read more<\/a><\/p>\n","protected":false},"author":1,"featured_media":18839,"parent":9253,"menu_order":0,"comment_status":"closed","ping_status":"closed","template":"","meta":{"inline_featured_image":false,"footnotes":""},"class_list":["post-9399","page","type-page","status-publish","has-post-thumbnail"],"yoast_head":"<!-- This site is optimized with the Yoast SEO Premium plugin v26.2 (Yoast SEO v27.5) - https:\/\/yoast.com\/product\/yoast-seo-premium-wordpress\/ -->\n<title>Daniel Eriksen feat. Stig Sj\u00f8str\u00f8m - Dark Season Blues - SVALBARD\ud83c\udfb8<\/title>\n<meta name=\"description\" content=\"Daniel and Stig have been working together for 20 years this year! The duo has played extensively nationally and internationally and has amazed audiences with their close interaction and distinctive sound.\" \/>\n<meta name=\"robots\" content=\"index, follow, max-snippet:-1, max-image-preview:large, max-video-preview:-1\" \/>\n<link rel=\"canonical\" href=\"https:\/\/www.svalbardblues.com\/en\/dsb\/artists\/daniel-eriksen-en\/\" \/>\n<meta property=\"og:locale\" content=\"en_US\" \/>\n<meta property=\"og:type\" content=\"article\" \/>\n<meta property=\"og:title\" content=\"Daniel Eriksen feat. Stig Sj\u00f8str\u00f8m (NO)\" \/>\n<meta property=\"og:description\" content=\"Daniel and Stig have been working together for 20 years this year! The duo has played extensively nationally and internationally and has amazed audiences with their close interaction and distinctive sound.\" \/>\n<meta property=\"og:url\" content=\"https:\/\/www.svalbardblues.com\/en\/dsb\/artists\/daniel-eriksen-en\/\" \/>\n<meta property=\"og:site_name\" content=\"Dark Season Blues | SVALBARD\" \/>\n<meta property=\"article:publisher\" content=\"https:\/\/www.facebook.com\/DarkSeasonBlues\" \/>\n<meta property=\"article:modified_time\" content=\"2024-10-04T19:43:41+00:00\" \/>\n<meta property=\"og:image\" content=\"https:\/\/www.svalbardblues.com\/wp-content\/uploads\/2024\/07\/DSB_Ill-2024-Daniel-Eriksen-1024x532.jpg\" \/>\n<meta name=\"twitter:label1\" content=\"Est. reading time\" \/>\n\t<meta name=\"twitter:data1\" content=\"2 minutes\" \/>\n<script type=\"application\/ld+json\" class=\"yoast-schema-graph\">{\"@context\":\"https:\\\/\\\/schema.org\",\"@graph\":[{\"@type\":\"WebPage\",\"@id\":\"https:\\\/\\\/www.svalbardblues.com\\\/en\\\/dsb\\\/artists\\\/daniel-eriksen-en\\\/\",\"url\":\"https:\\\/\\\/www.svalbardblues.com\\\/en\\\/dsb\\\/artists\\\/daniel-eriksen-en\\\/\",\"name\":\"Daniel Eriksen feat. Stig Sj\u00f8str\u00f8m - Dark Season Blues - SVALBARD\ud83c\udfb8\",\"isPartOf\":{\"@id\":\"https:\\\/\\\/www.svalbardblues.com\\\/en\\\/#website\"},\"primaryImageOfPage\":{\"@id\":\"https:\\\/\\\/www.svalbardblues.com\\\/en\\\/dsb\\\/artists\\\/daniel-eriksen-en\\\/#primaryimage\"},\"image\":{\"@id\":\"https:\\\/\\\/www.svalbardblues.com\\\/en\\\/dsb\\\/artists\\\/daniel-eriksen-en\\\/#primaryimage\"},\"thumbnailUrl\":\"https:\\\/\\\/www.svalbardblues.com\\\/wp-content\\\/uploads\\\/2022\\\/06\\\/Daniel-Eriksen-Stig-Sjostrom-Dark-Season-Blues-1024-1.jpg\",\"datePublished\":\"2024-07-01T13:10:00+00:00\",\"dateModified\":\"2024-10-04T19:43:41+00:00\",\"description\":\"Daniel and Stig have been working together for 20 years this year! The duo has played extensively nationally and internationally and has amazed audiences with their close interaction and distinctive sound.\",\"breadcrumb\":{\"@id\":\"https:\\\/\\\/www.svalbardblues.com\\\/en\\\/dsb\\\/artists\\\/daniel-eriksen-en\\\/#breadcrumb\"},\"inLanguage\":\"en-US\",\"potentialAction\":[{\"@type\":\"ReadAction\",\"target\":[\"https:\\\/\\\/www.svalbardblues.com\\\/en\\\/dsb\\\/artists\\\/daniel-eriksen-en\\\/\"]}]},{\"@type\":\"ImageObject\",\"inLanguage\":\"en-US\",\"@id\":\"https:\\\/\\\/www.svalbardblues.com\\\/en\\\/dsb\\\/artists\\\/daniel-eriksen-en\\\/#primaryimage\",\"url\":\"https:\\\/\\\/www.svalbardblues.com\\\/wp-content\\\/uploads\\\/2022\\\/06\\\/Daniel-Eriksen-Stig-Sjostrom-Dark-Season-Blues-1024-1.jpg\",\"contentUrl\":\"https:\\\/\\\/www.svalbardblues.com\\\/wp-content\\\/uploads\\\/2022\\\/06\\\/Daniel-Eriksen-Stig-Sjostrom-Dark-Season-Blues-1024-1.jpg\",\"width\":1024,\"height\":677,\"caption\":\"Daniel Eriksen feat. Stig Sj\u00f8str\u00f8m\"},{\"@type\":\"BreadcrumbList\",\"@id\":\"https:\\\/\\\/www.svalbardblues.com\\\/en\\\/dsb\\\/artists\\\/daniel-eriksen-en\\\/#breadcrumb\",\"itemListElement\":[{\"@type\":\"ListItem\",\"position\":1,\"name\":\"Hjem\",\"item\":\"https:\\\/\\\/www.svalbardblues.com\\\/en\\\/\"},{\"@type\":\"ListItem\",\"position\":2,\"name\":\"Dark Season Blues Spitsbergen\",\"item\":\"https:\\\/\\\/www.svalbardblues.com\\\/en\\\/dsb\\\/\"},{\"@type\":\"ListItem\",\"position\":3,\"name\":\"Artists | Dark Season Blues 2026\",\"item\":\"https:\\\/\\\/www.svalbardblues.com\\\/en\\\/dsb\\\/artists\\\/\"},{\"@type\":\"ListItem\",\"position\":4,\"name\":\"Daniel Eriksen feat. Stig Sj\u00f8str\u00f8m (NO)\"}]},{\"@type\":\"WebSite\",\"@id\":\"https:\\\/\\\/www.svalbardblues.com\\\/en\\\/#website\",\"url\":\"https:\\\/\\\/www.svalbardblues.com\\\/en\\\/\",\"name\":\"Dark Season Blues | SVALBARD\",\"description\":\"The World&#039;s Northenmost Blues Festival\",\"publisher\":{\"@id\":\"https:\\\/\\\/www.svalbardblues.com\\\/en\\\/#organization\"},\"potentialAction\":[{\"@type\":\"SearchAction\",\"target\":{\"@type\":\"EntryPoint\",\"urlTemplate\":\"https:\\\/\\\/www.svalbardblues.com\\\/en\\\/?s={search_term_string}\"},\"query-input\":{\"@type\":\"PropertyValueSpecification\",\"valueRequired\":true,\"valueName\":\"search_term_string\"}}],\"inLanguage\":\"en-US\"},{\"@type\":\"Organization\",\"@id\":\"https:\\\/\\\/www.svalbardblues.com\\\/en\\\/#organization\",\"name\":\"Dark Season Blues\",\"url\":\"https:\\\/\\\/www.svalbardblues.com\\\/en\\\/\",\"logo\":{\"@type\":\"ImageObject\",\"inLanguage\":\"en-US\",\"@id\":\"https:\\\/\\\/www.svalbardblues.com\\\/en\\\/#\\\/schema\\\/logo\\\/image\\\/\",\"url\":\"https:\\\/\\\/www.svalbardblues.com\\\/wp-content\\\/uploads\\\/2017\\\/06\\\/DSB2017-Illustrasjon-620.jpg\",\"contentUrl\":\"https:\\\/\\\/www.svalbardblues.com\\\/wp-content\\\/uploads\\\/2017\\\/06\\\/DSB2017-Illustrasjon-620.jpg\",\"width\":620,\"height\":488,\"caption\":\"Dark Season Blues\"},\"image\":{\"@id\":\"https:\\\/\\\/www.svalbardblues.com\\\/en\\\/#\\\/schema\\\/logo\\\/image\\\/\"},\"sameAs\":[\"https:\\\/\\\/www.facebook.com\\\/DarkSeasonBlues\",\"https:\\\/\\\/x.com\\\/DarkSeasonBlues\",\"https:\\\/\\\/www.instagram.com\\\/darkseasonblues\\\/\",\"https:\\\/\\\/no.wikipedia.org\\\/wiki\\\/Dark_Season_Blues\"]}]}<\/script>\n<!-- \/ Yoast SEO Premium plugin. -->","yoast_head_json":{"title":"Daniel Eriksen feat. Stig Sj\u00f8str\u00f8m - Dark Season Blues - SVALBARD\ud83c\udfb8","description":"Daniel and Stig have been working together for 20 years this year! The duo has played extensively nationally and internationally and has amazed audiences with their close interaction and distinctive sound.","robots":{"index":"index","follow":"follow","max-snippet":"max-snippet:-1","max-image-preview":"max-image-preview:large","max-video-preview":"max-video-preview:-1"},"canonical":"https:\/\/www.svalbardblues.com\/en\/dsb\/artists\/daniel-eriksen-en\/","og_locale":"en_US","og_type":"article","og_title":"Daniel Eriksen feat. Stig Sj\u00f8str\u00f8m (NO)","og_description":"Daniel and Stig have been working together for 20 years this year! The duo has played extensively nationally and internationally and has amazed audiences with their close interaction and distinctive sound.","og_url":"https:\/\/www.svalbardblues.com\/en\/dsb\/artists\/daniel-eriksen-en\/","og_site_name":"Dark Season Blues | SVALBARD","article_publisher":"https:\/\/www.facebook.com\/DarkSeasonBlues","article_modified_time":"2024-10-04T19:43:41+00:00","og_image":[{"url":"https:\/\/www.svalbardblues.com\/wp-content\/uploads\/2024\/07\/DSB_Ill-2024-Daniel-Eriksen-1024x532.jpg","type":"","width":"","height":""}],"twitter_misc":{"Est. reading time":"2 minutes"},"schema":{"@context":"https:\/\/schema.org","@graph":[{"@type":"WebPage","@id":"https:\/\/www.svalbardblues.com\/en\/dsb\/artists\/daniel-eriksen-en\/","url":"https:\/\/www.svalbardblues.com\/en\/dsb\/artists\/daniel-eriksen-en\/","name":"Daniel Eriksen feat. Stig Sj\u00f8str\u00f8m - Dark Season Blues - SVALBARD\ud83c\udfb8","isPartOf":{"@id":"https:\/\/www.svalbardblues.com\/en\/#website"},"primaryImageOfPage":{"@id":"https:\/\/www.svalbardblues.com\/en\/dsb\/artists\/daniel-eriksen-en\/#primaryimage"},"image":{"@id":"https:\/\/www.svalbardblues.com\/en\/dsb\/artists\/daniel-eriksen-en\/#primaryimage"},"thumbnailUrl":"https:\/\/www.svalbardblues.com\/wp-content\/uploads\/2022\/06\/Daniel-Eriksen-Stig-Sjostrom-Dark-Season-Blues-1024-1.jpg","datePublished":"2024-07-01T13:10:00+00:00","dateModified":"2024-10-04T19:43:41+00:00","description":"Daniel and Stig have been working together for 20 years this year! The duo has played extensively nationally and internationally and has amazed audiences with their close interaction and distinctive sound.","breadcrumb":{"@id":"https:\/\/www.svalbardblues.com\/en\/dsb\/artists\/daniel-eriksen-en\/#breadcrumb"},"inLanguage":"en-US","potentialAction":[{"@type":"ReadAction","target":["https:\/\/www.svalbardblues.com\/en\/dsb\/artists\/daniel-eriksen-en\/"]}]},{"@type":"ImageObject","inLanguage":"en-US","@id":"https:\/\/www.svalbardblues.com\/en\/dsb\/artists\/daniel-eriksen-en\/#primaryimage","url":"https:\/\/www.svalbardblues.com\/wp-content\/uploads\/2022\/06\/Daniel-Eriksen-Stig-Sjostrom-Dark-Season-Blues-1024-1.jpg","contentUrl":"https:\/\/www.svalbardblues.com\/wp-content\/uploads\/2022\/06\/Daniel-Eriksen-Stig-Sjostrom-Dark-Season-Blues-1024-1.jpg","width":1024,"height":677,"caption":"Daniel Eriksen feat. Stig Sj\u00f8str\u00f8m"},{"@type":"BreadcrumbList","@id":"https:\/\/www.svalbardblues.com\/en\/dsb\/artists\/daniel-eriksen-en\/#breadcrumb","itemListElement":[{"@type":"ListItem","position":1,"name":"Hjem","item":"https:\/\/www.svalbardblues.com\/en\/"},{"@type":"ListItem","position":2,"name":"Dark Season Blues Spitsbergen","item":"https:\/\/www.svalbardblues.com\/en\/dsb\/"},{"@type":"ListItem","position":3,"name":"Artists | Dark Season Blues 2026","item":"https:\/\/www.svalbardblues.com\/en\/dsb\/artists\/"},{"@type":"ListItem","position":4,"name":"Daniel Eriksen feat. Stig Sj\u00f8str\u00f8m (NO)"}]},{"@type":"WebSite","@id":"https:\/\/www.svalbardblues.com\/en\/#website","url":"https:\/\/www.svalbardblues.com\/en\/","name":"Dark Season Blues | SVALBARD","description":"The World&#039;s Northenmost Blues Festival","publisher":{"@id":"https:\/\/www.svalbardblues.com\/en\/#organization"},"potentialAction":[{"@type":"SearchAction","target":{"@type":"EntryPoint","urlTemplate":"https:\/\/www.svalbardblues.com\/en\/?s={search_term_string}"},"query-input":{"@type":"PropertyValueSpecification","valueRequired":true,"valueName":"search_term_string"}}],"inLanguage":"en-US"},{"@type":"Organization","@id":"https:\/\/www.svalbardblues.com\/en\/#organization","name":"Dark Season Blues","url":"https:\/\/www.svalbardblues.com\/en\/","logo":{"@type":"ImageObject","inLanguage":"en-US","@id":"https:\/\/www.svalbardblues.com\/en\/#\/schema\/logo\/image\/","url":"https:\/\/www.svalbardblues.com\/wp-content\/uploads\/2017\/06\/DSB2017-Illustrasjon-620.jpg","contentUrl":"https:\/\/www.svalbardblues.com\/wp-content\/uploads\/2017\/06\/DSB2017-Illustrasjon-620.jpg","width":620,"height":488,"caption":"Dark Season Blues"},"image":{"@id":"https:\/\/www.svalbardblues.com\/en\/#\/schema\/logo\/image\/"},"sameAs":["https:\/\/www.facebook.com\/DarkSeasonBlues","https:\/\/x.com\/DarkSeasonBlues","https:\/\/www.instagram.com\/darkseasonblues\/","https:\/\/no.wikipedia.org\/wiki\/Dark_Season_Blues"]}]}},"_links":{"self":[{"href":"https:\/\/www.svalbardblues.com\/en\/wp-json\/wp\/v2\/pages\/9399","targetHints":{"allow":["GET"]}}],"collection":[{"href":"https:\/\/www.svalbardblues.com\/en\/wp-json\/wp\/v2\/pages"}],"about":[{"href":"https:\/\/www.svalbardblues.com\/en\/wp-json\/wp\/v2\/types\/page"}],"author":[{"embeddable":true,"href":"https:\/\/www.svalbardblues.com\/en\/wp-json\/wp\/v2\/users\/1"}],"replies":[{"embeddable":true,"href":"https:\/\/www.svalbardblues.com\/en\/wp-json\/wp\/v2\/comments?post=9399"}],"version-history":[{"count":3,"href":"https:\/\/www.svalbardblues.com\/en\/wp-json\/wp\/v2\/pages\/9399\/revisions"}],"predecessor-version":[{"id":22171,"href":"https:\/\/www.svalbardblues.com\/en\/wp-json\/wp\/v2\/pages\/9399\/revisions\/22171"}],"up":[{"embeddable":true,"href":"https:\/\/www.svalbardblues.com\/en\/wp-json\/wp\/v2\/pages\/9253"}],"wp:featuredmedia":[{"embeddable":true,"href":"https:\/\/www.svalbardblues.com\/en\/wp-json\/wp\/v2\/media\/18839"}],"wp:attachment":[{"href":"https:\/\/www.svalbardblues.com\/en\/wp-json\/wp\/v2\/media?parent=9399"}],"curies":[{"name":"wp","href":"https:\/\/api.w.org\/{rel}","templated":true}]}}