{"id":23657,"date":"2011-04-08T07:54:55","date_gmt":"2011-04-08T07:54:55","guid":{"rendered":"https:\/\/www.svalbardblues.com\/bosetninger\/"},"modified":"2025-06-05T09:16:51","modified_gmt":"2025-06-05T09:16:51","slug":"bosetninger","status":"publish","type":"page","link":"https:\/\/www.svalbardblues.com\/nl\/svalbard\/bosetninger\/","title":{"rendered":"Nederzettingen in Spitsbergen"},"content":{"rendered":"<p>&nbsp;<\/p>\n<p><a title=\"Longyearbyen\" href=\"https:\/\/www.svalbardblues.com\/longyearbyen\/\">Longyearbyen<\/a> is de grootste nederzetting in <a title=\"Spitsbergen\" href=\"https:\/\/www.svalbardblues.com\/nl\/svalbard\/\">Spitsbergen<\/a> en het Noorse administratieve centrum. De andere nederzettingen zijn Barentsburg, Sveagruva, Ny-\u00c5lesund, Hornsund en de twee meteorologische stations Hopen en Bj\u00f8rn\u00f8ya. Daarnaast zijn er vier jachtstations verspreid over Spitsbergen.  <\/p>\n<h2>Longyearbyen<\/h2>\n<p>Longyearbyen ligt op 78\u00ba NB en is een moderne gezinsgemeenschap. Er zijn scholen, kleuterscholen, een universitair centrum, een lokale krant, winkels, restaurants, een ziekenhuis en een kerk. Het culturele leven is actief en gevarieerd. De nederzetting werd in 1906 gesticht door de Amerikaan John Munroe Longyear en vandaag de dag wonen er ongeveer 2000 mensen in Longyearbyen. De overgrote meerderheid bestaat uit Noren, maar er zijn bijna 40 nationaliteiten vertegenwoordigd.    <\/p>\n<h2>Barentsburg<\/h2>\n<p>De mijnbouwgemeenschap Barentsburg ligt hemelsbreed zo&#8217;n 40 kilometer ten zuidwesten van Longyearbyen en is de op \u00e9\u00e9n na grootste nederzetting in Spitsbergen. Het Russische staatsmijnbouwbedrijf Trust Arktikugol bezit en exploiteert de kolenmijn en de gemeenschap en de jaarlijkse kolenproductie bedraagt ongeveer 160.000 ton. De kolenmijn zelf bevindt zich in het midden van Barentsburg, bijna 500 meter onder de grond. Op het hoogtepunt telde de nederzetting ongeveer 1.500 inwoners, maar sinds de jaren 1990 is de bevolking afgenomen. Vandaag de dag wonen er iets minder dan 500 mensen in Barentsburg (maart 2007) &#8211; waaronder een aantal kinderen. Iets meer dan de helft van de bevolking komt uit Oekra\u00efne, de rest komt voornamelijk uit Rusland.     <\/p>\n<p>Barentsburg heeft zijn eigen kolengestookte elektriciteitscentrale, ziekenhuis, hotel, school, kleuterschool en culturele en sportcentra. De gemeenschap wordt een paar keer per jaar per boot bevoorraad vanuit Moermansk. Het Russische consulaat op Spitsbergen is gevestigd in Barentsburg en de Russische Academie van Wetenschappen heeft er een onderzoekscentrum. Trust Arktikugol kocht de mijnbouwfaciliteit in Barentsburg van het Nederlandse bedrijf Nederlandsche Spitsbergen Companie in 1932.   <\/p>\n<h2>Pyramiden (gesloten)<\/h2>\n<p>Pyramiden was de tweede Russische mijnstad in Spitsbergen en ligt in Billefjorden. Op het hoogtepunt woonden hier 1000 mensen. Er zijn grote steenkoolafzettingen in de Pyramiden berg, maar de winning was moeilijk vanwege grote breuken in het gesteente. De activiteiten in Pyramiden werden in 1998 gestaakt. De site is nu verlaten.     <\/p>\n<h2>Ny-\u00c5lesund<\/h2>\n<p>Ny-\u00c5lesund is de meest noordelijke permanente nederzetting ter wereld en ligt in Kongsfjorden aan de noordwestkust van Spitsbergen. Ny-\u00c5lesund is het belangrijkste centrum voor Noors en internationaal wetenschappelijk onderzoek in Spitsbergen. Naast Noorwegen hebben een aantal landen er permanente onderzoeksstations gevestigd, waaronder Duitsland, Engeland, Itali\u00eb, Japan en China. Nog meer landen zijn betrokken bij verschillende onderzoeksprojecten.   <\/p>\n<p>Het staatsbedrijf Kings Bay A\/S bezit het land en de faciliteiten in Ny-\u00c5lesund en exploiteert de infrastructuur. Er wonen ongeveer 25 mensen permanent in de nederzetting, maar tijdens het zomerseizoen neemt de bevolking vele malen toe. <\/p>\n<h2>Svea mijn<\/h2>\n<p>De Svea-mijn ligt ongeveer 60 kilometer ten zuidoosten van Longyearbyen, aan de kop van de Van Mijenfjord. Er wonen maar weinig mensen permanent in Svea, maar ongeveer 240 mensen pendelen er wekelijks heen om te werken vanuit Longyearbyen. Svea North, de belangrijkste mijn van Store Norske Spitsbergen Grubekompani, ligt op vijf kilometer van de nederzetting en is bereikbaar vanaf H\u00f8ganesbreen. In 2004 werd er iets minder dan drie miljoen ton steenkool geproduceerd in Svea North.   <\/p>\n<h2>Hornsund<\/h2>\n<p>In Hornsund, ten zuiden van Spitsbergen, bevindt zich een Pools onderzoeksstation. Het doet onderzoek op het gebied van seismologie, meteorologie, biologie en glaciologie. Er werken 10-12 mensen.  <\/p>\n<h2>Stapels<\/h2>\n<p>Het eiland Hopen ligt ongeveer 300 kilometer ten zuidoosten van Longyearbyen, in de Barentszzee. De Noorse Meteorologische Dienst heeft er een meteorologisch station met vier medewerkers. <\/p>\n<h2>Bereneiland<\/h2>\n<p>De Noorse Meteorologische Dienst heeft een meteorologisch station op Bj\u00f8rn\u00f8ya, ongeveer halverwege Spitsbergen en het vasteland. Het station heeft ongeveer 10 medewerkers. <\/p>\n<h2>Vangstations<\/h2>\n<p>Tegenwoordig wonen er vallenzetters op vier stations in Spitsbergen. Dit zijn Aksel\u00f8ya in de van Mijenfjorden, Kapp Wijk in Isfjorden, Austfjordneset in Wijdefjorden en Mushamna in Woodfjorden. De eerste twee stations zijn priv\u00e9bezit, terwijl de gouverneur de laatste twee op jaarbasis uitleent.  <\/p>\n<h2>Communicatie<\/h2>\n<p>Er is geen wegverbinding tussen de plaatsen op Spitsbergen. Sveagruva en Ny-\u00c5lesund hebben een korteafstandsvliegveld en er zijn meerdere vluchten per week van en naar Longyearbyen. In Barentsburg heeft het Russische mijnbouwbedrijf zijn eigen helikopterbasis in Heerodden, waar momenteel \u00e9\u00e9n helikopter operationeel is. Het is mogelijk om tussen de nederzettingen op Spitsbergen te reizen per boot in de zomer en per sneeuwscooter in de winter.   <\/p>\n<p>Bron: Gouverneur<\/p>\n","protected":false},"excerpt":{"rendered":"<p>&nbsp; Longyearbyen is de grootste nederzetting in Spitsbergen en het Noorse administratieve centrum. De andere nederzettingen zijn Barentsburg, Sveagruva, Ny-\u00c5lesund, Hornsund en de twee meteorologische stations Hopen en Bj\u00f8rn\u00f8ya. Daarnaast zijn er vier jachtstations verspreid over Spitsbergen. Longyearbyen Longyearbyen ligt op 78\u00ba NB en is een moderne gezinsgemeenschap. Er zijn scholen, kleuterscholen, een universitair centrum, &#8230; <\/p>\n<p class=\"read-more-container\"><a title=\"Nederzettingen in Spitsbergen\" class=\"read-more button\" href=\"https:\/\/www.svalbardblues.com\/nl\/svalbard\/bosetninger\/#more-23657\" aria-label=\"Lees meer over Nederzettingen in Spitsbergen\">Read more<\/a><\/p>\n","protected":false},"author":1,"featured_media":0,"parent":23771,"menu_order":0,"comment_status":"closed","ping_status":"closed","template":"","meta":{"inline_featured_image":false,"footnotes":""},"class_list":["post-23657","page","type-page","status-publish"],"yoast_head":"<!-- This site is optimized with the Yoast SEO Premium plugin v26.2 (Yoast SEO v27.4) - https:\/\/yoast.com\/product\/yoast-seo-premium-wordpress\/ -->\n<title>Schikkingen | SVALBARD<\/title>\n<meta name=\"description\" content=\"Longyearbyen is de grootste nederzetting op Spitsbergen en het Noorse administratieve centrum. Andere nederzettingen zijn Barentsburg, Sveagruva, Ny-\u00c5lesund, Hornsund.\" \/>\n<meta name=\"robots\" content=\"index, follow, max-snippet:-1, max-image-preview:large, max-video-preview:-1\" \/>\n<link rel=\"canonical\" href=\"https:\/\/www.svalbardblues.com\/nl\/svalbard\/bosetninger\/\" \/>\n<meta property=\"og:locale\" content=\"nl_NL\" \/>\n<meta property=\"og:type\" content=\"article\" \/>\n<meta property=\"og:title\" content=\"Nederzettingen in Spitsbergen\" \/>\n<meta property=\"og:description\" content=\"Longyearbyen is de grootste nederzetting op Spitsbergen en het Noorse administratieve centrum. Andere nederzettingen zijn Barentsburg, Sveagruva, Ny-\u00c5lesund, Hornsund.\" \/>\n<meta property=\"og:url\" content=\"https:\/\/www.svalbardblues.com\/nl\/svalbard\/bosetninger\/\" \/>\n<meta property=\"og:site_name\" content=\"Dark Season Blues | SVALBARD\" \/>\n<meta property=\"article:publisher\" content=\"https:\/\/www.facebook.com\/DarkSeasonBlues\" \/>\n<meta property=\"article:modified_time\" content=\"2025-06-05T09:16:51+00:00\" \/>\n<meta property=\"og:image\" content=\"https:\/\/www.svalbardblues.com\/wp-content\/uploads\/2017\/10\/DSB2017-Illustrasjon-900-350.jpg\" \/>\n\t<meta property=\"og:image:width\" content=\"900\" \/>\n\t<meta property=\"og:image:height\" content=\"350\" \/>\n\t<meta property=\"og:image:type\" content=\"image\/jpeg\" \/>\n<meta name=\"twitter:label1\" content=\"Geschatte leestijd\" \/>\n\t<meta name=\"twitter:data1\" content=\"3 minuten\" \/>\n<script type=\"application\/ld+json\" class=\"yoast-schema-graph\">{\"@context\":\"https:\\\/\\\/schema.org\",\"@graph\":[{\"@type\":\"WebPage\",\"@id\":\"https:\\\/\\\/www.svalbardblues.com\\\/nl\\\/svalbard\\\/bosetninger\\\/\",\"url\":\"https:\\\/\\\/www.svalbardblues.com\\\/nl\\\/svalbard\\\/bosetninger\\\/\",\"name\":\"Schikkingen | SVALBARD\",\"isPartOf\":{\"@id\":\"https:\\\/\\\/www.svalbardblues.com\\\/nl\\\/#website\"},\"datePublished\":\"2011-04-08T07:54:55+00:00\",\"dateModified\":\"2025-06-05T09:16:51+00:00\",\"description\":\"Longyearbyen is de grootste nederzetting op Spitsbergen en het Noorse administratieve centrum. Andere nederzettingen zijn Barentsburg, Sveagruva, Ny-\u00c5lesund, Hornsund.\",\"breadcrumb\":{\"@id\":\"https:\\\/\\\/www.svalbardblues.com\\\/nl\\\/svalbard\\\/bosetninger\\\/#breadcrumb\"},\"inLanguage\":\"nl-NL\",\"potentialAction\":[{\"@type\":\"ReadAction\",\"target\":[\"https:\\\/\\\/www.svalbardblues.com\\\/nl\\\/svalbard\\\/bosetninger\\\/\"]}]},{\"@type\":\"BreadcrumbList\",\"@id\":\"https:\\\/\\\/www.svalbardblues.com\\\/nl\\\/svalbard\\\/bosetninger\\\/#breadcrumb\",\"itemListElement\":[{\"@type\":\"ListItem\",\"position\":1,\"name\":\"Hjem\",\"item\":\"https:\\\/\\\/www.svalbardblues.com\\\/nl\\\/\"},{\"@type\":\"ListItem\",\"position\":2,\"name\":\"Spitsbergen, feiten en informatie\",\"item\":\"https:\\\/\\\/www.svalbardblues.com\\\/nl\\\/svalbard\\\/\"},{\"@type\":\"ListItem\",\"position\":3,\"name\":\"Nederzettingen in Spitsbergen\"}]},{\"@type\":\"WebSite\",\"@id\":\"https:\\\/\\\/www.svalbardblues.com\\\/nl\\\/#website\",\"url\":\"https:\\\/\\\/www.svalbardblues.com\\\/nl\\\/\",\"name\":\"Dark Season Blues | SVALBARD\",\"description\":\"The World&#039;s Northenmost Blues Festival\",\"publisher\":{\"@id\":\"https:\\\/\\\/www.svalbardblues.com\\\/nl\\\/#organization\"},\"potentialAction\":[{\"@type\":\"SearchAction\",\"target\":{\"@type\":\"EntryPoint\",\"urlTemplate\":\"https:\\\/\\\/www.svalbardblues.com\\\/nl\\\/?s={search_term_string}\"},\"query-input\":{\"@type\":\"PropertyValueSpecification\",\"valueRequired\":true,\"valueName\":\"search_term_string\"}}],\"inLanguage\":\"nl-NL\"},{\"@type\":\"Organization\",\"@id\":\"https:\\\/\\\/www.svalbardblues.com\\\/nl\\\/#organization\",\"name\":\"Dark Season Blues\",\"url\":\"https:\\\/\\\/www.svalbardblues.com\\\/nl\\\/\",\"logo\":{\"@type\":\"ImageObject\",\"inLanguage\":\"nl-NL\",\"@id\":\"https:\\\/\\\/www.svalbardblues.com\\\/nl\\\/#\\\/schema\\\/logo\\\/image\\\/\",\"url\":\"https:\\\/\\\/www.svalbardblues.com\\\/wp-content\\\/uploads\\\/2017\\\/06\\\/DSB2017-Illustrasjon-620.jpg\",\"contentUrl\":\"https:\\\/\\\/www.svalbardblues.com\\\/wp-content\\\/uploads\\\/2017\\\/06\\\/DSB2017-Illustrasjon-620.jpg\",\"width\":620,\"height\":488,\"caption\":\"Dark Season Blues\"},\"image\":{\"@id\":\"https:\\\/\\\/www.svalbardblues.com\\\/nl\\\/#\\\/schema\\\/logo\\\/image\\\/\"},\"sameAs\":[\"https:\\\/\\\/www.facebook.com\\\/DarkSeasonBlues\",\"https:\\\/\\\/x.com\\\/DarkSeasonBlues\",\"https:\\\/\\\/www.instagram.com\\\/darkseasonblues\\\/\",\"https:\\\/\\\/no.wikipedia.org\\\/wiki\\\/Dark_Season_Blues\"]}]}<\/script>\n<!-- \/ Yoast SEO Premium plugin. -->","yoast_head_json":{"title":"Schikkingen | SVALBARD","description":"Longyearbyen is de grootste nederzetting op Spitsbergen en het Noorse administratieve centrum. Andere nederzettingen zijn Barentsburg, Sveagruva, Ny-\u00c5lesund, Hornsund.","robots":{"index":"index","follow":"follow","max-snippet":"max-snippet:-1","max-image-preview":"max-image-preview:large","max-video-preview":"max-video-preview:-1"},"canonical":"https:\/\/www.svalbardblues.com\/nl\/svalbard\/bosetninger\/","og_locale":"nl_NL","og_type":"article","og_title":"Nederzettingen in Spitsbergen","og_description":"Longyearbyen is de grootste nederzetting op Spitsbergen en het Noorse administratieve centrum. Andere nederzettingen zijn Barentsburg, Sveagruva, Ny-\u00c5lesund, Hornsund.","og_url":"https:\/\/www.svalbardblues.com\/nl\/svalbard\/bosetninger\/","og_site_name":"Dark Season Blues | SVALBARD","article_publisher":"https:\/\/www.facebook.com\/DarkSeasonBlues","article_modified_time":"2025-06-05T09:16:51+00:00","og_image":[{"width":900,"height":350,"url":"https:\/\/www.svalbardblues.com\/wp-content\/uploads\/2017\/10\/DSB2017-Illustrasjon-900-350.jpg","type":"image\/jpeg"}],"twitter_misc":{"Geschatte leestijd":"3 minuten"},"schema":{"@context":"https:\/\/schema.org","@graph":[{"@type":"WebPage","@id":"https:\/\/www.svalbardblues.com\/nl\/svalbard\/bosetninger\/","url":"https:\/\/www.svalbardblues.com\/nl\/svalbard\/bosetninger\/","name":"Schikkingen | SVALBARD","isPartOf":{"@id":"https:\/\/www.svalbardblues.com\/nl\/#website"},"datePublished":"2011-04-08T07:54:55+00:00","dateModified":"2025-06-05T09:16:51+00:00","description":"Longyearbyen is de grootste nederzetting op Spitsbergen en het Noorse administratieve centrum. Andere nederzettingen zijn Barentsburg, Sveagruva, Ny-\u00c5lesund, Hornsund.","breadcrumb":{"@id":"https:\/\/www.svalbardblues.com\/nl\/svalbard\/bosetninger\/#breadcrumb"},"inLanguage":"nl-NL","potentialAction":[{"@type":"ReadAction","target":["https:\/\/www.svalbardblues.com\/nl\/svalbard\/bosetninger\/"]}]},{"@type":"BreadcrumbList","@id":"https:\/\/www.svalbardblues.com\/nl\/svalbard\/bosetninger\/#breadcrumb","itemListElement":[{"@type":"ListItem","position":1,"name":"Hjem","item":"https:\/\/www.svalbardblues.com\/nl\/"},{"@type":"ListItem","position":2,"name":"Spitsbergen, feiten en informatie","item":"https:\/\/www.svalbardblues.com\/nl\/svalbard\/"},{"@type":"ListItem","position":3,"name":"Nederzettingen in Spitsbergen"}]},{"@type":"WebSite","@id":"https:\/\/www.svalbardblues.com\/nl\/#website","url":"https:\/\/www.svalbardblues.com\/nl\/","name":"Dark Season Blues | SVALBARD","description":"The World&#039;s Northenmost Blues Festival","publisher":{"@id":"https:\/\/www.svalbardblues.com\/nl\/#organization"},"potentialAction":[{"@type":"SearchAction","target":{"@type":"EntryPoint","urlTemplate":"https:\/\/www.svalbardblues.com\/nl\/?s={search_term_string}"},"query-input":{"@type":"PropertyValueSpecification","valueRequired":true,"valueName":"search_term_string"}}],"inLanguage":"nl-NL"},{"@type":"Organization","@id":"https:\/\/www.svalbardblues.com\/nl\/#organization","name":"Dark Season Blues","url":"https:\/\/www.svalbardblues.com\/nl\/","logo":{"@type":"ImageObject","inLanguage":"nl-NL","@id":"https:\/\/www.svalbardblues.com\/nl\/#\/schema\/logo\/image\/","url":"https:\/\/www.svalbardblues.com\/wp-content\/uploads\/2017\/06\/DSB2017-Illustrasjon-620.jpg","contentUrl":"https:\/\/www.svalbardblues.com\/wp-content\/uploads\/2017\/06\/DSB2017-Illustrasjon-620.jpg","width":620,"height":488,"caption":"Dark Season Blues"},"image":{"@id":"https:\/\/www.svalbardblues.com\/nl\/#\/schema\/logo\/image\/"},"sameAs":["https:\/\/www.facebook.com\/DarkSeasonBlues","https:\/\/x.com\/DarkSeasonBlues","https:\/\/www.instagram.com\/darkseasonblues\/","https:\/\/no.wikipedia.org\/wiki\/Dark_Season_Blues"]}]}},"_links":{"self":[{"href":"https:\/\/www.svalbardblues.com\/nl\/wp-json\/wp\/v2\/pages\/23657","targetHints":{"allow":["GET"]}}],"collection":[{"href":"https:\/\/www.svalbardblues.com\/nl\/wp-json\/wp\/v2\/pages"}],"about":[{"href":"https:\/\/www.svalbardblues.com\/nl\/wp-json\/wp\/v2\/types\/page"}],"author":[{"embeddable":true,"href":"https:\/\/www.svalbardblues.com\/nl\/wp-json\/wp\/v2\/users\/1"}],"replies":[{"embeddable":true,"href":"https:\/\/www.svalbardblues.com\/nl\/wp-json\/wp\/v2\/comments?post=23657"}],"version-history":[{"count":1,"href":"https:\/\/www.svalbardblues.com\/nl\/wp-json\/wp\/v2\/pages\/23657\/revisions"}],"predecessor-version":[{"id":23773,"href":"https:\/\/www.svalbardblues.com\/nl\/wp-json\/wp\/v2\/pages\/23657\/revisions\/23773"}],"up":[{"embeddable":true,"href":"https:\/\/www.svalbardblues.com\/nl\/wp-json\/wp\/v2\/pages\/23771"}],"wp:attachment":[{"href":"https:\/\/www.svalbardblues.com\/nl\/wp-json\/wp\/v2\/media?parent=23657"}],"curies":[{"name":"wp","href":"https:\/\/api.w.org\/{rel}","templated":true}]}}