{"id":23771,"date":"2011-04-08T09:38:38","date_gmt":"2011-04-08T09:38:38","guid":{"rendered":"https:\/\/www.svalbardblues.com\/svalbard\/"},"modified":"2011-04-08T09:38:38","modified_gmt":"2011-04-08T09:38:38","slug":"svalbard","status":"publish","type":"page","link":"https:\/\/www.svalbardblues.com\/nl\/svalbard\/","title":{"rendered":"Spitsbergen, feiten en informatie"},"content":{"rendered":"<p><img fetchpriority=\"high\" decoding=\"async\" class=\"size-full wp-image-4377 aligncenter\" style=\"font-size: inherit; background-color: initial; font-family: inherit;\" title=\"Spitsbergen\" src=\"https:\/\/www.svalbardblues.com\/wp-content\/uploads\/2011\/04\/svalbard-ne-fjell.jpg\" alt=\"Rotsformaties. Noordoost Spitsbergen\" width=\"600\" height=\"340\" srcset=\"https:\/\/www.svalbardblues.com\/wp-content\/uploads\/2011\/04\/svalbard-ne-fjell.jpg 600w, https:\/\/www.svalbardblues.com\/wp-content\/uploads\/2011\/04\/svalbard-ne-fjell-300x170.jpg 300w\" sizes=\"(max-width: 600px) 100vw, 600px\" \/><\/p>\n<h2>Spitsbergen<\/h2>\n<h3>Arctische klimaatzone<\/h3>\n<p>Gelegen in een Arctische klimaatzone met <a title=\"Longyearbyen\" href=\"https:\/\/www.svalbardblues.com\/longyearbyen\/\">Longyearbyen <\/a>op slechts 12 graden van de Noordpool, is Spitsbergen een heel bijzonder deel van Noorwegen.<\/p>\n<figure id=\"attachment_4409\" aria-describedby=\"caption-attachment-4409\" style=\"width: 290px\" class=\"wp-caption alignright\"><img decoding=\"async\" class=\"size-medium wp-image-4409\" title=\"svalbard-isbjorn_espen2\" src=\"https:\/\/www.svalbardblues.com\/wp-content\/uploads\/2011\/04\/svalbard-isbjorn_espen2-300x180.jpg\" alt=\"IJsberen in Spitsbergen op zee-ijs.\" width=\"300\" height=\"180\" srcset=\"https:\/\/www.svalbardblues.com\/wp-content\/uploads\/2011\/04\/svalbard-isbjorn_espen2-300x180.jpg 300w, https:\/\/www.svalbardblues.com\/wp-content\/uploads\/2011\/04\/svalbard-isbjorn_espen2.jpg 600w\" sizes=\"(max-width: 300px) 100vw, 300px\" \/><figcaption id=\"caption-attachment-4409\" class=\"wp-caption-text\">Ijsbeer<\/figcaption><\/figure>\n<p>De archipel is een van de meest noordelijke landgebieden ter wereld en omdat het zo afgelegen is, is het gebied weinig door mensen aangetast. Het grootste deel is nog ongerepte natuur zonder wegen of andere ingrepen. Het landschap wordt gekenmerkt door verweerde bergtoppen bekleed met blauwgroene gletsjertongen die recht naar beneden in de Noordelijke IJszee storten en waarvan 2\/3 bedekt is met ijs. Desondanks wordt de archipel gekenmerkt door zijn rijke fauna en unieke fauna. Er zijn meer dan 160 plantensoorten, ongeveer 100 gastvogelsoorten, maar ook ijsberen, walrussen, rendieren, zeehonden, poolvossen en de kleine poolkabeljauw.    <\/p>\n<h3>Archipel<\/h3>\n<div>Spitsbergen wordt gedefinieerd als het landgebied tussen 74 en 81 graden ten noorden en 10 en 35 graden ten oosten.<\/div>\n<p>De archipel bestaat uit een aantal grote en kleine eilanden, waarvan Spitsbergen, Nordaustlandet, Edge\u00f8ya, Barents\u00f8ya en Prins Karls Forland de grootste zijn. Het grootste eiland is Spitsbergen, waar zich alle permanente nederzettingen en menselijke activiteiten bevinden. Newton Peak in het noordoosten van Spitsbergen is de hoogste berg en steekt 1.713 meter boven de zeespiegel uit.  <\/p>\n<h3>Het land van de koude kust<\/h3>\n<p>De eerste ontdekkers van Spitsbergen in 1194 schreven het volgende in hun aantekeningen: \u201chet klimaat is hier zo streng dat de dieren helemaal wit zijn\u201d (IJslandse geschriften). De naam <strong>Spitsbergen betekent \u201cland van de koude kust\u201d<\/strong> en werd voor het eerst genoemd in IJslandse teksten in de twaalfde eeuw. <\/p>\n<h3>Beschermde gebieden<\/h3>\n<p>Bijna 65 procent van het oppervlak bestaat uit beschermde gebieden, waaronder drie natuurreservaten, zes nationale parken, 15 vogelreservaten en \u00e9\u00e9n geotoopbeschermingsgebied.<\/p>\n<h3>Grootste gletsjer<\/h3>\n<p>De grootste gletsjer van Noorwegen, Austfonna, ligt in Spitsbergen. Austfonna is na Antarctica en Groenland de grootste ijskap ter wereld, met een gletsjerfront van meer dan 200 kilometer. <\/p>\n<h3>Klimaat<\/h3>\n<p>Hoewel Spitsbergen dicht bij de Noordpool ligt, heeft het een relatief mild klimaat in vergelijking met andere plaatsen op dezelfde hoogte. In Longyearbyen is de gemiddelde temperatuur 14 graden onder nul in de winter en zes graden boven nul in de zomer.<br \/>\nDe laagste temperatuur ooit gemeten was 46,3 graden onder nul in maart 1986. De hoogst gemeten temperatuur was 21,3 graden Celsius in juli 1979.<br \/>\nIn de winter zijn er vaak lange periodes met temperaturen tussen 20 en 30 graden Celsius. In de zomer zijn er vaak perioden met mist.<br \/>\nHet gebied kan worden beschreven als een \u201cArctische woestijn\u201d, met een jaarlijkse neerslag van slechts 200-300 millimeter.<br \/>\nHet weer kan snel veranderen en is vaak erg plaatselijk.   <\/p>\n<h3>Voeding<\/h3>\n<p>Hoewel de archipel de basis heeft gevormd voor een aantal industrie\u00ebn en activiteiten sinds Willem Barentsz in 1596 naar de archipel kwam, is het grootste deel van de gebieden nog ongerepte wildernis. De meest prominente activiteiten zijn jacht, mijnbouw, toerisme, expedities en onderzoek. <\/p>\n<h3>Spitsbergen verdragen<\/h3>\n<p>Het Spitsbergenverdrag van 9 februari 1920 geeft Noorwegen \u201cvolledige en onbeperkte soevereiniteit\u201d over Spitsbergen. De Spitsbergenwet van 17 juli 1925 stelt dat \u201cSpitsbergen deel uitmaakt van het Koninkrijk Noorwegen\u201d.   <\/p>\n<p>Het ministerie van Justitie, vertegenwoordigd door het Pooldepartement, co\u00f6rdineert de administratieve afhandeling van zaken met betrekking tot Spitsbergen. De co\u00f6rdinatie vindt voornamelijk plaats via de interministeri\u00eble poolcommissie. <\/p>\n<p>Het Polar Department heeft ook de algehele verantwoordelijkheid voor de gouverneur, de hoogste vertegenwoordiger van de regering op Spitsbergen.<\/p>\n<p>Spitsbergen is de meest noordelijke regio van Noorwegen en een natuurlijk onderdeel van de strategie voor het hoge noorden van de regering.<\/p>\n<h3><strong>Korte feiten over Spitsbergen<\/strong>:<\/h3>\n<p>&#8211; De totale oppervlakte van de archipel is 61.020 km\u00b2, of ongeveer twee keer de oppervlakte van Belgi\u00eb<br \/>\n&#8211; Spitsbergen is het grootste eiland, met een oppervlakte van 38.000 km\u00b2 (het grootste eiland van Noorwegen, Hinn\u00f8ya, is 2.205 km\u00b2)<br \/>\n&#8211; De temperatuur in de winter aan de westkust van Spitsbergen ligt meestal tussen -8 en -16 graden, maar kan binnen een paar uur met 30 graden dalen<br \/>\n&#8211; De laagst gemeten temperatuur is -49,2 graden, gemeten bij Gr\u00f8nfjorden 28. maart 1917. Maart 1917<br \/>\n&#8211; De gemiddelde temperatuur in Ny-\u00c5lesund in de zomer is 5 graden<br \/>\n&#8211; De hoogst gemeten temperatuur is 21,3 graden, gemeten op het vliegveld in Longyearbyen 16. Juli 1979<br \/>\n&#8211; De permafrost strekt zich 200-500 meter uit in het binnenland, en alleen de bovenste meter ontdooit in de zomer<br \/>\n&#8211; Het zee-ijs kan bevriezen tot een dikte van drie meter in een enkele winter<br \/>\n&#8211; Wind en oceaanstromingen zorgen ervoor dat het zee-ijs zich ophoopt en tot 30 meter dik wordt<br \/>\n&#8211; Middernachtzon op 79 graden breedtegraad (v\/Ny-\u00c5lesund): 18 april tot 24 augustus<br \/>\n&#8211; Duisternis op 79 graden breedtegraad (v\/Ny-\u00c5lesund): 25 oktober tot 17 februari<br \/>\n&#8211; Hoogste bergtoppen: Newtontoppen 1713 m en Perriertoppen 1712 m (gemeten in 1996)<br \/>\n&#8211; Bijna 40 nationaliteiten zijn vertegenwoordigd in Longyearbyen<br \/>\n&#8211; 62% van alle huishoudens in Longyearbyen bestaat uit \u00e9\u00e9n persoon<br \/>\n&#8211; De gemiddelde verblijfsduur is twee jaar<br \/>\n&#8211; De luchthaven van Spitsbergen werd geopend 2..       September 1975<br \/>\n&#8211; <a title=\"Wereldwijde Zaadkluis Svalbard\" href=\"https:\/\/www.svalbardblues.com\/svalbard\/svalbard-globale-frohvelv\/\">Svalbard Global Seed Vault<\/a> werd officieel geopend tijdens een ceremonie op 26 februari 2008<br \/>\n&#8211; Kaart van <a title=\"Kaart van de archipel\" href=\"http:\/\/g.co\/maps\/g8gha\" target=\"_blank\" rel=\"noopener noreferrer\">Svalbard<\/a> <\/p>\n<figure id=\"attachment_2595\" aria-describedby=\"caption-attachment-2595\" style=\"width: 590px\" class=\"wp-caption aligncenter\"><img decoding=\"async\" class=\"size-full wp-image-2595 \" title=\"svalbard-kaart\" src=\"https:\/\/www.svalbardblues.com\/wp-content\/uploads\/2011\/04\/svalbard-map.jpg\" alt=\"Spitsbergen kaart, kaart. Spitsbergen bestaat uit de eilanden Spitsbergen, Nordaustlandet, Edge\u00f8ya, Barents\u00f8ya en Prins Karls Forland, Hopen, Bj\u00f8rn\u00f8ya.\" width=\"600\" height=\"600\" srcset=\"https:\/\/www.svalbardblues.com\/wp-content\/uploads\/2011\/04\/svalbard-map.jpg 600w, https:\/\/www.svalbardblues.com\/wp-content\/uploads\/2011\/04\/svalbard-map-300x300.jpg 300w, https:\/\/www.svalbardblues.com\/wp-content\/uploads\/2011\/04\/svalbard-map-100x100.jpg 100w, https:\/\/www.svalbardblues.com\/wp-content\/uploads\/2011\/04\/svalbard-map-150x150.jpg 150w\" sizes=\"(max-width: 600px) 100vw, 600px\" \/><figcaption id=\"caption-attachment-2595\" class=\"wp-caption-text\">Kaart van Spitsbergen<\/figcaption><\/figure>\n","protected":false},"excerpt":{"rendered":"<p>Spitsbergen Arctische klimaatzone Gelegen in een Arctische klimaatzone met Longyearbyen op slechts 12 graden van de Noordpool, is Spitsbergen een heel bijzonder deel van Noorwegen. De archipel is een van de meest noordelijke landgebieden ter wereld en omdat het zo afgelegen is, is het gebied weinig door mensen aangetast. Het grootste deel is nog ongerepte &#8230; <\/p>\n<p class=\"read-more-container\"><a title=\"Spitsbergen, feiten en informatie\" class=\"read-more button\" href=\"https:\/\/www.svalbardblues.com\/nl\/svalbard\/#more-23771\" aria-label=\"Lees meer over Spitsbergen, feiten en informatie\">Read more<\/a><\/p>\n","protected":false},"author":1,"featured_media":0,"parent":0,"menu_order":0,"comment_status":"closed","ping_status":"closed","template":"","meta":{"inline_featured_image":false,"footnotes":""},"class_list":["post-23771","page","type-page","status-publish"],"yoast_head":"<!-- This site is optimized with the Yoast SEO Premium plugin v26.2 (Yoast SEO v27.4) - https:\/\/yoast.com\/product\/yoast-seo-premium-wordpress\/ -->\n<title>Spitsbergen | Feiten en informatie | SVALBARD<\/title>\n<meta name=\"description\" content=\"Spitsbergen, Nordaustlandet, Edge\u00f8ya, Barents\u00f8ya en Prins Karls Forland. Spitsbergen behoort tot de meest noordelijke landgebieden ter wereld.\" \/>\n<meta name=\"robots\" content=\"index, follow, max-snippet:-1, max-image-preview:large, max-video-preview:-1\" \/>\n<link rel=\"canonical\" href=\"https:\/\/www.svalbardblues.com\/nl\/svalbard\/\" \/>\n<meta property=\"og:locale\" content=\"nl_NL\" \/>\n<meta property=\"og:type\" content=\"article\" \/>\n<meta property=\"og:title\" content=\"Spitsbergen, feiten en informatie\" \/>\n<meta property=\"og:description\" content=\"Spitsbergen, Nordaustlandet, Edge\u00f8ya, Barents\u00f8ya en Prins Karls Forland. Spitsbergen behoort tot de meest noordelijke landgebieden ter wereld.\" \/>\n<meta property=\"og:url\" content=\"https:\/\/www.svalbardblues.com\/nl\/svalbard\/\" \/>\n<meta property=\"og:site_name\" content=\"Dark Season Blues | SVALBARD\" \/>\n<meta property=\"article:publisher\" content=\"https:\/\/www.facebook.com\/DarkSeasonBlues\" \/>\n<meta property=\"og:image\" content=\"https:\/\/www.svalbardblues.com\/wp-content\/uploads\/2011\/04\/svalbard-ne-fjell.jpg\" \/>\n\t<meta property=\"og:image:width\" content=\"600\" \/>\n\t<meta property=\"og:image:height\" content=\"340\" \/>\n\t<meta property=\"og:image:type\" content=\"image\/jpeg\" \/>\n<meta name=\"twitter:label1\" content=\"Geschatte leestijd\" \/>\n\t<meta name=\"twitter:data1\" content=\"4 minuten\" \/>\n<script type=\"application\/ld+json\" class=\"yoast-schema-graph\">{\"@context\":\"https:\\\/\\\/schema.org\",\"@graph\":[{\"@type\":\"WebPage\",\"@id\":\"https:\\\/\\\/www.svalbardblues.com\\\/nl\\\/svalbard\\\/\",\"url\":\"https:\\\/\\\/www.svalbardblues.com\\\/nl\\\/svalbard\\\/\",\"name\":\"Spitsbergen | Feiten en informatie | SVALBARD\",\"isPartOf\":{\"@id\":\"https:\\\/\\\/www.svalbardblues.com\\\/nl\\\/#website\"},\"primaryImageOfPage\":{\"@id\":\"https:\\\/\\\/www.svalbardblues.com\\\/nl\\\/svalbard\\\/#primaryimage\"},\"image\":{\"@id\":\"https:\\\/\\\/www.svalbardblues.com\\\/nl\\\/svalbard\\\/#primaryimage\"},\"thumbnailUrl\":\"https:\\\/\\\/www.svalbardblues.com\\\/wp-content\\\/uploads\\\/2011\\\/04\\\/svalbard-ne-fjell.jpg\",\"datePublished\":\"2011-04-08T09:38:38+00:00\",\"description\":\"Spitsbergen, Nordaustlandet, Edge\u00f8ya, Barents\u00f8ya en Prins Karls Forland. Spitsbergen behoort tot de meest noordelijke landgebieden ter wereld.\",\"breadcrumb\":{\"@id\":\"https:\\\/\\\/www.svalbardblues.com\\\/nl\\\/svalbard\\\/#breadcrumb\"},\"inLanguage\":\"nl-NL\",\"potentialAction\":[{\"@type\":\"ReadAction\",\"target\":[\"https:\\\/\\\/www.svalbardblues.com\\\/nl\\\/svalbard\\\/\"]}]},{\"@type\":\"ImageObject\",\"inLanguage\":\"nl-NL\",\"@id\":\"https:\\\/\\\/www.svalbardblues.com\\\/nl\\\/svalbard\\\/#primaryimage\",\"url\":\"https:\\\/\\\/www.svalbardblues.com\\\/wp-content\\\/uploads\\\/2011\\\/04\\\/svalbard-ne-fjell.jpg\",\"contentUrl\":\"https:\\\/\\\/www.svalbardblues.com\\\/wp-content\\\/uploads\\\/2011\\\/04\\\/svalbard-ne-fjell.jpg\"},{\"@type\":\"BreadcrumbList\",\"@id\":\"https:\\\/\\\/www.svalbardblues.com\\\/nl\\\/svalbard\\\/#breadcrumb\",\"itemListElement\":[{\"@type\":\"ListItem\",\"position\":1,\"name\":\"Hjem\",\"item\":\"https:\\\/\\\/www.svalbardblues.com\\\/nl\\\/\"},{\"@type\":\"ListItem\",\"position\":2,\"name\":\"Spitsbergen, feiten en informatie\"}]},{\"@type\":\"WebSite\",\"@id\":\"https:\\\/\\\/www.svalbardblues.com\\\/nl\\\/#website\",\"url\":\"https:\\\/\\\/www.svalbardblues.com\\\/nl\\\/\",\"name\":\"Dark Season Blues | SVALBARD\",\"description\":\"The World&#039;s Northenmost Blues Festival\",\"publisher\":{\"@id\":\"https:\\\/\\\/www.svalbardblues.com\\\/nl\\\/#organization\"},\"potentialAction\":[{\"@type\":\"SearchAction\",\"target\":{\"@type\":\"EntryPoint\",\"urlTemplate\":\"https:\\\/\\\/www.svalbardblues.com\\\/nl\\\/?s={search_term_string}\"},\"query-input\":{\"@type\":\"PropertyValueSpecification\",\"valueRequired\":true,\"valueName\":\"search_term_string\"}}],\"inLanguage\":\"nl-NL\"},{\"@type\":\"Organization\",\"@id\":\"https:\\\/\\\/www.svalbardblues.com\\\/nl\\\/#organization\",\"name\":\"Dark Season Blues\",\"url\":\"https:\\\/\\\/www.svalbardblues.com\\\/nl\\\/\",\"logo\":{\"@type\":\"ImageObject\",\"inLanguage\":\"nl-NL\",\"@id\":\"https:\\\/\\\/www.svalbardblues.com\\\/nl\\\/#\\\/schema\\\/logo\\\/image\\\/\",\"url\":\"https:\\\/\\\/www.svalbardblues.com\\\/wp-content\\\/uploads\\\/2017\\\/06\\\/DSB2017-Illustrasjon-620.jpg\",\"contentUrl\":\"https:\\\/\\\/www.svalbardblues.com\\\/wp-content\\\/uploads\\\/2017\\\/06\\\/DSB2017-Illustrasjon-620.jpg\",\"width\":620,\"height\":488,\"caption\":\"Dark Season Blues\"},\"image\":{\"@id\":\"https:\\\/\\\/www.svalbardblues.com\\\/nl\\\/#\\\/schema\\\/logo\\\/image\\\/\"},\"sameAs\":[\"https:\\\/\\\/www.facebook.com\\\/DarkSeasonBlues\",\"https:\\\/\\\/x.com\\\/DarkSeasonBlues\",\"https:\\\/\\\/www.instagram.com\\\/darkseasonblues\\\/\",\"https:\\\/\\\/no.wikipedia.org\\\/wiki\\\/Dark_Season_Blues\"]}]}<\/script>\n<!-- \/ Yoast SEO Premium plugin. -->","yoast_head_json":{"title":"Spitsbergen | Feiten en informatie | SVALBARD","description":"Spitsbergen, Nordaustlandet, Edge\u00f8ya, Barents\u00f8ya en Prins Karls Forland. Spitsbergen behoort tot de meest noordelijke landgebieden ter wereld.","robots":{"index":"index","follow":"follow","max-snippet":"max-snippet:-1","max-image-preview":"max-image-preview:large","max-video-preview":"max-video-preview:-1"},"canonical":"https:\/\/www.svalbardblues.com\/nl\/svalbard\/","og_locale":"nl_NL","og_type":"article","og_title":"Spitsbergen, feiten en informatie","og_description":"Spitsbergen, Nordaustlandet, Edge\u00f8ya, Barents\u00f8ya en Prins Karls Forland. Spitsbergen behoort tot de meest noordelijke landgebieden ter wereld.","og_url":"https:\/\/www.svalbardblues.com\/nl\/svalbard\/","og_site_name":"Dark Season Blues | SVALBARD","article_publisher":"https:\/\/www.facebook.com\/DarkSeasonBlues","og_image":[{"width":600,"height":340,"url":"https:\/\/www.svalbardblues.com\/wp-content\/uploads\/2011\/04\/svalbard-ne-fjell.jpg","type":"image\/jpeg"}],"twitter_misc":{"Geschatte leestijd":"4 minuten"},"schema":{"@context":"https:\/\/schema.org","@graph":[{"@type":"WebPage","@id":"https:\/\/www.svalbardblues.com\/nl\/svalbard\/","url":"https:\/\/www.svalbardblues.com\/nl\/svalbard\/","name":"Spitsbergen | Feiten en informatie | SVALBARD","isPartOf":{"@id":"https:\/\/www.svalbardblues.com\/nl\/#website"},"primaryImageOfPage":{"@id":"https:\/\/www.svalbardblues.com\/nl\/svalbard\/#primaryimage"},"image":{"@id":"https:\/\/www.svalbardblues.com\/nl\/svalbard\/#primaryimage"},"thumbnailUrl":"https:\/\/www.svalbardblues.com\/wp-content\/uploads\/2011\/04\/svalbard-ne-fjell.jpg","datePublished":"2011-04-08T09:38:38+00:00","description":"Spitsbergen, Nordaustlandet, Edge\u00f8ya, Barents\u00f8ya en Prins Karls Forland. Spitsbergen behoort tot de meest noordelijke landgebieden ter wereld.","breadcrumb":{"@id":"https:\/\/www.svalbardblues.com\/nl\/svalbard\/#breadcrumb"},"inLanguage":"nl-NL","potentialAction":[{"@type":"ReadAction","target":["https:\/\/www.svalbardblues.com\/nl\/svalbard\/"]}]},{"@type":"ImageObject","inLanguage":"nl-NL","@id":"https:\/\/www.svalbardblues.com\/nl\/svalbard\/#primaryimage","url":"https:\/\/www.svalbardblues.com\/wp-content\/uploads\/2011\/04\/svalbard-ne-fjell.jpg","contentUrl":"https:\/\/www.svalbardblues.com\/wp-content\/uploads\/2011\/04\/svalbard-ne-fjell.jpg"},{"@type":"BreadcrumbList","@id":"https:\/\/www.svalbardblues.com\/nl\/svalbard\/#breadcrumb","itemListElement":[{"@type":"ListItem","position":1,"name":"Hjem","item":"https:\/\/www.svalbardblues.com\/nl\/"},{"@type":"ListItem","position":2,"name":"Spitsbergen, feiten en informatie"}]},{"@type":"WebSite","@id":"https:\/\/www.svalbardblues.com\/nl\/#website","url":"https:\/\/www.svalbardblues.com\/nl\/","name":"Dark Season Blues | SVALBARD","description":"The World&#039;s Northenmost Blues Festival","publisher":{"@id":"https:\/\/www.svalbardblues.com\/nl\/#organization"},"potentialAction":[{"@type":"SearchAction","target":{"@type":"EntryPoint","urlTemplate":"https:\/\/www.svalbardblues.com\/nl\/?s={search_term_string}"},"query-input":{"@type":"PropertyValueSpecification","valueRequired":true,"valueName":"search_term_string"}}],"inLanguage":"nl-NL"},{"@type":"Organization","@id":"https:\/\/www.svalbardblues.com\/nl\/#organization","name":"Dark Season Blues","url":"https:\/\/www.svalbardblues.com\/nl\/","logo":{"@type":"ImageObject","inLanguage":"nl-NL","@id":"https:\/\/www.svalbardblues.com\/nl\/#\/schema\/logo\/image\/","url":"https:\/\/www.svalbardblues.com\/wp-content\/uploads\/2017\/06\/DSB2017-Illustrasjon-620.jpg","contentUrl":"https:\/\/www.svalbardblues.com\/wp-content\/uploads\/2017\/06\/DSB2017-Illustrasjon-620.jpg","width":620,"height":488,"caption":"Dark Season Blues"},"image":{"@id":"https:\/\/www.svalbardblues.com\/nl\/#\/schema\/logo\/image\/"},"sameAs":["https:\/\/www.facebook.com\/DarkSeasonBlues","https:\/\/x.com\/DarkSeasonBlues","https:\/\/www.instagram.com\/darkseasonblues\/","https:\/\/no.wikipedia.org\/wiki\/Dark_Season_Blues"]}]}},"_links":{"self":[{"href":"https:\/\/www.svalbardblues.com\/nl\/wp-json\/wp\/v2\/pages\/23771","targetHints":{"allow":["GET"]}}],"collection":[{"href":"https:\/\/www.svalbardblues.com\/nl\/wp-json\/wp\/v2\/pages"}],"about":[{"href":"https:\/\/www.svalbardblues.com\/nl\/wp-json\/wp\/v2\/types\/page"}],"author":[{"embeddable":true,"href":"https:\/\/www.svalbardblues.com\/nl\/wp-json\/wp\/v2\/users\/1"}],"replies":[{"embeddable":true,"href":"https:\/\/www.svalbardblues.com\/nl\/wp-json\/wp\/v2\/comments?post=23771"}],"version-history":[{"count":0,"href":"https:\/\/www.svalbardblues.com\/nl\/wp-json\/wp\/v2\/pages\/23771\/revisions"}],"wp:attachment":[{"href":"https:\/\/www.svalbardblues.com\/nl\/wp-json\/wp\/v2\/media?parent=23771"}],"curies":[{"name":"wp","href":"https:\/\/api.w.org\/{rel}","templated":true}]}}