{"id":23883,"date":"2011-11-22T19:18:39","date_gmt":"2011-11-22T19:18:39","guid":{"rendered":"https:\/\/www.svalbardblues.com\/longyearbyen\/lokale-stedsnavn\/"},"modified":"2011-11-22T19:18:39","modified_gmt":"2011-11-22T19:18:39","slug":"lokale-stedsnavn","status":"publish","type":"page","link":"https:\/\/www.svalbardblues.com\/nl\/longyearbyen\/lokale-stedsnavn\/","title":{"rendered":"Lokale plaatsnamen in Longyearbyen"},"content":{"rendered":"<figure id=\"attachment_4264\" aria-describedby=\"caption-attachment-4264\" style=\"width: 590px\" class=\"wp-caption aligncenter\"><img fetchpriority=\"high\" decoding=\"async\" class=\"size-full wp-image-4264\" title=\"jernsenga-adventdalen\" src=\"https:\/\/www.svalbardblues.com\/wp-content\/uploads\/2011\/11\/jernsenga-adventdalen.jpg\" alt=\"Jernsenga in de Adventvallei. Ook wel villa pull-through genoemd. 2 ijzeren bedden en 1 kachel\" width=\"600\" height=\"309\" srcset=\"https:\/\/www.svalbardblues.com\/wp-content\/uploads\/2011\/11\/jernsenga-adventdalen.jpg 600w, https:\/\/www.svalbardblues.com\/wp-content\/uploads\/2011\/11\/jernsenga-adventdalen-300x154.jpg 300w\" sizes=\"(max-width: 600px) 100vw, 600px\" \/><figcaption id=\"caption-attachment-4264\" class=\"wp-caption-text\">Jernsenga - Villa Gjennomtrekk<\/figcaption><\/figure>\n<p><strong>Je hoeft geen grote stunt uit te halen in Longyearbyen om een bijnaam te krijgen. Het is hetzelfde met plaatsen. Hier is de geschiedenis van enkele plaatselijke plaatsnamen.  <\/strong><\/p>\n<p>[one_half]<\/p>\n<h2>Ahlmannk\u00e5ken<\/h2>\n<p>Gebouw 316. De Zweedse glacioloog, geograaf,<br \/>\nprofessor en ambassadeur in Oslo, Hans Jakob<br \/>\nKonrad Wilhelmsson (W.son) Ahlmann (1889-<br \/>\n1974), bouwde het gebouw aan de zuidkant van<br \/>\nMurchisonfjorden, tegenover S\u00f8re Russ\u00f8y op<br \/>\nNordaust landet, op de Sveanor basis in de zomer van<br \/>\n1931. SNSK kocht het en plaatste het waar<br \/>\nhet nu staat, onder de kerk.  <\/p>\n<h2>Huis van gebed<\/h2>\n<p>Weg 238\/21. Werd gebouwd in 1990. Het ietwat vierkante<br \/>\nhuis van twee verdiepingen met 13 appartementen was nogal<br \/>\neenzaam aan zee voordat de andere huizen<br \/>\nerbij kwamen. Het kreeg zijn naam omdat sommige mensen denken dat het<br \/>\nop een gebedshuis lijkt.   <\/p>\n<h2>Bl\u00e5myra<\/h2>\n<p>Weg 232. Gestart in 1990. De blauwgeschilderde<br \/>\nhuizen staan deels in moerassig terrein.  <\/p>\n<h2>De kooi of maagdelijke kooi<\/h2>\n<p>werd gebouwd in 1947 en ligt tegenover Stormessa<br \/>\nin Nybyen, boven wat toen Formannsmessa was.<br \/>\nHier waren cabines voor vrouwelijke standwachters.<br \/>\nIn 1985 verhuisde de beurs naar Busen en werd<br \/>\nBuret een gewoon appartementsgebouw.<\/p>\n<h2>Birmaweg<\/h2>\n<p>De eerste Birmaweg werd rond 1950 aangelegd. De<br \/>\nnieuwe Birmaweg werd aangelegd in 1963 en ligt<br \/>\ngedeeltelijk onder de oude weg. De Birmaweg tussen<br \/>\nBirma en China was van groot strategisch belang<br \/>\ntijdens de Tweede Wereldoorlog. Vandaar de naam.   <\/p>\n<h2>borsten<\/h2>\n<p>maakt deel uit van het Lompen Centre, dat werd gebouwd in<br \/>\n1985. Britt Ohm won de wedstrijd om het caf\u00e9 de naam<br \/>\nte geven. Zoals bekend is de bus de erenaam<br \/>\nvan een mijnwerker.  <\/p>\n<h2>Cowboystad<\/h2>\n<p>Weg 234. De gevels van de huizen lijken op de achtergronden<br \/>\nvan een cowboyfilm met hun kleine veranda&#8217;s op<br \/>\nde ingang. <\/p>\n<h2>Vonken<\/h2>\n<p>Egentlig Funksjon\u00e6rmessa (FUM) werd in 1947 gebouwd op<br \/>\nen was bedoeld als huisvesting voor ongetrouwde werknemers in loondienst.<br \/>\nDe jongens woonden rechts toen we de trap<br \/>\nnaar de tweede verdieping opgingen, en de meisjes links. Op de eerste verdieping<br \/>\nwas een tafeltenniskamer (later een biljartkamer),<br \/>\neen open haard lounge, een telefooncel, een aparte cabine<br \/>\nmet witte tafelkleden, een lounge en een VIP-ruimte voor<br \/>\nSNSK&#8217;s gasten. <\/p>\n<h2>Gr\u00f8nnbrakka<\/h2>\n<p>Bij de oude kabelbaanhoek bij de<br \/>\nafdaling naar de Melkweg. Het gebouw werd eerst gebruikt als<br \/>\nhuisvesting. In februari 1987 werd het omgebouwd tot een<br \/>\nfijnkaliber pistoolbaan. Grofkaliber pistool<br \/>\nvanaf 1992.   <\/p>\n<h2>Hiorthaven of Muskhaven<\/h2>\n<p>In 1918 werd de plaats Hiorthavn genoemd naar directeur Fredrik<br \/>\nWilhelm Louis Hiorth. In 1933 werd de naam Hiorthavn<br \/>\nveranderd in Hiorthhamn in overeenstemming met de regel dat<br \/>\nNynorsk orthografie zoveel mogelijk<br \/>\nmoet worden gebruikt als het gaat om plaatsnamen op<br \/>\nSpitsbergen. In 1938 werd Hiorthhamn omgedoopt tot<br \/>\nMoskushamn omdat er in 1929 17 muskusossen vanuit Groenland aan land waren gezet<br \/>\n. In 2002 is de naam weer veranderd in Hiorthamn.    <\/p>\n<h2>Het huis<\/h2>\n<p>is de afkorting voor het buurthuis dat in 1951 op<br \/>\nwerd gebouwd en aan de voet van de weg naar<br \/>\nSverdrupbyen ligt.<\/p>\n<h2>Indiaans dorp of Spisshusene<\/h2>\n<p style=\"text-align: center;\"><img decoding=\"async\" class=\"size-full wp-image-4266 aligncenter\" title=\"Longyearbyen Spitsbergen Spisshus\" src=\"https:\/\/www.svalbardblues.com\/wp-content\/uploads\/2011\/11\/Longyearbyen-Svalbard-Spisshus.jpg\" alt=\"De tiphuizen in Longyearbyen. Ook wel het indianendorp genoemd\" width=\"185\" height=\"125\"><\/p>\n<p>werd gebouwd in 1976. Het veld van identieke huizen in Vei<br \/>\n230. In het begin werden ze Indianerlandsbyen<br \/>\ngenoemd vanwege hun puntdaken. Niet lang na<br \/>\nwerd het Spisshusene.   <\/p>\n<h2>De kelder<\/h2>\n<p>Van 1984-1992 was er een polowinkel in de kelder van<br \/>\nFunken.<br \/>\nHet heette Kjelleren. Voor 1987 kon je kratten bier<br \/>\nkopen in de kelder van AMV (arbeidsbeurs<br \/>\nwest) in Sverdrupbyen. Het heette ook Kjelleren<br \/>\n&#8211; of \u00d8lkjelleren. De bierverkoop werd in 1987 verplaatst naar de<br \/>\nwinkel in Nybyen.   <\/p>\n<h2>Klompen<\/h2>\n<p>V\u00f3\u00f3r 1985 kleedden mensen zich op<br \/>\nop verschillende plaatsen om, zoals Maskinbrakka<br \/>\nbij Skj\u00e6ringa, Funken en Nybyen (het hoofdzwembad).<br \/>\nVanaf augustus 1985 heette het multifunctionele centrum<br \/>\nLompen, waar je aan de bovenkant<br \/>\nvan de badkamer schoon naar binnen liep en aan de achterkant<br \/>\nin vieze modder naar buiten naar de bus, en andersom. Dit toiletgedeelte van het<br \/>\nmultifunctionele centrum, dat ook een wasserette<br \/>\nen kantoren bevatte, kreeg de naam Lompen na een naamgevingswedstrijd<br \/>\ngewonnen door Judith Gylseth. <\/p>\n<h2>L\u00f8w\u00f8broen<\/h2>\n<p>In 1953 leverde NSB&#8217;s S\u00f8rlandsbane ing. Fridtjof L\u00f8w\u00f8<br \/>\nin 1953 de spoorbrug die de communicatie vormde tussen mijn 1b en mijn 4<br \/>\n. Het spoor<br \/>\nlag 17 meter boven de grond. Het vervoerde gesteente van mijn<br \/>\n1b naar de andere kant van de vallei in verband<br \/>\nmet de planning van mijn 4. Later werd het gebruikt voor<br \/>\nkolentransport. De brug werd in 1981 afgebroken.    <\/p>\n<p>[\/one_half]<\/p>\n<p>[one_half_last]<\/p>\n<h2>Melkweg<\/h2>\n<p>\u201cIJzermelk\u201d (machinaal gemaakt van poeder) werd<br \/>\ntot 1995 gemaakt in de kelder van Stormessa. Je kon<br \/>\nop verschillende locaties in de stad melk in emmers ophalen<br \/>\n. In 1985 werden de broodverkoop en alle melkinzameling<br \/>\ngecentraliseerd in het nieuwe multifunctionele gebouw.<br \/>\nEr werd gezegd dat de vrouw van de gouverneur te ver<br \/>\nmoest gaan, dus moesten ze in 1985 de zogenaamde Melkweg<br \/>\nbouwen.  <\/p>\n<h2>De parelachtige poorten<\/h2>\n<p>Een aardverschuiving van &#8220;Vannledningsdalen&#8221; bij Haugen vernietigde<br \/>\nde brug over Hilmar Rekstensvei net onder<br \/>\nHaugen in 1989. Omdat er al een<br \/>\nparallelweg van Haugen naar zee liep, werd besloten om<br \/>\nalleen een voetgangersbrug over de rivier te bouwen. Omdat mensen<br \/>\ngewend waren om hier te rijden, werden de relingen<br \/>\ngemarkeerd met veel reflectoren in alle kleuren. Ze schitterden<br \/>\nals parels aan een snoer in het licht van de auto&#8217;s.   <\/p>\n<h2>Benodigdheden<\/h2>\n<p>Gebouwd in 1950. Bij de elektriciteitscentrale in het kustgebied<br \/>\nwas de levensmiddelenwinkel met diepvriesproducten, groenten<br \/>\nen droge levensmiddelen. In die tijd was er geen gewone<br \/>\nkruidenierswinkel. Op basis van een overzichtslijst werd<br \/>\neen vordering geschreven en in gele brievenbussen<br \/>\nin de stad geplaatst. De goederen werden verpakt en<br \/>\naan de deur afgeleverd, en de rekening werd ingehouden op het loon.<br \/>\nDit was alleen voor huishoudens die toegang hadden tot<br \/>\nkeukens, en het waren meestal gezinnen die daar in het begin<br \/>\ntoegang toe hadden. In 1992 werd de nieuwe<br \/>\nSpitsbergenwinkel in het stadscentrum geopend en stopte Provianten<br \/>\nmet de verkoop van voedsel.    <\/p>\n<h2>Rijdend hek<\/h2>\n<p>Flatgebouw 232\/16 gebouwd in 1979. Vernoemd naar<br \/>\nhet Reitgjerdet gesticht. De naam was een kleine schop<br \/>\nnaar de vele leraren en overheidsmedewerkers die er woonden<br \/>\n.  <\/p>\n<h2>Kelders voor rozen<\/h2>\n<p>De kelder in Murboligen tussen Funken en het oude ziekenhuis<br \/>\ndat in 1954 werd gebouwd, heette Rosekjelleren.<br \/>\nTot het begin van de jaren 1980 had<br \/>\nFunken zijn eigen kermis voor de ongehuwde bedienden<br \/>\ndie daar woonden.<br \/>\nDe ongetrouwde meisjes (de rozen) die in de keuken van<br \/>\nwerkten, woonden in de kelder van Murboligen.<br \/>\nDus Rosekjelleren. Een andere verklaring is<br \/>\ndat het erg druk was en<br \/>\nwerd vergeleken met Rosekjelleren in Oslo. <\/p>\n<h2>Russeboligen<\/h2>\n<p>228\/9+11 werd gebouwd in 1975. Werknemers<br \/>\nvan Aeroflot woonden hier van 1975 tot 1991 toen ze elke woensdag<br \/>\nvluchten naar Longyearbyen hadden. <\/p>\n<h2>Shang-Po-Lar<\/h2>\n<p>Van Witte Donderdag 1962 tot 29 september 1984 werd een Shang-Po-Lar avond georganiseerd<br \/>\nmet een plaatselijk orkest<br \/>\nin Nysalen in Sverdrupbyen. Chinese<br \/>\nsymbolen werden op een brede<br \/>\nband rond de muren geschilderd en exotische papieren lampen werden<br \/>\nopgehangen. Boven het podium was een sterrenhemel geschilderd.  <\/p>\n<h2>Skj\u00e6ringa<\/h2>\n<p>Vanaf de kade op de oude kade liepen er karrensporen<br \/>\nin verschillende richtingen. Om het<br \/>\nminder moeilijk te maken voor de paarden, maakten ze een greppel\/snede<br \/>\ndoor de heuvel ongeveer waar nu het administratiegebouw van de gouverneur<br \/>\nstaat.<br \/>\nVandaar de naam Skj\u00e6ringa. <\/p>\n<h2>Stenen puntvallei<\/h2>\n<p>Tijdens graafwerkzaamheden in mijn 2a werden<br \/>\nstenen gedumpt in Gruvedalen. Zo werd de naam<br \/>\nSteintippdalen in de volksmond gebruikt tot<br \/>\nhier in het begin van de jaren 2000 woongebouwen begonnen te plannen<br \/>\n. <\/p>\n<h2>Stormessa<\/h2>\n<p>Arbeidermesse \u00f8st (AM\u00d8), dat werd gebouwd in<br \/>\n1948 in Nybyen, wordt Stormessa genoemd. Hier was<br \/>\nruimte voor 550 mensen aan lange tafels. 1600<br \/>\nm\u00b2 verdeeld over twee verdiepingen. Later verbouwd en<br \/>\nhad verschillende functies.   <\/p>\n<h2>Appartementen Svea<\/h2>\n<p>228\/1-5, gebouwd in de jaren 1970, werd Sveaboligen<br \/>\ngenoemd omdat het woningtype een prototype<br \/>\nmoest worden voor huizen die in Svea gebouwd zouden worden in de<br \/>\ntijd dat er grote plannen waren voor Svea.<\/p>\n<h2>De zonde<\/h2>\n<p>Appartementenblok 220 in Perleporten. Hier was er leven<br \/>\nen opwinding. <\/p>\n<h2>Tarzan zolder<\/h2>\n<p>Fitnessruimte met apparatuur op de tweede verdieping van het centrum<br \/>\nLompen, dat in 1985 werd gebouwd.<\/p>\n<h2>Villa Gjennomtrekk of Jernsenga<\/h2>\n<p>De bedden en de kachel op de helling in<br \/>\nAdventdalen.<br \/>\nEen groep had Passhytta opgeruimd en<br \/>\nverving de bedden en het fornuis in 1961. Ze verbrandden<br \/>\nal het afval ter plaatse, maar de stalen bedden en<br \/>\nde kachel moesten in de stad worden weggegooid. Op de terugreis met de<br \/>\nwezel besloot Kristen B\u00f8en ze<br \/>\nop de oever te dumpen als herkenningspunt, omdat ze<br \/>\ndaar een herkenningspunt nodig hadden bij slecht<br \/>\nweer. En zo ontstond Villa Gjennomtrekk.<br \/>\nDe laatste jaren wordt alleen nog de naam<br \/>\nJernsenga gebruikt.   <\/p>\n<h2>Adelaarsnest<\/h2>\n<p><img decoding=\"async\" class=\"aligncenter size-full wp-image-4269\" title=\"sneeuw thuis\" src=\"https:\/\/www.svalbardblues.com\/wp-content\/uploads\/2011\/11\/sneheim.jpg\" alt=\"\u00d8rneredet, ook Sneheim genoemd. Oorspronkelijk de bergmijn Hiorth\" width=\"200\" height=\"136\"><\/p>\n<p>De offici\u00eble naam is Hiorth-fjellgruva,<br \/>\nmaar de faciliteit werd Sneheim genoemd. Later werd<br \/>\nook \u00d8rneredet genoemd. <\/p>\n<p>[\/one_half_last]<\/p>\n<pre>Kilde: Kari Holm<\/pre>\n","protected":false},"excerpt":{"rendered":"<p>Je hoeft geen grote stunt uit te halen in Longyearbyen om een bijnaam te krijgen. Het is hetzelfde met plaatsen. Hier is de geschiedenis van enkele plaatselijke plaatsnamen. [one_half] Ahlmannk\u00e5ken Gebouw 316. De Zweedse glacioloog, geograaf, professor en ambassadeur in Oslo, Hans Jakob Konrad Wilhelmsson (W.son) Ahlmann (1889- 1974), bouwde het gebouw aan de zuidkant &#8230; <\/p>\n<p class=\"read-more-container\"><a title=\"Lokale plaatsnamen in Longyearbyen\" class=\"read-more button\" href=\"https:\/\/www.svalbardblues.com\/nl\/longyearbyen\/lokale-stedsnavn\/#more-23883\" aria-label=\"Lees meer over Lokale plaatsnamen in Longyearbyen\">Read more<\/a><\/p>\n","protected":false},"author":1,"featured_media":0,"parent":23822,"menu_order":0,"comment_status":"closed","ping_status":"closed","template":"template-left-sidebar.php","meta":{"inline_featured_image":false,"footnotes":""},"class_list":["post-23883","page","type-page","status-publish"],"yoast_head":"<!-- This site is optimized with the Yoast SEO Premium plugin v26.2 (Yoast SEO v27.5) - https:\/\/yoast.com\/product\/yoast-seo-premium-wordpress\/ -->\n<title>Lokale plaatsnamen in Longyearbyen | Longyearbyen | SVALBARD<\/title>\n<meta name=\"description\" content=\"Je hoeft geen grote stunt uit te halen in Longyearbyen om een bijnaam te krijgen. Het is hetzelfde met plaatsen. Hier is de geschiedenis van enkele plaatselijke plaatsnamen.\" \/>\n<meta name=\"robots\" content=\"index, follow, max-snippet:-1, max-image-preview:large, max-video-preview:-1\" \/>\n<link rel=\"canonical\" href=\"https:\/\/www.svalbardblues.com\/nl\/longyearbyen\/lokale-stedsnavn\/\" \/>\n<meta property=\"og:locale\" content=\"nl_NL\" \/>\n<meta property=\"og:type\" content=\"article\" \/>\n<meta property=\"og:title\" content=\"Lokale plaatsnamen in Longyearbyen\" \/>\n<meta property=\"og:description\" content=\"Je hoeft geen grote stunt uit te halen in Longyearbyen om een bijnaam te krijgen. Het is hetzelfde met plaatsen. Hier is de geschiedenis van enkele plaatselijke plaatsnamen.\" \/>\n<meta property=\"og:url\" content=\"https:\/\/www.svalbardblues.com\/nl\/longyearbyen\/lokale-stedsnavn\/\" \/>\n<meta property=\"og:site_name\" content=\"Dark Season Blues | SVALBARD\" \/>\n<meta property=\"article:publisher\" content=\"https:\/\/www.facebook.com\/DarkSeasonBlues\" \/>\n<meta property=\"og:image\" content=\"https:\/\/www.svalbardblues.com\/wp-content\/uploads\/2011\/11\/jernsenga-adventdalen.jpg\" \/>\n\t<meta property=\"og:image:width\" content=\"600\" \/>\n\t<meta property=\"og:image:height\" content=\"309\" \/>\n\t<meta property=\"og:image:type\" content=\"image\/jpeg\" \/>\n<meta name=\"twitter:label1\" content=\"Geschatte leestijd\" \/>\n\t<meta name=\"twitter:data1\" content=\"7 minuten\" \/>\n<script type=\"application\/ld+json\" class=\"yoast-schema-graph\">{\"@context\":\"https:\\\/\\\/schema.org\",\"@graph\":[{\"@type\":\"WebPage\",\"@id\":\"https:\\\/\\\/www.svalbardblues.com\\\/nl\\\/longyearbyen\\\/lokale-stedsnavn\\\/\",\"url\":\"https:\\\/\\\/www.svalbardblues.com\\\/nl\\\/longyearbyen\\\/lokale-stedsnavn\\\/\",\"name\":\"Lokale plaatsnamen in Longyearbyen | Longyearbyen | SVALBARD\",\"isPartOf\":{\"@id\":\"https:\\\/\\\/www.svalbardblues.com\\\/nl\\\/#website\"},\"primaryImageOfPage\":{\"@id\":\"https:\\\/\\\/www.svalbardblues.com\\\/nl\\\/longyearbyen\\\/lokale-stedsnavn\\\/#primaryimage\"},\"image\":{\"@id\":\"https:\\\/\\\/www.svalbardblues.com\\\/nl\\\/longyearbyen\\\/lokale-stedsnavn\\\/#primaryimage\"},\"thumbnailUrl\":\"https:\\\/\\\/www.svalbardblues.com\\\/wp-content\\\/uploads\\\/2011\\\/11\\\/jernsenga-adventdalen.jpg\",\"datePublished\":\"2011-11-22T19:18:39+00:00\",\"description\":\"Je hoeft geen grote stunt uit te halen in Longyearbyen om een bijnaam te krijgen. Het is hetzelfde met plaatsen. Hier is de geschiedenis van enkele plaatselijke plaatsnamen.\",\"breadcrumb\":{\"@id\":\"https:\\\/\\\/www.svalbardblues.com\\\/nl\\\/longyearbyen\\\/lokale-stedsnavn\\\/#breadcrumb\"},\"inLanguage\":\"nl-NL\",\"potentialAction\":[{\"@type\":\"ReadAction\",\"target\":[\"https:\\\/\\\/www.svalbardblues.com\\\/nl\\\/longyearbyen\\\/lokale-stedsnavn\\\/\"]}]},{\"@type\":\"ImageObject\",\"inLanguage\":\"nl-NL\",\"@id\":\"https:\\\/\\\/www.svalbardblues.com\\\/nl\\\/longyearbyen\\\/lokale-stedsnavn\\\/#primaryimage\",\"url\":\"https:\\\/\\\/www.svalbardblues.com\\\/wp-content\\\/uploads\\\/2011\\\/11\\\/jernsenga-adventdalen.jpg\",\"contentUrl\":\"https:\\\/\\\/www.svalbardblues.com\\\/wp-content\\\/uploads\\\/2011\\\/11\\\/jernsenga-adventdalen.jpg\"},{\"@type\":\"BreadcrumbList\",\"@id\":\"https:\\\/\\\/www.svalbardblues.com\\\/nl\\\/longyearbyen\\\/lokale-stedsnavn\\\/#breadcrumb\",\"itemListElement\":[{\"@type\":\"ListItem\",\"position\":1,\"name\":\"Hjem\",\"item\":\"https:\\\/\\\/www.svalbardblues.com\\\/nl\\\/\"},{\"@type\":\"ListItem\",\"position\":2,\"name\":\"Longyearbyen\",\"item\":\"https:\\\/\\\/www.svalbardblues.com\\\/nl\\\/longyearbyen\\\/\"},{\"@type\":\"ListItem\",\"position\":3,\"name\":\"Lokale plaatsnamen in Longyearbyen\"}]},{\"@type\":\"WebSite\",\"@id\":\"https:\\\/\\\/www.svalbardblues.com\\\/nl\\\/#website\",\"url\":\"https:\\\/\\\/www.svalbardblues.com\\\/nl\\\/\",\"name\":\"Dark Season Blues | SVALBARD\",\"description\":\"The World&#039;s Northenmost Blues Festival\",\"publisher\":{\"@id\":\"https:\\\/\\\/www.svalbardblues.com\\\/nl\\\/#organization\"},\"potentialAction\":[{\"@type\":\"SearchAction\",\"target\":{\"@type\":\"EntryPoint\",\"urlTemplate\":\"https:\\\/\\\/www.svalbardblues.com\\\/nl\\\/?s={search_term_string}\"},\"query-input\":{\"@type\":\"PropertyValueSpecification\",\"valueRequired\":true,\"valueName\":\"search_term_string\"}}],\"inLanguage\":\"nl-NL\"},{\"@type\":\"Organization\",\"@id\":\"https:\\\/\\\/www.svalbardblues.com\\\/nl\\\/#organization\",\"name\":\"Dark Season Blues\",\"url\":\"https:\\\/\\\/www.svalbardblues.com\\\/nl\\\/\",\"logo\":{\"@type\":\"ImageObject\",\"inLanguage\":\"nl-NL\",\"@id\":\"https:\\\/\\\/www.svalbardblues.com\\\/nl\\\/#\\\/schema\\\/logo\\\/image\\\/\",\"url\":\"https:\\\/\\\/www.svalbardblues.com\\\/wp-content\\\/uploads\\\/2017\\\/06\\\/DSB2017-Illustrasjon-620.jpg\",\"contentUrl\":\"https:\\\/\\\/www.svalbardblues.com\\\/wp-content\\\/uploads\\\/2017\\\/06\\\/DSB2017-Illustrasjon-620.jpg\",\"width\":620,\"height\":488,\"caption\":\"Dark Season Blues\"},\"image\":{\"@id\":\"https:\\\/\\\/www.svalbardblues.com\\\/nl\\\/#\\\/schema\\\/logo\\\/image\\\/\"},\"sameAs\":[\"https:\\\/\\\/www.facebook.com\\\/DarkSeasonBlues\",\"https:\\\/\\\/x.com\\\/DarkSeasonBlues\",\"https:\\\/\\\/www.instagram.com\\\/darkseasonblues\\\/\",\"https:\\\/\\\/no.wikipedia.org\\\/wiki\\\/Dark_Season_Blues\"]}]}<\/script>\n<!-- \/ Yoast SEO Premium plugin. -->","yoast_head_json":{"title":"Lokale plaatsnamen in Longyearbyen | Longyearbyen | SVALBARD","description":"Je hoeft geen grote stunt uit te halen in Longyearbyen om een bijnaam te krijgen. Het is hetzelfde met plaatsen. Hier is de geschiedenis van enkele plaatselijke plaatsnamen.","robots":{"index":"index","follow":"follow","max-snippet":"max-snippet:-1","max-image-preview":"max-image-preview:large","max-video-preview":"max-video-preview:-1"},"canonical":"https:\/\/www.svalbardblues.com\/nl\/longyearbyen\/lokale-stedsnavn\/","og_locale":"nl_NL","og_type":"article","og_title":"Lokale plaatsnamen in Longyearbyen","og_description":"Je hoeft geen grote stunt uit te halen in Longyearbyen om een bijnaam te krijgen. Het is hetzelfde met plaatsen. Hier is de geschiedenis van enkele plaatselijke plaatsnamen.","og_url":"https:\/\/www.svalbardblues.com\/nl\/longyearbyen\/lokale-stedsnavn\/","og_site_name":"Dark Season Blues | SVALBARD","article_publisher":"https:\/\/www.facebook.com\/DarkSeasonBlues","og_image":[{"width":600,"height":309,"url":"https:\/\/www.svalbardblues.com\/wp-content\/uploads\/2011\/11\/jernsenga-adventdalen.jpg","type":"image\/jpeg"}],"twitter_misc":{"Geschatte leestijd":"7 minuten"},"schema":{"@context":"https:\/\/schema.org","@graph":[{"@type":"WebPage","@id":"https:\/\/www.svalbardblues.com\/nl\/longyearbyen\/lokale-stedsnavn\/","url":"https:\/\/www.svalbardblues.com\/nl\/longyearbyen\/lokale-stedsnavn\/","name":"Lokale plaatsnamen in Longyearbyen | Longyearbyen | SVALBARD","isPartOf":{"@id":"https:\/\/www.svalbardblues.com\/nl\/#website"},"primaryImageOfPage":{"@id":"https:\/\/www.svalbardblues.com\/nl\/longyearbyen\/lokale-stedsnavn\/#primaryimage"},"image":{"@id":"https:\/\/www.svalbardblues.com\/nl\/longyearbyen\/lokale-stedsnavn\/#primaryimage"},"thumbnailUrl":"https:\/\/www.svalbardblues.com\/wp-content\/uploads\/2011\/11\/jernsenga-adventdalen.jpg","datePublished":"2011-11-22T19:18:39+00:00","description":"Je hoeft geen grote stunt uit te halen in Longyearbyen om een bijnaam te krijgen. Het is hetzelfde met plaatsen. Hier is de geschiedenis van enkele plaatselijke plaatsnamen.","breadcrumb":{"@id":"https:\/\/www.svalbardblues.com\/nl\/longyearbyen\/lokale-stedsnavn\/#breadcrumb"},"inLanguage":"nl-NL","potentialAction":[{"@type":"ReadAction","target":["https:\/\/www.svalbardblues.com\/nl\/longyearbyen\/lokale-stedsnavn\/"]}]},{"@type":"ImageObject","inLanguage":"nl-NL","@id":"https:\/\/www.svalbardblues.com\/nl\/longyearbyen\/lokale-stedsnavn\/#primaryimage","url":"https:\/\/www.svalbardblues.com\/wp-content\/uploads\/2011\/11\/jernsenga-adventdalen.jpg","contentUrl":"https:\/\/www.svalbardblues.com\/wp-content\/uploads\/2011\/11\/jernsenga-adventdalen.jpg"},{"@type":"BreadcrumbList","@id":"https:\/\/www.svalbardblues.com\/nl\/longyearbyen\/lokale-stedsnavn\/#breadcrumb","itemListElement":[{"@type":"ListItem","position":1,"name":"Hjem","item":"https:\/\/www.svalbardblues.com\/nl\/"},{"@type":"ListItem","position":2,"name":"Longyearbyen","item":"https:\/\/www.svalbardblues.com\/nl\/longyearbyen\/"},{"@type":"ListItem","position":3,"name":"Lokale plaatsnamen in Longyearbyen"}]},{"@type":"WebSite","@id":"https:\/\/www.svalbardblues.com\/nl\/#website","url":"https:\/\/www.svalbardblues.com\/nl\/","name":"Dark Season Blues | SVALBARD","description":"The World&#039;s Northenmost Blues Festival","publisher":{"@id":"https:\/\/www.svalbardblues.com\/nl\/#organization"},"potentialAction":[{"@type":"SearchAction","target":{"@type":"EntryPoint","urlTemplate":"https:\/\/www.svalbardblues.com\/nl\/?s={search_term_string}"},"query-input":{"@type":"PropertyValueSpecification","valueRequired":true,"valueName":"search_term_string"}}],"inLanguage":"nl-NL"},{"@type":"Organization","@id":"https:\/\/www.svalbardblues.com\/nl\/#organization","name":"Dark Season Blues","url":"https:\/\/www.svalbardblues.com\/nl\/","logo":{"@type":"ImageObject","inLanguage":"nl-NL","@id":"https:\/\/www.svalbardblues.com\/nl\/#\/schema\/logo\/image\/","url":"https:\/\/www.svalbardblues.com\/wp-content\/uploads\/2017\/06\/DSB2017-Illustrasjon-620.jpg","contentUrl":"https:\/\/www.svalbardblues.com\/wp-content\/uploads\/2017\/06\/DSB2017-Illustrasjon-620.jpg","width":620,"height":488,"caption":"Dark Season Blues"},"image":{"@id":"https:\/\/www.svalbardblues.com\/nl\/#\/schema\/logo\/image\/"},"sameAs":["https:\/\/www.facebook.com\/DarkSeasonBlues","https:\/\/x.com\/DarkSeasonBlues","https:\/\/www.instagram.com\/darkseasonblues\/","https:\/\/no.wikipedia.org\/wiki\/Dark_Season_Blues"]}]}},"_links":{"self":[{"href":"https:\/\/www.svalbardblues.com\/nl\/wp-json\/wp\/v2\/pages\/23883","targetHints":{"allow":["GET"]}}],"collection":[{"href":"https:\/\/www.svalbardblues.com\/nl\/wp-json\/wp\/v2\/pages"}],"about":[{"href":"https:\/\/www.svalbardblues.com\/nl\/wp-json\/wp\/v2\/types\/page"}],"author":[{"embeddable":true,"href":"https:\/\/www.svalbardblues.com\/nl\/wp-json\/wp\/v2\/users\/1"}],"replies":[{"embeddable":true,"href":"https:\/\/www.svalbardblues.com\/nl\/wp-json\/wp\/v2\/comments?post=23883"}],"version-history":[{"count":0,"href":"https:\/\/www.svalbardblues.com\/nl\/wp-json\/wp\/v2\/pages\/23883\/revisions"}],"up":[{"embeddable":true,"href":"https:\/\/www.svalbardblues.com\/nl\/wp-json\/wp\/v2\/pages\/23822"}],"wp:attachment":[{"href":"https:\/\/www.svalbardblues.com\/nl\/wp-json\/wp\/v2\/media?parent=23883"}],"curies":[{"name":"wp","href":"https:\/\/api.w.org\/{rel}","templated":true}]}}