{"id":23999,"date":"2012-01-05T21:49:19","date_gmt":"2012-01-05T21:49:19","guid":{"rendered":"https:\/\/www.svalbardblues.com\/svalbard\/bedrifter\/apotek-spitsbergen\/"},"modified":"2012-01-05T21:49:19","modified_gmt":"2012-01-05T21:49:19","slug":"apotek-spitsbergen","status":"publish","type":"page","link":"https:\/\/www.svalbardblues.com\/nl\/svalbard\/bedrifter\/apotek-spitsbergen\/","title":{"rendered":"Apotheek Spitsbergen"},"content":{"rendered":"<p><img fetchpriority=\"high\" decoding=\"async\" src=\"https:\/\/www.svalbardblues.com\/wp-content\/uploads\/2011\/08\/apotek-spitsbergen-882x516.jpg\" alt=\"Apotheek Spitsbergen in Longyearbeyn, Spitsbergen\" title=\"apotheek-spitsbergen\" width=\"882\" height=\"516\" class=\"aligncenter size-full wp-image-2815\" srcset=\"https:\/\/www.svalbardblues.com\/wp-content\/uploads\/2011\/08\/apotek-spitsbergen-882x516.jpg 882w, https:\/\/www.svalbardblues.com\/wp-content\/uploads\/2011\/08\/apotek-spitsbergen-882x516-600x351.jpg 600w, https:\/\/www.svalbardblues.com\/wp-content\/uploads\/2011\/08\/apotek-spitsbergen-882x516-300x175.jpg 300w\" sizes=\"(max-width: 882px) 100vw, 882px\" \/><br \/>\n<strong>Apotheek Spitsbergen<\/strong><br \/>\nP.O. Box 384<br \/>\n9171 Longyearbyen<br \/>\nWebsite: <a title=\"Apotheek Spitsbergen\" href=\"http:\/\/www.apotekspitsbergen.no\/\" target=\"_blank\">www.apotekspitsbergen.no<\/a><br \/>\nTelefoon: 79021212<br \/>\nTelefax: 79021211<\/p>\n<p>Apotek Spitsbergen werd geopend in september 2008. De apotheek is particulier en lokaal eigendom, in tegenstelling tot de overgrote meerderheid van de apotheken in het land, die in handen zijn van buitenlandse bedrijven. Apotek Spitsbergen is geen apotheekketen, maar maakt deel uit van de apotheekgroep.  <\/p>\n<p>Apotekgruppen is een belangenorganisatie voor onafhankelijke apotheken. Apotek Spitsbergen wordt geleid door Berit Fossland. Berit studeerde farmacie aan de Universiteit van Troms\u00f8 1995-2000. Ze heeft 6 jaar ervaring als apotheker bij Apotek 1 Sj\u00f8siden in Mosj\u00f8en.<br \/>\n<img decoding=\"async\" class=\"alignright size-medium wp-image-2817\" title=\"Lompensentret-ingang_300\" src=\"https:\/\/www.svalbardblues.com\/wp-content\/uploads\/2011\/08\/Lompensentret-inngang_300-225x300.jpg\" alt=\"Het Lompen Centrum in Longyerbyen op Spitsbergen\" width=\"225\" height=\"300\" srcset=\"https:\/\/www.svalbardblues.com\/wp-content\/uploads\/2011\/08\/Lompensentret-inngang_300-225x300.jpg 225w, https:\/\/www.svalbardblues.com\/wp-content\/uploads\/2011\/08\/Lompensentret-inngang_300.jpg 300w\" sizes=\"(max-width: 225px) 100vw, 225px\" \/><\/p>\n<p>Apotek Spitsbergen ligt in het Lompensenteret, het enige winkelcentrum van Spitsbergen. In het centrum vind je ook belastingvrije winkels met souvenirs, kleding, wandeluitrusting, sieraden en nog veel meer. Het centrum heeft ook een koffieshop.  <\/p>\n<p>&nbsp;<\/p>\n<p>&nbsp;<\/p>\n<p>&nbsp;<\/p>\n<p>&nbsp;<\/p>\n<p>&nbsp;<\/p>\n<p>&nbsp;<\/p>\n","protected":false},"excerpt":{"rendered":"<p>Apotheek Spitsbergen P.O. Box 384 9171 Longyearbyen Website: www.apotekspitsbergen.no Telefoon: 79021212 Telefax: 79021211 Apotek Spitsbergen werd geopend in september 2008. De apotheek is particulier en lokaal eigendom, in tegenstelling tot de overgrote meerderheid van de apotheken in het land, die in handen zijn van buitenlandse bedrijven. Apotek Spitsbergen is geen apotheekketen, maar maakt deel uit &#8230; <\/p>\n<p class=\"read-more-container\"><a title=\"Apotheek Spitsbergen\" class=\"read-more button\" href=\"https:\/\/www.svalbardblues.com\/nl\/svalbard\/bedrifter\/apotek-spitsbergen\/#more-23999\" aria-label=\"Lees meer over Apotheek Spitsbergen\">Read more<\/a><\/p>\n","protected":false},"author":1,"featured_media":0,"parent":23906,"menu_order":0,"comment_status":"closed","ping_status":"closed","template":"template-full.php","meta":{"inline_featured_image":false,"footnotes":""},"class_list":["post-23999","page","type-page","status-publish"],"yoast_head":"<!-- This site is optimized with the Yoast SEO Premium plugin v26.2 (Yoast SEO v27.4) - https:\/\/yoast.com\/product\/yoast-seo-premium-wordpress\/ -->\n<title>Apotheek Spitsbergen | Longyearbyen | SVALBARD<\/title>\n<meta name=\"description\" content=\"Apotek Spitsbergen, de meest noordelijke apotheek ter wereld. De apotheek is gevestigd in Lompensentret in het centrum van Longyerbyen op Spitsbergen.\" \/>\n<meta name=\"robots\" content=\"index, follow, max-snippet:-1, max-image-preview:large, max-video-preview:-1\" \/>\n<link rel=\"canonical\" href=\"https:\/\/www.svalbardblues.com\/nl\/svalbard\/bedrifter\/apotek-spitsbergen\/\" \/>\n<meta property=\"og:locale\" content=\"nl_NL\" \/>\n<meta property=\"og:type\" content=\"article\" \/>\n<meta property=\"og:title\" content=\"Apotheek Spitsbergen\" \/>\n<meta property=\"og:description\" content=\"Apotek Spitsbergen, de meest noordelijke apotheek ter wereld. De apotheek is gevestigd in Lompensentret in het centrum van Longyerbyen op Spitsbergen.\" \/>\n<meta property=\"og:url\" content=\"https:\/\/www.svalbardblues.com\/nl\/svalbard\/bedrifter\/apotek-spitsbergen\/\" \/>\n<meta property=\"og:site_name\" content=\"Dark Season Blues | SVALBARD\" \/>\n<meta property=\"article:publisher\" content=\"https:\/\/www.facebook.com\/DarkSeasonBlues\" \/>\n<meta property=\"og:image\" content=\"https:\/\/www.svalbardblues.com\/wp-content\/uploads\/2011\/08\/apotek-spitsbergen-882x516.jpg\" \/>\n\t<meta property=\"og:image:width\" content=\"882\" \/>\n\t<meta property=\"og:image:height\" content=\"516\" \/>\n\t<meta property=\"og:image:type\" content=\"image\/jpeg\" \/>\n<meta name=\"twitter:label1\" content=\"Geschatte leestijd\" \/>\n\t<meta name=\"twitter:data1\" content=\"1 minuut\" \/>\n<script type=\"application\/ld+json\" class=\"yoast-schema-graph\">{\"@context\":\"https:\\\/\\\/schema.org\",\"@graph\":[{\"@type\":\"WebPage\",\"@id\":\"https:\\\/\\\/www.svalbardblues.com\\\/nl\\\/svalbard\\\/bedrifter\\\/apotek-spitsbergen\\\/\",\"url\":\"https:\\\/\\\/www.svalbardblues.com\\\/nl\\\/svalbard\\\/bedrifter\\\/apotek-spitsbergen\\\/\",\"name\":\"Apotheek Spitsbergen | Longyearbyen | SVALBARD\",\"isPartOf\":{\"@id\":\"https:\\\/\\\/www.svalbardblues.com\\\/nl\\\/#website\"},\"primaryImageOfPage\":{\"@id\":\"https:\\\/\\\/www.svalbardblues.com\\\/nl\\\/svalbard\\\/bedrifter\\\/apotek-spitsbergen\\\/#primaryimage\"},\"image\":{\"@id\":\"https:\\\/\\\/www.svalbardblues.com\\\/nl\\\/svalbard\\\/bedrifter\\\/apotek-spitsbergen\\\/#primaryimage\"},\"thumbnailUrl\":\"https:\\\/\\\/www.svalbardblues.com\\\/wp-content\\\/uploads\\\/2011\\\/08\\\/apotek-spitsbergen-882x516.jpg\",\"datePublished\":\"2012-01-05T21:49:19+00:00\",\"description\":\"Apotek Spitsbergen, de meest noordelijke apotheek ter wereld. De apotheek is gevestigd in Lompensentret in het centrum van Longyerbyen op Spitsbergen.\",\"breadcrumb\":{\"@id\":\"https:\\\/\\\/www.svalbardblues.com\\\/nl\\\/svalbard\\\/bedrifter\\\/apotek-spitsbergen\\\/#breadcrumb\"},\"inLanguage\":\"nl-NL\",\"potentialAction\":[{\"@type\":\"ReadAction\",\"target\":[\"https:\\\/\\\/www.svalbardblues.com\\\/nl\\\/svalbard\\\/bedrifter\\\/apotek-spitsbergen\\\/\"]}]},{\"@type\":\"ImageObject\",\"inLanguage\":\"nl-NL\",\"@id\":\"https:\\\/\\\/www.svalbardblues.com\\\/nl\\\/svalbard\\\/bedrifter\\\/apotek-spitsbergen\\\/#primaryimage\",\"url\":\"https:\\\/\\\/www.svalbardblues.com\\\/wp-content\\\/uploads\\\/2011\\\/08\\\/apotek-spitsbergen-882x516.jpg\",\"contentUrl\":\"https:\\\/\\\/www.svalbardblues.com\\\/wp-content\\\/uploads\\\/2011\\\/08\\\/apotek-spitsbergen-882x516.jpg\"},{\"@type\":\"BreadcrumbList\",\"@id\":\"https:\\\/\\\/www.svalbardblues.com\\\/nl\\\/svalbard\\\/bedrifter\\\/apotek-spitsbergen\\\/#breadcrumb\",\"itemListElement\":[{\"@type\":\"ListItem\",\"position\":1,\"name\":\"Hjem\",\"item\":\"https:\\\/\\\/www.svalbardblues.com\\\/nl\\\/\"},{\"@type\":\"ListItem\",\"position\":2,\"name\":\"Spitsbergen, feiten en informatie\",\"item\":\"https:\\\/\\\/www.svalbardblues.com\\\/nl\\\/svalbard\\\/\"},{\"@type\":\"ListItem\",\"position\":3,\"name\":\"Bedrijven | Spitsbergen en Longyearbyen\",\"item\":\"https:\\\/\\\/www.svalbardblues.com\\\/nl\\\/svalbard\\\/bedrifter\\\/\"},{\"@type\":\"ListItem\",\"position\":4,\"name\":\"Apotheek Spitsbergen\"}]},{\"@type\":\"WebSite\",\"@id\":\"https:\\\/\\\/www.svalbardblues.com\\\/nl\\\/#website\",\"url\":\"https:\\\/\\\/www.svalbardblues.com\\\/nl\\\/\",\"name\":\"Dark Season Blues | SVALBARD\",\"description\":\"The World&#039;s Northenmost Blues Festival\",\"publisher\":{\"@id\":\"https:\\\/\\\/www.svalbardblues.com\\\/nl\\\/#organization\"},\"potentialAction\":[{\"@type\":\"SearchAction\",\"target\":{\"@type\":\"EntryPoint\",\"urlTemplate\":\"https:\\\/\\\/www.svalbardblues.com\\\/nl\\\/?s={search_term_string}\"},\"query-input\":{\"@type\":\"PropertyValueSpecification\",\"valueRequired\":true,\"valueName\":\"search_term_string\"}}],\"inLanguage\":\"nl-NL\"},{\"@type\":\"Organization\",\"@id\":\"https:\\\/\\\/www.svalbardblues.com\\\/nl\\\/#organization\",\"name\":\"Dark Season Blues\",\"url\":\"https:\\\/\\\/www.svalbardblues.com\\\/nl\\\/\",\"logo\":{\"@type\":\"ImageObject\",\"inLanguage\":\"nl-NL\",\"@id\":\"https:\\\/\\\/www.svalbardblues.com\\\/nl\\\/#\\\/schema\\\/logo\\\/image\\\/\",\"url\":\"https:\\\/\\\/www.svalbardblues.com\\\/wp-content\\\/uploads\\\/2017\\\/06\\\/DSB2017-Illustrasjon-620.jpg\",\"contentUrl\":\"https:\\\/\\\/www.svalbardblues.com\\\/wp-content\\\/uploads\\\/2017\\\/06\\\/DSB2017-Illustrasjon-620.jpg\",\"width\":620,\"height\":488,\"caption\":\"Dark Season Blues\"},\"image\":{\"@id\":\"https:\\\/\\\/www.svalbardblues.com\\\/nl\\\/#\\\/schema\\\/logo\\\/image\\\/\"},\"sameAs\":[\"https:\\\/\\\/www.facebook.com\\\/DarkSeasonBlues\",\"https:\\\/\\\/x.com\\\/DarkSeasonBlues\",\"https:\\\/\\\/www.instagram.com\\\/darkseasonblues\\\/\",\"https:\\\/\\\/no.wikipedia.org\\\/wiki\\\/Dark_Season_Blues\"]}]}<\/script>\n<!-- \/ Yoast SEO Premium plugin. -->","yoast_head_json":{"title":"Apotheek Spitsbergen | Longyearbyen | SVALBARD","description":"Apotek Spitsbergen, de meest noordelijke apotheek ter wereld. De apotheek is gevestigd in Lompensentret in het centrum van Longyerbyen op Spitsbergen.","robots":{"index":"index","follow":"follow","max-snippet":"max-snippet:-1","max-image-preview":"max-image-preview:large","max-video-preview":"max-video-preview:-1"},"canonical":"https:\/\/www.svalbardblues.com\/nl\/svalbard\/bedrifter\/apotek-spitsbergen\/","og_locale":"nl_NL","og_type":"article","og_title":"Apotheek Spitsbergen","og_description":"Apotek Spitsbergen, de meest noordelijke apotheek ter wereld. De apotheek is gevestigd in Lompensentret in het centrum van Longyerbyen op Spitsbergen.","og_url":"https:\/\/www.svalbardblues.com\/nl\/svalbard\/bedrifter\/apotek-spitsbergen\/","og_site_name":"Dark Season Blues | SVALBARD","article_publisher":"https:\/\/www.facebook.com\/DarkSeasonBlues","og_image":[{"width":882,"height":516,"url":"https:\/\/www.svalbardblues.com\/wp-content\/uploads\/2011\/08\/apotek-spitsbergen-882x516.jpg","type":"image\/jpeg"}],"twitter_misc":{"Geschatte leestijd":"1 minuut"},"schema":{"@context":"https:\/\/schema.org","@graph":[{"@type":"WebPage","@id":"https:\/\/www.svalbardblues.com\/nl\/svalbard\/bedrifter\/apotek-spitsbergen\/","url":"https:\/\/www.svalbardblues.com\/nl\/svalbard\/bedrifter\/apotek-spitsbergen\/","name":"Apotheek Spitsbergen | Longyearbyen | SVALBARD","isPartOf":{"@id":"https:\/\/www.svalbardblues.com\/nl\/#website"},"primaryImageOfPage":{"@id":"https:\/\/www.svalbardblues.com\/nl\/svalbard\/bedrifter\/apotek-spitsbergen\/#primaryimage"},"image":{"@id":"https:\/\/www.svalbardblues.com\/nl\/svalbard\/bedrifter\/apotek-spitsbergen\/#primaryimage"},"thumbnailUrl":"https:\/\/www.svalbardblues.com\/wp-content\/uploads\/2011\/08\/apotek-spitsbergen-882x516.jpg","datePublished":"2012-01-05T21:49:19+00:00","description":"Apotek Spitsbergen, de meest noordelijke apotheek ter wereld. De apotheek is gevestigd in Lompensentret in het centrum van Longyerbyen op Spitsbergen.","breadcrumb":{"@id":"https:\/\/www.svalbardblues.com\/nl\/svalbard\/bedrifter\/apotek-spitsbergen\/#breadcrumb"},"inLanguage":"nl-NL","potentialAction":[{"@type":"ReadAction","target":["https:\/\/www.svalbardblues.com\/nl\/svalbard\/bedrifter\/apotek-spitsbergen\/"]}]},{"@type":"ImageObject","inLanguage":"nl-NL","@id":"https:\/\/www.svalbardblues.com\/nl\/svalbard\/bedrifter\/apotek-spitsbergen\/#primaryimage","url":"https:\/\/www.svalbardblues.com\/wp-content\/uploads\/2011\/08\/apotek-spitsbergen-882x516.jpg","contentUrl":"https:\/\/www.svalbardblues.com\/wp-content\/uploads\/2011\/08\/apotek-spitsbergen-882x516.jpg"},{"@type":"BreadcrumbList","@id":"https:\/\/www.svalbardblues.com\/nl\/svalbard\/bedrifter\/apotek-spitsbergen\/#breadcrumb","itemListElement":[{"@type":"ListItem","position":1,"name":"Hjem","item":"https:\/\/www.svalbardblues.com\/nl\/"},{"@type":"ListItem","position":2,"name":"Spitsbergen, feiten en informatie","item":"https:\/\/www.svalbardblues.com\/nl\/svalbard\/"},{"@type":"ListItem","position":3,"name":"Bedrijven | Spitsbergen en Longyearbyen","item":"https:\/\/www.svalbardblues.com\/nl\/svalbard\/bedrifter\/"},{"@type":"ListItem","position":4,"name":"Apotheek Spitsbergen"}]},{"@type":"WebSite","@id":"https:\/\/www.svalbardblues.com\/nl\/#website","url":"https:\/\/www.svalbardblues.com\/nl\/","name":"Dark Season Blues | SVALBARD","description":"The World&#039;s Northenmost Blues Festival","publisher":{"@id":"https:\/\/www.svalbardblues.com\/nl\/#organization"},"potentialAction":[{"@type":"SearchAction","target":{"@type":"EntryPoint","urlTemplate":"https:\/\/www.svalbardblues.com\/nl\/?s={search_term_string}"},"query-input":{"@type":"PropertyValueSpecification","valueRequired":true,"valueName":"search_term_string"}}],"inLanguage":"nl-NL"},{"@type":"Organization","@id":"https:\/\/www.svalbardblues.com\/nl\/#organization","name":"Dark Season Blues","url":"https:\/\/www.svalbardblues.com\/nl\/","logo":{"@type":"ImageObject","inLanguage":"nl-NL","@id":"https:\/\/www.svalbardblues.com\/nl\/#\/schema\/logo\/image\/","url":"https:\/\/www.svalbardblues.com\/wp-content\/uploads\/2017\/06\/DSB2017-Illustrasjon-620.jpg","contentUrl":"https:\/\/www.svalbardblues.com\/wp-content\/uploads\/2017\/06\/DSB2017-Illustrasjon-620.jpg","width":620,"height":488,"caption":"Dark Season Blues"},"image":{"@id":"https:\/\/www.svalbardblues.com\/nl\/#\/schema\/logo\/image\/"},"sameAs":["https:\/\/www.facebook.com\/DarkSeasonBlues","https:\/\/x.com\/DarkSeasonBlues","https:\/\/www.instagram.com\/darkseasonblues\/","https:\/\/no.wikipedia.org\/wiki\/Dark_Season_Blues"]}]}},"_links":{"self":[{"href":"https:\/\/www.svalbardblues.com\/nl\/wp-json\/wp\/v2\/pages\/23999","targetHints":{"allow":["GET"]}}],"collection":[{"href":"https:\/\/www.svalbardblues.com\/nl\/wp-json\/wp\/v2\/pages"}],"about":[{"href":"https:\/\/www.svalbardblues.com\/nl\/wp-json\/wp\/v2\/types\/page"}],"author":[{"embeddable":true,"href":"https:\/\/www.svalbardblues.com\/nl\/wp-json\/wp\/v2\/users\/1"}],"replies":[{"embeddable":true,"href":"https:\/\/www.svalbardblues.com\/nl\/wp-json\/wp\/v2\/comments?post=23999"}],"version-history":[{"count":0,"href":"https:\/\/www.svalbardblues.com\/nl\/wp-json\/wp\/v2\/pages\/23999\/revisions"}],"up":[{"embeddable":true,"href":"https:\/\/www.svalbardblues.com\/nl\/wp-json\/wp\/v2\/pages\/23906"}],"wp:attachment":[{"href":"https:\/\/www.svalbardblues.com\/nl\/wp-json\/wp\/v2\/media?parent=23999"}],"curies":[{"name":"wp","href":"https:\/\/api.w.org\/{rel}","templated":true}]}}