{"id":24457,"date":"2013-10-18T21:45:12","date_gmt":"2013-10-18T21:45:12","guid":{"rendered":"https:\/\/www.svalbardblues.com\/hakon-hoye-nl\/"},"modified":"2026-02-23T21:55:31","modified_gmt":"2026-02-23T21:55:31","slug":"hakon-hoye-nl","status":"publish","type":"page","link":"https:\/\/www.svalbardblues.com\/nl\/dsb\/artister\/hakon-hoye-nl\/","title":{"rendered":"H\u00e5kon H\u00f8ye met band"},"content":{"rendered":"\n<p class=\"has-drop-cap\">H\u00e5kon H\u00f8ye heeft een achtergrond in het milieu rond de Oslo club Muddy Waters in de jaren 2000. Naast zijn eigen band, H\u00e5kon H\u00f8ye &amp; The HoneyTones, is hij al sinds het begin een vast lid van de Billy T Band en de band van Joakim Tinderholt en heeft hij de afgelopen 25 jaar talloze artiesten in Noorwegen en daarbuiten begeleid. <\/p>\n\n<p>H\u00e5kon en de band hebben twee albums uitgebracht, &#8220;&#8216;Bout Time&#8221; in 2013 en &#8220;Nights At The Surf Motel&#8221; in 2019. Deze laatste werd genomineerd voor de Spellemannprijs in 2019. Hij en de band werken momenteel aan een nieuw album dat in 2026 moet uitkomen. De nummers op zijn laatste album zijn geschreven in samenwerking met de in Oslo gevestigde Amerikaan William &#8220;Bill&#8221; Troiani, een samenwerking die naast twee Spellemann-prijzen (Billy T Band) heeft geresulteerd in verschillende finaleplaatsingen in het International Songwriting Contest in Nashville (2e plaats in de categorie blues voor het nummer &#8220;Blow My Cover&#8221; in 2013).   <\/p>\n\n<p>Troiani is op bas als H\u00e5kon naar Dark Season Blues komt met een trio dat, naast hemzelf en Trioiani, bestaat uit Alexander Pettersen op drums. Alle drie hebben ze een achtergrond in de Billy T Band. Ze kijken ernaar uit om hun smakelijke gumbo van klassieke blues, soul, Americana en garagerock te presenteren aan het festivalpubliek in Longyearbyen. De drie zullen ook de kleuterscholen en het eerste en tweede jaar van de basisschool in Longyearbyen vermaken op vrijdagochtend.   <\/p>\n\n<p class=\"has-text-align-center has-background\" style=\"background-color:#f8f8f8;font-size:12px\"><strong>  Dark Season Blues\u00a92025  <\/strong><\/p>\n\n<figure class=\"wp-block-embed is-type-video is-provider-youtube wp-block-embed-youtube wp-embed-aspect-16-9 wp-has-aspect-ratio\"><div class=\"wp-block-embed__wrapper\">\n<iframe title=\"H\u00e5kon H\u00f8ye - &quot;Breaking Up Somebody&#039;s Home&quot;\" width=\"1200\" height=\"675\" src=\"https:\/\/www.youtube.com\/embed\/MpfRHPuD1Ps?feature=oembed\" frameborder=\"0\" allow=\"accelerometer; autoplay; clipboard-write; encrypted-media; gyroscope; picture-in-picture; web-share\" referrerpolicy=\"strict-origin-when-cross-origin\" allowfullscreen><\/iframe>\n<\/div><\/figure>\n","protected":false},"excerpt":{"rendered":"<p>H\u00e5kon H\u00f8ye heeft een achtergrond in het milieu rond de Oslo club Muddy Waters in de jaren 2000. Naast zijn eigen band, H\u00e5kon H\u00f8ye &amp; The HoneyTones, is hij al sinds het begin een vast lid van de Billy T Band en de band van Joakim Tinderholt en heeft hij de afgelopen 25 jaar talloze &#8230; <\/p>\n<p class=\"read-more-container\"><a title=\"H\u00e5kon H\u00f8ye met band\" class=\"read-more button\" href=\"https:\/\/www.svalbardblues.com\/nl\/dsb\/artister\/hakon-hoye-nl\/#more-24457\" aria-label=\"Lees meer over H\u00e5kon H\u00f8ye met band\">Read more<\/a><\/p>\n","protected":false},"author":1,"featured_media":24459,"parent":24777,"menu_order":0,"comment_status":"closed","ping_status":"closed","template":"","meta":{"inline_featured_image":false,"footnotes":""},"class_list":["post-24457","page","type-page","status-publish","has-post-thumbnail"],"yoast_head":"<!-- This site is optimized with the Yoast SEO Premium plugin v26.2 (Yoast SEO v27.4) - https:\/\/yoast.com\/product\/yoast-seo-premium-wordpress\/ -->\n<title>H\u00e5kon H\u00f8ye &amp; The HoneyTones | Dark Season Blues - SVALBARD<\/title>\n<meta name=\"description\" content=\"H\u00e5kon H\u00f8ye heeft een achtergrond in het milieu rond de Oslo club Muddy Waters in de jaren 2000. Naast zijn eigen band, H\u00e5kon H\u00f8ye &amp; The HoneyTones, is\" \/>\n<meta name=\"robots\" content=\"index, follow, max-snippet:-1, max-image-preview:large, max-video-preview:-1\" \/>\n<link rel=\"canonical\" href=\"https:\/\/www.svalbardblues.com\/nl\/dsb\/artister\/hakon-hoye-nl\/\" \/>\n<meta property=\"og:locale\" content=\"nl_NL\" \/>\n<meta property=\"og:type\" content=\"article\" \/>\n<meta property=\"og:title\" content=\"H\u00e5kon H\u00f8ye met band\" \/>\n<meta property=\"og:description\" content=\"H\u00e5kon H\u00f8ye heeft een achtergrond in het milieu rond de Oslo club Muddy Waters in de jaren 2000. Naast zijn eigen band, H\u00e5kon H\u00f8ye &amp; The HoneyTones, is\" \/>\n<meta property=\"og:url\" content=\"https:\/\/www.svalbardblues.com\/nl\/dsb\/artister\/hakon-hoye-nl\/\" \/>\n<meta property=\"og:site_name\" content=\"Dark Season Blues | SVALBARD\" \/>\n<meta property=\"article:publisher\" content=\"https:\/\/www.facebook.com\/DarkSeasonBlues\" \/>\n<meta property=\"article:modified_time\" content=\"2026-02-23T21:55:31+00:00\" \/>\n<meta property=\"og:image\" content=\"https:\/\/www.svalbardblues.com\/wp-content\/uploads\/2021\/09\/Haakon-Hoye-DarkSeasonBlues-Svalbard-1024x.jpg\" \/>\n\t<meta property=\"og:image:width\" content=\"1024\" \/>\n\t<meta property=\"og:image:height\" content=\"683\" \/>\n\t<meta property=\"og:image:type\" content=\"image\/jpeg\" \/>\n<meta name=\"twitter:label1\" content=\"Geschatte leestijd\" \/>\n\t<meta name=\"twitter:data1\" content=\"1 minuut\" \/>\n<script type=\"application\/ld+json\" class=\"yoast-schema-graph\">{\"@context\":\"https:\\\/\\\/schema.org\",\"@graph\":[{\"@type\":\"WebPage\",\"@id\":\"https:\\\/\\\/www.svalbardblues.com\\\/nl\\\/dsb\\\/artister\\\/hakon-hoye-nl\\\/\",\"url\":\"https:\\\/\\\/www.svalbardblues.com\\\/nl\\\/dsb\\\/artister\\\/hakon-hoye-nl\\\/\",\"name\":\"H\u00e5kon H\u00f8ye & The HoneyTones | Dark Season Blues - SVALBARD\",\"isPartOf\":{\"@id\":\"https:\\\/\\\/www.svalbardblues.com\\\/nl\\\/#website\"},\"primaryImageOfPage\":{\"@id\":\"https:\\\/\\\/www.svalbardblues.com\\\/nl\\\/dsb\\\/artister\\\/hakon-hoye-nl\\\/#primaryimage\"},\"image\":{\"@id\":\"https:\\\/\\\/www.svalbardblues.com\\\/nl\\\/dsb\\\/artister\\\/hakon-hoye-nl\\\/#primaryimage\"},\"thumbnailUrl\":\"https:\\\/\\\/www.svalbardblues.com\\\/wp-content\\\/uploads\\\/2021\\\/09\\\/Haakon-Hoye-DarkSeasonBlues-Svalbard-1024x.jpg\",\"datePublished\":\"2013-10-18T21:45:12+00:00\",\"dateModified\":\"2026-02-23T21:55:31+00:00\",\"description\":\"H\u00e5kon H\u00f8ye heeft een achtergrond in het milieu rond de Oslo club Muddy Waters in de jaren 2000. Naast zijn eigen band, H\u00e5kon H\u00f8ye &amp; The HoneyTones, is\",\"breadcrumb\":{\"@id\":\"https:\\\/\\\/www.svalbardblues.com\\\/nl\\\/dsb\\\/artister\\\/hakon-hoye-nl\\\/#breadcrumb\"},\"inLanguage\":\"nl-NL\",\"potentialAction\":[{\"@type\":\"ReadAction\",\"target\":[\"https:\\\/\\\/www.svalbardblues.com\\\/nl\\\/dsb\\\/artister\\\/hakon-hoye-nl\\\/\"]}]},{\"@type\":\"ImageObject\",\"inLanguage\":\"nl-NL\",\"@id\":\"https:\\\/\\\/www.svalbardblues.com\\\/nl\\\/dsb\\\/artister\\\/hakon-hoye-nl\\\/#primaryimage\",\"url\":\"https:\\\/\\\/www.svalbardblues.com\\\/wp-content\\\/uploads\\\/2021\\\/09\\\/Haakon-Hoye-DarkSeasonBlues-Svalbard-1024x.jpg\",\"contentUrl\":\"https:\\\/\\\/www.svalbardblues.com\\\/wp-content\\\/uploads\\\/2021\\\/09\\\/Haakon-Hoye-DarkSeasonBlues-Svalbard-1024x.jpg\",\"width\":1024,\"height\":683,\"caption\":\"H\u00e5kon H\u00f8ye\"},{\"@type\":\"BreadcrumbList\",\"@id\":\"https:\\\/\\\/www.svalbardblues.com\\\/nl\\\/dsb\\\/artister\\\/hakon-hoye-nl\\\/#breadcrumb\",\"itemListElement\":[{\"@type\":\"ListItem\",\"position\":1,\"name\":\"Hjem\",\"item\":\"https:\\\/\\\/www.svalbardblues.com\\\/nl\\\/\"},{\"@type\":\"ListItem\",\"position\":2,\"name\":\"Dark Season Blues Spitsbergen\",\"item\":\"https:\\\/\\\/www.svalbardblues.com\\\/nl\\\/dsb\\\/\"},{\"@type\":\"ListItem\",\"position\":3,\"name\":\"Artiesten | Dark Season Blues 2026\",\"item\":\"https:\\\/\\\/www.svalbardblues.com\\\/nl\\\/dsb\\\/artister\\\/\"},{\"@type\":\"ListItem\",\"position\":4,\"name\":\"H\u00e5kon H\u00f8ye met band\"}]},{\"@type\":\"WebSite\",\"@id\":\"https:\\\/\\\/www.svalbardblues.com\\\/nl\\\/#website\",\"url\":\"https:\\\/\\\/www.svalbardblues.com\\\/nl\\\/\",\"name\":\"Dark Season Blues | SVALBARD\",\"description\":\"The World&#039;s Northenmost Blues Festival\",\"publisher\":{\"@id\":\"https:\\\/\\\/www.svalbardblues.com\\\/nl\\\/#organization\"},\"potentialAction\":[{\"@type\":\"SearchAction\",\"target\":{\"@type\":\"EntryPoint\",\"urlTemplate\":\"https:\\\/\\\/www.svalbardblues.com\\\/nl\\\/?s={search_term_string}\"},\"query-input\":{\"@type\":\"PropertyValueSpecification\",\"valueRequired\":true,\"valueName\":\"search_term_string\"}}],\"inLanguage\":\"nl-NL\"},{\"@type\":\"Organization\",\"@id\":\"https:\\\/\\\/www.svalbardblues.com\\\/nl\\\/#organization\",\"name\":\"Dark Season Blues\",\"url\":\"https:\\\/\\\/www.svalbardblues.com\\\/nl\\\/\",\"logo\":{\"@type\":\"ImageObject\",\"inLanguage\":\"nl-NL\",\"@id\":\"https:\\\/\\\/www.svalbardblues.com\\\/nl\\\/#\\\/schema\\\/logo\\\/image\\\/\",\"url\":\"https:\\\/\\\/www.svalbardblues.com\\\/wp-content\\\/uploads\\\/2017\\\/06\\\/DSB2017-Illustrasjon-620.jpg\",\"contentUrl\":\"https:\\\/\\\/www.svalbardblues.com\\\/wp-content\\\/uploads\\\/2017\\\/06\\\/DSB2017-Illustrasjon-620.jpg\",\"width\":620,\"height\":488,\"caption\":\"Dark Season Blues\"},\"image\":{\"@id\":\"https:\\\/\\\/www.svalbardblues.com\\\/nl\\\/#\\\/schema\\\/logo\\\/image\\\/\"},\"sameAs\":[\"https:\\\/\\\/www.facebook.com\\\/DarkSeasonBlues\",\"https:\\\/\\\/x.com\\\/DarkSeasonBlues\",\"https:\\\/\\\/www.instagram.com\\\/darkseasonblues\\\/\",\"https:\\\/\\\/no.wikipedia.org\\\/wiki\\\/Dark_Season_Blues\"]}]}<\/script>\n<!-- \/ Yoast SEO Premium plugin. -->","yoast_head_json":{"title":"H\u00e5kon H\u00f8ye & The HoneyTones | Dark Season Blues - SVALBARD","description":"H\u00e5kon H\u00f8ye heeft een achtergrond in het milieu rond de Oslo club Muddy Waters in de jaren 2000. Naast zijn eigen band, H\u00e5kon H\u00f8ye &amp; The HoneyTones, is","robots":{"index":"index","follow":"follow","max-snippet":"max-snippet:-1","max-image-preview":"max-image-preview:large","max-video-preview":"max-video-preview:-1"},"canonical":"https:\/\/www.svalbardblues.com\/nl\/dsb\/artister\/hakon-hoye-nl\/","og_locale":"nl_NL","og_type":"article","og_title":"H\u00e5kon H\u00f8ye met band","og_description":"H\u00e5kon H\u00f8ye heeft een achtergrond in het milieu rond de Oslo club Muddy Waters in de jaren 2000. Naast zijn eigen band, H\u00e5kon H\u00f8ye &amp; The HoneyTones, is","og_url":"https:\/\/www.svalbardblues.com\/nl\/dsb\/artister\/hakon-hoye-nl\/","og_site_name":"Dark Season Blues | SVALBARD","article_publisher":"https:\/\/www.facebook.com\/DarkSeasonBlues","article_modified_time":"2026-02-23T21:55:31+00:00","og_image":[{"width":1024,"height":683,"url":"https:\/\/www.svalbardblues.com\/wp-content\/uploads\/2021\/09\/Haakon-Hoye-DarkSeasonBlues-Svalbard-1024x.jpg","type":"image\/jpeg"}],"twitter_misc":{"Geschatte leestijd":"1 minuut"},"schema":{"@context":"https:\/\/schema.org","@graph":[{"@type":"WebPage","@id":"https:\/\/www.svalbardblues.com\/nl\/dsb\/artister\/hakon-hoye-nl\/","url":"https:\/\/www.svalbardblues.com\/nl\/dsb\/artister\/hakon-hoye-nl\/","name":"H\u00e5kon H\u00f8ye & The HoneyTones | Dark Season Blues - SVALBARD","isPartOf":{"@id":"https:\/\/www.svalbardblues.com\/nl\/#website"},"primaryImageOfPage":{"@id":"https:\/\/www.svalbardblues.com\/nl\/dsb\/artister\/hakon-hoye-nl\/#primaryimage"},"image":{"@id":"https:\/\/www.svalbardblues.com\/nl\/dsb\/artister\/hakon-hoye-nl\/#primaryimage"},"thumbnailUrl":"https:\/\/www.svalbardblues.com\/wp-content\/uploads\/2021\/09\/Haakon-Hoye-DarkSeasonBlues-Svalbard-1024x.jpg","datePublished":"2013-10-18T21:45:12+00:00","dateModified":"2026-02-23T21:55:31+00:00","description":"H\u00e5kon H\u00f8ye heeft een achtergrond in het milieu rond de Oslo club Muddy Waters in de jaren 2000. Naast zijn eigen band, H\u00e5kon H\u00f8ye &amp; The HoneyTones, is","breadcrumb":{"@id":"https:\/\/www.svalbardblues.com\/nl\/dsb\/artister\/hakon-hoye-nl\/#breadcrumb"},"inLanguage":"nl-NL","potentialAction":[{"@type":"ReadAction","target":["https:\/\/www.svalbardblues.com\/nl\/dsb\/artister\/hakon-hoye-nl\/"]}]},{"@type":"ImageObject","inLanguage":"nl-NL","@id":"https:\/\/www.svalbardblues.com\/nl\/dsb\/artister\/hakon-hoye-nl\/#primaryimage","url":"https:\/\/www.svalbardblues.com\/wp-content\/uploads\/2021\/09\/Haakon-Hoye-DarkSeasonBlues-Svalbard-1024x.jpg","contentUrl":"https:\/\/www.svalbardblues.com\/wp-content\/uploads\/2021\/09\/Haakon-Hoye-DarkSeasonBlues-Svalbard-1024x.jpg","width":1024,"height":683,"caption":"H\u00e5kon H\u00f8ye"},{"@type":"BreadcrumbList","@id":"https:\/\/www.svalbardblues.com\/nl\/dsb\/artister\/hakon-hoye-nl\/#breadcrumb","itemListElement":[{"@type":"ListItem","position":1,"name":"Hjem","item":"https:\/\/www.svalbardblues.com\/nl\/"},{"@type":"ListItem","position":2,"name":"Dark Season Blues Spitsbergen","item":"https:\/\/www.svalbardblues.com\/nl\/dsb\/"},{"@type":"ListItem","position":3,"name":"Artiesten | Dark Season Blues 2026","item":"https:\/\/www.svalbardblues.com\/nl\/dsb\/artister\/"},{"@type":"ListItem","position":4,"name":"H\u00e5kon H\u00f8ye met band"}]},{"@type":"WebSite","@id":"https:\/\/www.svalbardblues.com\/nl\/#website","url":"https:\/\/www.svalbardblues.com\/nl\/","name":"Dark Season Blues | SVALBARD","description":"The World&#039;s Northenmost Blues Festival","publisher":{"@id":"https:\/\/www.svalbardblues.com\/nl\/#organization"},"potentialAction":[{"@type":"SearchAction","target":{"@type":"EntryPoint","urlTemplate":"https:\/\/www.svalbardblues.com\/nl\/?s={search_term_string}"},"query-input":{"@type":"PropertyValueSpecification","valueRequired":true,"valueName":"search_term_string"}}],"inLanguage":"nl-NL"},{"@type":"Organization","@id":"https:\/\/www.svalbardblues.com\/nl\/#organization","name":"Dark Season Blues","url":"https:\/\/www.svalbardblues.com\/nl\/","logo":{"@type":"ImageObject","inLanguage":"nl-NL","@id":"https:\/\/www.svalbardblues.com\/nl\/#\/schema\/logo\/image\/","url":"https:\/\/www.svalbardblues.com\/wp-content\/uploads\/2017\/06\/DSB2017-Illustrasjon-620.jpg","contentUrl":"https:\/\/www.svalbardblues.com\/wp-content\/uploads\/2017\/06\/DSB2017-Illustrasjon-620.jpg","width":620,"height":488,"caption":"Dark Season Blues"},"image":{"@id":"https:\/\/www.svalbardblues.com\/nl\/#\/schema\/logo\/image\/"},"sameAs":["https:\/\/www.facebook.com\/DarkSeasonBlues","https:\/\/x.com\/DarkSeasonBlues","https:\/\/www.instagram.com\/darkseasonblues\/","https:\/\/no.wikipedia.org\/wiki\/Dark_Season_Blues"]}]}},"_links":{"self":[{"href":"https:\/\/www.svalbardblues.com\/nl\/wp-json\/wp\/v2\/pages\/24457","targetHints":{"allow":["GET"]}}],"collection":[{"href":"https:\/\/www.svalbardblues.com\/nl\/wp-json\/wp\/v2\/pages"}],"about":[{"href":"https:\/\/www.svalbardblues.com\/nl\/wp-json\/wp\/v2\/types\/page"}],"author":[{"embeddable":true,"href":"https:\/\/www.svalbardblues.com\/nl\/wp-json\/wp\/v2\/users\/1"}],"replies":[{"embeddable":true,"href":"https:\/\/www.svalbardblues.com\/nl\/wp-json\/wp\/v2\/comments?post=24457"}],"version-history":[{"count":2,"href":"https:\/\/www.svalbardblues.com\/nl\/wp-json\/wp\/v2\/pages\/24457\/revisions"}],"predecessor-version":[{"id":25512,"href":"https:\/\/www.svalbardblues.com\/nl\/wp-json\/wp\/v2\/pages\/24457\/revisions\/25512"}],"up":[{"embeddable":true,"href":"https:\/\/www.svalbardblues.com\/nl\/wp-json\/wp\/v2\/pages\/24777"}],"wp:featuredmedia":[{"embeddable":true,"href":"https:\/\/www.svalbardblues.com\/nl\/wp-json\/wp\/v2\/media\/24459"}],"wp:attachment":[{"href":"https:\/\/www.svalbardblues.com\/nl\/wp-json\/wp\/v2\/media?parent=24457"}],"curies":[{"name":"wp","href":"https:\/\/api.w.org\/{rel}","templated":true}]}}